{"id":4827,"date":"2025-04-26T10:17:44","date_gmt":"2025-04-26T10:17:44","guid":{"rendered":"https:\/\/encinardeljamon.com\/?post_type=product&#038;p=4827"},"modified":"2026-04-06T09:33:57","modified_gmt":"2026-04-06T09:33:57","slug":"jamon-bellota-100-raza-iberica","status":"publish","type":"product","link":"https:\/\/encinardeljamon.com\/pt\/product\/jamon-bellota-100-raza-iberica\/","title":{"rendered":"Presunto de Bolota 100% Ra\u00e7a Ib\u00e9rica"},"content":{"rendered":"<p><b>Comprar<\/b>\u00a0este aut\u00eantico\u00a0<b>delicadeza<\/b>\u00a0diretamente do Dehesas de\u00a0<b>os nossos parceiros<\/b>.<\/p>\n<p>O nosso presunto tem sido\u00a0<b>premiado<\/b>\u00a0com o\u00a0<b><i>Pr\u00e9mio Alimentos de Espa\u00f1a para o melhor presunto de bolota<\/i><\/b>.<\/p>\n<p>Garantimos a\u00a0<b>qualidade superior<\/b>\u00a0atrav\u00e9s da sua presen\u00e7a direta em todas as fases da produ\u00e7\u00e3o:<\/p>\n<p>&#8211;\u00a0<b>Somos criadores de gado<\/b>A cria\u00e7\u00e3o e a engorda s\u00e3o efectuadas nas melhores pastagens dos nossos parceiros.<\/p>\n<p>&#8211;\u00a0<b>Somos industriais<\/b>Todo o processo de cura do produto \u00e9 efectuado nos nossos armaz\u00e9ns e caves de secagem natural.<\/p>\n<p>Por conseguinte, temos\u00a0<b>fornecedores exclusivos dos parceiros<\/b>\u00a0criadores de gado que fazem parte da empresa, sem a entrada de produtos de terceiros.<\/p>","protected":false},"excerpt":{"rendered":"<p>Jam\u00f3n Bellota 100% Raza Ib\u00e9rica peso de\u00a0 7,5 a 8 kilos<\/p>\n<p>&nbsp;<\/p>","protected":false},"featured_media":4828,"comment_status":"closed","ping_status":"closed","template":"","meta":{"site-sidebar-layout":"default","site-content-layout":"","ast-site-content-layout":"default","site-content-style":"default","site-sidebar-style":"default","ast-global-header-display":"","ast-banner-title-visibility":"","ast-main-header-display":"","ast-hfb-above-header-display":"","ast-hfb-below-header-display":"","ast-hfb-mobile-header-display":"","site-post-title":"","ast-breadcrumbs-content":"","ast-featured-img":"","footer-sml-layout":"","theme-transparent-header-meta":"default","adv-header-id-meta":"","stick-header-meta":"","header-above-stick-meta":"","header-main-stick-meta":"","header-below-stick-meta":"","astra-migrate-meta-layouts":"set","_joinchat":[]},"product_brand":[],"product_cat":[17],"product_tag":[],"yst_prominent_words":[],"class_list":{"0":"post-4827","1":"product","2":"type-product","3":"status-publish","4":"has-post-thumbnail","6":"product_cat-jamones-y-paletas","7":"desktop-align-left","8":"tablet-align-left","9":"mobile-align-left","11":"first","12":"instock","13":"taxable","14":"shipping-taxable","15":"purchasable","16":"product-type-simple"},"_links":{"self":[{"href":"https:\/\/encinardeljamon.com\/pt\/wp-json\/wp\/v2\/product\/4827","targetHints":{"allow":["GET"]}}],"collection":[{"href":"https:\/\/encinardeljamon.com\/pt\/wp-json\/wp\/v2\/product"}],"about":[{"href":"https:\/\/encinardeljamon.com\/pt\/wp-json\/wp\/v2\/types\/product"}],"replies":[{"embeddable":true,"href":"https:\/\/encinardeljamon.com\/pt\/wp-json\/wp\/v2\/comments?post=4827"}],"wp:featuredmedia":[{"embeddable":true,"href":"https:\/\/encinardeljamon.com\/pt\/wp-json\/wp\/v2\/media\/4828"}],"wp:attachment":[{"href":"https:\/\/encinardeljamon.com\/pt\/wp-json\/wp\/v2\/media?parent=4827"}],"wp:term":[{"taxonomy":"product_brand","embeddable":true,"href":"https:\/\/encinardeljamon.com\/pt\/wp-json\/wp\/v2\/product_brand?post=4827"},{"taxonomy":"product_cat","embeddable":true,"href":"https:\/\/encinardeljamon.com\/pt\/wp-json\/wp\/v2\/product_cat?post=4827"},{"taxonomy":"product_tag","embeddable":true,"href":"https:\/\/encinardeljamon.com\/pt\/wp-json\/wp\/v2\/product_tag?post=4827"},{"taxonomy":"yst_prominent_words","embeddable":true,"href":"https:\/\/encinardeljamon.com\/pt\/wp-json\/wp\/v2\/yst_prominent_words?post=4827"}],"curies":[{"name":"wp","href":"https:\/\/api.w.org\/{rel}","templated":true}]}}