{"id":4817,"date":"2025-04-12T11:30:45","date_gmt":"2025-04-12T11:30:45","guid":{"rendered":"https:\/\/encinardeljamon.com\/?post_type=product&#038;p=4817"},"modified":"2025-11-06T08:38:21","modified_gmt":"2025-11-06T08:38:21","slug":"aceite-oliva-virgen-extra-ecologico-varaverde-lata-250ml","status":"publish","type":"product","link":"https:\/\/encinardeljamon.com\/pt\/product\/aceite-oliva-virgen-extra-ecologico-varaverde-lata-250ml\/","title":{"rendered":"Azeite virgem extra biol\u00f3gico VARAVERDE lata de 250 ml"},"content":{"rendered":"<div class=\"product_header_container clearfix\">\n<div class=\"elementor-section elementor-element elementor-element-sq5sd68 elementor-top-section elementor-section-boxed elementor-section-height-default elementor-section-height-default elementor-reverse-mobile\" data-element_type=\"section\">\n<div class=\"elementor-container elementor-column-gap-wide\">\n<div class=\"elementor-row\">\n<div class=\"elementor-column elementor-element elementor-element-mg7xtrb elementor-col-100 elementor-top-column elementor-md-100\" data-element_type=\"column\">\n<div class=\"elementor-column-wrap elementor-element-populated\">\n<div class=\"elementor-widget-wrap\">\n<div class=\"elementor-widget elementor-element elementor-element-22mydf9 elementor-widget-heading\" data-element_type=\"heading\">\n<div class=\"elementor-widget-container\">\n<h2 class=\"elementor-heading-title elementor-size-default none\">Azeite virgem extra de categoria superior obtido diretamente de azeitonas e apenas por processos mec\u00e2nicos.<\/h2>\n<\/div>\n<\/div>\n<\/div>\n<\/div>\n<\/div>\n<\/div>\n<\/div>\n<\/div>\n<div class=\"elementor-section elementor-element elementor-element-p0kj7qq elementor-top-section elementor-section-boxed elementor-section-height-default elementor-section-height-default\" data-element_type=\"section\">\n<div class=\"elementor-container elementor-column-gap-default\">\n<div class=\"elementor-row\">\n<div class=\"elementor-column elementor-element elementor-element-grfx0wj elementor-col-100 elementor-top-column\" data-element_type=\"column\">\n<div class=\"elementor-column-wrap elementor-element-populated\">\n<div class=\"elementor-widget-wrap\">\n<div class=\"elementor-widget elementor-element elementor-element-ntvigui elementor-widget-divider\" data-element_type=\"divider\">\n<div class=\"elementor-widget-container\">\n<div class=\"elementor-divider\">\n<div class=\"elementor-section elementor-element elementor-element-9wl0k8b elementor-inner-section elementor-section-boxed elementor-section-height-default elementor-section-height-default elementor-section-content-middle\" style=\"font-size: 16px; font-style: normal;\" data-element_type=\"section\">\n<div class=\"elementor-container elementor-column-gap-default\" style=\"font-size: 16px;\">\n<div class=\"elementor-row\" style=\"font-size: 16px;\">\n<div class=\"elementor-column elementor-element elementor-element-j19i1ii elementor-col-50 elementor-inner-column elementor-sm-80\" style=\"font-size: 16px;\" data-element_type=\"column\">\n<div class=\"elementor-column-wrap elementor-element-populated\" style=\"font-size: 16px;\">\n<div class=\"elementor-widget-wrap\" style=\"font-size: 16px;\">\n<div class=\"elementor-widget elementor-element elementor-element-xniojq5 elementor-widget-heading\" style=\"font-size: 16px;\" data-element_type=\"heading\">\n<div class=\"elementor-widget-container\" style=\"font-size: 16px;\">\n<h3 class=\"elementor-heading-title elementor-size-default none\">PRODUTO DE ESPANHA<\/h3>\n<\/div>\n<\/div>\n<div class=\"elementor-widget elementor-element elementor-element-5wg1l7s elementor-widget-heading\" style=\"font-size: 16px;\" data-element_type=\"heading\">\n<div class=\"elementor-widget-container\" style=\"font-size: 16px;\">\n<h5 class=\"elementor-heading-title elementor-size-default none\">PRODUTO DE ESPANHA<\/h5>\n<\/div>\n<\/div>\n<\/div>\n<\/div>\n<\/div>\n<div class=\"elementor-column elementor-element elementor-element-h8qt3ut elementor-col-50 elementor-inner-column elementor-sm-20\" style=\"font-size: 16px;\" data-element_type=\"column\">\n<div class=\"elementor-column-wrap elementor-element-populated\" style=\"font-size: 16px;\">\n<div class=\"elementor-widget-wrap\" style=\"font-size: 16px;\">\n<div class=\"elementor-widget elementor-element elementor-element-nzqk58b elementor-widget-image\" style=\"font-size: 16px;\" data-element_type=\"image\">\n<div class=\"elementor-widget-container\" style=\"font-size: 16px;\">\n<div class=\"elementor-image\" style=\"font-size: 16px;\"><img decoding=\"async\" src=\"https:\/\/www.fincaentreposturas.com\/img\/cms\/espana.jpg\" alt=\"\" width=\"46\" height=\"46\" \/><\/div>\n<\/div>\n<\/div>\n<\/div>\n<\/div>\n<\/div>\n<\/div>\n<\/div>\n<\/div>\n<div class=\"elementor-section elementor-element elementor-element-h6ya9u5 elementor-inner-section elementor-section-boxed elementor-section-height-default elementor-section-height-default elementor-section-content-middle\" style=\"font-size: 16px; font-style: normal;\" data-element_type=\"section\">\n<div class=\"elementor-container elementor-column-gap-default\" style=\"font-size: 16px;\">\n<div class=\"elementor-row\" style=\"font-size: 16px;\">\n<div class=\"elementor-column elementor-element elementor-element-qejdb8j elementor-col-50 elementor-inner-column elementor-sm-80\" style=\"font-size: 16px;\" data-element_type=\"column\">\n<div class=\"elementor-column-wrap elementor-element-populated\" style=\"font-size: 16px;\">\n<div class=\"elementor-widget-wrap\" style=\"font-size: 16px;\">\n<div class=\"elementor-widget elementor-element elementor-element-giswzcv elementor-widget-heading\" style=\"font-size: 16px;\" data-element_type=\"heading\">\n<div class=\"elementor-widget-container\" style=\"font-size: 16px;\">\n<h4 class=\"elementor-heading-title elementor-size-default none\">PRODUZIDO NA ANDALUZIA<\/h4>\n<\/div>\n<\/div>\n<div class=\"elementor-widget elementor-element elementor-element-5a39uf7 elementor-widget-heading\" style=\"font-size: 16px;\" data-element_type=\"heading\">\n<div class=\"elementor-widget-container\" style=\"font-size: 16px;\">\n<h5 class=\"elementor-heading-title elementor-size-default none\">FABRICADO NA ANDALUZIA<\/h5>\n<\/div>\n<\/div>\n<\/div>\n<\/div>\n<\/div>\n<div class=\"elementor-column elementor-element elementor-element-lfmj2b2 elementor-col-50 elementor-inner-column elementor-sm-20\" style=\"font-size: 16px;\" data-element_type=\"column\">\n<div class=\"elementor-column-wrap elementor-element-populated\" style=\"font-size: 16px;\">\n<div class=\"elementor-widget-wrap\" style=\"font-size: 16px;\">\n<div class=\"elementor-widget elementor-element elementor-element-f3uxqq0 elementor-widget-image\" style=\"font-size: 16px;\" data-element_type=\"image\">\n<div class=\"elementor-widget-container\" style=\"font-size: 16px;\">\n<div class=\"elementor-image\" style=\"font-size: 16px;\"><img decoding=\"async\" src=\"https:\/\/www.fincaentreposturas.com\/img\/cms\/andalucia.jpg\" alt=\"\" width=\"46\" height=\"46\" \/><\/div>\n<\/div>\n<\/div>\n<\/div>\n<\/div>\n<\/div>\n<\/div>\n<\/div>\n<\/div>\n<div class=\"elementor-widget elementor-element elementor-element-9euqltj elementor-widget-image\" style=\"font-size: 16px; font-style: normal;\" data-element_type=\"image\">\n<div class=\"elementor-widget-container\" style=\"font-size: 16px;\">\n<div class=\"elementor-image\" style=\"font-size: 16px;\"><img decoding=\"async\" src=\"https:\/\/www.fincaentreposturas.com\/img\/cms\/aceite-de-oliva-virgen-extra.png\" alt=\"aceite de oliva virgen extra\" width=\"150\" height=\"150\" \/><\/div>\n<\/div>\n<\/div>\n<\/div>\n<\/div>\n<\/div>\n<div class=\"elementor-widget elementor-element elementor-element-5ard1aw elementor-widget-spacer\" data-element_type=\"spacer\">\n<div class=\"elementor-widget-container\">\n<div class=\"elementor-spacer\">\n<div class=\"elementor-spacer-inner\"><\/div>\n<\/div>\n<\/div>\n<\/div>\n<\/div>\n<\/div>\n<\/div>\n<\/div>\n<\/div>\n<\/div>\n<div class=\"elementor-section elementor-element elementor-element-02wvrnl elementor-top-section elementor-section-boxed elementor-section-height-default elementor-section-height-default elementor-reverse-mobile\" data-element_type=\"section\">\n<div class=\"elementor-container elementor-column-gap-wide\">\n<div class=\"elementor-row\">\n<div class=\"elementor-column elementor-element elementor-element-vz5af36 elementor-col-50 elementor-top-column elementor-md-50\" data-element_type=\"column\">\n<div class=\"elementor-column-wrap elementor-element-populated\">\n<div class=\"elementor-widget-wrap\">\n<div class=\"elementor-widget elementor-element elementor-element-cfo3pub elementor-widget-heading\" data-element_type=\"heading\">\n<div class=\"elementor-widget-container\">\n<h3 class=\"elementor-heading-title elementor-size-default none\">Informa\u00e7\u00e3o nutricional por 100ml<\/h3>\n<\/div>\n<\/div>\n<div class=\"elementor-widget elementor-element elementor-element-wx159af elementor-widget-heading\" data-element_type=\"heading\">\n<div class=\"elementor-widget-container\">\n<h4 class=\"elementor-heading-title elementor-size-default none\">Factos nutricionais por 100ml<\/h4>\n<\/div>\n<\/div>\n<div class=\"elementor-widget elementor-element elementor-element-dwxadmu elementor-widget-divider\" data-element_type=\"divider\">\n<div class=\"elementor-widget-container\">\n<div class=\"elementor-divider\"><\/div>\n<\/div>\n<\/div>\n<div class=\"elementor-widget elementor-element elementor-element-6h6x6zp elementor-widget-text-editor\" data-element_type=\"text-editor\">\n<div class=\"elementor-widget-container\">\n<div class=\"elementor-text-editor rte-content\">\n<table width=\"100%\">\n<tbody>\n<tr>\n<td>Valor energ\u00e9tico<br \/>\n<span class=\"english-plus\">Energia<\/span><\/td>\n<td>3700 kj<br \/>\n900 kcal<\/td>\n<\/tr>\n<\/tbody>\n<\/table>\n<\/div>\n<\/div>\n<\/div>\n<div class=\"elementor-widget elementor-element elementor-element-vcpgz7h elementor-widget-divider\" data-element_type=\"divider\">\n<div class=\"elementor-widget-container\">\n<div class=\"elementor-divider\"><\/div>\n<\/div>\n<\/div>\n<div class=\"elementor-widget elementor-element elementor-element-blgijdn elementor-widget-text-editor\" data-element_type=\"text-editor\">\n<div class=\"elementor-widget-container\">\n<div class=\"elementor-text-editor rte-content\">\n<table width=\"100%\">\n<tbody>\n<tr>\n<td>Gorduras <span class=\"english\">\/ Gordura<\/span><\/td>\n<td>99,9 g.<\/td>\n<\/tr>\n<tr>\n<td><span class=\"text-small\">dos quais saturados <span class=\"english\">\/ dos quais saturam<\/span><\/span><\/td>\n<td>14,1 g.<\/td>\n<\/tr>\n<\/tbody>\n<\/table>\n<\/div>\n<\/div>\n<\/div>\n<div class=\"elementor-widget elementor-element elementor-element-cycctvu elementor-widget-divider\" data-element_type=\"divider\">\n<div class=\"elementor-widget-container\">\n<div class=\"elementor-divider\"><\/div>\n<\/div>\n<\/div>\n<div class=\"elementor-widget elementor-element elementor-element-pi662a5 elementor-widget-text-editor\" data-element_type=\"text-editor\">\n<div class=\"elementor-widget-container\">\n<div class=\"elementor-text-editor rte-content\">\n<table width=\"100%\">\n<tbody>\n<tr>\n<td>Hidratos de carbono <span class=\"english\">\/ Hidratos de carbono<\/span><\/td>\n<td>0 g.<\/td>\n<\/tr>\n<tr>\n<td><span class=\"text-small\">dos quais a\u00e7\u00facares<span class=\"english\"> \/ dos quais a\u00e7\u00facar<\/span><\/span><\/td>\n<td>0 g.<\/td>\n<\/tr>\n<\/tbody>\n<\/table>\n<\/div>\n<\/div>\n<\/div>\n<div class=\"elementor-widget elementor-element elementor-element-wevd9e3 elementor-widget-divider\" data-element_type=\"divider\">\n<div class=\"elementor-widget-container\">\n<div class=\"elementor-divider\"><\/div>\n<\/div>\n<\/div>\n<div class=\"elementor-widget elementor-element elementor-element-j3k1zkk elementor-widget-text-editor\" data-element_type=\"text-editor\">\n<div class=\"elementor-widget-container\">\n<div class=\"elementor-text-editor rte-content\">\n<table width=\"100%\">\n<tbody>\n<tr>\n<td>Prote\u00ednas <span class=\"english\">\/ Prote\u00edna<\/span><\/td>\n<td>0 g.<\/td>\n<\/tr>\n<\/tbody>\n<\/table>\n<\/div>\n<\/div>\n<\/div>\n<div class=\"elementor-widget elementor-element elementor-element-e9032nx elementor-widget-divider\" data-element_type=\"divider\">\n<div class=\"elementor-widget-container\">\n<div class=\"elementor-divider\"><\/div>\n<\/div>\n<\/div>\n<div class=\"elementor-widget elementor-element elementor-element-p4rwsqs elementor-widget-text-editor\" data-element_type=\"text-editor\">\n<div class=\"elementor-widget-container\">\n<div class=\"elementor-text-editor rte-content\">\n<table width=\"100%\">\n<tbody>\n<tr>\n<td>Sal <span class=\"english\">\/ Sal<\/span><\/td>\n<td>0 g.<\/td>\n<\/tr>\n<\/tbody>\n<\/table>\n<\/div>\n<\/div>\n<\/div>\n<div class=\"elementor-widget elementor-element elementor-element-xxzs94i elementor-widget-spacer\" data-element_type=\"spacer\">\n<div class=\"elementor-widget-container\">\n<div class=\"elementor-spacer\">\n<div class=\"elementor-spacer-inner\"><\/div>\n<\/div>\n<\/div>\n<\/div>\n<\/div>\n<\/div>\n<\/div>\n<\/div>\n<\/div>\n<\/div>\n<\/div>\n<div class=\"product-information\">\n<div id=\"product-description-short-35\" class=\"rte-content product-description\">\n<p>&nbsp;<\/p>\n<\/div>\n<\/div>","protected":false},"excerpt":{"rendered":"<p>O nosso azeite biol\u00f3gico Hojiblanca EVOO \u00e9 um azeite muito carater\u00edstico, pois obtemos aromas e sabores muito acentuados em compara\u00e7\u00e3o com o azeite m\u00e9dio desta variedade.<\/p>\n<p>Aranha com amargor, confere dureza \u00e0 textura.<\/p>\n<p>\u00c9 um Ouro de ess\u00eancia grosseira.<\/p>\n<p>Como um golpe de um GreenStick.<\/p>\n<p>Na boca destaca-se pelos seus sabores frutados, amargos e picantes, de grande intensidade. Em termos de aroma \u00e9 bastante frutado.<\/p>\n<p><strong>NOTAS DE PROVA<\/strong><\/p>\n<p>Aroma frutado intenso a erva acabada de cortar e a folha de oliveira. Notas de tomate e am\u00eandoa. Sabor de entrada suave de densidade m\u00e9dia com amargor m\u00e9dio e picante equilibrado. Persist\u00eancia m\u00e9dia com notas de picante elegante.<\/p>\n<p>Ideal para qualquer carne ou peixe cru, salada, e se for um amante de pastelaria, n\u00e3o hesite em experimentar o nosso Varaverde EVOO.<\/p>","protected":false},"featured_media":4818,"comment_status":"closed","ping_status":"closed","template":"","meta":{"site-sidebar-layout":"default","site-content-layout":null,"ast-site-content-layout":"default","site-content-style":"default","site-sidebar-style":"default","ast-global-header-display":"","ast-banner-title-visibility":"","ast-main-header-display":"","ast-hfb-above-header-display":null,"ast-hfb-below-header-display":null,"ast-hfb-mobile-header-display":"","site-post-title":"","ast-breadcrumbs-content":null,"ast-featured-img":"","footer-sml-layout":"","theme-transparent-header-meta":"default","adv-header-id-meta":null,"stick-header-meta":null,"header-above-stick-meta":null,"header-main-stick-meta":null,"header-below-stick-meta":null,"astra-migrate-meta-layouts":"set","_joinchat":[]},"product_brand":[],"product_cat":[20,39],"product_tag":[],"yst_prominent_words":[],"class_list":{"0":"post-4817","1":"product","2":"type-product","3":"status-publish","4":"has-post-thumbnail","6":"product_cat-aceites-quesos-y-embutidos","7":"product_cat-ofertas-y-novedades","8":"desktop-align-left","9":"tablet-align-left","10":"mobile-align-left","12":"first","13":"outofstock","14":"taxable","15":"shipping-taxable","16":"purchasable","17":"product-type-simple"},"_links":{"self":[{"href":"https:\/\/encinardeljamon.com\/pt\/wp-json\/wp\/v2\/product\/4817","targetHints":{"allow":["GET"]}}],"collection":[{"href":"https:\/\/encinardeljamon.com\/pt\/wp-json\/wp\/v2\/product"}],"about":[{"href":"https:\/\/encinardeljamon.com\/pt\/wp-json\/wp\/v2\/types\/product"}],"replies":[{"embeddable":true,"href":"https:\/\/encinardeljamon.com\/pt\/wp-json\/wp\/v2\/comments?post=4817"}],"wp:featuredmedia":[{"embeddable":true,"href":"https:\/\/encinardeljamon.com\/pt\/wp-json\/wp\/v2\/media\/4818"}],"wp:attachment":[{"href":"https:\/\/encinardeljamon.com\/pt\/wp-json\/wp\/v2\/media?parent=4817"}],"wp:term":[{"taxonomy":"product_brand","embeddable":true,"href":"https:\/\/encinardeljamon.com\/pt\/wp-json\/wp\/v2\/product_brand?post=4817"},{"taxonomy":"product_cat","embeddable":true,"href":"https:\/\/encinardeljamon.com\/pt\/wp-json\/wp\/v2\/product_cat?post=4817"},{"taxonomy":"product_tag","embeddable":true,"href":"https:\/\/encinardeljamon.com\/pt\/wp-json\/wp\/v2\/product_tag?post=4817"},{"taxonomy":"yst_prominent_words","embeddable":true,"href":"https:\/\/encinardeljamon.com\/pt\/wp-json\/wp\/v2\/yst_prominent_words?post=4817"}],"curies":[{"name":"wp","href":"https:\/\/api.w.org\/{rel}","templated":true}]}}