{"id":4752,"date":"2025-02-08T20:07:40","date_gmt":"2025-02-08T20:07:40","guid":{"rendered":"https:\/\/encinardeljamon.com\/?post_type=product&#038;p=4752"},"modified":"2025-03-10T10:42:21","modified_gmt":"2025-03-10T10:42:21","slug":"licor-naranja-arancello-federica","status":"publish","type":"product","link":"https:\/\/encinardeljamon.com\/pt\/product\/licor-naranja-arancello-federica\/","title":{"rendered":"Licor de laranja Arancello Federica"},"content":{"rendered":"<h5>INGREDIENTES:<\/h5>\n<p class=\"p1\">\u00c1lcool, extrato natural de laranja, a\u00e7\u00facar de cana.<\/p>\n<h5>COMO TOMAR:<\/h5>\n<p class=\"p1\">Perfeito para cocktails. Servir no frigor\u00edfico seco ou com gelo entre 4\u00b0 e 6\u00b0C.<\/p>\n<h5>NOTAS DE PROVA:<\/h5>\n<p class=\"p1\">Tem uma presen\u00e7a atractiva com uma cor laranja cristalina marcada. No nariz destaca-se o aroma a laranja com notas de tosta e no paladar \u00e9 not\u00f3ria a sua sedosidade e o equil\u00edbrio entre a do\u00e7ura dos aromas de caramelo e a acidez dos citrinos. Na boca \u00e9 saboroso, longo e fresco.<\/p>\n<h5>CARACTER\u00cdSTICAS:<\/h5>\n<p class=\"p1\">Produto artesanal n\u00e3o filtrado para preservar as carater\u00edsticas organol\u00e9pticas do licor. Baixo teor de a\u00e7\u00facar.<\/p>\n<h5>REDIGIDO POR:<\/h5>\n<p>RS 30.10913\/V<\/p>","protected":false},"excerpt":{"rendered":"<p>Federica \u00e9 a tarifa de Val\u00eancia, a terra das melhores laranjas do mundo.<br \/>\nUm licor saboroso feito com ingredientes naturais que lhe trar\u00e1 sempre um sorriso de otimismo e alegria ao rosto.<\/p>","protected":false},"featured_media":4756,"comment_status":"closed","ping_status":"closed","template":"","meta":{"site-sidebar-layout":"default","site-content-layout":"","ast-site-content-layout":"default","site-content-style":"default","site-sidebar-style":"default","ast-global-header-display":"","ast-banner-title-visibility":"","ast-main-header-display":"","ast-hfb-above-header-display":"","ast-hfb-below-header-display":"","ast-hfb-mobile-header-display":"","site-post-title":"","ast-breadcrumbs-content":"","ast-featured-img":"","footer-sml-layout":"","theme-transparent-header-meta":"default","adv-header-id-meta":"","stick-header-meta":"","header-above-stick-meta":"","header-main-stick-meta":"","header-below-stick-meta":"","astra-migrate-meta-layouts":"set","_joinchat":[]},"product_brand":[],"product_cat":[27,39],"product_tag":[],"yst_prominent_words":[],"class_list":{"0":"post-4752","1":"product","2":"type-product","3":"status-publish","4":"has-post-thumbnail","6":"product_cat-licores-vinos-y-cervezas","7":"product_cat-ofertas-y-novedades","8":"desktop-align-left","9":"tablet-align-left","10":"mobile-align-left","12":"first","13":"instock","14":"taxable","15":"shipping-taxable","16":"purchasable","17":"product-type-variable"},"_links":{"self":[{"href":"https:\/\/encinardeljamon.com\/pt\/wp-json\/wp\/v2\/product\/4752","targetHints":{"allow":["GET"]}}],"collection":[{"href":"https:\/\/encinardeljamon.com\/pt\/wp-json\/wp\/v2\/product"}],"about":[{"href":"https:\/\/encinardeljamon.com\/pt\/wp-json\/wp\/v2\/types\/product"}],"replies":[{"embeddable":true,"href":"https:\/\/encinardeljamon.com\/pt\/wp-json\/wp\/v2\/comments?post=4752"}],"wp:featuredmedia":[{"embeddable":true,"href":"https:\/\/encinardeljamon.com\/pt\/wp-json\/wp\/v2\/media\/4756"}],"wp:attachment":[{"href":"https:\/\/encinardeljamon.com\/pt\/wp-json\/wp\/v2\/media?parent=4752"}],"wp:term":[{"taxonomy":"product_brand","embeddable":true,"href":"https:\/\/encinardeljamon.com\/pt\/wp-json\/wp\/v2\/product_brand?post=4752"},{"taxonomy":"product_cat","embeddable":true,"href":"https:\/\/encinardeljamon.com\/pt\/wp-json\/wp\/v2\/product_cat?post=4752"},{"taxonomy":"product_tag","embeddable":true,"href":"https:\/\/encinardeljamon.com\/pt\/wp-json\/wp\/v2\/product_tag?post=4752"},{"taxonomy":"yst_prominent_words","embeddable":true,"href":"https:\/\/encinardeljamon.com\/pt\/wp-json\/wp\/v2\/yst_prominent_words?post=4752"}],"curies":[{"name":"wp","href":"https:\/\/api.w.org\/{rel}","templated":true}]}}