{"id":4738,"date":"2025-02-08T19:21:31","date_gmt":"2025-02-08T19:21:31","guid":{"rendered":"https:\/\/encinardeljamon.com\/?post_type=product&#038;p=4738"},"modified":"2025-02-08T20:11:13","modified_gmt":"2025-02-08T20:11:13","slug":"licores-caja-mixta-rainbow","status":"publish","type":"product","link":"https:\/\/encinardeljamon.com\/pt\/product\/licores-caja-mixta-rainbow\/","title":{"rendered":"Licores Caixa Mista Arco-\u00edris"},"content":{"rendered":"<p><span style=\"font-size: 16px;\">Para provar as nossas bebidas, siga esta ordem:\u00a0<\/span><span style=\"font-size: 16px;\">Primeiro o Habanero, depois o Celestino, a Federica, a Filomena, a Josephina e o Violeto.\u00a0<\/span><span style=\"font-size: 16px;\">Conservar no frigor\u00edfico. Preparado por:\u00a0<\/span><span style=\"font-size: 16px;\">RS 30.10913\/V<\/span><\/p>","protected":false},"excerpt":{"rendered":"<p>A caixa cont\u00e9m 6 garrafas: uma de Josephina (vermute vermelho), uma de Federica (arancello), uma de Habanero (licor de mojito), uma de Celestino (limoncello), uma de Violeto (licor de violeta) e uma de Filomena (licor de sangria). O pack de garrafas de 50cl \u00e9 enviado com as 6 caixas de oferta individuais de cada marca.<\/p>\n<p>Todos os licores s\u00e3o fabricados artesanalmente, os licores s\u00e3o filtrados e o vermute \u00e9 100% de agricultura biol\u00f3gica. Todos os componentes s\u00e3o de primeira qualidade e naturais.<\/p>","protected":false},"featured_media":4742,"comment_status":"closed","ping_status":"closed","template":"","meta":{"site-sidebar-layout":"default","site-content-layout":"","ast-site-content-layout":"default","site-content-style":"default","site-sidebar-style":"default","ast-global-header-display":"","ast-banner-title-visibility":"","ast-main-header-display":"","ast-hfb-above-header-display":"","ast-hfb-below-header-display":"","ast-hfb-mobile-header-display":"","site-post-title":"","ast-breadcrumbs-content":"","ast-featured-img":"","footer-sml-layout":"","theme-transparent-header-meta":"default","adv-header-id-meta":"","stick-header-meta":"","header-above-stick-meta":"","header-main-stick-meta":"","header-below-stick-meta":"","astra-migrate-meta-layouts":"set","_joinchat":[]},"product_brand":[],"product_cat":[27,28,39],"product_tag":[],"yst_prominent_words":[],"class_list":{"0":"post-4738","1":"product","2":"type-product","3":"status-publish","4":"has-post-thumbnail","6":"product_cat-licores-vinos-y-cervezas","7":"product_cat-lotes-para-regalar","8":"product_cat-ofertas-y-novedades","9":"desktop-align-left","10":"tablet-align-left","11":"mobile-align-left","13":"first","14":"instock","15":"taxable","16":"shipping-taxable","17":"purchasable","18":"product-type-variable"},"_links":{"self":[{"href":"https:\/\/encinardeljamon.com\/pt\/wp-json\/wp\/v2\/product\/4738","targetHints":{"allow":["GET"]}}],"collection":[{"href":"https:\/\/encinardeljamon.com\/pt\/wp-json\/wp\/v2\/product"}],"about":[{"href":"https:\/\/encinardeljamon.com\/pt\/wp-json\/wp\/v2\/types\/product"}],"replies":[{"embeddable":true,"href":"https:\/\/encinardeljamon.com\/pt\/wp-json\/wp\/v2\/comments?post=4738"}],"wp:featuredmedia":[{"embeddable":true,"href":"https:\/\/encinardeljamon.com\/pt\/wp-json\/wp\/v2\/media\/4742"}],"wp:attachment":[{"href":"https:\/\/encinardeljamon.com\/pt\/wp-json\/wp\/v2\/media?parent=4738"}],"wp:term":[{"taxonomy":"product_brand","embeddable":true,"href":"https:\/\/encinardeljamon.com\/pt\/wp-json\/wp\/v2\/product_brand?post=4738"},{"taxonomy":"product_cat","embeddable":true,"href":"https:\/\/encinardeljamon.com\/pt\/wp-json\/wp\/v2\/product_cat?post=4738"},{"taxonomy":"product_tag","embeddable":true,"href":"https:\/\/encinardeljamon.com\/pt\/wp-json\/wp\/v2\/product_tag?post=4738"},{"taxonomy":"yst_prominent_words","embeddable":true,"href":"https:\/\/encinardeljamon.com\/pt\/wp-json\/wp\/v2\/yst_prominent_words?post=4738"}],"curies":[{"name":"wp","href":"https:\/\/api.w.org\/{rel}","templated":true}]}}