{"id":3553,"date":"2024-11-10T20:02:17","date_gmt":"2024-11-10T20:02:17","guid":{"rendered":"https:\/\/encinardeljamon.com\/?post_type=product&#038;p=3553"},"modified":"2025-04-12T10:58:06","modified_gmt":"2025-04-12T10:58:06","slug":"pack-cremoso-de-oveja-extremeno","status":"publish","type":"product","link":"https:\/\/encinardeljamon.com\/pt\/product\/pack-cremoso-de-oveja-extremeno\/","title":{"rendered":"Embalagem Leite de ovelha cremoso da Estremadura"},"content":{"rendered":"<p>A Torta del Casar \u00e9 um queijo natural, fabricado segundo m\u00e9todos tradicionais, com leite cru de ovelha proveniente de rebanhos controlados, coalho vegetal e sal.<\/p>\n<p>A utiliza\u00e7\u00e3o deste coalho vegetal extra\u00eddo do cardo Cynara Cardunculus, juntamente com o saber-fazer dos mestres queijeiros, gera uma prote\u00f3lise intensa durante o processo de matura\u00e7\u00e3o, quando a casca ainda n\u00e3o est\u00e1 totalmente formada, o que faz com que os queijos n\u00e3o suportem o seu pr\u00f3prio peso, tendendo a achatar-se e a inchar nos lados, assumindo uma forma at\u00edpica que lembrava aos queijeiros de Casar de C\u00e1ceres um \"bolo de p\u00e3o\", de onde deriva o nome Torta del Casar.<\/p>","protected":false},"excerpt":{"rendered":"<p>400 gr. de queijo de ovelha curado cremoso, 250 gr. de Torta del Casar P.D.O. e uma embalagem de 100 gr. de creme Torta del Casar P.D.O.<\/p>\n<p>Tudo isto numa caixa de qualidade superior, resistente ao frio e muito agrad\u00e1vel \u00e0 vista.<\/p>\n<p>&nbsp;<\/p>","protected":false},"featured_media":3555,"comment_status":"closed","ping_status":"closed","template":"","meta":{"site-sidebar-layout":"default","site-content-layout":"","ast-site-content-layout":"default","site-content-style":"default","site-sidebar-style":"default","ast-global-header-display":"","ast-banner-title-visibility":"","ast-main-header-display":"","ast-hfb-above-header-display":"","ast-hfb-below-header-display":"","ast-hfb-mobile-header-display":"","site-post-title":"","ast-breadcrumbs-content":"","ast-featured-img":"","footer-sml-layout":"","theme-transparent-header-meta":"default","adv-header-id-meta":"","stick-header-meta":"","header-above-stick-meta":"","header-main-stick-meta":"","header-below-stick-meta":"","astra-migrate-meta-layouts":"set","_joinchat":[]},"product_brand":[],"product_cat":[20,28],"product_tag":[],"yst_prominent_words":[],"class_list":{"0":"post-3553","1":"product","2":"type-product","3":"status-publish","4":"has-post-thumbnail","6":"product_cat-aceites-quesos-y-embutidos","7":"product_cat-lotes-para-regalar","8":"desktop-align-left","9":"tablet-align-left","10":"mobile-align-left","12":"first","13":"instock","14":"taxable","15":"shipping-taxable","16":"purchasable","17":"product-type-simple"},"_links":{"self":[{"href":"https:\/\/encinardeljamon.com\/pt\/wp-json\/wp\/v2\/product\/3553","targetHints":{"allow":["GET"]}}],"collection":[{"href":"https:\/\/encinardeljamon.com\/pt\/wp-json\/wp\/v2\/product"}],"about":[{"href":"https:\/\/encinardeljamon.com\/pt\/wp-json\/wp\/v2\/types\/product"}],"replies":[{"embeddable":true,"href":"https:\/\/encinardeljamon.com\/pt\/wp-json\/wp\/v2\/comments?post=3553"}],"wp:featuredmedia":[{"embeddable":true,"href":"https:\/\/encinardeljamon.com\/pt\/wp-json\/wp\/v2\/media\/3555"}],"wp:attachment":[{"href":"https:\/\/encinardeljamon.com\/pt\/wp-json\/wp\/v2\/media?parent=3553"}],"wp:term":[{"taxonomy":"product_brand","embeddable":true,"href":"https:\/\/encinardeljamon.com\/pt\/wp-json\/wp\/v2\/product_brand?post=3553"},{"taxonomy":"product_cat","embeddable":true,"href":"https:\/\/encinardeljamon.com\/pt\/wp-json\/wp\/v2\/product_cat?post=3553"},{"taxonomy":"product_tag","embeddable":true,"href":"https:\/\/encinardeljamon.com\/pt\/wp-json\/wp\/v2\/product_tag?post=3553"},{"taxonomy":"yst_prominent_words","embeddable":true,"href":"https:\/\/encinardeljamon.com\/pt\/wp-json\/wp\/v2\/yst_prominent_words?post=3553"}],"curies":[{"name":"wp","href":"https:\/\/api.w.org\/{rel}","templated":true}]}}