{"id":3540,"date":"2024-11-10T18:49:13","date_gmt":"2024-11-10T18:49:13","guid":{"rendered":"https:\/\/encinardeljamon.com\/?post_type=product&#038;p=3540"},"modified":"2025-04-12T10:54:33","modified_gmt":"2025-04-12T10:54:33","slug":"queso-de-cabra-al-tomillo-600gr","status":"publish","type":"product","link":"https:\/\/encinardeljamon.com\/pt\/product\/queso-de-cabra-al-tomillo-600gr\/","title":{"rendered":"Queijo de cabra com tomilho 600gr"},"content":{"rendered":"<p>Os queijos de cabra cont\u00eam uma variedade de nuances que lhe permitem desfrutar de diferentes sensa\u00e7\u00f5es na boca. Desde o sabor intenso do queijo natural at\u00e9 \u00e0s nuances suaves da variedade de piment\u00e3o ou aos sabores intensos do tomilho ou do alecrim.<\/p>\n<p>Desde o sabor intenso dos Madurados, passando pelos sabores suaves do Piment\u00f3n ou pelas nuances gustativas do Tomilho ou do Alecrim, at\u00e9 ao sabor intenso, agrad\u00e1vel e diferente do S\u00fammum, elaborado com casca de penic\u00edlio comest\u00edvel, que completam uma gama variada, equilibrada e complementar para desfrutar do prazer de os degustar.<\/p>\n<h2>Sugest\u00f5es de consumo<\/h2>\n<ul>\n<li>Acompanhe-o com frutas como figos, uvas, frutos vermelhos, bananas, alperces ou p\u00eassegos.<\/li>\n<li>Coloque-o numa torrada com nozes e mel.<\/li>\n<li>Combinar com marmelo e r\u00facula numa salada.<\/li>\n<\/ul>","protected":false},"excerpt":{"rendered":"<p>Queijo de cabra feito com leite e revestido com tomilho, apresentado num formato inteiro de 600g.<\/p>\n<p>Proporciona nuances suaves e uma textura agrad\u00e1vel, ideal como acompanhamento variado de todo o tipo de pratos.<\/p>","protected":false},"featured_media":3542,"comment_status":"closed","ping_status":"closed","template":"","meta":{"site-sidebar-layout":"default","site-content-layout":"","ast-site-content-layout":"default","site-content-style":"default","site-sidebar-style":"default","ast-global-header-display":"","ast-banner-title-visibility":"","ast-main-header-display":"","ast-hfb-above-header-display":"","ast-hfb-below-header-display":"","ast-hfb-mobile-header-display":"","site-post-title":"","ast-breadcrumbs-content":"","ast-featured-img":"","footer-sml-layout":"","theme-transparent-header-meta":"default","adv-header-id-meta":"","stick-header-meta":"","header-above-stick-meta":"","header-main-stick-meta":"","header-below-stick-meta":"","astra-migrate-meta-layouts":"set","_joinchat":[]},"product_brand":[],"product_cat":[20,39],"product_tag":[],"yst_prominent_words":[],"class_list":{"0":"post-3540","1":"product","2":"type-product","3":"status-publish","4":"has-post-thumbnail","6":"product_cat-aceites-quesos-y-embutidos","7":"product_cat-ofertas-y-novedades","8":"desktop-align-left","9":"tablet-align-left","10":"mobile-align-left","12":"first","13":"instock","14":"taxable","15":"shipping-taxable","16":"purchasable","17":"product-type-simple"},"_links":{"self":[{"href":"https:\/\/encinardeljamon.com\/pt\/wp-json\/wp\/v2\/product\/3540","targetHints":{"allow":["GET"]}}],"collection":[{"href":"https:\/\/encinardeljamon.com\/pt\/wp-json\/wp\/v2\/product"}],"about":[{"href":"https:\/\/encinardeljamon.com\/pt\/wp-json\/wp\/v2\/types\/product"}],"replies":[{"embeddable":true,"href":"https:\/\/encinardeljamon.com\/pt\/wp-json\/wp\/v2\/comments?post=3540"}],"wp:featuredmedia":[{"embeddable":true,"href":"https:\/\/encinardeljamon.com\/pt\/wp-json\/wp\/v2\/media\/3542"}],"wp:attachment":[{"href":"https:\/\/encinardeljamon.com\/pt\/wp-json\/wp\/v2\/media?parent=3540"}],"wp:term":[{"taxonomy":"product_brand","embeddable":true,"href":"https:\/\/encinardeljamon.com\/pt\/wp-json\/wp\/v2\/product_brand?post=3540"},{"taxonomy":"product_cat","embeddable":true,"href":"https:\/\/encinardeljamon.com\/pt\/wp-json\/wp\/v2\/product_cat?post=3540"},{"taxonomy":"product_tag","embeddable":true,"href":"https:\/\/encinardeljamon.com\/pt\/wp-json\/wp\/v2\/product_tag?post=3540"},{"taxonomy":"yst_prominent_words","embeddable":true,"href":"https:\/\/encinardeljamon.com\/pt\/wp-json\/wp\/v2\/yst_prominent_words?post=3540"}],"curies":[{"name":"wp","href":"https:\/\/api.w.org\/{rel}","templated":true}]}}