{"id":3520,"date":"2024-11-08T00:24:17","date_gmt":"2024-11-08T00:24:17","guid":{"rendered":"https:\/\/encinardeljamon.com\/?post_type=product&#038;p=3520"},"modified":"2025-11-07T22:24:13","modified_gmt":"2025-11-07T22:24:13","slug":"jamon-cebo-iberico-50-raza-iberica-100-natural","status":"publish","type":"product","link":"https:\/\/encinardeljamon.com\/pt\/product\/jamon-cebo-iberico-50-raza-iberica-100-natural\/","title":{"rendered":"Presunto cebo iberico 50% ra\u00e7a iberiana 100% natural"},"content":{"rendered":"<p><strong>Ingredientes<br \/>\n<\/strong>Presunto de porco ib\u00e9rico e sal marinho<\/p>\n<table class=\"woocommerce-product-attributes shop_attributes\">\n<tbody>\n<tr class=\"woocommerce-product-attributes-item woocommerce-product-attributes-item--attribute_pa_curacion\">\n<th class=\"woocommerce-product-attributes-item__label\">Cura<\/th>\n<td class=\"woocommerce-product-attributes-item__value\">+36 meses em estufas de secagem e matura\u00e7\u00e3o natural<\/td>\n<\/tr>\n<\/tbody>\n<\/table>\n<p><strong>Apresenta\u00e7\u00e3o<\/strong><br \/>\nPe\u00e7a inteira. 8-9 kg.<\/p>\n<p><strong>Instru\u00e7\u00f5es de conserva\u00e7\u00e3o<br \/>\n<\/strong>Conservar o fiambre inteiro e sem embalagem, num local seco, \u00e0 temperatura ambiente (aprox. 20\u00ba C\/25\u00ba C).<\/p>\n<p>&nbsp;<\/p>\n<p>O presunto Dehesa Garcia \u00e9 um excelente produto com magn\u00edficos benef\u00edcios para a sa\u00fade.<br \/>\nA gordura deste fiambre cont\u00e9m uma elevada percentagem de \u00e1cidos gordos monoinsaturados em \u00e1cido oleico e \u00e9 considerado um dos produtos com maior teor de prote\u00ednas, raz\u00e3o pela qual recomendamos este fiambre, porque a sua gordura cont\u00e9m uma maior qualidade de gordura insaturada.<br \/>\nOs nossos presuntos ib\u00e9ricos caracterizam-se pelo seu baixo teor de sal, pelo facto de os porcos serem alimentados com bolota, erva e cereais, serem criados em estado selvagem, terem a quantidade certa de gordura e possu\u00edrem um aroma e sabor extraordin\u00e1rios. Ao longo dos anos, adquirimos uma experi\u00eancia que, juntamente com a ra\u00e7a selecionada e \u00fanica, determina a qualidade excecional dos nossos presuntos. Tudo isto, juntamente com o nosso servi\u00e7o de apoio ao cliente, faz dos nossos produtos a escolha certa para os paladares mais exigentes e caprichosos.<\/p>\n<p><strong>Informa\u00e7\u00e3o nutricional<\/strong><br \/>\nValores aproximados por 100 g.<\/p>\n<table>\n<tbody>\n<tr>\n<td width=\"219\">Valor energ\u00e9tico:<\/td>\n<td width=\"219\">1695,3 KJ\/ 404,9 Kcal<\/td>\n<\/tr>\n<tr>\n<td width=\"219\">Gorduras:<\/td>\n<td width=\"219\">31,71 g<\/td>\n<\/tr>\n<tr>\n<td width=\"219\">Dos quais saturados<\/td>\n<td width=\"219\">12,87 g<\/td>\n<\/tr>\n<tr>\n<td width=\"219\">Hidratos de carbono<\/td>\n<td width=\"219\">0,48 g<\/td>\n<\/tr>\n<tr>\n<td width=\"219\">Dos quais a\u00e7\u00facares<\/td>\n<td width=\"219\">0,24 g<\/td>\n<\/tr>\n<tr>\n<td width=\"219\">Prote\u00ednas<\/td>\n<td width=\"219\">29,39 g<\/td>\n<\/tr>\n<tr>\n<td width=\"219\">Sal<\/td>\n<td width=\"219\">3,52 g<\/td>\n<\/tr>\n<\/tbody>\n<\/table>\n<p>&nbsp;<\/p>","protected":false},"excerpt":{"rendered":"<p><strong>Ingredientes<br \/>\n<\/strong>Presunto de porco ib\u00e9rico e sal marinho<\/p>\n<table class=\"woocommerce-product-attributes shop_attributes\">\n<tbody>\n<tr class=\"woocommerce-product-attributes-item woocommerce-product-attributes-item--attribute_pa_curacion\">\n<th class=\"woocommerce-product-attributes-item__label\">Cura<\/th>\n<td class=\"woocommerce-product-attributes-item__value\">+36 meses em estufas de secagem e matura\u00e7\u00e3o natural<\/td>\n<\/tr>\n<\/tbody>\n<\/table>\n<p><strong>Apresenta\u00e7\u00e3o<\/strong><br \/>\nPe\u00e7a inteira. 8-9 kg.<\/p>\n<p><strong>Instru\u00e7\u00f5es de conserva\u00e7\u00e3o<br \/>\n<\/strong>Conservar o fiambre inteiro e sem embalagem, num local seco, \u00e0 temperatura ambiente (aprox. 20\u00ba C\/25\u00ba C).<\/p>\n<p>&nbsp;<\/p>","protected":false},"featured_media":3521,"comment_status":"closed","ping_status":"closed","template":"","meta":{"site-sidebar-layout":"default","site-content-layout":null,"ast-site-content-layout":"default","site-content-style":"default","site-sidebar-style":"default","ast-global-header-display":"","ast-banner-title-visibility":"","ast-main-header-display":"","ast-hfb-above-header-display":null,"ast-hfb-below-header-display":null,"ast-hfb-mobile-header-display":"","site-post-title":"","ast-breadcrumbs-content":null,"ast-featured-img":"","footer-sml-layout":"","theme-transparent-header-meta":"default","adv-header-id-meta":null,"stick-header-meta":null,"header-above-stick-meta":null,"header-main-stick-meta":null,"header-below-stick-meta":null,"astra-migrate-meta-layouts":"set","_joinchat":[]},"product_brand":[],"product_cat":[17],"product_tag":[],"yst_prominent_words":[],"class_list":{"0":"post-3520","1":"product","2":"type-product","3":"status-publish","4":"has-post-thumbnail","6":"product_cat-jamones-y-paletas","7":"desktop-align-left","8":"tablet-align-left","9":"mobile-align-left","11":"first","12":"instock","13":"taxable","14":"shipping-taxable","15":"purchasable","16":"product-type-simple"},"_links":{"self":[{"href":"https:\/\/encinardeljamon.com\/pt\/wp-json\/wp\/v2\/product\/3520","targetHints":{"allow":["GET"]}}],"collection":[{"href":"https:\/\/encinardeljamon.com\/pt\/wp-json\/wp\/v2\/product"}],"about":[{"href":"https:\/\/encinardeljamon.com\/pt\/wp-json\/wp\/v2\/types\/product"}],"replies":[{"embeddable":true,"href":"https:\/\/encinardeljamon.com\/pt\/wp-json\/wp\/v2\/comments?post=3520"}],"wp:featuredmedia":[{"embeddable":true,"href":"https:\/\/encinardeljamon.com\/pt\/wp-json\/wp\/v2\/media\/3521"}],"wp:attachment":[{"href":"https:\/\/encinardeljamon.com\/pt\/wp-json\/wp\/v2\/media?parent=3520"}],"wp:term":[{"taxonomy":"product_brand","embeddable":true,"href":"https:\/\/encinardeljamon.com\/pt\/wp-json\/wp\/v2\/product_brand?post=3520"},{"taxonomy":"product_cat","embeddable":true,"href":"https:\/\/encinardeljamon.com\/pt\/wp-json\/wp\/v2\/product_cat?post=3520"},{"taxonomy":"product_tag","embeddable":true,"href":"https:\/\/encinardeljamon.com\/pt\/wp-json\/wp\/v2\/product_tag?post=3520"},{"taxonomy":"yst_prominent_words","embeddable":true,"href":"https:\/\/encinardeljamon.com\/pt\/wp-json\/wp\/v2\/yst_prominent_words?post=3520"}],"curies":[{"name":"wp","href":"https:\/\/api.w.org\/{rel}","templated":true}]}}