{"id":3372,"date":"2024-04-01T22:41:14","date_gmt":"2024-04-01T22:41:14","guid":{"rendered":"https:\/\/encinardeljamon.com\/?post_type=product&#038;p=3372"},"modified":"2026-01-14T09:46:24","modified_gmt":"2026-01-14T09:46:24","slug":"delirium-tremens-barril-keg-5-l","status":"publish","type":"product","link":"https:\/\/encinardeljamon.com\/pt\/product\/delirium-tremens-barril-keg-5-l\/","title":{"rendered":"Delirium Tremens Barril 5 L"},"content":{"rendered":"<div><main id=\"main\" role=\"main\"><\/p>\n<div id=\"bd_results\" role=\"region\" aria-live=\"polite\">\n<article class=\"productdetails-view vm-productdetails\">\n<div class=\"row row-condensed\">\n<div class=\"col-xs-12\">\n<div class=\"product-bottom-cont\">\n<div class=\"row row-condensed\">\n<div class=\"col-sm-9\">\n<div class=\"product-tabpanel\" role=\"tabpanel\">\n<div class=\"tab-content\">\n<div id=\"tab-product-desc\" class=\"tab-pane fade in active\" role=\"tabpanel\">\n<div class=\"full-product-description\">\n<div class=\"description\">\n<h2 class=\"titulo-ficha\">Delirium Tremens Barril 5 L<\/h2>\n<div class=\"inf\"><\/div>\n<div class=\"info-ficha\">A Delirium Tremens \u00e9 uma c\u00e9lebre cerveja artesanal belga, fabricada atrav\u00e9s da combina\u00e7\u00e3o de tr\u00eas tipos diferentes de levedura para lhe conferir um sabor \u00fanico e carater\u00edstico. No paladar \u00e9<strong>uma cerveja quente e picante<\/strong> com ligeiras notas frutadas. Esta lager belga ganhou in\u00fameros pr\u00e9mios, incluindo a medalha de ouro no International Beer Challenge em Londres em 2015 e 2016 e a medalha de ouro no World Beer Awards 2021. Vers\u00e3o em formato de barril de 5 litros.<\/div>\n<p>&nbsp;<\/p>\n<h2 class=\"titulo-ficha\">Casa de banho Huyghe<\/h2>\n<div class=\"inf\"><\/div>\n<div class=\"info-ficha\">As cervejas Delirium tiveram origem em 1902, quando Leon Huyghe come\u00e7ou a trabalhar numa f\u00e1brica de cerveja em Melle chamada Brouwerij-Mouterij den Appel. Huyghe adquiriu a f\u00e1brica de cerveja em 1906 e, em 1938, alterou o seu nome para Brouwerij Huyghe. Em 1998, foi lan\u00e7ada no mercado a ic\u00f3nica cerveja Delirium Tremens e, em breve <strong>tornou-se um grande sucesso<\/strong>. A Brouwerij Huyghe produz outras cervejas como <a href=\"https:\/\/www.bodecall.com\/cerveza\/todas-las-cervezas\/mongozo-premium-pilsener-detail\">Mongozo<\/a>, <a href=\"https:\/\/www.bodecall.com\/cerveza\/todas-las-cervezas\/floris-chocolat-detail\">Floris<\/a>, <a href=\"https:\/\/www.bodecall.com\/cerveza\/todas-las-cervezas\/la-guillotine-detail\">La Guillotine<\/a> e Averbode, entre outros.<\/div>\n<p>&nbsp;<\/p>\n<h2 class=\"titulo-ficha\">Notas de prova<\/h2>\n<div class=\"inf\"><\/div>\n<div class=\"info-ficha\">Aspeto ligeiramente turvo, cor dourada e espuma densa e persistente. Aroma frutado com notas de malte e especiarias. No paladar, esta cerveja artesanal tem um in\u00edcio quente e amargo que gradualmente se suaviza gra\u00e7as \u00e0s suas nuances frutadas e bals\u00e2micas. Teor alco\u00f3lico: 8,5 graus de \u00e1lcool.<\/div>\n<p>&nbsp;<\/p>\n<p>&nbsp;<\/p>\n<p align=\"center\"><img decoding=\"async\" src=\"https:\/\/www.bodecall.com\/images\/productores\/delirium.jpg\" alt=\"Delirium y Brouwerij Huyghe en Bodecall\" border=\"0\" \/><\/p>\n<\/div>\n<\/div>\n<\/div>\n<\/div>\n<\/div>\n<\/div>\n<div class=\"col-sm-3\">\n<div class=\"related-products-cont\"><\/div>\n<\/div>\n<\/div>\n<\/div>\n<\/div>\n<\/div>\n<\/article>\n<\/div>\n<p><\/main><\/div>\n<div><\/div>\n<div class=\"product-short-desc-cont\">Cerveja artesanal belga ic\u00f3nica com um sabor quente e equilibrado, em formato de barril de 5 litros.<\/div>\n<div class=\"ontop-fields-cont\">\n<div class=\"product-fields\">\n<div class=\"product-field product-field-type-S\">\n<table>\n<tbody>\n<tr class=\"\">\n<td class=\"filtro1\">\n<div class=\"product-fields-title-wrapper\"><span class=\"product-fields-title\">Alerg\u00e9nios<\/span><\/div>\n<\/td>\n<td class=\"filtro2\">\n<div class=\"product-field-display\">Gl\u00faten<\/div>\n<\/td>\n<\/tr>\n<\/tbody>\n<\/table>\n<\/div>\n<div class=\"product-field product-field-type-S\">\n<table>\n<tbody>\n<tr class=\"\">\n<td class=\"filtro1\">\n<div class=\"product-fields-title-wrapper\"><span class=\"product-fields-title\">Pa\u00eds<\/span><\/div>\n<\/td>\n<td class=\"filtro2\">\n<div class=\"product-field-display\">B\u00e9lgica<\/div>\n<\/td>\n<\/tr>\n<\/tbody>\n<\/table>\n<\/div>\n<div class=\"product-field product-field-type-S\">\n<table>\n<tbody>\n<tr class=\"\">\n<td class=\"filtro1\">\n<div class=\"product-fields-title-wrapper\"><span class=\"product-fields-title\">Marca<\/span><\/div>\n<\/td>\n<td class=\"filtro2\">\n<div class=\"product-field-display\">Del\u00edrio<\/div>\n<\/td>\n<\/tr>\n<\/tbody>\n<\/table>\n<\/div>\n<div class=\"product-field product-field-type-S\">\n<table>\n<tbody>\n<tr class=\"\">\n<td class=\"filtro1\">\n<div class=\"product-fields-title-wrapper\"><span class=\"product-fields-title\">Volume<\/span><\/div>\n<\/td>\n<td class=\"filtro2\">\n<div class=\"product-field-display\">5 L<\/div>\n<\/td>\n<\/tr>\n<\/tbody>\n<\/table>\n<\/div>\n<div class=\"product-field product-field-type-S\">\n<table>\n<tbody>\n<tr class=\"\">\n<td class=\"filtro1\">\n<div class=\"product-fields-title-wrapper\"><span class=\"product-fields-title\">Tipo<\/span><\/div>\n<\/td>\n<td class=\"filtro2\">\n<div class=\"product-field-display\">Cerveja belga<\/div>\n<\/td>\n<\/tr>\n<\/tbody>\n<\/table>\n<\/div>\n<div class=\"product-field product-field-type-S\">\n<table>\n<tbody>\n<tr class=\"\">\n<td class=\"filtro1\">\n<div class=\"product-fields-title-wrapper\"><span class=\"product-fields-title\">Cor<\/span><\/div>\n<\/td>\n<td class=\"filtro2\">\n<div class=\"product-field-display\">Louro<\/div>\n<\/td>\n<\/tr>\n<\/tbody>\n<\/table>\n<\/div>\n<div class=\"product-field product-field-type-S\">\n<table>\n<tbody>\n<tr class=\"\">\n<td class=\"filtro1\">\n<div class=\"product-fields-title-wrapper\"><span class=\"product-fields-title\">\u00c1lcool<\/span><\/div>\n<\/td>\n<td class=\"filtro2\">\n<div class=\"product-field-display\">8,5%<\/div>\n<\/td>\n<\/tr>\n<\/tbody>\n<\/table>\n<\/div>\n<\/div>\n<\/div>","protected":false},"excerpt":{"rendered":"<p>Delirium Tremens Barril 5 L A Delirium Tremens \u00e9 uma c\u00e9lebre cerveja artesanal belga, fabricada atrav\u00e9s da combina\u00e7\u00e3o de tr\u00eas tipos diferentes de levedura para lhe conferir um sabor \u00fanico e carater\u00edstico. No paladar, \u00e9 uma cerveja quente e picante com ligeiras notas frutadas. Esta lager belga ganhou numerosos pr\u00e9mios, entre os quais o ...<\/p>\n<p class=\"read-more\"> <a class=\"\" href=\"https:\/\/encinardeljamon.com\/pt\/product\/delirium-tremens-barril-keg-5-l\/\"> <span class=\"screen-reader-text\">Delirium Tremens Barril 5 L<\/span> Ler mais \"<\/a><\/p>","protected":false},"featured_media":3373,"comment_status":"closed","ping_status":"closed","template":"","meta":{"site-sidebar-layout":"default","site-content-layout":null,"ast-site-content-layout":"default","site-content-style":"default","site-sidebar-style":"default","ast-global-header-display":"","ast-banner-title-visibility":"","ast-main-header-display":"","ast-hfb-above-header-display":null,"ast-hfb-below-header-display":null,"ast-hfb-mobile-header-display":"","site-post-title":"","ast-breadcrumbs-content":null,"ast-featured-img":"","footer-sml-layout":"","theme-transparent-header-meta":"default","adv-header-id-meta":null,"stick-header-meta":null,"header-above-stick-meta":null,"header-main-stick-meta":null,"header-below-stick-meta":null,"astra-migrate-meta-layouts":"set","_joinchat":[]},"product_brand":[],"product_cat":[27,39],"product_tag":[],"yst_prominent_words":[],"class_list":{"0":"post-3372","1":"product","2":"type-product","3":"status-publish","4":"has-post-thumbnail","6":"product_cat-licores-vinos-y-cervezas","7":"product_cat-ofertas-y-novedades","8":"desktop-align-left","9":"tablet-align-left","10":"mobile-align-left","12":"first","13":"instock","14":"taxable","15":"shipping-taxable","16":"purchasable","17":"product-type-simple"},"_links":{"self":[{"href":"https:\/\/encinardeljamon.com\/pt\/wp-json\/wp\/v2\/product\/3372","targetHints":{"allow":["GET"]}}],"collection":[{"href":"https:\/\/encinardeljamon.com\/pt\/wp-json\/wp\/v2\/product"}],"about":[{"href":"https:\/\/encinardeljamon.com\/pt\/wp-json\/wp\/v2\/types\/product"}],"replies":[{"embeddable":true,"href":"https:\/\/encinardeljamon.com\/pt\/wp-json\/wp\/v2\/comments?post=3372"}],"wp:featuredmedia":[{"embeddable":true,"href":"https:\/\/encinardeljamon.com\/pt\/wp-json\/wp\/v2\/media\/3373"}],"wp:attachment":[{"href":"https:\/\/encinardeljamon.com\/pt\/wp-json\/wp\/v2\/media?parent=3372"}],"wp:term":[{"taxonomy":"product_brand","embeddable":true,"href":"https:\/\/encinardeljamon.com\/pt\/wp-json\/wp\/v2\/product_brand?post=3372"},{"taxonomy":"product_cat","embeddable":true,"href":"https:\/\/encinardeljamon.com\/pt\/wp-json\/wp\/v2\/product_cat?post=3372"},{"taxonomy":"product_tag","embeddable":true,"href":"https:\/\/encinardeljamon.com\/pt\/wp-json\/wp\/v2\/product_tag?post=3372"},{"taxonomy":"yst_prominent_words","embeddable":true,"href":"https:\/\/encinardeljamon.com\/pt\/wp-json\/wp\/v2\/yst_prominent_words?post=3372"}],"curies":[{"name":"wp","href":"https:\/\/api.w.org\/{rel}","templated":true}]}}