{"id":3368,"date":"2024-04-01T22:30:25","date_gmt":"2024-04-01T22:30:25","guid":{"rendered":"https:\/\/encinardeljamon.com\/?post_type=product&#038;p=3368"},"modified":"2026-01-14T09:46:38","modified_gmt":"2026-01-14T09:46:38","slug":"gulden-draak-classic-5-litros","status":"publish","type":"product","link":"https:\/\/encinardeljamon.com\/pt\/product\/gulden-draak-classic-5-litros\/","title":{"rendered":"Gulden Draak Classic 5 litros"},"content":{"rendered":"<div class=\"product-short-desc-cont\">Cerveja escura tripla com notas de caramelo, malte torrado e caf\u00e9, 10.5%. Barril de 5 litros<main id=\"main\" role=\"main\"><\/p>\n<div id=\"bd_results\" role=\"region\" aria-live=\"polite\">\n<article class=\"productdetails-view vm-productdetails\">\n<div class=\"row row-condensed\">\n<div class=\"col-xs-12\">\n<div class=\"product-bottom-cont\">\n<div class=\"row row-condensed\">\n<div class=\"col-sm-9\">\n<div class=\"product-tabpanel\" role=\"tabpanel\">\n<div class=\"tab-content\">\n<div id=\"tab-product-desc\" class=\"tab-pane fade active in\" role=\"tabpanel\">\n<div class=\"full-product-description\">\n<div class=\"description\">\n<h2 class=\"titulo-ficha\">Gulden Draak Barril cl\u00e1ssico 5 litros<\/h2>\n<div class=\"inf\"><\/div>\n<div class=\"info-ficha\">O Gulden Draak Classic \u00e9 um <strong>Triple Dark Strong Dark Ale <\/strong>fabricada com mat\u00e9rias-primas da melhor qualidade, incluindo l\u00fapulos nobres e a levedura de vinho \u00fanica que Josef Van Steenberge trouxe de Bord\u00e9us em 1986. O resultado \u00e9 uma cerveja artesanal belga de cor escura com um aroma e sabor a malte torrado, caramelo e caf\u00e9.&nbsp;<\/p>\n<p>O seu perfil evolui com o tempo se for deixado em repouso, adquirindo<strong> m\u00faltiplas nuances e complexidade<\/strong>. O seu nome deriva do hist\u00f3rico Drag\u00e3o Dourado que coroa o campan\u00e1rio de Gante e simboliza o poder e a liberdade da cidade.<\/div>\n<p>&nbsp;<\/p>\n<h2 class=\"titulo-ficha\">Brouwerij Van Steenberge<\/h2>\n<div class=\"inf\"><\/div>\n<div class=\"info-ficha\">A hist\u00f3ria da gama de cervejas Gulden Draak come\u00e7ou em 1784, quando Jean Baptiste De Bruin <strong>fundou uma f\u00e1brica de cerveja na aldeia de Ertvelde<\/strong> (B\u00e9lgica), chamada De Peer. Ap\u00f3s a sua morte, a sua esposa Angelina Petronella Schelfaut assumiu a dire\u00e7\u00e3o da cervejaria. Alguns anos mais tarde, o seu sobrinho Josef Schelfaut, grande conhecedor da arte cervejeira, assumiu a dire\u00e7\u00e3o da cervejaria.&nbsp;<\/p>\n<p>Posteriormente, a filha de Josef, Margriet Schelfaut, casou-se com Paul Van Steenberge. Van Steenberge, professor de microbiologia, assumiu a dire\u00e7\u00e3o da f\u00e1brica de cerveja ap\u00f3s a Primeira Guerra Mundial. Josef Van Steenberge, que assumiu a dire\u00e7\u00e3o da empresa em 1962, come\u00e7ou a fabricar cervejas especiais de alta fermenta\u00e7\u00e3o e, em 1978, adquiriu as receitas das cervejas da abadia de St Augustijn. As cervejas da gama <a href=\"https:\/\/www.bodecall.com\/cerveza\/augustijn-blond-detail\">Santo Agostinho<\/a> foram lan\u00e7ados no mercado alguns anos mais tarde, juntamente com a cerveja <a href=\"https:\/\/www.bodecall.com\/cerveza\/piraat-detail\">Piraat<\/a> e Guldren Draak.<\/div>\n<p>&nbsp;<\/p>\n<h2 class=\"titulo-ficha\">Notas de prova<\/h2>\n<div class=\"inf\"><\/div>\n<div class=\"info-ficha\">Cor escura e espuma densa e cremosa. Aroma tostado com notas de caramelo, malte, levedura, caf\u00e9 e nozes. Na boca \u00e9 uma cerveja poderosa com um sabor doce de caramelo e toffee. Final longo e amargo. Teor alco\u00f3lico: 10,5 proof.<\/div>\n<p>&nbsp;<\/p>\n<p>&nbsp;<\/p>\n<p align=\"center\"><img fetchpriority=\"high\" decoding=\"async\" src=\"https:\/\/www.bodecall.com\/images\/productores\/van_steenberge_brouwerij_logo.jpg\" alt=\"Van Steenberge Brouwerij en Bodecall\" width=\"253\" height=\"254\" border=\"0\" \/><\/p>\n<\/div>\n<\/div>\n<\/div>\n<\/div>\n<\/div>\n<\/div>\n<div class=\"col-sm-3\">\n<div class=\"related-products-cont\">\n<div class=\"related-products related-products-carousel owl-carousel owl-nav-top\">\n<div class=\"owl-controls clickable\">\n<div class=\"owl-buttons\">\n<div class=\"owl-next\"><\/div>\n<\/div>\n<\/div>\n<\/div>\n<\/div>\n<\/div>\n<\/div>\n<\/div>\n<\/div>\n<\/div>\n<\/article>\n<\/div>\n<p><\/main><\/p>\n<section class=\"content-bottom-horizontal\">\n<div class=\"row\">\n<div class=\"col-md-12 col-xs-12 horizontal-module\">\n<div class=\"module-cont module-autowidth\">\n<div class=\"custom\"><\/div>\n<\/div>\n<\/div>\n<\/div>\n<\/section>\n<\/div>\n<div><\/div>\n<div class=\"ontop-fields-cont\">\n<div class=\"product-fields\">\n<div class=\"product-field product-field-type-S\">\n<table>\n<tbody>\n<tr class=\"\">\n<td class=\"filtro1\">\n<div class=\"product-fields-title-wrapper\"><span class=\"product-fields-title\">Pa\u00eds<\/span><\/div>\n<\/td>\n<td class=\"filtro2\">\n<div class=\"product-field-display\">B\u00e9lgica<\/div>\n<\/td>\n<\/tr>\n<\/tbody>\n<\/table>\n<\/div>\n<div class=\"product-field product-field-type-S\">\n<table>\n<tbody>\n<tr class=\"\">\n<td class=\"filtro1\">\n<div class=\"product-fields-title-wrapper\"><span class=\"product-fields-title\">Marca<\/span><\/div>\n<\/td>\n<td class=\"filtro2\">\n<div class=\"product-field-display\">Gulden Draak<\/div>\n<\/td>\n<\/tr>\n<\/tbody>\n<\/table>\n<\/div>\n<div class=\"product-field product-field-type-S\">\n<table>\n<tbody>\n<tr class=\"\">\n<td class=\"filtro1\">\n<div class=\"product-fields-title-wrapper\"><span class=\"product-fields-title\">Volume<\/span><\/div>\n<\/td>\n<td class=\"filtro2\">\n<div class=\"product-field-display\">5 L<\/div>\n<\/td>\n<\/tr>\n<\/tbody>\n<\/table>\n<\/div>\n<div class=\"product-field product-field-type-S\">\n<table>\n<tbody>\n<tr class=\"\">\n<td class=\"filtro1\">\n<div class=\"product-fields-title-wrapper\"><span class=\"product-fields-title\">Tipo<\/span><\/div>\n<\/td>\n<td class=\"filtro2\">\n<div class=\"product-field-display\">Cerveja belga<\/div>\n<\/td>\n<\/tr>\n<\/tbody>\n<\/table>\n<\/div>\n<div class=\"product-field product-field-type-S\">\n<table>\n<tbody>\n<tr class=\"\">\n<td class=\"filtro1\">\n<div class=\"product-fields-title-wrapper\"><span class=\"product-fields-title\">Cor<\/span><\/div>\n<\/td>\n<td class=\"filtro2\">\n<div class=\"product-field-display\">Torradas<\/div>\n<\/td>\n<\/tr>\n<\/tbody>\n<\/table>\n<\/div>\n<div class=\"product-field product-field-type-S\">\n<table>\n<tbody>\n<tr class=\"\">\n<td class=\"filtro1\">\n<div class=\"product-fields-title-wrapper\"><span class=\"product-fields-title\">\u00c1lcool<\/span><\/div>\n<\/td>\n<td class=\"filtro2\">\n<div class=\"product-field-display\">10,5%<\/div>\n<\/td>\n<\/tr>\n<\/tbody>\n<\/table>\n<\/div>\n<div class=\"product-field product-field-type-S\">\n<table>\n<tbody>\n<tr class=\"\">\n<td class=\"filtro1\">\n<div class=\"product-fields-title-wrapper\"><span class=\"product-fields-title\">Alerg\u00e9nios<\/span><\/div>\n<\/td>\n<td class=\"filtro2\">\n<div class=\"product-field-display\">Gl\u00faten<\/div>\n<\/td>\n<\/tr>\n<\/tbody>\n<\/table>\n<\/div>\n<div class=\"product-field product-field-type-S\">\n<table>\n<tbody>\n<tr class=\"\">\n<td class=\"filtro1\">\n<div class=\"product-fields-title-wrapper\"><span class=\"product-fields-title\">Nome do operador<\/span><\/div>\n<\/td>\n<td class=\"filtro2\">\n<div class=\"product-field-display\">Brouwerij Van Steenberge<\/div>\n<\/td>\n<\/tr>\n<\/tbody>\n<\/table>\n<\/div>\n<div class=\"product-field product-field-type-S\">\n<table>\n<tbody>\n<tr class=\"\">\n<td class=\"filtro1\">\n<div class=\"product-fields-title-wrapper\"><span class=\"product-fields-title\">Endere\u00e7o do operador<\/span><\/div>\n<\/td>\n<td class=\"filtro2\">\n<div class=\"product-field-display\">Lindenlaan 25- B-9940 Ertvelde<\/div>\n<\/td>\n<\/tr>\n<\/tbody>\n<\/table>\n<\/div>\n<\/div>\n<\/div>","protected":false},"excerpt":{"rendered":"<p>Cerveja escura tripla com notas de caramelo, malte torrado e caf\u00e9, 10,5%. Barril de 5 litros Gulden Draak Classic Barril de 5 litros Gulden Draak Classic \u00e9 uma cerveja escura tripla Strong Dark Ale fabricada com mat\u00e9rias-primas da mais alta qualidade, incluindo l\u00fapulos nobres e a levedura de vinho \u00fanica que Josef ...<\/p>\n<p class=\"read-more\"> <a class=\"\" href=\"https:\/\/encinardeljamon.com\/pt\/product\/gulden-draak-classic-5-litros\/\"> <span class=\"screen-reader-text\">Gulden Draak Classic 5 litros<\/span> Ler mais \"<\/a><\/p>","protected":false},"featured_media":3369,"comment_status":"closed","ping_status":"closed","template":"","meta":{"site-sidebar-layout":"default","site-content-layout":null,"ast-site-content-layout":"default","site-content-style":"default","site-sidebar-style":"default","ast-global-header-display":"","ast-banner-title-visibility":"","ast-main-header-display":"","ast-hfb-above-header-display":null,"ast-hfb-below-header-display":null,"ast-hfb-mobile-header-display":"","site-post-title":"","ast-breadcrumbs-content":null,"ast-featured-img":"","footer-sml-layout":"","theme-transparent-header-meta":"default","adv-header-id-meta":null,"stick-header-meta":null,"header-above-stick-meta":null,"header-main-stick-meta":null,"header-below-stick-meta":null,"astra-migrate-meta-layouts":"set","_joinchat":[]},"product_brand":[],"product_cat":[27,39],"product_tag":[],"yst_prominent_words":[],"class_list":{"0":"post-3368","1":"product","2":"type-product","3":"status-publish","4":"has-post-thumbnail","6":"product_cat-licores-vinos-y-cervezas","7":"product_cat-ofertas-y-novedades","8":"desktop-align-left","9":"tablet-align-left","10":"mobile-align-left","12":"first","13":"instock","14":"taxable","15":"shipping-taxable","16":"purchasable","17":"product-type-simple"},"_links":{"self":[{"href":"https:\/\/encinardeljamon.com\/pt\/wp-json\/wp\/v2\/product\/3368","targetHints":{"allow":["GET"]}}],"collection":[{"href":"https:\/\/encinardeljamon.com\/pt\/wp-json\/wp\/v2\/product"}],"about":[{"href":"https:\/\/encinardeljamon.com\/pt\/wp-json\/wp\/v2\/types\/product"}],"replies":[{"embeddable":true,"href":"https:\/\/encinardeljamon.com\/pt\/wp-json\/wp\/v2\/comments?post=3368"}],"wp:featuredmedia":[{"embeddable":true,"href":"https:\/\/encinardeljamon.com\/pt\/wp-json\/wp\/v2\/media\/3369"}],"wp:attachment":[{"href":"https:\/\/encinardeljamon.com\/pt\/wp-json\/wp\/v2\/media?parent=3368"}],"wp:term":[{"taxonomy":"product_brand","embeddable":true,"href":"https:\/\/encinardeljamon.com\/pt\/wp-json\/wp\/v2\/product_brand?post=3368"},{"taxonomy":"product_cat","embeddable":true,"href":"https:\/\/encinardeljamon.com\/pt\/wp-json\/wp\/v2\/product_cat?post=3368"},{"taxonomy":"product_tag","embeddable":true,"href":"https:\/\/encinardeljamon.com\/pt\/wp-json\/wp\/v2\/product_tag?post=3368"},{"taxonomy":"yst_prominent_words","embeddable":true,"href":"https:\/\/encinardeljamon.com\/pt\/wp-json\/wp\/v2\/yst_prominent_words?post=3368"}],"curies":[{"name":"wp","href":"https:\/\/api.w.org\/{rel}","templated":true}]}}