{"id":3366,"date":"2024-04-01T22:21:54","date_gmt":"2024-04-01T22:21:54","guid":{"rendered":"https:\/\/encinardeljamon.com\/?post_type=product&#038;p=3366"},"modified":"2026-01-14T09:46:51","modified_gmt":"2026-01-14T09:46:51","slug":"la-chouffe-blonde-barril-5l","status":"publish","type":"product","link":"https:\/\/encinardeljamon.com\/pt\/product\/la-chouffe-blonde-barril-5l\/","title":{"rendered":"La Chouffe Blonde Barrel 5L"},"content":{"rendered":"<div class=\"product-short-desc-cont\">\n<p>Barril de 5L de La Chouffe Blonde, 4%<\/p>\n<p>&nbsp;<\/p>\n<div id=\"bd_results\" role=\"region\" aria-live=\"polite\">\n<article class=\"productdetails-view vm-productdetails\">\n<div class=\"row row-condensed\">\n<div class=\"col-xs-12\">\n<div class=\"product-bottom-cont\">\n<div class=\"row row-condensed\">\n<div class=\"col-sm-9\">\n<div class=\"product-tabpanel\" role=\"tabpanel\">\n<div class=\"tab-content\">\n<div id=\"tab-product-desc\" class=\"tab-pane fade active in\" role=\"tabpanel\">\n<div class=\"full-product-description\">\n<div class=\"description\">\n<h2 class=\"titulo-ficha\">La Chouffe Loira<\/h2>\n<div class=\"inf\"><\/div>\n<div class=\"info-ficha\">La Chouffe Blonde em<strong> formato de barril de cinco litros<\/strong>pronto a servir. O barril inclui uma c\u00e1psula de CO2 e n\u00e3o necessita de uma m\u00e1quina. \u00c9 ideal para acompanhar celebra\u00e7\u00f5es, churrascos, piqueniques ou lanches. A Chouffe Blonde \u00e9 uma cerveja loira forte, picante e frutada, com um toque de coentros.<\/div>\n<p align=\"center\"><img decoding=\"async\" src=\"https:\/\/www.bodecall.com\/images\/productores\/barril-la-chouffe-5-litros.jpg\" alt=\"Instrucciones de uso de barril de cerveza La Chouffe de 5 litros Bodecall\" border=\"0\" \/><\/p>\n<p>&nbsp;<\/p>\n<h2 class=\"titulo-ficha\">Brasserie d'Achouffe<\/h2>\n<div class=\"inf\"><\/div>\n<div class=\"info-ficha\">\n<p>Brasseria D'Achouffe pt<strong> uma f\u00e1brica de cerveja situada nas Ardenas belgas<\/strong>fundada por Pierre Gobron e o seu cunhado Chris Bauweraerts, que come\u00e7aram a fabricar cerveja caseira na sua garagem no final da d\u00e9cada de 1970. Em 1982, come\u00e7aram a produzir cerveja profissionalmente com um or\u00e7amento de menos de cinco mil euros. A sua primeira cerveja, La Chouffe Blonde, foi um sucesso t\u00e3o grande que lhes permitiu comprar a pequena quinta onde produziam a cerveja.<\/p>\n<p>Em 2006, o grupo cervejeiro belga Duvel Moortgat adquiriu a Brasseria D'Achouffe. A<strong> gnomo de capa vermelha<\/strong>que figura em todos os r\u00f3tulos das suas cervejas, \u00e9 mundialmente conhecida e as cervejas Chouffe s\u00e3o exportadas para mais de 40 pa\u00edses em todo o mundo.<\/p>\n<\/div>\n<h2 class=\"titulo-ficha\">Notas de prova<\/h2>\n<div class=\"inf\"><\/div>\n<div class=\"info-ficha\">Cor dourada, aspeto ligeiramente turvo e espuma branca abundante. Aroma picante com notas c\u00edtricas e frutadas. Sabor frutado e muito equilibrado. Teor alco\u00f3lico: 8% alc\/vol.<\/div>\n<p>&nbsp;<\/p>\n<p>&nbsp;<\/p>\n<p>&nbsp;<\/p>\n<p align=\"center\"><img fetchpriority=\"high\" decoding=\"async\" src=\"https:\/\/www.bodecall.com\/images\/productores\/Brasserie_d_Achouffe.jpg\" alt=\"Brasserie d'Achouffeen Bodecall\" width=\"253\" height=\"254\" border=\"0\" \/><\/p>\n<\/div>\n<\/div>\n<\/div>\n<\/div>\n<\/div>\n<\/div>\n<div class=\"col-sm-3\">\n<div class=\"related-products-cont\">\n<div class=\"related-products related-products-carousel owl-carousel owl-nav-top\">\n<div class=\"owl-wrapper-outer autoHeight\">\n<div class=\"owl-wrapper\">\n<div class=\"owl-item\">\n<div class=\"related-product\">\n<div class=\"related-item-cont\">\n<div class=\"related-item-inner\">\n<div class=\"product-rating\"><\/div>\n<\/div>\n<\/div>\n<\/div>\n<\/div>\n<\/div>\n<\/div>\n<div class=\"owl-controls clickable\">\n<div class=\"owl-buttons\">\n<div class=\"owl-prev\"><\/div>\n<div class=\"owl-next\"><\/div>\n<\/div>\n<\/div>\n<\/div>\n<\/div>\n<\/div>\n<\/div>\n<\/div>\n<\/div>\n<\/div>\n<\/article>\n<\/div>\n<p>&nbsp;<\/p>\n<section class=\"content-bottom-horizontal\">\n<div class=\"row\">\n<div class=\"col-md-12 col-xs-12 horizontal-module\">\n<div class=\"module-cont module-autowidth\">\n<div class=\"custom\">\n<h2 class=\"titulo-ficha\">Gostas de cerveja?<\/h2>\n<div class=\"inf\"><\/div>\n<div class=\"info-ficha\">\n<p>A cerveja \u00e9 uma bebida milenar que tem acompanhado a humanidade ao longo dos s\u00e9culos e \u00e9 fabricada com quatro ingredientes b\u00e1sicos: \u00e1gua, levedura, malte (que confere corpo, cor e teor alco\u00f3lico) e l\u00fapulo (que confere amargor e harmoniza o conjunto).<\/p>\n<\/div>\n<\/div>\n<\/div>\n<\/div>\n<\/div>\n<\/section>\n<\/div>\n<div class=\"ontop-fields-cont\">\n<div class=\"product-fields\">\n<div class=\"product-field product-field-type-S\">\n<table>\n<tbody>\n<tr class=\"\">\n<td class=\"filtro1\">\n<div class=\"product-fields-title-wrapper\"><span class=\"product-fields-title\">Pa\u00eds<\/span><\/div>\n<\/td>\n<td class=\"filtro2\">\n<div class=\"product-field-display\">B\u00e9lgica<\/div>\n<\/td>\n<\/tr>\n<\/tbody>\n<\/table>\n<\/div>\n<div class=\"product-field product-field-type-S\">\n<table>\n<tbody>\n<tr class=\"\">\n<td class=\"filtro1\">\n<div class=\"product-fields-title-wrapper\"><span class=\"product-fields-title\">Marca<\/span><\/div>\n<\/td>\n<td class=\"filtro2\">\n<div class=\"product-field-display\">Chouffe<\/div>\n<\/td>\n<\/tr>\n<\/tbody>\n<\/table>\n<\/div>\n<div class=\"product-field product-field-type-S\">\n<table>\n<tbody>\n<tr class=\"\">\n<td class=\"filtro1\">\n<div class=\"product-fields-title-wrapper\"><span class=\"product-fields-title\">Volume<\/span><\/div>\n<\/td>\n<td class=\"filtro2\">\n<div class=\"product-field-display\">5 L<\/div>\n<\/td>\n<\/tr>\n<\/tbody>\n<\/table>\n<\/div>\n<div class=\"product-field product-field-type-S\">\n<table>\n<tbody>\n<tr class=\"\">\n<td class=\"filtro1\">\n<div class=\"product-fields-title-wrapper\"><span class=\"product-fields-title\">Tipo<\/span><\/div>\n<\/td>\n<td class=\"filtro2\">\n<div class=\"product-field-display\">Cerveja belga<\/div>\n<\/td>\n<\/tr>\n<\/tbody>\n<\/table>\n<\/div>\n<div class=\"product-field product-field-type-S\">\n<table>\n<tbody>\n<tr class=\"\">\n<td class=\"filtro1\">\n<div class=\"product-fields-title-wrapper\"><span class=\"product-fields-title\">Cor<\/span><\/div>\n<\/td>\n<td class=\"filtro2\">\n<div class=\"product-field-display\">Louro<\/div>\n<\/td>\n<\/tr>\n<\/tbody>\n<\/table>\n<\/div>\n<div class=\"product-field product-field-type-S\">\n<table>\n<tbody>\n<tr class=\"\">\n<td class=\"filtro1\">\n<div class=\"product-fields-title-wrapper\"><span class=\"product-fields-title\">\u00c1lcool<\/span><\/div>\n<\/td>\n<td class=\"filtro2\">\n<div class=\"product-field-display\">4%<\/div>\n<\/td>\n<\/tr>\n<\/tbody>\n<\/table>\n<\/div>\n<div class=\"product-field product-field-type-S\">\n<table>\n<tbody>\n<tr class=\"\">\n<td class=\"filtro1\">\n<div class=\"product-fields-title-wrapper\"><span class=\"product-fields-title\">Alerg\u00e9nios<\/span><\/div>\n<\/td>\n<td class=\"filtro2\">\n<div class=\"product-field-display\">Gl\u00faten<\/div>\n<\/td>\n<\/tr>\n<\/tbody>\n<\/table>\n<\/div>\n<div class=\"product-field product-field-type-S\">\n<table>\n<tbody>\n<tr class=\"\">\n<td class=\"filtro1\">\n<div class=\"product-fields-title-wrapper\"><span class=\"product-fields-title\">Nome do operador<\/span><\/div>\n<\/td>\n<td class=\"filtro2\">\n<div class=\"product-field-display\">Duvel Moortgat<\/div>\n<\/td>\n<\/tr>\n<\/tbody>\n<\/table>\n<\/div>\n<div class=\"product-field product-field-type-S\">\n<table>\n<tbody>\n<tr class=\"\">\n<td class=\"filtro1\">\n<div class=\"product-fields-title-wrapper\"><span class=\"product-fields-title\">Endere\u00e7o do operador<\/span><\/div>\n<\/td>\n<td class=\"filtro2\">\n<div class=\"product-field-display\">Breendonk-Dorp 58, 2870 Puurs<\/div>\n<\/td>\n<\/tr>\n<\/tbody>\n<\/table>\n<\/div>\n<\/div>\n<\/div>","protected":false},"excerpt":{"rendered":"<p>Barril de 5L de La Chouffe Blonde, 4% La Chouffe Blonde La Chouffe Blonde em formato de barril de cinco litros, pronta a servir. O barril inclui uma c\u00e1psula de CO2 e n\u00e3o necessita de uma m\u00e1quina. \u00c9 ideal para acompanhar celebra\u00e7\u00f5es, churrascos, piqueniques ou lanches. A Chouffe Blonde \u00e9 uma cerveja loira forte, picante e frutada, com uma ...<\/p>\n<p class=\"read-more\"> <a class=\"\" href=\"https:\/\/encinardeljamon.com\/pt\/product\/la-chouffe-blonde-barril-5l\/\"> <span class=\"screen-reader-text\">La Chouffe Blonde Barrel 5L<\/span> Ler mais \"<\/a><\/p>","protected":false},"featured_media":3367,"comment_status":"closed","ping_status":"closed","template":"","meta":{"site-sidebar-layout":"default","site-content-layout":null,"ast-site-content-layout":"default","site-content-style":"default","site-sidebar-style":"default","ast-global-header-display":"","ast-banner-title-visibility":"","ast-main-header-display":"","ast-hfb-above-header-display":null,"ast-hfb-below-header-display":null,"ast-hfb-mobile-header-display":"","site-post-title":"","ast-breadcrumbs-content":null,"ast-featured-img":"","footer-sml-layout":"","theme-transparent-header-meta":"default","adv-header-id-meta":null,"stick-header-meta":null,"header-above-stick-meta":null,"header-main-stick-meta":null,"header-below-stick-meta":null,"astra-migrate-meta-layouts":"set","_joinchat":[]},"product_brand":[],"product_cat":[27,39],"product_tag":[],"yst_prominent_words":[],"class_list":{"0":"post-3366","1":"product","2":"type-product","3":"status-publish","4":"has-post-thumbnail","6":"product_cat-licores-vinos-y-cervezas","7":"product_cat-ofertas-y-novedades","8":"desktop-align-left","9":"tablet-align-left","10":"mobile-align-left","12":"first","13":"instock","14":"taxable","15":"shipping-taxable","16":"purchasable","17":"product-type-simple"},"_links":{"self":[{"href":"https:\/\/encinardeljamon.com\/pt\/wp-json\/wp\/v2\/product\/3366","targetHints":{"allow":["GET"]}}],"collection":[{"href":"https:\/\/encinardeljamon.com\/pt\/wp-json\/wp\/v2\/product"}],"about":[{"href":"https:\/\/encinardeljamon.com\/pt\/wp-json\/wp\/v2\/types\/product"}],"replies":[{"embeddable":true,"href":"https:\/\/encinardeljamon.com\/pt\/wp-json\/wp\/v2\/comments?post=3366"}],"wp:featuredmedia":[{"embeddable":true,"href":"https:\/\/encinardeljamon.com\/pt\/wp-json\/wp\/v2\/media\/3367"}],"wp:attachment":[{"href":"https:\/\/encinardeljamon.com\/pt\/wp-json\/wp\/v2\/media?parent=3366"}],"wp:term":[{"taxonomy":"product_brand","embeddable":true,"href":"https:\/\/encinardeljamon.com\/pt\/wp-json\/wp\/v2\/product_brand?post=3366"},{"taxonomy":"product_cat","embeddable":true,"href":"https:\/\/encinardeljamon.com\/pt\/wp-json\/wp\/v2\/product_cat?post=3366"},{"taxonomy":"product_tag","embeddable":true,"href":"https:\/\/encinardeljamon.com\/pt\/wp-json\/wp\/v2\/product_tag?post=3366"},{"taxonomy":"yst_prominent_words","embeddable":true,"href":"https:\/\/encinardeljamon.com\/pt\/wp-json\/wp\/v2\/yst_prominent_words?post=3366"}],"curies":[{"name":"wp","href":"https:\/\/api.w.org\/{rel}","templated":true}]}}