{"id":3230,"date":"2023-11-26T20:18:37","date_gmt":"2023-11-26T20:18:37","guid":{"rendered":"https:\/\/encinardeljamon.com\/?post_type=product&#038;p=3230"},"modified":"2026-02-14T09:47:38","modified_gmt":"2026-02-14T09:47:38","slug":"jamon-natural-gran-seleccion-sin-conservantes-ni-aditivos","status":"publish","type":"product","link":"https:\/\/encinardeljamon.com\/pt\/product\/jamon-natural-gran-seleccion-sin-conservantes-ni-aditivos\/","title":{"rendered":"Jamon natural gran seleccion sin conservantes ni aditivos"},"content":{"rendered":"<blockquote>\n<p style=\"text-align: center;\">J<span style=\"font-size: 16px; font-style: normal;\">am\u00f3n Gran selecci\u00f3n con m\u00e1s de 18 meses de curaci\u00f3n, piezas de 9 kg aprox. \u00a0El jam\u00f3n reserva se s<\/span><span style=\"font-size: 16px; font-style: normal;\">A asa \u00e9 seca na nossa sala de secagem e depois curada.<\/span><span style=\"font-size: 16px; font-style: normal;\">\u00a0do que naturalmente.<\/span><\/p>\n<\/blockquote>\n<p style=\"font-size: 16px; font-style: normal;\">O \u00fanico ingrediente \u00e9 o sal e com baixo teor de sal. V\u00e1rias camadas de banha e \u00f3leo asseguram que o processo de cura \u00e9 o mais homog\u00e9neo poss\u00edvel. E o resto do trabalho \u00e9 feito pelo clima maravilhoso e pelo ar da nossa Serra.<\/p>\n<p><span style=\"font-size: 16px; font-style: normal;\">Desde 2006, este produto \u00e9 reconhecido como Produto Artesanal da Marca Parque Natural da Andaluzia. Este reconhecimento \u00e9 atribu\u00eddo a produtos feitos nos nossos Parques Naturais. Neste caso, o Parque Natural da Serra Nevada.<\/span><\/p>","protected":false},"excerpt":{"rendered":"<p>Jam\u00f3n Gran selecci\u00f3n con m\u00e1s de 18 meses de curaci\u00f3n, piezas de 9 kg aprox. \u00a0El jam\u00f3n reserva se sala en nuestro secadero y despu\u00e9s, procedemos a la curaci\u00f3n\u00a0que de forma natural. El \u00fanico ingrediente es la sal \u00a0y en bajo contenido. Varias capas de manteca y aceite, permiten que su curaci\u00f3n sea lo m\u00e1s &hellip;<\/p>\n<p class=\"read-more\"> <a class=\"\" href=\"https:\/\/encinardeljamon.com\/pt\/product\/jamon-natural-gran-seleccion-sin-conservantes-ni-aditivos\/\"> <span class=\"screen-reader-text\">Jamon natural gran seleccion sin conservantes ni aditivos<\/span> Ler mais \"<\/a><\/p>","protected":false},"featured_media":1316,"comment_status":"closed","ping_status":"closed","template":"","meta":{"site-sidebar-layout":"default","site-content-layout":"","ast-site-content-layout":"default","site-content-style":"default","site-sidebar-style":"default","ast-global-header-display":"","ast-banner-title-visibility":"","ast-main-header-display":"","ast-hfb-above-header-display":"","ast-hfb-below-header-display":"","ast-hfb-mobile-header-display":"","site-post-title":"","ast-breadcrumbs-content":"","ast-featured-img":"","footer-sml-layout":"","theme-transparent-header-meta":"default","adv-header-id-meta":"","stick-header-meta":"","header-above-stick-meta":"","header-main-stick-meta":"","header-below-stick-meta":"","astra-migrate-meta-layouts":"set","_joinchat":[]},"product_brand":[],"product_cat":[17],"product_tag":[],"yst_prominent_words":[],"class_list":{"0":"post-3230","1":"product","2":"type-product","3":"status-publish","4":"has-post-thumbnail","6":"product_cat-jamones-y-paletas","7":"desktop-align-left","8":"tablet-align-left","9":"mobile-align-left","11":"first","12":"instock","13":"taxable","14":"shipping-taxable","15":"purchasable","16":"product-type-variable"},"_links":{"self":[{"href":"https:\/\/encinardeljamon.com\/pt\/wp-json\/wp\/v2\/product\/3230","targetHints":{"allow":["GET"]}}],"collection":[{"href":"https:\/\/encinardeljamon.com\/pt\/wp-json\/wp\/v2\/product"}],"about":[{"href":"https:\/\/encinardeljamon.com\/pt\/wp-json\/wp\/v2\/types\/product"}],"replies":[{"embeddable":true,"href":"https:\/\/encinardeljamon.com\/pt\/wp-json\/wp\/v2\/comments?post=3230"}],"wp:featuredmedia":[{"embeddable":true,"href":"https:\/\/encinardeljamon.com\/pt\/wp-json\/wp\/v2\/media\/1316"}],"wp:attachment":[{"href":"https:\/\/encinardeljamon.com\/pt\/wp-json\/wp\/v2\/media?parent=3230"}],"wp:term":[{"taxonomy":"product_brand","embeddable":true,"href":"https:\/\/encinardeljamon.com\/pt\/wp-json\/wp\/v2\/product_brand?post=3230"},{"taxonomy":"product_cat","embeddable":true,"href":"https:\/\/encinardeljamon.com\/pt\/wp-json\/wp\/v2\/product_cat?post=3230"},{"taxonomy":"product_tag","embeddable":true,"href":"https:\/\/encinardeljamon.com\/pt\/wp-json\/wp\/v2\/product_tag?post=3230"},{"taxonomy":"yst_prominent_words","embeddable":true,"href":"https:\/\/encinardeljamon.com\/pt\/wp-json\/wp\/v2\/yst_prominent_words?post=3230"}],"curies":[{"name":"wp","href":"https:\/\/api.w.org\/{rel}","templated":true}]}}