{"id":3153,"date":"2023-10-15T21:46:18","date_gmt":"2023-10-15T21:46:18","guid":{"rendered":"https:\/\/encinardeljamon.com\/?post_type=product&#038;p=3153"},"modified":"2026-02-14T09:52:58","modified_gmt":"2026-02-14T09:52:58","slug":"plato-lomo-iberico-100-gramos-cortado-a-cuchillo","status":"publish","type":"product","link":"https:\/\/encinardeljamon.com\/pt\/product\/plato-lomo-iberico-100-gramos-cortado-a-cuchillo\/","title":{"rendered":"Prato Lombo de porco ib\u00e9rico 100 gramas (corte \u00e0 faca)"},"content":{"rendered":"<div class=\"bloque especial\">\n<h2 class=\"titulo uppercase\">DESCRI\u00c7\u00c3O<\/h2>\n<div class=\"descripcion\">\n<p>O <strong><em>Cebo de Lomo de Cebo 50% ra\u00e7a iberiana<\/em><\/strong> \u00e9 obtido a partir de su\u00ednos ib\u00e9ricos criados em explora\u00e7\u00f5es de Guijuelo.<\/p>\n<p>Este lombo de porco ib\u00e9rico 50% \u00e9 o resultado da cria\u00e7\u00e3o cuidadosa de porcos ib\u00e9ricos com uma dieta baseada em cereais e alimentos naturais, o que lhe confere um sabor inigual\u00e1vel e uma textura delicada.<\/p>\n<p>O cheiro e o sabor dos lombos e enchidos de porco ib\u00e9rico s\u00e3o t\u00e3o carater\u00edsticos e \u00fanicos gra\u00e7as \u00e0 sua cura no ar puro e \u00e0 sombra proporcionada pelas pastagens de Guijuelo.<\/p>\n<p>\u00c9 o produto obtido a partir do in\u00edcio do m\u00fasculo ileo-espinhal do porco, praticamente isento de gorduras exteriores, salgado, marinado e enchido em tripas naturais ou de fibra, agrafadas ou atadas numa das extremidades e que foi submetido a um processo de cura adequado para conferir ao produto excelentes sabores e odores.<\/p>\n<p>Saborear a excel\u00eancia do ib\u00e9rico em cada garfada.<\/p>\n<p><em><strong>Produtos \u00e0 base de carne<\/strong><\/em>.<\/p>\n<h2><em><strong>Consumo<\/strong><\/em><\/h2>\n<p>Para apreciar todo o sabor do lomito de bellota ib\u00e9rico 100%, recomendamos consumi-lo a cerca de 24\u00b0C.<\/p>\n<p>Se estiver embalado, recomendamos que o retire da embalagem e o deixe \u00e0 temperatura ambiente durante 30 minutos antes de o servir. Se tiver sido conservado no frigor\u00edfico, este tempo pode ser aumentado para 2 horas.<\/p>\n<p>&nbsp;<\/p>\n<h2><em><strong>Armazenamento<\/strong><\/em><\/h2>\n<p><em><strong>Lombo cortado ou fatiado<\/strong><\/em>Conservar refrigerado a 4-10\u00b0C. Quando estiver pronto a comer, deixar arrefecer durante 10 minutos.<\/p>\n<h2><em><strong>Alimenta\u00e7\u00e3o<\/strong><\/em><\/h2>\n<p>Cereais e alimentos naturais para animais.<\/p>\n<h2><em><strong>Tempo de cicatriza\u00e7\u00e3o<\/strong><\/em><\/h2>\n<p>Cura total de 6 meses<\/p>\n<\/div>\n<\/div>\n<div class=\"caracteristicas\">\n<div class=\"bloque especial\">\n<p><span class=\"titulo uppercase\">INGREDIENTES<\/span><\/p>\n<div class=\"descripcion\">\n<p>Lombo de Cebo 50% Lombo de porco ib\u00e9rico, colorau, sal comum, especiarias naturais, conservantes (E252 nitrato de pot\u00e1ssio e E250 nitrato de s\u00f3dio), antioxidantes (E301 ascorbato de s\u00f3dio), inv\u00f3lucro fibroso.<\/p>\n<table>\n<tbody>\n<tr>\n<th class=\"uppercase\">VALORES NUTRICIONAIS<\/th>\n<th class=\"uppercase\">VALOR M\u00c9DIO POR 100 G.<\/th>\n<\/tr>\n<tr>\n<td>Valor energ\u00e9tico (Kj.)<\/td>\n<td>1971 Kj.<\/td>\n<\/tr>\n<tr>\n<td>Valor energ\u00e9tico (Kcal.)<\/td>\n<td>476 Kcal.<\/td>\n<\/tr>\n<tr>\n<td>Gorduras<\/td>\n<td>48.3 g.<\/td>\n<\/tr>\n<tr>\n<td>Dos quais \u00e1cidos gordos saturados<\/td>\n<td>23.54 g.<\/td>\n<\/tr>\n<tr>\n<td>Hidratos de carbono<\/td>\n<td>0.5 g.<\/td>\n<\/tr>\n<tr>\n<td>Dos quais a\u00e7\u00facares<\/td>\n<td>0.5 g.<\/td>\n<\/tr>\n<tr>\n<td>Prote\u00ednas<\/td>\n<td>41.3 g.<\/td>\n<\/tr>\n<tr>\n<td>Sal<\/td>\n<td>3.65 g.<\/td>\n<\/tr>\n<\/tbody>\n<\/table>\n<\/div>\n<\/div>\n<\/div>\n<div class=\"otros\">\n<div class=\"bloque\"><\/div>\n<div class=\"bloque\">\n<p><span class=\"titulo uppercase\">RECOMENDA\u00c7\u00d5ES<\/span><\/p>\n<div class=\"descripcion\">\n<p>Conservar em local fresco e seco, ao abrigo da luz solar direta.<\/p>\n<h2 class=\"titulo uppercase\">DESCRI\u00c7\u00c3O<\/h2>\n<div class=\"bloque especial\">\n<div class=\"descripcion\">\n<p>O <em><strong>Lombo de Porco Ib\u00e9rico de Bolota 100% Ra\u00e7a Ib\u00e9rica<\/strong><\/em> \u00e9 obtido a partir de 100 su\u00ednos ib\u00e9ricos de ra\u00e7a pura % criados em explora\u00e7\u00f5es de Guijuelo.<\/p>\n<p>Este Lomo de Bellota Ib\u00e9rico 100% \u00e9 o resultado da cria\u00e7\u00e3o cuidadosa de porcos ib\u00e9ricos com uma dieta \u00e0 base de ervas, plantas silvestres e bolotas, o que lhe confere um sabor \u00fanico e uma textura delicada.<\/p>\n<p>O cheiro e o sabor dos lombos e enchidos de porco ib\u00e9rico s\u00e3o t\u00e3o carater\u00edsticos e \u00fanicos gra\u00e7as \u00e0 sua cura no ar puro e \u00e0 sombra proporcionada pelas pastagens de Guijuelo.<\/p>\n<p>\u00c9 o produto obtido a partir do in\u00edcio do m\u00fasculo ileo-espinhal do porco, praticamente isento de gorduras exteriores, salgado, marinado e enchido em tripas naturais ou de fibra, agrafadas ou atadas numa das extremidades e que foi submetido a um processo de cura adequado para conferir ao produto excelentes sabores e odores.<\/p>\n<p>Saborear a excel\u00eancia do ib\u00e9rico em cada garfada.<\/p>\n<p><em><strong>Produtos \u00e0 base de carne<\/strong><\/em>.<\/p>\n<h2><em><strong>Consumo<\/strong><\/em><\/h2>\n<p>Para apreciar todo o sabor do lombo de porco ib\u00e9rico de bolota 100%, recomendamos consumi-lo a cerca de 24\u00b0C.<\/p>\n<p>Se estiver embalado, recomendamos que o retire da embalagem e o deixe \u00e0 temperatura ambiente durante 30 minutos antes de o servir. Se tiver sido conservado no frigor\u00edfico, este tempo pode ser aumentado para 2 horas.<\/p>\n<p>Melhor antes: 16 meses<\/p>\n<h2><em><strong>Armazenamento<\/strong><\/em><\/h2>\n<p><em><strong>Lombo cortado ou fatiado<\/strong><\/em>Conservar refrigerado a 4-10\u00b0C. Quando estiver pronto a comer, deixar arrefecer durante 10 minutos.<\/p>\n<h2><em><strong>Alimenta\u00e7\u00e3o<\/strong><\/em><\/h2>\n<p>Ervas arom\u00e1ticas, plantas silvestres e bolotas.<\/p>\n<h2><em><strong>Tempo de cicatriza\u00e7\u00e3o<\/strong><\/em><\/h2>\n<p>Cura total de 6 meses<\/p>\n<\/div>\n<\/div>\n<div class=\"caracteristicas\">\n<div class=\"bloque especial\">\n<p><span class=\"titulo uppercase\">INGREDIENTES<\/span><\/p>\n<div class=\"descripcion\">\n<p>Lombo de porco alimentado com bolota ib\u00e9rica, p\u00e1prica, sal comum, especiarias naturais, conservantes (E252 nitrato de pot\u00e1ssio e E250 nitrato de s\u00f3dio), antioxidantes (E301 ascorbato de s\u00f3dio), inv\u00f3lucro fibroso.<\/p>\n<table>\n<tbody>\n<tr>\n<th class=\"uppercase\">VALORES NUTRICIONAIS<\/th>\n<th class=\"uppercase\">VALOR M\u00c9DIO POR 100 G.<\/th>\n<\/tr>\n<tr>\n<td>Valor energ\u00e9tico (Kj.)<\/td>\n<td>1971 Kj.<\/td>\n<\/tr>\n<tr>\n<td>Valor energ\u00e9tico (Kcal.)<\/td>\n<td>476 Kcal.<\/td>\n<\/tr>\n<tr>\n<td>Gorduras<\/td>\n<td>48.3 g.<\/td>\n<\/tr>\n<tr>\n<td>Dos quais \u00e1cidos gordos saturados<\/td>\n<td>23.54 g.<\/td>\n<\/tr>\n<tr>\n<td>Hidratos de carbono<\/td>\n<td>0.5 g.<\/td>\n<\/tr>\n<tr>\n<td>Dos quais a\u00e7\u00facares<\/td>\n<td>0.5 g.<\/td>\n<\/tr>\n<tr>\n<td>Prote\u00ednas<\/td>\n<td>41.3 g.<\/td>\n<\/tr>\n<tr>\n<td>Sal<\/td>\n<td>3.65 g.<\/td>\n<\/tr>\n<\/tbody>\n<\/table>\n<\/div>\n<\/div>\n<\/div>\n<div class=\"otros\">\n<div class=\"bloque\">\n<p><span class=\"titulo uppercase\">CONSERVA\u00c7\u00c3O E PRAZO DE VALIDADE<\/span><\/p>\n<div class=\"descripcion\">\n<p><em><strong>Conserva\u00e7\u00e3o de pe\u00e7as inteiras<\/strong><\/em>N\u00e3o aberto 6 meses, uma vez aberto ou em \u00e1reas h\u00famidas, recomendamos que seja no prazo de um m\u00eas.<\/p>\n<\/div>\n<\/div>\n<div class=\"bloque\">\n<p><span class=\"titulo uppercase\">RECOMENDA\u00c7\u00d5ES<\/span><\/p>\n<div class=\"descripcion\">\n<p>Manter num local fresco e seco, longe da luz directa do sol.<\/p>\n<\/div>\n<\/div>\n<\/div>\n<p>&nbsp;<\/p>\n<\/div>\n<\/div>\n<\/div>","protected":false},"excerpt":{"rendered":"<p>DESCRIPCI\u00d3N La Ca\u00f1a de Lomo de Cebo 50% raza ib\u00e9rica se obtiene de cerdos ib\u00e9ricos criados en ganader\u00edas de Guijuelo. Esta ca\u00f1a de lomo de Cebo \u00a050% raza ib\u00e9rica es el resultado de una cuidadosa crianza de cerdos ib\u00e9ricos con una alimentaci\u00f3n basada en cereales y piensos naturales, lo que le confiere su sabor inigualable &hellip;<\/p>\n<p class=\"read-more\"> <a class=\"\" href=\"https:\/\/encinardeljamon.com\/pt\/product\/plato-lomo-iberico-100-gramos-cortado-a-cuchillo\/\"> <span class=\"screen-reader-text\">Prato Lombo de porco ib\u00e9rico 100 gramas (corte \u00e0 faca)<\/span> Ler mais \"<\/a><\/p>","protected":false},"featured_media":3163,"comment_status":"closed","ping_status":"closed","template":"","meta":{"site-sidebar-layout":"default","site-content-layout":"","ast-site-content-layout":"default","site-content-style":"default","site-sidebar-style":"default","ast-global-header-display":"","ast-banner-title-visibility":"","ast-main-header-display":"","ast-hfb-above-header-display":"","ast-hfb-below-header-display":"","ast-hfb-mobile-header-display":"","site-post-title":"","ast-breadcrumbs-content":"","ast-featured-img":"","footer-sml-layout":"","theme-transparent-header-meta":"default","adv-header-id-meta":"","stick-header-meta":"","header-above-stick-meta":"","header-main-stick-meta":"","header-below-stick-meta":"","astra-migrate-meta-layouts":"set","_joinchat":[]},"product_brand":[],"product_cat":[39,29],"product_tag":[],"yst_prominent_words":[],"class_list":{"0":"post-3153","1":"product","2":"type-product","3":"status-publish","4":"has-post-thumbnail","6":"product_cat-ofertas-y-novedades","7":"product_cat-eventos-especiales","8":"desktop-align-left","9":"tablet-align-left","10":"mobile-align-left","12":"first","13":"instock","14":"taxable","15":"shipping-taxable","16":"purchasable","17":"product-type-variable"},"_links":{"self":[{"href":"https:\/\/encinardeljamon.com\/pt\/wp-json\/wp\/v2\/product\/3153","targetHints":{"allow":["GET"]}}],"collection":[{"href":"https:\/\/encinardeljamon.com\/pt\/wp-json\/wp\/v2\/product"}],"about":[{"href":"https:\/\/encinardeljamon.com\/pt\/wp-json\/wp\/v2\/types\/product"}],"replies":[{"embeddable":true,"href":"https:\/\/encinardeljamon.com\/pt\/wp-json\/wp\/v2\/comments?post=3153"}],"wp:featuredmedia":[{"embeddable":true,"href":"https:\/\/encinardeljamon.com\/pt\/wp-json\/wp\/v2\/media\/3163"}],"wp:attachment":[{"href":"https:\/\/encinardeljamon.com\/pt\/wp-json\/wp\/v2\/media?parent=3153"}],"wp:term":[{"taxonomy":"product_brand","embeddable":true,"href":"https:\/\/encinardeljamon.com\/pt\/wp-json\/wp\/v2\/product_brand?post=3153"},{"taxonomy":"product_cat","embeddable":true,"href":"https:\/\/encinardeljamon.com\/pt\/wp-json\/wp\/v2\/product_cat?post=3153"},{"taxonomy":"product_tag","embeddable":true,"href":"https:\/\/encinardeljamon.com\/pt\/wp-json\/wp\/v2\/product_tag?post=3153"},{"taxonomy":"yst_prominent_words","embeddable":true,"href":"https:\/\/encinardeljamon.com\/pt\/wp-json\/wp\/v2\/yst_prominent_words?post=3153"}],"curies":[{"name":"wp","href":"https:\/\/api.w.org\/{rel}","templated":true}]}}