{"id":3008,"date":"2023-09-17T17:42:03","date_gmt":"2023-09-17T17:42:03","guid":{"rendered":"https:\/\/encinardeljamon.com\/?post_type=product&#038;p=3008"},"modified":"2025-01-21T12:28:58","modified_gmt":"2025-01-21T12:28:58","slug":"queso-oveja-curado-leche-cruda-cuna-250-gramos","status":"publish","type":"product","link":"https:\/\/encinardeljamon.com\/pt\/product\/queso-oveja-curado-leche-cruda-cuna-250-gramos\/","title":{"rendered":"Queijo de ovelha curado Leite cru\/Cu\u00f1a 250 gramas"},"content":{"rendered":"<blockquote><p>Queijo de leite de ovelha cru<br \/>\nDEFINI\u00c7\u00c3O DO PRODUTO<br \/>\nDescri\u00e7\u00e3o: \u00c9 aquele que, ap\u00f3s o processo de fabrico, tem de ser mantido durante um certo per\u00edodo de tempo a uma determinada temperatura.<br \/>\nMarca: Ib\u00e9ricos Benito<br \/>\ntemperatura e condi\u00e7\u00f5es tais que ocorram as altera\u00e7\u00f5es f\u00edsicas e qu\u00edmicas que lhe s\u00e3o caracter\u00edsticas.<br \/>\nINGREDIENTES<br \/>\nLeite cru de ovelha, coalho, fermento l\u00e1tico, sal, lisozima e cloreto de c\u00e1lcio.<br \/>\nAL\u00c9RGENOS<br \/>\nCaracteriza\u00e7\u00e3o em conformidade com o Regulamento (CE) n.\u00ba 2073\/2005<br \/>\nAlimentos prontos a consumir que n\u00e3o suportam o crescimento de Listeria monocytogenes.<br \/>\nGL\u00daTEN. -<br \/>\nCRUST\u00c1CEOS. -<br \/>\nOVO. -<br \/>\nPEIXE. -<br \/>\nCOCOAHUTE. -<br \/>\nSOJA. -<br \/>\nLEITE SIM<br \/>\nMOLLUSCS. -<br \/>\nFRUTAS SECAS<br \/>\nMOSTARDA. -<br \/>\nSESAME. -<br \/>\nSULFITOS. -<br \/>\nALTRAMUZ. -<br \/>\nAIPO. -<\/p><\/blockquote>\n<p>CARACTER\u00cdSTICAS DO PRODUTO<br \/>\nORGANOL\u00c9PTICA<br \/>\nCor, cheiro e sabor caracter\u00edsticos. Textura t\u00edpica.<br \/>\nMICROBIOL\u00d3GICO<br \/>\nListeria monocytogenes:<br \/>\nn=5, c=0, (durante o seu tempo de vida: m=10 , M=10 )<br \/>\nF\u00cdSICO-QU\u00cdMICA<br \/>\nVALOR NUTRICIONAL: (por 100 g.)<br \/>\nValor energ\u00e9tico<br \/>\n455,58 Kcal 1890,29 Kj<br \/>\nGorduras<br \/>\n36,74 g<br \/>\nGorduras saturadas<br \/>\n15,29 g<br \/>\nHidratos de carbono<br \/>\n1.80g<br \/>\nA\u00e7\u00facares<br \/>\n0,40g<br \/>\nProte\u00ednas<br \/>\n29,43 g<br \/>\nSal<br \/>\n1.81 g<br \/>\nP\u00e1gina 1 de 4<br \/>\nIb\u00e9ricos Benito, S.L.<br \/>\nCtra. Arahal-El Coronil, Km. 1,5 Arahal 41600 (Sevilha)<br \/>\nFicha de especifica\u00e7\u00f5es t\u00e9cnicas<br \/>\nData: 10\/05\/2021 Rev: 0 | Ed. t37<br \/>\nManter esta ficha sempre actualizada<br \/>\nGRUPO DE CONSUMIDORES<br \/>\nToda a popula\u00e7\u00e3o, exceto em caso de contra-indica\u00e7\u00f5es m\u00e9dicas.<br \/>\nDESCRI\u00c7\u00c3O DA EMBALAGEM<br \/>\nCaixas de cart\u00e3o<br \/>\nFORMATO DE VENDA<br \/>\n- Inteiro<br \/>\n- Meia-pe\u00e7a embalada em v\u00e1cuo<br \/>\n- Quartos embalados em v\u00e1cuo<br \/>\n- Oitava pe\u00e7a embalada em v\u00e1cuo<br \/>\nM\u00c9TODOS DE CONSERVA\u00c7\u00c3O, ARMAZENAMENTO E PRAZO DE VALIDADE<br \/>\nCONSERVA\u00c7\u00c3O: \u00c0 temperatura ambiente.<br \/>\nVIDA DE CONSERVA\u00c7\u00c3O: Um ano a partir da data de embalagem.<br \/>\nINSTRU\u00c7\u00d5ES AO CONSUMIDOR<br \/>\nPronto para consumo. N\u00e3o \u00e9 necess\u00e1rio qualquer outro manuseamento por parte do consumidor.<br \/>\nROTULAGEM<br \/>\nROTULAGEM:<br \/>\nR\u00f3tulos que cumprem o Real Decreto 474\/2014, Norma de Qualidade dos Derivados da Carne e o Regulamento 1169\/2011, informa\u00e7\u00e3o alimentar fornecida ao consumidor.<br \/>\nDISTRIBUI\u00c7\u00c3O E TRANSPORTE<br \/>\n\u00c0 temperatura ambiente<\/p>\n<p>Arahal (Sevilha)<br \/>\nEN 40.065024\/SE C.E.<\/p>","protected":false},"excerpt":{"rendered":"<blockquote><p>Queijo de leite de ovelha cru<\/p><\/blockquote>\n<p>Descri\u00e7\u00e3o: \u00c9 aquele que, ap\u00f3s o processo de fabrico, tem de ser mantido durante um certo per\u00edodo de tempo a uma determinada temperatura.<br \/>\nMarca: Ib\u00e9ricos Benito<br \/>\ntemperatura e condi\u00e7\u00f5es tais que ocorram as altera\u00e7\u00f5es f\u00edsicas e qu\u00edmicas que lhe s\u00e3o caracter\u00edsticas.<br \/>\nINGREDIENTES<br \/>\nLeite cru de ovelha, coalho, fermento l\u00e1tico, sal, lisozima e cloreto de c\u00e1lcio.<\/p>","protected":false},"featured_media":3009,"comment_status":"closed","ping_status":"closed","template":"","meta":{"site-sidebar-layout":"default","site-content-layout":"","ast-site-content-layout":"default","site-content-style":"default","site-sidebar-style":"default","ast-global-header-display":"","ast-banner-title-visibility":"","ast-main-header-display":"","ast-hfb-above-header-display":"","ast-hfb-below-header-display":"","ast-hfb-mobile-header-display":"","site-post-title":"","ast-breadcrumbs-content":"","ast-featured-img":"","footer-sml-layout":"","theme-transparent-header-meta":"default","adv-header-id-meta":"","stick-header-meta":"","header-above-stick-meta":"","header-main-stick-meta":"","header-below-stick-meta":"","astra-migrate-meta-layouts":"set","_joinchat":[]},"product_brand":[],"product_cat":[20,29],"product_tag":[],"yst_prominent_words":[],"class_list":{"0":"post-3008","1":"product","2":"type-product","3":"status-publish","4":"has-post-thumbnail","6":"product_cat-aceites-quesos-y-embutidos","7":"product_cat-eventos-especiales","8":"desktop-align-left","9":"tablet-align-left","10":"mobile-align-left","12":"first","13":"instock","14":"taxable","15":"shipping-taxable","16":"purchasable","17":"product-type-simple"},"_links":{"self":[{"href":"https:\/\/encinardeljamon.com\/pt\/wp-json\/wp\/v2\/product\/3008","targetHints":{"allow":["GET"]}}],"collection":[{"href":"https:\/\/encinardeljamon.com\/pt\/wp-json\/wp\/v2\/product"}],"about":[{"href":"https:\/\/encinardeljamon.com\/pt\/wp-json\/wp\/v2\/types\/product"}],"replies":[{"embeddable":true,"href":"https:\/\/encinardeljamon.com\/pt\/wp-json\/wp\/v2\/comments?post=3008"}],"wp:featuredmedia":[{"embeddable":true,"href":"https:\/\/encinardeljamon.com\/pt\/wp-json\/wp\/v2\/media\/3009"}],"wp:attachment":[{"href":"https:\/\/encinardeljamon.com\/pt\/wp-json\/wp\/v2\/media?parent=3008"}],"wp:term":[{"taxonomy":"product_brand","embeddable":true,"href":"https:\/\/encinardeljamon.com\/pt\/wp-json\/wp\/v2\/product_brand?post=3008"},{"taxonomy":"product_cat","embeddable":true,"href":"https:\/\/encinardeljamon.com\/pt\/wp-json\/wp\/v2\/product_cat?post=3008"},{"taxonomy":"product_tag","embeddable":true,"href":"https:\/\/encinardeljamon.com\/pt\/wp-json\/wp\/v2\/product_tag?post=3008"},{"taxonomy":"yst_prominent_words","embeddable":true,"href":"https:\/\/encinardeljamon.com\/pt\/wp-json\/wp\/v2\/yst_prominent_words?post=3008"}],"curies":[{"name":"wp","href":"https:\/\/api.w.org\/{rel}","templated":true}]}}