{"id":2974,"date":"2023-05-07T21:21:09","date_gmt":"2023-05-07T21:21:09","guid":{"rendered":"https:\/\/encinardeljamon.com\/?post_type=product&#038;p=2974"},"modified":"2025-01-21T12:29:37","modified_gmt":"2025-01-21T12:29:37","slug":"queso-de-oveja-viejo-3kg-aprox","status":"publish","type":"product","link":"https:\/\/encinardeljamon.com\/pt\/product\/queso-de-oveja-viejo-3kg-aprox\/","title":{"rendered":"Queijo de ovelha velho 3kg. aprox."},"content":{"rendered":"<p>DEFINI\u00c7\u00c3O DO PRODUTO<br \/>\nDescri\u00e7\u00e3o: \u00c9 aquele que, ap\u00f3s o processo de fabrico, tem de ser mantido durante um certo per\u00edodo de tempo a uma determinada temperatura.<br \/>\nMarca: Ib\u00e9ricos Benito<br \/>\ntemperatura e condi\u00e7\u00f5es tais que ocorram as altera\u00e7\u00f5es f\u00edsicas e qu\u00edmicas que lhe s\u00e3o caracter\u00edsticas.<br \/>\nINGREDIENTES Leite cru de ovelha, coalho, fermento, sal, lisozima (derivado de ovo).<br \/>\nAL\u00c9RGENOS<br \/>\nCaracteriza\u00e7\u00e3o em conformidade com o Regulamento (CE) n.\u00ba 2073\/2005<br \/>\nAlimentos prontos a consumir que n\u00e3o suportam o crescimento de Listeria monocytogenes.<br \/>\nGL\u00daTEN-<br \/>\nCRUST\u00c1CEOS-<br \/>\nOVO SIM<br \/>\nPEIXE-<br \/>\nAMENDOIM-<br \/>\nSOJA-<br \/>\nLEITE SIM<br \/>\nMOLLUSCS-<br \/>\nFRUTAS SECAS<br \/>\nMOSTARDA-<br \/>\nS\u00c9SAMO-<br \/>\nSULFITOS-<br \/>\nALTRAMUZ-<br \/>\nAIPO-<\/p>\n<p>CARACTER\u00cdSTICAS DO PRODUTO<br \/>\nORGANOL\u00c9PTICA<br \/>\nCor, cheiro e sabor caracter\u00edsticos. Textura t\u00edpica.<br \/>\nMICROBIOL\u00d3GICO<br \/>\nListeria monocytogenes:<br \/>\nn=5, c=0, (durante o seu tempo de vida: m=10 , M=10 )<br \/>\nF\u00cdSICO-QU\u00cdMICA<br \/>\nVALOR NUTRICIONAL: (por 100 g.)<br \/>\nValor energ\u00e9tico<br \/>\n461 Kcal 1911 Kj<br \/>\nGorduras<br \/>\n37g<br \/>\nGorduras saturadas<br \/>\n26,11 g<br \/>\nHidratos de carbono<br \/>\n3,4 g<br \/>\nA\u00e7\u00facares<br \/>\n2,45 g<br \/>\nProte\u00ednas<br \/>\n28,5 g<br \/>\nSal<br \/>\n1,76 g<br \/>\nGRUPO DE CONSUMIDORES<br \/>\nToda a popula\u00e7\u00e3o, exceto em caso de contra-indica\u00e7\u00f5es m\u00e9dicas.<\/p>\n<p>Ficha de especifica\u00e7\u00f5es t\u00e9cnicas<br \/>\nData: 10\/05\/2021 Rev: 0 | Ed. t-35<br \/>\nManter esta ficha sempre actualizada<br \/>\nDESCRI\u00c7\u00c3O DA EMBALAGEM<br \/>\nCaixas de cart\u00e3o<br \/>\nFORMATO DE VENDA<br \/>\n- Inteiro<br \/>\n- Meia-pe\u00e7a embalada em v\u00e1cuo<br \/>\n- Quartos embalados em v\u00e1cuo<br \/>\n- Oitava pe\u00e7a embalada em v\u00e1cuo<br \/>\nM\u00c9TODOS DE CONSERVA\u00c7\u00c3O, ARMAZENAMENTO E PRAZO DE VALIDADE<br \/>\nCONSERVA\u00c7\u00c3O: \u00c0 temperatura ambiente.<br \/>\nVIDA DE CONSERVA\u00c7\u00c3O: Um ano a partir da data de embalagem.<br \/>\nINSTRU\u00c7\u00d5ES AO CONSUMIDOR<br \/>\nPronto para consumo. N\u00e3o \u00e9 necess\u00e1rio qualquer outro manuseamento por parte do consumidor.<br \/>\nROTULAGEM<br \/>\nROTULAGEM:<br \/>\nR\u00f3tulos que cumprem o Real Decreto 474\/2014, Norma de Qualidade dos Derivados da Carne e o Regulamento 1169\/2011, informa\u00e7\u00e3o alimentar fornecida ao consumidor.<br \/>\nDISTRIBUI\u00c7\u00c3O E TRANSPORTE<br \/>\n\u00c0 temperatura ambiente<br \/>\nLEGISLA\u00c7\u00c3O APLIC\u00c1VEL<br \/>\nRegulamento (UE) n.\u00ba 1169\/2011 do Parlamento Europeu e do Conselho, de 25 de outubro de 2011, relativo \u00e0 presta\u00e7\u00e3o de informa\u00e7\u00e3o aos consumidores sobre os g\u00e9neros aliment\u00edcios e que altera os Regulamentos (CE) n.\u00ba 1924\/2006 e (CE) n.\u00ba 1925\/2006 do Parlamento Europeu e do Conselho, e que revoga a Diretiva 87\/250\/CEE da Comiss\u00e3o, a Diretiva 90\/496\/CEE do Conselho, a Diretiva 1999\/10\/CE da Comiss\u00e3o, a Diretiva 2000\/13\/CE do Parlamento Europeu e do Conselho, as Directivas 2002\/67\/CE e 2008\/5\/CE da Comiss\u00e3o e o Regulamento (CE) n.\u00ba 608\/2004 da Comiss\u00e3o<br \/>\nReal Decreto 640\/2006, de 29 de setembro, que aprova as normas de qualidade dos queijos e queijos<br \/>\nfundido.<br \/>\nReal Decreto 640\/2006, de 26 de maio, que regula determinadas condi\u00e7\u00f5es de aplica\u00e7\u00e3o das disposi\u00e7\u00f5es comunit\u00e1rias em mat\u00e9ria de higiene, produ\u00e7\u00e3o e comercializa\u00e7\u00e3o de g\u00e9neros aliment\u00edcios.<br \/>\nRegulamento (CE) n.\u00ba 2073\/2005 da Comiss\u00e3o, de 15 de novembro de 2005, relativo a crit\u00e9rios microbiol\u00f3gicos<br \/>\naplic\u00e1vel aos g\u00e9neros aliment\u00edcios.<\/p>\n<p>Ficha de especifica\u00e7\u00f5es t\u00e9cnicas<br \/>\nData: 10\/05\/2021 Rev: 0 | Ed. t-35<br \/>\nManter esta ficha sempre actualizada<br \/>\nRegulamento (CE) n.o 2074\/2005 da Comiss\u00e3o, de 5 de novembro de 2005, que estabelece medidas de execu\u00e7\u00e3o para determinados produtos ao abrigo do Regulamento (CE) n.o 853\/2004 do Parlamento Europeu e do Conselho e para a organiza\u00e7\u00e3o de controlos oficiais ao abrigo dos Regulamentos (CE) n.o 854\/2004 do Parlamento Europeu e do Conselho e (CE) n.o 882\/2004 do Parlamento Europeu e do Conselho que derroga o Regulamento (CE) n.\u00ba 852\/2004 do Parlamento Europeu e do Conselho e altera os Regulamentos (CE) n.\u00ba 853\/2004 e (CE) n.\u00ba 854\/2004 (\"Jornal Oficial da Uni\u00e3o Europeia\" L 338 de 22 de dezembro de 2004).<br \/>\nRegulamento (CE) n.\u00ba 852\/2004 do Parlamento Europeu e do Conselho, de 29 de abril de 2004, relativo \u00e0 higiene dos g\u00e9neros aliment\u00edcios.<br \/>\nRegulamento (CE) n.\u00ba 853\/2004 do Parlamento Europeu e do Conselho, de 29 de abril de 2004, que estabelece<br \/>\nregras espec\u00edficas de higiene aplic\u00e1veis aos g\u00e9neros aliment\u00edcios de origem animal.<br \/>\nRegulamento (CE) n.\u00ba 854\/2004 do Parlamento Europeu e do Conselho, de 29 de abril de 2004, que institui um Parlamento Europeu e um Conselho Regulamento (CE) n.\u00ba 854\/2004, de 29 de abril de 2004, que estabelece<br \/>\nregras espec\u00edficas de organiza\u00e7\u00e3o dos controlos oficiais de produtos de origem animal destinados ao consumo humano.<br \/>\nR.D. 1334\/1999, de 31 de julho, que aprova a Norma Geral de Rotulagem, Apresenta\u00e7\u00e3o e Publicidade dos G\u00e9neros Aliment\u00edcios (BOE n\u00ba 202, de 24\/08\/99). Alterado pelo D.R. 238\/2000 (BOE de 25\/12\/91).<br \/>\nR.D. 1808\/1991, indica\u00e7\u00f5es ou marcas que identificam o lote a que pertence um g\u00e9nero aliment\u00edcio.<br \/>\nR\u00d3TULO<br \/>\nArahal (Sevilha)<br \/>\nEN 40.065024\/SE C.E.<\/p>","protected":false},"excerpt":{"rendered":"<p>DEFINI\u00c7\u00c3O DO PRODUTO Descri\u00e7\u00e3o: \u00c9 aquele que ap\u00f3s o processo de fabrico necessita de ser conservado durante um determinado per\u00edodo de tempo a uma temperatura e condi\u00e7\u00f5es Marca: Ib\u00e9ricos Benito tais que se produzam as altera\u00e7\u00f5es f\u00edsicas e qu\u00edmicas carater\u00edsticas do produto. INGREDIENTES Leite cru de ovelha, coalho, fermento, sal, lisozima (derivada do ovo). Caracteriza\u00e7\u00e3o alerg\u00e9nica de acordo com o Regulamento CE ...<\/p>\n<p class=\"read-more\"> <a class=\"\" href=\"https:\/\/encinardeljamon.com\/pt\/product\/queso-de-oveja-viejo-3kg-aprox\/\"> <span class=\"screen-reader-text\">Queijo de ovelha velho 3kg. aprox.<\/span> Ler mais \"<\/a><\/p>","protected":false},"featured_media":2975,"comment_status":"closed","ping_status":"closed","template":"","meta":{"site-sidebar-layout":"default","site-content-layout":"","ast-site-content-layout":"default","site-content-style":"default","site-sidebar-style":"default","ast-global-header-display":"","ast-banner-title-visibility":"","ast-main-header-display":"","ast-hfb-above-header-display":"","ast-hfb-below-header-display":"","ast-hfb-mobile-header-display":"","site-post-title":"","ast-breadcrumbs-content":"","ast-featured-img":"","footer-sml-layout":"","theme-transparent-header-meta":"default","adv-header-id-meta":"","stick-header-meta":"","header-above-stick-meta":"","header-main-stick-meta":"","header-below-stick-meta":"","astra-migrate-meta-layouts":"set","_joinchat":[]},"product_brand":[],"product_cat":[20],"product_tag":[],"yst_prominent_words":[],"class_list":{"0":"post-2974","1":"product","2":"type-product","3":"status-publish","4":"has-post-thumbnail","6":"product_cat-aceites-quesos-y-embutidos","7":"desktop-align-left","8":"tablet-align-left","9":"mobile-align-left","11":"first","12":"instock","13":"taxable","14":"shipping-taxable","15":"purchasable","16":"product-type-simple"},"_links":{"self":[{"href":"https:\/\/encinardeljamon.com\/pt\/wp-json\/wp\/v2\/product\/2974","targetHints":{"allow":["GET"]}}],"collection":[{"href":"https:\/\/encinardeljamon.com\/pt\/wp-json\/wp\/v2\/product"}],"about":[{"href":"https:\/\/encinardeljamon.com\/pt\/wp-json\/wp\/v2\/types\/product"}],"replies":[{"embeddable":true,"href":"https:\/\/encinardeljamon.com\/pt\/wp-json\/wp\/v2\/comments?post=2974"}],"wp:featuredmedia":[{"embeddable":true,"href":"https:\/\/encinardeljamon.com\/pt\/wp-json\/wp\/v2\/media\/2975"}],"wp:attachment":[{"href":"https:\/\/encinardeljamon.com\/pt\/wp-json\/wp\/v2\/media?parent=2974"}],"wp:term":[{"taxonomy":"product_brand","embeddable":true,"href":"https:\/\/encinardeljamon.com\/pt\/wp-json\/wp\/v2\/product_brand?post=2974"},{"taxonomy":"product_cat","embeddable":true,"href":"https:\/\/encinardeljamon.com\/pt\/wp-json\/wp\/v2\/product_cat?post=2974"},{"taxonomy":"product_tag","embeddable":true,"href":"https:\/\/encinardeljamon.com\/pt\/wp-json\/wp\/v2\/product_tag?post=2974"},{"taxonomy":"yst_prominent_words","embeddable":true,"href":"https:\/\/encinardeljamon.com\/pt\/wp-json\/wp\/v2\/yst_prominent_words?post=2974"}],"curies":[{"name":"wp","href":"https:\/\/api.w.org\/{rel}","templated":true}]}}