{"id":2935,"date":"2023-03-28T17:04:51","date_gmt":"2023-03-28T17:04:51","guid":{"rendered":"https:\/\/encinardeljamon.com\/?post_type=product&#038;p=2935"},"modified":"2026-04-28T14:54:52","modified_gmt":"2026-04-28T14:54:52","slug":"aceite-oliva-virgen-extra-senorio-de-la-mesa","status":"publish","type":"product","link":"https:\/\/encinardeljamon.com\/pt\/product\/aceite-oliva-virgen-extra-senorio-de-la-mesa\/","title":{"rendered":"Azeite virgem extra (EVOO) Se\u00f1or\u00edo de la mesa"},"content":{"rendered":"<p>Este azeite tem um aroma agrad\u00e1vel e persistente e um \u00f3ptimo sabor. \u00c9 o azeite mais adequado para temperar, cozinhar e fritar.<\/p>\n<p>A sua elevada qualidade e os seus benef\u00edcios para a sa\u00fade fazem dele um produto essencial para a sua cozinha.<\/p>\n<div id=\"content-right-top\">\n<div id=\"texto\">\n<p class=\"titulo-seccion\">Azeite virgem extra<\/p>\n<div class=\"contenedor\">\n<p class=\"titulo\">Qualidade na sua mesa<\/p>\n<div class=\"texto\">\n<p>S\u00f3 a combina\u00e7\u00e3o das nossas variedades de azeitona Picuda, Picual e Hojiblanca, juntamente com condi\u00e7\u00f5es particularmente ideais para a cultura da azeitona, permite obter um Azeite Virgem Extra \u00danico (frutado de azeitonas maduras com notas verdes de erva e folha de oliveira, com ligeiras notas de fruta madura como a ma\u00e7\u00e3; o paladar \u00e9 doce com um travo a am\u00eandoa).<\/p>\n<p>O cuidado que temos com os nossos olivais e o nosso compromisso com a qualidade na produ\u00e7\u00e3o do seu sumo permitem-nos obter um azeite ideal para consumo.<\/p>\n<p>O nosso compromisso com<em>\u00a0<\/em>A tradi\u00e7\u00e3o, a protec\u00e7\u00e3o do ambiente e o desenvolvimento rural fizeram-nos apostar desde muito cedo no produto biol\u00f3gico, raz\u00e3o pela qual obtivemos tamb\u00e9m um Azeite Virgem Extra Biol\u00f3gico de grande prest\u00edgio nacional e internacional.<\/p>\n<p>As diferentes certifica\u00e7\u00f5es que atestam os nossos \u00eaxitos em mat\u00e9ria de Qualidade (Conselho Regulador da Denomina\u00e7\u00e3o de Origem Protegida Priego de C\u00f3doba, Certificado de Produ\u00e7\u00e3o Biol\u00f3gica CAAE, Certificado de Produ\u00e7\u00e3o Biol\u00f3gica NOP, Certificado de Produ\u00e7\u00e3o Biol\u00f3gica JAS) apenas reflectem que o nosso compromisso com a Qualidade continua v\u00e1lido.<\/p>\n<\/div>\n<\/div>\n<\/div>\n<p class=\"clear\">\n<\/div>\n<div id=\"content-right-middle\">\n<div id=\"texto-alt\">\n<p class=\"titulo-seccion\">Processo de produ\u00e7\u00e3o<\/p>\n<div class=\"contenedor\">\n<div class=\"texto\">\n<p>Em<em>\u00a0<\/em>Em Novembro, come\u00e7amos com a colheita das nossas azeitonas no seu ponto exacto de matura\u00e7\u00e3o (\"veraison\"), utilizando procedimentos n\u00e3o agressivos, promovendo assim o desenvolvimento rural que tem sido transmitido de gera\u00e7\u00e3o em gera\u00e7\u00e3o.<\/p>\n<p>Dos nossos olivais as azeitonas s\u00e3o transferidas diariamente para o nosso lagar, onde s\u00e3o classificadas e enviadas para as nossas linhas de moagem, iniciando este processo no mesmo dia em que s\u00e3o colhidas, o que garante a obten\u00e7\u00e3o de azeitonas da melhor qualidade, com a melhor qualidade poss\u00edvel.<\/p>\n<\/div>\n<div class=\"ver-mas\"><a href=\"http:\/\/www.sucesoresdemorales.com\/es-sucesores-de-morales-morales-s-l-proceso-de-produccion.html\">Mais informa\u00e7\u00f5es<\/a><\/div>\n<\/div>\n<\/div>\n<p class=\"clear\">\n<\/div>\n<div id=\"content-right-bottom\">\n<div id=\"texto-alt\">\n<p class=\"titulo-seccion\">Empresa<\/p>\n<div class=\"contenedor\">\n<div class=\"texto\">\n<p>Em 1996, o nosso lagar familiar de azeite foi criado com um objectivo claro em mente:<\/p>\n<p>para criar um produto de qualidade com um compromisso com a tradi\u00e7\u00e3o, a protec\u00e7\u00e3o do ambiente e o desenvolvimento rural.<\/p>\n<p>Para o efeito, garantimos todo o processo de produ\u00e7\u00e3o, desde os nossos olivais at\u00e9 ao produto final (colheita, moagem, armazenamento e acondicionamento).<\/p>\n<p>No nosso...<\/p>\n<\/div>\n<\/div>\n<div class=\"ver-mas\"><a href=\"http:\/\/www.sucesoresdemorales.com\/es-sucesores-de-morales-morales-s-l-empresa.html\">Mais informa\u00e7\u00f5es<\/a><\/div>\n<\/div>\n<\/div>\n<p>&nbsp;<\/p>","protected":false},"excerpt":{"rendered":"<p>Azeite virgem extra com um aroma agrad\u00e1vel e persistente e um \u00f3ptimo sabor, \u00e9 o azeite mais adequado para temperar, cozinhar e fritar. A sua elevada qualidade e os seus benef\u00edcios para a sa\u00fade fazem dele um produto essencial para a sua cozinha.<\/p>","protected":false},"featured_media":2940,"comment_status":"closed","ping_status":"closed","template":"","meta":{"site-sidebar-layout":"default","site-content-layout":"","ast-site-content-layout":"default","site-content-style":"default","site-sidebar-style":"default","ast-global-header-display":"","ast-banner-title-visibility":"","ast-main-header-display":"","ast-hfb-above-header-display":"","ast-hfb-below-header-display":"","ast-hfb-mobile-header-display":"","site-post-title":"","ast-breadcrumbs-content":"","ast-featured-img":"","footer-sml-layout":"","theme-transparent-header-meta":"default","adv-header-id-meta":"","stick-header-meta":"","header-above-stick-meta":"","header-main-stick-meta":"","header-below-stick-meta":"","astra-migrate-meta-layouts":"set","_joinchat":[]},"product_brand":[],"product_cat":[20],"product_tag":[],"yst_prominent_words":[],"class_list":{"0":"post-2935","1":"product","2":"type-product","3":"status-publish","4":"has-post-thumbnail","6":"product_cat-aceites-quesos-y-embutidos","7":"desktop-align-left","8":"tablet-align-left","9":"mobile-align-left","11":"first","12":"instock","13":"sale","14":"taxable","15":"shipping-taxable","16":"purchasable","17":"product-type-variable"},"_links":{"self":[{"href":"https:\/\/encinardeljamon.com\/pt\/wp-json\/wp\/v2\/product\/2935","targetHints":{"allow":["GET"]}}],"collection":[{"href":"https:\/\/encinardeljamon.com\/pt\/wp-json\/wp\/v2\/product"}],"about":[{"href":"https:\/\/encinardeljamon.com\/pt\/wp-json\/wp\/v2\/types\/product"}],"replies":[{"embeddable":true,"href":"https:\/\/encinardeljamon.com\/pt\/wp-json\/wp\/v2\/comments?post=2935"}],"wp:featuredmedia":[{"embeddable":true,"href":"https:\/\/encinardeljamon.com\/pt\/wp-json\/wp\/v2\/media\/2940"}],"wp:attachment":[{"href":"https:\/\/encinardeljamon.com\/pt\/wp-json\/wp\/v2\/media?parent=2935"}],"wp:term":[{"taxonomy":"product_brand","embeddable":true,"href":"https:\/\/encinardeljamon.com\/pt\/wp-json\/wp\/v2\/product_brand?post=2935"},{"taxonomy":"product_cat","embeddable":true,"href":"https:\/\/encinardeljamon.com\/pt\/wp-json\/wp\/v2\/product_cat?post=2935"},{"taxonomy":"product_tag","embeddable":true,"href":"https:\/\/encinardeljamon.com\/pt\/wp-json\/wp\/v2\/product_tag?post=2935"},{"taxonomy":"yst_prominent_words","embeddable":true,"href":"https:\/\/encinardeljamon.com\/pt\/wp-json\/wp\/v2\/yst_prominent_words?post=2935"}],"curies":[{"name":"wp","href":"https:\/\/api.w.org\/{rel}","templated":true}]}}