{"id":2740,"date":"2022-10-16T21:40:58","date_gmt":"2022-10-16T21:40:58","guid":{"rendered":"https:\/\/encinardeljamon.com\/?post_type=product&#038;p=2740"},"modified":"2025-11-07T22:57:49","modified_gmt":"2025-11-07T22:57:49","slug":"trilogy-chimay-3-cervezas-1-vaso","status":"publish","type":"product","link":"https:\/\/encinardeljamon.com\/pt\/product\/trilogy-chimay-3-cervezas-1-vaso\/","title":{"rendered":"Trilogia Chimay 3 Cervejas 1 Copo"},"content":{"rendered":"<p>3 botellas de aut\u00e9ntica cerveza trapense Chimay de 33 cl (1 Azul, 1 Roja, y 1 Blanca) y una copa original dise\u00f1ada especialmente para degustar la cerveza. Es un regalo de cerveza ideal para cualquier amante de la cerveza artesana belga.<\/p>\n<p>Chimay Bleue<\/p>\n<p>A Chimay Bleue Blue \u00e9 uma cerveja escura do estilo Belgian Strong Ale, fabricada pela primeira vez em 1948, como uma cerveja sazonal de Natal. O seu sucesso levou \u00e0 sua inclus\u00e3o permanente no cat\u00e1logo. Tem uma cor escura, espuma cor de caramelo e um aroma de levedura com um toque de malte e fruta. Tem um sabor delicado a uvas, ameixas e caramelo. Teor alco\u00f3lico: 9 proof.<\/p>\n<p>Chimay Blanche<\/p>\n<p>A Chimay Blanche Triple \u00e9 uma cerveja de estilo triplo, de cor dourada, aspeto turvo e espuma fina e persistente. O seu aroma \u00e9 intenso, com notas de levedura, l\u00fapulo e especiarias. O sabor \u00e9 suave, refrescante e frutado, com um subtil final amargo. Teor alco\u00f3lico: 8 proof.<\/p>\n<p>Chimay Rouge<\/p>\n<p>A Chimay Rouge Rouge Rouge \u00e9 uma cerveja de estilo Dubbel fabricada com \u00e1gua dos po\u00e7os da abadia e com a sua pr\u00f3pria levedura. A Chimay Rouge foi a primeira cerveja fabricada pelos monges de Chimay em 1862. Apresenta uma cor acobreada, com uma espuma densa e cremosa. Tem um aroma complexo e frutado de ameixa, alperce e frutos secos. Sabor delicado e matizado, com um toque de do\u00e7ura. Teor alco\u00f3lico: 7 proof.<\/p>\n<p>Brasserie de Chimay<\/p>\n<p>A cervejaria Chimay \u00e9 um dos principais produtores mundiais de cerveja trapista belga. A sua hist\u00f3ria remonta a 1850, quando um grupo de monges de Westvleteren fundou uma abadia no planalto de Scourmont, na aldeia de Chimay. Em 1862, fabricaram a sua primeira cerveja: Chimay Rouge. Atualmente, as suas cervejas trapistas continuam a ser fabricadas segundo os mais elevados padr\u00f5es de qualidade, de acordo com a tradi\u00e7\u00e3o da abadia.<\/p>","protected":false},"excerpt":{"rendered":"<p>3 botellas de aut\u00e9ntica cerveza trapense Chimay de 33 cl (1 Azul, 1 Roja, y 1 Blanca) y una copa original dise\u00f1ada especialmente para degustar la cerveza. Es un regalo de cerveza ideal para cualquier amante de la cerveza artesana belga. Chimay Bleue Chimay Bleue Azul es una cerveza oscura belga de estilo Strong Ale, &hellip;<\/p>\n<p class=\"read-more\"> <a class=\"\" href=\"https:\/\/encinardeljamon.com\/pt\/product\/trilogy-chimay-3-cervezas-1-vaso\/\"> <span class=\"screen-reader-text\">Trilogia Chimay 3 Cervejas 1 Copo<\/span> Ler mais \"<\/a><\/p>","protected":false},"featured_media":2741,"comment_status":"closed","ping_status":"closed","template":"","meta":{"site-sidebar-layout":"default","site-content-layout":"","ast-site-content-layout":"default","site-content-style":"default","site-sidebar-style":"default","ast-global-header-display":"","ast-banner-title-visibility":"","ast-main-header-display":"","ast-hfb-above-header-display":"","ast-hfb-below-header-display":"","ast-hfb-mobile-header-display":"","site-post-title":"","ast-breadcrumbs-content":"","ast-featured-img":"","footer-sml-layout":"","theme-transparent-header-meta":"default","adv-header-id-meta":"","stick-header-meta":"","header-above-stick-meta":"","header-main-stick-meta":"","header-below-stick-meta":"","astra-migrate-meta-layouts":"set","_joinchat":[]},"product_brand":[],"product_cat":[27,29],"product_tag":[],"yst_prominent_words":[],"class_list":{"0":"post-2740","1":"product","2":"type-product","3":"status-publish","4":"has-post-thumbnail","6":"product_cat-licores-vinos-y-cervezas","7":"product_cat-eventos-especiales","8":"desktop-align-left","9":"tablet-align-left","10":"mobile-align-left","12":"first","13":"instock","14":"taxable","15":"shipping-taxable","16":"purchasable","17":"product-type-simple"},"_links":{"self":[{"href":"https:\/\/encinardeljamon.com\/pt\/wp-json\/wp\/v2\/product\/2740","targetHints":{"allow":["GET"]}}],"collection":[{"href":"https:\/\/encinardeljamon.com\/pt\/wp-json\/wp\/v2\/product"}],"about":[{"href":"https:\/\/encinardeljamon.com\/pt\/wp-json\/wp\/v2\/types\/product"}],"replies":[{"embeddable":true,"href":"https:\/\/encinardeljamon.com\/pt\/wp-json\/wp\/v2\/comments?post=2740"}],"wp:featuredmedia":[{"embeddable":true,"href":"https:\/\/encinardeljamon.com\/pt\/wp-json\/wp\/v2\/media\/2741"}],"wp:attachment":[{"href":"https:\/\/encinardeljamon.com\/pt\/wp-json\/wp\/v2\/media?parent=2740"}],"wp:term":[{"taxonomy":"product_brand","embeddable":true,"href":"https:\/\/encinardeljamon.com\/pt\/wp-json\/wp\/v2\/product_brand?post=2740"},{"taxonomy":"product_cat","embeddable":true,"href":"https:\/\/encinardeljamon.com\/pt\/wp-json\/wp\/v2\/product_cat?post=2740"},{"taxonomy":"product_tag","embeddable":true,"href":"https:\/\/encinardeljamon.com\/pt\/wp-json\/wp\/v2\/product_tag?post=2740"},{"taxonomy":"yst_prominent_words","embeddable":true,"href":"https:\/\/encinardeljamon.com\/pt\/wp-json\/wp\/v2\/yst_prominent_words?post=2740"}],"curies":[{"name":"wp","href":"https:\/\/api.w.org\/{rel}","templated":true}]}}