{"id":2738,"date":"2022-10-16T21:39:12","date_gmt":"2022-10-16T21:39:12","guid":{"rendered":"https:\/\/encinardeljamon.com\/?post_type=product&#038;p=2738"},"modified":"2025-11-07T23:06:02","modified_gmt":"2025-11-07T23:06:02","slug":"st-bernardus-6-cervezas-2-vasos","status":"publish","type":"product","link":"https:\/\/encinardeljamon.com\/pt\/product\/st-bernardus-6-cervezas-2-vasos\/","title":{"rendered":"St Bernardus 6 Cervejas 2 copos"},"content":{"rendered":"<p>St Bernardus 6 Cervejas 2 copos<\/p>\n<p>\u00bfEst\u00e1s buscando cerveza para regalar? Esta cerveza de abad\u00eda St. Bernardus es el regalo perfecto para cualquier amante de la cerveza belga. Contiene 6 cervezas St Bernardus (2x Prior 8, 2x ABT 12, 2x Tripel) y dos copas originales de 15 cl dise\u00f1adas especialmente para su degustaci\u00f3n.<br \/>\nSt. Bernardus Prior 8 \u00e9 uma cerveja de estilo Abbey Dubbel, fermentada no topo com fermenta\u00e7\u00e3o secund\u00e1ria na garrafa. \u00c9 fabricada com \u00e1gua pura dos po\u00e7os da Abadia de S\u00e3o Bernardo, l\u00fapulo local e uma extraordin\u00e1ria estirpe de levedura pr\u00f3pria. Apresenta uma cor mogno com reflexos \u00e2mbar e uma fina espuma bege. O aroma \u00e9 frutado, com notas de sultanas, malte, especiarias e l\u00fapulo. O paladar \u00e9 quente com chocolate, especiarias e notas de malte e levedura. Teor alco\u00f3lico: 8 proof.<br \/>\nA St. Bernardus ABT 12 \u00e9 uma cerveja de estilo Quadrupel, caracterizada pelo seu elevado teor alco\u00f3lico e sabor poderoso. \u00c9 fabricada com \u00e1gua de alta pureza proveniente dos po\u00e7os da abadia e \u00e9 submetida a uma segunda fermenta\u00e7\u00e3o em garrafa. Apresenta uma cor mogno, opaca, com uma espuma m\u00e9dia de cor marfim. Aroma maltado, com notas fumadas, de especiarias, frutadas e florais. Sabor agrad\u00e1vel e complexo, com predomin\u00e2ncia de notas doces de caramelo, malte e levedura e um fundo de caf\u00e9. Teor alco\u00f3lico: 10 proof.<br \/>\nA St. Bernardus Tripel \u00e9 uma cerveja de estilo Abbey Tripel, criada de acordo com uma receita pr\u00f3pria de Guy Claus, o mestre cervejeiro da St Bernard, e inspirada na sua colabora\u00e7\u00e3o com o mestre cervejeiro da St Sixtus. Tal como as outras St Bernardus, \u00e9 fabricada com \u00e1gua do subsolo de Watou e sofre uma fermenta\u00e7\u00e3o secund\u00e1ria na garrafa. Apresenta uma cor \u00e2mbar com reflexos de mogno e uma espuma branca rica. Apresenta aromas florais e frutados com presen\u00e7a de banana e \u00e1lcool. Sabor leve e muito equilibrado de l\u00fapulo e malte. Teor alco\u00f3lico: 8 graus.<br \/>\nBrouwerij St Bernardus<\/p>\n<p>A hist\u00f3ria destas cervejas come\u00e7a quando a queijaria do Ref\u00fagio Notre Dame de St. Bernard, em Watou, recebeu uma licen\u00e7a para fabricar as cervejas do mosteiro trapista de St. Sixtus, em Westvleteren, na condi\u00e7\u00e3o de a sua produ\u00e7\u00e3o ser efectuada sob a supervis\u00e3o dos monges de St. Sixtus e apenas ser vendida a algumas tabernas pr\u00f3ximas. Em 1992, a licen\u00e7a foi rescindida e o nome das cervejas foi alterado para St Bernardus. As cervejas continuaram a ser fabricadas de acordo com as receitas de St. Sixtus de Westvleteren e utilizando a sua levedura original. As cervejas St. Bernardus s\u00e3o de enorme qualidade e s\u00e3o consideradas entre as melhores do mundo.<\/p>\n<p>Recomendamos<\/p>\n<p>S\u00e3o Bernardo Prior 8<\/p>\n<p>St. Bernardus Tripel<\/p>\n<p>S\u00e3o Bernardo Pater 6<\/p>","protected":false},"excerpt":{"rendered":"<p>St Bernardus 6 Cervezas 2 copas \u00bfEst\u00e1s buscando cerveza para regalar? Esta cerveza de abad\u00eda St. Bernardus es el regalo perfecto para cualquier amante de la cerveza belga. Contiene 6 cervezas St Bernardus (2x Prior 8, 2x ABT 12, 2x Tripel) y dos copas originales de 15 cl dise\u00f1adas especialmente para su degustaci\u00f3n. St. Bernardus &hellip;<\/p>\n<p class=\"read-more\"> <a class=\"\" href=\"https:\/\/encinardeljamon.com\/pt\/product\/st-bernardus-6-cervezas-2-vasos\/\"> <span class=\"screen-reader-text\">St Bernardus 6 Cervejas 2 copos<\/span> Ler mais \"<\/a><\/p>","protected":false},"featured_media":2739,"comment_status":"closed","ping_status":"closed","template":"","meta":{"site-sidebar-layout":"default","site-content-layout":"","ast-site-content-layout":"default","site-content-style":"default","site-sidebar-style":"default","ast-global-header-display":"","ast-banner-title-visibility":"","ast-main-header-display":"","ast-hfb-above-header-display":"","ast-hfb-below-header-display":"","ast-hfb-mobile-header-display":"","site-post-title":"","ast-breadcrumbs-content":"","ast-featured-img":"","footer-sml-layout":"","theme-transparent-header-meta":"default","adv-header-id-meta":"","stick-header-meta":"","header-above-stick-meta":"","header-main-stick-meta":"","header-below-stick-meta":"","astra-migrate-meta-layouts":"set","_joinchat":[]},"product_brand":[],"product_cat":[27,29],"product_tag":[],"yst_prominent_words":[],"class_list":{"0":"post-2738","1":"product","2":"type-product","3":"status-publish","4":"has-post-thumbnail","6":"product_cat-licores-vinos-y-cervezas","7":"product_cat-eventos-especiales","8":"desktop-align-left","9":"tablet-align-left","10":"mobile-align-left","12":"first","13":"instock","14":"taxable","15":"shipping-taxable","16":"purchasable","17":"product-type-simple"},"_links":{"self":[{"href":"https:\/\/encinardeljamon.com\/pt\/wp-json\/wp\/v2\/product\/2738","targetHints":{"allow":["GET"]}}],"collection":[{"href":"https:\/\/encinardeljamon.com\/pt\/wp-json\/wp\/v2\/product"}],"about":[{"href":"https:\/\/encinardeljamon.com\/pt\/wp-json\/wp\/v2\/types\/product"}],"replies":[{"embeddable":true,"href":"https:\/\/encinardeljamon.com\/pt\/wp-json\/wp\/v2\/comments?post=2738"}],"wp:featuredmedia":[{"embeddable":true,"href":"https:\/\/encinardeljamon.com\/pt\/wp-json\/wp\/v2\/media\/2739"}],"wp:attachment":[{"href":"https:\/\/encinardeljamon.com\/pt\/wp-json\/wp\/v2\/media?parent=2738"}],"wp:term":[{"taxonomy":"product_brand","embeddable":true,"href":"https:\/\/encinardeljamon.com\/pt\/wp-json\/wp\/v2\/product_brand?post=2738"},{"taxonomy":"product_cat","embeddable":true,"href":"https:\/\/encinardeljamon.com\/pt\/wp-json\/wp\/v2\/product_cat?post=2738"},{"taxonomy":"product_tag","embeddable":true,"href":"https:\/\/encinardeljamon.com\/pt\/wp-json\/wp\/v2\/product_tag?post=2738"},{"taxonomy":"yst_prominent_words","embeddable":true,"href":"https:\/\/encinardeljamon.com\/pt\/wp-json\/wp\/v2\/yst_prominent_words?post=2738"}],"curies":[{"name":"wp","href":"https:\/\/api.w.org\/{rel}","templated":true}]}}