{"id":2736,"date":"2022-10-16T21:36:48","date_gmt":"2022-10-16T21:36:48","guid":{"rendered":"https:\/\/encinardeljamon.com\/?post_type=product&#038;p=2736"},"modified":"2024-04-04T21:29:36","modified_gmt":"2024-04-04T21:29:36","slug":"rochefort-3-cervezas-2-vasos","status":"publish","type":"product","link":"https:\/\/encinardeljamon.com\/pt\/product\/rochefort-3-cervezas-2-vasos\/","title":{"rendered":"Rochefort 3 Cervejas 2 Copos"},"content":{"rendered":"<p>Pack Rochefort 3 Cervejas 2 Copos<\/p>\n<p>Procura uma cerveja para oferecer? Este pacote de cerveja Rochefort \u00e9 o presente perfeito para qualquer amante de cerveja artesanal e cerveja belga. Esta caixa cont\u00e9m 3 garrafas da aut\u00eantica cerveja trapista Rochefort de 33 cl e dois copos originais especialmente concebidos para a degusta\u00e7\u00e3o destas cervejas. As cervejas Rochefort s\u00e3o cervejas de qualidade extraordin\u00e1ria, muito apreciadas pelos amantes da cerveja em todo o mundo.<\/p>\n<p>Trapistas de Rochefort 6<\/p>\n<p>A Trappistes Rochefort 6 \u00e9 a mais antiga da gama Rochefort: foi fabricada pela primeira vez em 1958. \u00c9 uma das melhores cervejas do seu estilo. A Rochefort 6 \u00e9 uma cerveja de fermenta\u00e7\u00e3o superior com fermenta\u00e7\u00e3o secund\u00e1ria na garrafa, n\u00e3o filtrada, do estilo Belgian Strong Ale. Tem um aspeto turvo, uma cor avermelhada com reflexos \u00e2mbar e uma espuma bege muito persistente. Apresenta um aroma intenso a malte torrado com notas frutadas e um paladar suave e equilibrado. 7,5% alc\/vol.<\/p>\n<p>Trapistas de Rochefort 8<\/p>\n<p>A Trappistes Rochefort 8 \u00e9 tamb\u00e9m conhecida como \"La Speciale\". Inicialmente fabricada sazonalmente na \u00e9poca do Natal, era a cerveja mais recente da gama at\u00e9 ao lan\u00e7amento da Trappistes Rochefort Triple Extra em 2020. Esta Strong Dark Ale \u00e9 fabricada por fermenta\u00e7\u00e3o superior com fermenta\u00e7\u00e3o secund\u00e1ria na garrafa. \u00c9 uma cerveja de cor mogno com reflexos \u00e2mbar e espuma bege densa. O aroma \u00e9 doce, com notas frutadas intensas e toques de caramelo e madeira. Na boca \u00e9 cremosa, com um sabor doce e picante. 9,2% alc\/vol.<\/p>\n<p>Trapistas de Rochefort 10<\/p>\n<p>A Trappistes Rochefort 10 foi lan\u00e7ada em 1952 e \u00e9 a cerveja mais forte e mais complexa da gama. \u00c9 uma extraordin\u00e1ria cerveja de estilo Quadrupel fabricada com malte Pils e malte de caramelo. Apresenta uma cor escura com reflexos de mogno e uma espuma densa e cremosa. Tem um aroma intenso e complexo de levedura, nozes, especiarias e chocolate preto. O paladar \u00e9 sedoso e doce com um toque de l\u00fapulo. 11,3% alc\/vol.<\/p>\n<p>Brasserie Rochefort<\/p>\n<p>S\u00e3o fabricadas pela Brasserie Rochefort, uma f\u00e1brica de cerveja trapista situada na abadia de Notre-Dame de Saint-R\u00e9my, fundada em 1230, perto da cidade de Rochefort. A Brasserie Rochefort fabrica cerveja desde 1595. Durante a Revolu\u00e7\u00e3o Francesa, a regi\u00e3o foi ocupada pelas tropas francesas e a abadia foi saqueada pelos seus habitantes.<\/p>\n<p>Em 1899, a cervejaria foi reconstru\u00edda, mas foi novamente ocupada durante a Primeira Guerra Mundial. Ap\u00f3s a Segunda Guerra Mundial, os monges trapistas de Chimay ajudaram os monges de Rochefort a melhorar a qualidade das suas cervejas, dando origem \u00e0s cervejas que conhecemos atualmente.<\/p>","protected":false},"excerpt":{"rendered":"<p>Pack Rochefort 3 Cervejas 2 Copos Est\u00e1 \u00e0 procura de cerveja para oferecer? Este pack de cerveja Rochefort \u00e9 o presente perfeito para qualquer amante de cerveja artesanal e cerveja belga. Esta caixa cont\u00e9m 3 garrafas de cerveja trapista aut\u00eantica Rochefort Trappist de 33cl e dois copos originais especialmente concebidos para provar estas cervejas. ...<\/p>\n<p class=\"read-more\"> <a class=\"\" href=\"https:\/\/encinardeljamon.com\/pt\/product\/rochefort-3-cervezas-2-vasos\/\"> <span class=\"screen-reader-text\">Rochefort 3 Cervejas 2 Copos<\/span> Ler mais \"<\/a><\/p>","protected":false},"featured_media":2737,"comment_status":"closed","ping_status":"closed","template":"","meta":{"site-sidebar-layout":"default","site-content-layout":"","ast-site-content-layout":"default","site-content-style":"default","site-sidebar-style":"default","ast-global-header-display":"","ast-banner-title-visibility":"","ast-main-header-display":"","ast-hfb-above-header-display":"","ast-hfb-below-header-display":"","ast-hfb-mobile-header-display":"","site-post-title":"","ast-breadcrumbs-content":"","ast-featured-img":"","footer-sml-layout":"","theme-transparent-header-meta":"default","adv-header-id-meta":"","stick-header-meta":"","header-above-stick-meta":"","header-main-stick-meta":"","header-below-stick-meta":"","astra-migrate-meta-layouts":"set","_joinchat":[]},"product_brand":[],"product_cat":[27,29],"product_tag":[],"yst_prominent_words":[],"class_list":{"0":"post-2736","1":"product","2":"type-product","3":"status-publish","4":"has-post-thumbnail","6":"product_cat-licores-vinos-y-cervezas","7":"product_cat-eventos-especiales","8":"desktop-align-left","9":"tablet-align-left","10":"mobile-align-left","12":"first","13":"instock","14":"taxable","15":"shipping-taxable","16":"purchasable","17":"product-type-simple"},"_links":{"self":[{"href":"https:\/\/encinardeljamon.com\/pt\/wp-json\/wp\/v2\/product\/2736","targetHints":{"allow":["GET"]}}],"collection":[{"href":"https:\/\/encinardeljamon.com\/pt\/wp-json\/wp\/v2\/product"}],"about":[{"href":"https:\/\/encinardeljamon.com\/pt\/wp-json\/wp\/v2\/types\/product"}],"replies":[{"embeddable":true,"href":"https:\/\/encinardeljamon.com\/pt\/wp-json\/wp\/v2\/comments?post=2736"}],"wp:featuredmedia":[{"embeddable":true,"href":"https:\/\/encinardeljamon.com\/pt\/wp-json\/wp\/v2\/media\/2737"}],"wp:attachment":[{"href":"https:\/\/encinardeljamon.com\/pt\/wp-json\/wp\/v2\/media?parent=2736"}],"wp:term":[{"taxonomy":"product_brand","embeddable":true,"href":"https:\/\/encinardeljamon.com\/pt\/wp-json\/wp\/v2\/product_brand?post=2736"},{"taxonomy":"product_cat","embeddable":true,"href":"https:\/\/encinardeljamon.com\/pt\/wp-json\/wp\/v2\/product_cat?post=2736"},{"taxonomy":"product_tag","embeddable":true,"href":"https:\/\/encinardeljamon.com\/pt\/wp-json\/wp\/v2\/product_tag?post=2736"},{"taxonomy":"yst_prominent_words","embeddable":true,"href":"https:\/\/encinardeljamon.com\/pt\/wp-json\/wp\/v2\/yst_prominent_words?post=2736"}],"curies":[{"name":"wp","href":"https:\/\/api.w.org\/{rel}","templated":true}]}}