{"id":2731,"date":"2022-10-16T21:31:55","date_gmt":"2022-10-16T21:31:55","guid":{"rendered":"https:\/\/encinardeljamon.com\/?post_type=product&#038;p=2731"},"modified":"2024-04-04T21:26:20","modified_gmt":"2024-04-04T21:26:20","slug":"la-chouffe-blond-4-33cl-1-vaso","status":"publish","type":"product","link":"https:\/\/encinardeljamon.com\/pt\/product\/la-chouffe-blond-4-33cl-1-vaso\/","title":{"rendered":"La Chouffe blond 4 X 33 CL. 1 copo"},"content":{"rendered":"<p>Embalar La Chouffe 4 Cervejas 1 Vidro<br \/>\n<em><strong>N\u00e3o cont\u00e9m o estojo\u00a0<\/strong><\/em><br \/>\nEste pacote cont\u00e9m 1 garrafa de cerveja La Chouffe Blonde 33 cl, 1 garrafa de cerveja Chouffe blanche 33 cl, 1 cerveja Chouffe Houblon 33 cl, 1 cerveja Mc Chouffe 33 cl e um copo original especialmente concebido para a degusta\u00e7\u00e3o destas cervejas.<\/p>\n<p>La Chouffe Loira<\/p>\n<p>A Brasserie D'Achouffe, o carro-chefe da La Chouffe, \u00e9 uma cerveja forte belga n\u00e3o filtrada, fermentada de cima, fermentada de baixo. Esta cerveja forte \u00e9 fabricada com ingredientes naturais da mais alta qualidade, incluindo \u00e1gua, levedura, malte de cevada, coentros e Saaz, l\u00fapulo Styrian Golding. Tem um aspecto nublado e uma cor dourada com uma cabe\u00e7a densa e persistente. Apresenta aromas frutados com notas c\u00edtricas e uma pitada de coentros. O sabor \u00e9 suave e agradavelmente maltado e frutado. 8% alc\/vol.<\/p>\n<p>Chouffe Blanche<\/p>\n<p>Uma cerveja de trigo n\u00e3o filtrada ao estilo Witbier fabricada com malte de cevada p\u00e1lido, malte de trigo, l\u00fapulo Perle, coentros e sementes de lim\u00e3o. O sabor \u00e9 suave, picante e muito refrescante, com notas de citrinos e coentros. Melhor servido a uma temperatura de 6\u00ba C. 6% alc\/vol.<\/p>\n<p>Chouffe Houblon<\/p>\n<p>Uma cerveja artesanal belga Tripel IPA que recria a amargura dos IPAs usando tr\u00eas tipos diferentes de l\u00fapulo: Tomahawk, Saaz e Amarillo. O resultado \u00e9 uma cerveja intensa com um aroma picante, c\u00edtrico e floral e uma forte presen\u00e7a amarga. Tem um aspecto nublado com uma cor dourada e uma cabe\u00e7a densa e persistente. O aroma \u00e9 perfumado, herb\u00e1ceo e c\u00edtrico com um fundo picante. No paladar \u00e9 amargo, c\u00edtrico e herbal com notas de toranja e pouca presen\u00e7a alco\u00f3lica. Acabamento amargo e persistente. 9% alc\/vol.<\/p>\n<p>Mc Chouffe<\/p>\n<p>Uma cerveja fermentada de topo com fermenta\u00e7\u00e3o secund\u00e1ria na garrafa, inspirada na Scotch Ale da Esc\u00f3cia, um estilo de cerveja muito comum na prov\u00edncia da Val\u00f3nia. \u00c9 fabricada com l\u00fapulo Styrians e Saaz, maltes Pilsen e a\u00e7\u00facar doce. O resultado \u00e9 uma cerveja escura, potente e encorpada com notas de alca\u00e7uz e caramelo de anis. 8% alc\/vol.<\/p>\n<p>Brasserie D'Achouffe<\/p>\n<p>A hist\u00f3ria da Brasserie D'Achouffe come\u00e7ou na d\u00e9cada de 1970, quando os dois cunhados Pierre Gobron e Chris Bauweraerts come\u00e7aram a fabricar cerveja numa garagem. Gradualmente, as suas cervejas tornaram-se um sucesso e, em 1986, decidiram entrar em pleno fabrico de cerveja. Em 1992, a produ\u00e7\u00e3o aumentou de 3400 para 5000 hectolitros por ano e em Maio de 2009 come\u00e7aram a produzir 33 garrafas de cl. Hoje a Brasserie D'Achouffe pertence ao grupo cervejeiro Duvel Moortgat. A hist\u00f3ria das cervejas Chouffe est\u00e1 ligada \u00e0 lenda dos gnomos do Vall\u00e9e des F\u00e9es, segundo a qual os gnomos decidiram partilhar a sua receita secreta com os humanos como um s\u00edmbolo de amizade.<\/p>","protected":false},"excerpt":{"rendered":"<p>Pack La Chouffe 4 Cervejas 1 Copo N\u00e3o cont\u00e9m o estojo Este pack cont\u00e9m 1 garrafa de cerveja La Chouffe Blonde 33 cl, 1 garrafa de cerveja Chouffe blanche 33 cl, 1 cerveja Chouffe Houblon 33 cl, 1 cerveja Mc Chouffe 33 cl e um copo original especialmente concebido para provar a cerveja e um ...<\/p>\n<p class=\"read-more\"> <a class=\"\" href=\"https:\/\/encinardeljamon.com\/pt\/product\/la-chouffe-blond-4-33cl-1-vaso\/\"> <span class=\"screen-reader-text\">La Chouffe blond 4 X 33 CL. 1 copo<\/span> Ler mais \"<\/a><\/p>","protected":false},"featured_media":2732,"comment_status":"closed","ping_status":"closed","template":"","meta":{"site-sidebar-layout":"default","site-content-layout":"","ast-site-content-layout":"default","site-content-style":"default","site-sidebar-style":"default","ast-global-header-display":"","ast-banner-title-visibility":"","ast-main-header-display":"","ast-hfb-above-header-display":"","ast-hfb-below-header-display":"","ast-hfb-mobile-header-display":"","site-post-title":"","ast-breadcrumbs-content":"","ast-featured-img":"","footer-sml-layout":"","theme-transparent-header-meta":"default","adv-header-id-meta":"","stick-header-meta":"","header-above-stick-meta":"","header-main-stick-meta":"","header-below-stick-meta":"","astra-migrate-meta-layouts":"set","_joinchat":[]},"product_brand":[],"product_cat":[27,29],"product_tag":[],"yst_prominent_words":[],"class_list":{"0":"post-2731","1":"product","2":"type-product","3":"status-publish","4":"has-post-thumbnail","6":"product_cat-licores-vinos-y-cervezas","7":"product_cat-eventos-especiales","8":"desktop-align-left","9":"tablet-align-left","10":"mobile-align-left","12":"first","13":"instock","14":"taxable","15":"shipping-taxable","16":"purchasable","17":"product-type-simple"},"_links":{"self":[{"href":"https:\/\/encinardeljamon.com\/pt\/wp-json\/wp\/v2\/product\/2731","targetHints":{"allow":["GET"]}}],"collection":[{"href":"https:\/\/encinardeljamon.com\/pt\/wp-json\/wp\/v2\/product"}],"about":[{"href":"https:\/\/encinardeljamon.com\/pt\/wp-json\/wp\/v2\/types\/product"}],"replies":[{"embeddable":true,"href":"https:\/\/encinardeljamon.com\/pt\/wp-json\/wp\/v2\/comments?post=2731"}],"wp:featuredmedia":[{"embeddable":true,"href":"https:\/\/encinardeljamon.com\/pt\/wp-json\/wp\/v2\/media\/2732"}],"wp:attachment":[{"href":"https:\/\/encinardeljamon.com\/pt\/wp-json\/wp\/v2\/media?parent=2731"}],"wp:term":[{"taxonomy":"product_brand","embeddable":true,"href":"https:\/\/encinardeljamon.com\/pt\/wp-json\/wp\/v2\/product_brand?post=2731"},{"taxonomy":"product_cat","embeddable":true,"href":"https:\/\/encinardeljamon.com\/pt\/wp-json\/wp\/v2\/product_cat?post=2731"},{"taxonomy":"product_tag","embeddable":true,"href":"https:\/\/encinardeljamon.com\/pt\/wp-json\/wp\/v2\/product_tag?post=2731"},{"taxonomy":"yst_prominent_words","embeddable":true,"href":"https:\/\/encinardeljamon.com\/pt\/wp-json\/wp\/v2\/yst_prominent_words?post=2731"}],"curies":[{"name":"wp","href":"https:\/\/api.w.org\/{rel}","templated":true}]}}