{"id":2725,"date":"2022-10-16T21:27:39","date_gmt":"2022-10-16T21:27:39","guid":{"rendered":"https:\/\/encinardeljamon.com\/?post_type=product&#038;p=2725"},"modified":"2024-03-24T17:08:02","modified_gmt":"2024-03-24T17:08:02","slug":"kwak-4-cervezas-33-cl-1-vaso","status":"publish","type":"product","link":"https:\/\/encinardeljamon.com\/pt\/product\/kwak-4-cervezas-33-cl-1-vaso\/","title":{"rendered":"Kwak 4 Cervejas 33cl + 1 Copo"},"content":{"rendered":"<p>(sem embalagem) (com caixa de oferta)<\/p>\n<p>&nbsp;<\/p>\n<p>Pawel Kwak<span style=\"font-size: 16px;\">\u00a0<\/span><\/p>\n<p><span style=\"font-size: 16px;\">Cerveja belga Pawel Kwak com 4 garrafas de cerveja Kwak de 33 cl e 1 copo original t\u00edpico com o seu famoso suporte de madeira.<\/span><\/p>\n<p>Kwak<\/p>\n<p>A Kwak \u00e9 uma Belgian Strong Ale, de cor \u00e2mbar, com uma espuma densa e cremosa. Tem um aroma maltado com notas de alca\u00e7uz, especiarias e caramelo. O seu sabor \u00e9 suave com um toque de citrinos. Teor alco\u00f3lico: 8,4% \u00e1lcool.<\/p>\n<p>Casa de banho Bosteels<\/p>\n<p>A Brouwerij Bosteels \u00e9 uma cervejeira fundada por Evarist Bosteels em 1791 em Bruggenhout, na B\u00e9lgica. A sua cerveja Kwak \u00e9 inspirada na hist\u00f3ria do cervejeiro e estalajadeiro de Dendermonde, Pawel Kwak. Foi ele que inventou o famoso suporte de madeira que permitia aos condutores das carruagens de correio beberem a sua cerveja sem sa\u00edrem da carruagem, uma vez que estavam proibidos por lei de abandonar o ve\u00edculo para beber. A Brouwerij Bosteels come\u00e7ou a fabricar a Kwak em 1980. Tamb\u00e9m fabrica a conhecida Tripel Karmeliet.<\/p>","protected":false},"excerpt":{"rendered":"<p>(sem embalagem) (com caixa de oferta) Cerveja belga Pawel Kwak Pawel Kwak contendo 4 garrafas de cerveja Kwak de 33 cl e 1 copo original t\u00edpico com o seu famoso suporte de madeira. A Kwak Kwak \u00e9 uma cerveja belga do tipo Strong Ale, de cor \u00e2mbar, com uma espuma densa e cremosa. Apresenta um aroma com ...<\/p>\n<p class=\"read-more\"> <a class=\"\" href=\"https:\/\/encinardeljamon.com\/pt\/product\/kwak-4-cervezas-33-cl-1-vaso\/\"> <span class=\"screen-reader-text\">Kwak 4 Cervejas 33cl + 1 Copo<\/span> Ler mais \"<\/a><\/p>","protected":false},"featured_media":2727,"comment_status":"closed","ping_status":"closed","template":"","meta":{"site-sidebar-layout":"default","site-content-layout":"","ast-site-content-layout":"default","site-content-style":"default","site-sidebar-style":"default","ast-global-header-display":"","ast-banner-title-visibility":"","ast-main-header-display":"","ast-hfb-above-header-display":"","ast-hfb-below-header-display":"","ast-hfb-mobile-header-display":"","site-post-title":"","ast-breadcrumbs-content":"","ast-featured-img":"","footer-sml-layout":"","theme-transparent-header-meta":"default","adv-header-id-meta":"","stick-header-meta":"","header-above-stick-meta":"","header-main-stick-meta":"","header-below-stick-meta":"","astra-migrate-meta-layouts":"set","_joinchat":[]},"product_brand":[],"product_cat":[27,29],"product_tag":[],"yst_prominent_words":[],"class_list":{"0":"post-2725","1":"product","2":"type-product","3":"status-publish","4":"has-post-thumbnail","6":"product_cat-licores-vinos-y-cervezas","7":"product_cat-eventos-especiales","8":"desktop-align-left","9":"tablet-align-left","10":"mobile-align-left","12":"first","13":"instock","14":"taxable","15":"shipping-taxable","16":"purchasable","17":"product-type-simple"},"_links":{"self":[{"href":"https:\/\/encinardeljamon.com\/pt\/wp-json\/wp\/v2\/product\/2725","targetHints":{"allow":["GET"]}}],"collection":[{"href":"https:\/\/encinardeljamon.com\/pt\/wp-json\/wp\/v2\/product"}],"about":[{"href":"https:\/\/encinardeljamon.com\/pt\/wp-json\/wp\/v2\/types\/product"}],"replies":[{"embeddable":true,"href":"https:\/\/encinardeljamon.com\/pt\/wp-json\/wp\/v2\/comments?post=2725"}],"wp:featuredmedia":[{"embeddable":true,"href":"https:\/\/encinardeljamon.com\/pt\/wp-json\/wp\/v2\/media\/2727"}],"wp:attachment":[{"href":"https:\/\/encinardeljamon.com\/pt\/wp-json\/wp\/v2\/media?parent=2725"}],"wp:term":[{"taxonomy":"product_brand","embeddable":true,"href":"https:\/\/encinardeljamon.com\/pt\/wp-json\/wp\/v2\/product_brand?post=2725"},{"taxonomy":"product_cat","embeddable":true,"href":"https:\/\/encinardeljamon.com\/pt\/wp-json\/wp\/v2\/product_cat?post=2725"},{"taxonomy":"product_tag","embeddable":true,"href":"https:\/\/encinardeljamon.com\/pt\/wp-json\/wp\/v2\/product_tag?post=2725"},{"taxonomy":"yst_prominent_words","embeddable":true,"href":"https:\/\/encinardeljamon.com\/pt\/wp-json\/wp\/v2\/yst_prominent_words?post=2725"}],"curies":[{"name":"wp","href":"https:\/\/api.w.org\/{rel}","templated":true}]}}