{"id":2722,"date":"2022-10-16T21:25:23","date_gmt":"2022-10-16T21:25:23","guid":{"rendered":"https:\/\/encinardeljamon.com\/?post_type=product&#038;p=2722"},"modified":"2024-04-04T21:25:29","modified_gmt":"2024-04-04T21:25:29","slug":"kwak-2-cervezas-33-cl-1-vaso","status":"publish","type":"product","link":"https:\/\/encinardeljamon.com\/pt\/product\/kwak-2-cervezas-33-cl-1-vaso\/","title":{"rendered":"Kwak 2 cervejas 33 CL 1 copo"},"content":{"rendered":"<p>Pack Kwak 2 Cervejas 33 cl 1 Copo<\/p>\n<p>Esta caixa cont\u00e9m 2 garrafas de cerveja belga Pawel Kwak de 33 cl e um copo original de 20 cl especialmente concebido para a degusta\u00e7\u00e3o desta cerveja.<\/p>\n<p>Pauwel Kwak<\/p>\n<p>A Kwak \u00e9 uma cerveja de estilo Amber Ale, famosa pelo seu suporte de vidro \"Koetsiersglas\". \u00c9 fabricada atrav\u00e9s da combina\u00e7\u00e3o de tr\u00eas tipos de malte e tem uma cor \u00e2mbar com uma espuma densa e cremosa. Tem um aroma leve e doce a malte, alca\u00e7uz e caramelo e, no paladar, apresenta notas de caramelo e mel com um toque de citrinos. Teor alco\u00f3lico: 8 proof.<\/p>\n<p>Casa de banho Bosteels<\/p>\n<p>\u00c9 fabricada pela Brouwerij Bosteels desde 1980 em Buggenhout, na B\u00e9lgica, onde tamb\u00e9m \u00e9 produzida a famosa Tripel Karmeliet. Esta cerveja e o seu copo ic\u00f3nico com suporte de madeira s\u00e3o inspirados na hist\u00f3ria do cervejeiro Pauwel Kwak que, para al\u00e9m de fabricar a sua pr\u00f3pria cerveja, era propriet\u00e1rio de uma taberna chamada De Hoorn em Dendermonde, a meio caminho entre Gante e Michelen.<\/p>\n<p>Esta taberna era uma paragem regular para as carruagens puxadas por cavalos do correio. Devido a uma lei napole\u00f3nica, os condutores n\u00e3o podiam deixar a carruagem para descansar na taberna, pelo que n\u00e3o podiam beber. Kwak concebeu um suporte para fixar na carruagem, onde a cerveja podia ser atrelada. Desta forma, os condutores podiam beber sem sair da carruagem.<\/p>","protected":false},"excerpt":{"rendered":"<p>Pack Kwak 2 Cervejas 33 cl 1 Copo Esta caixa cont\u00e9m 2 garrafas de cerveja belga Pawel Kwak de 33 cl e um copo original de 20 cl especialmente concebido para provar esta cerveja. Pauwel Kwak Kwak \u00e9 uma cerveja de estilo Amber Ale, famosa pelo seu copo com suporte conhecido como \"Koetsiersglas\". \u00c9 fabricada ...<\/p>\n<p class=\"read-more\"> <a class=\"\" href=\"https:\/\/encinardeljamon.com\/pt\/product\/kwak-2-cervezas-33-cl-1-vaso\/\"> <span class=\"screen-reader-text\">Kwak 2 cervejas 33 CL 1 copo<\/span> Ler mais \"<\/a><\/p>","protected":false},"featured_media":2723,"comment_status":"closed","ping_status":"closed","template":"","meta":{"site-sidebar-layout":"default","site-content-layout":"","ast-site-content-layout":"default","site-content-style":"default","site-sidebar-style":"default","ast-global-header-display":"","ast-banner-title-visibility":"","ast-main-header-display":"","ast-hfb-above-header-display":"","ast-hfb-below-header-display":"","ast-hfb-mobile-header-display":"","site-post-title":"","ast-breadcrumbs-content":"","ast-featured-img":"","footer-sml-layout":"","theme-transparent-header-meta":"default","adv-header-id-meta":"","stick-header-meta":"","header-above-stick-meta":"","header-main-stick-meta":"","header-below-stick-meta":"","astra-migrate-meta-layouts":"set","_joinchat":[]},"product_brand":[],"product_cat":[27,29],"product_tag":[],"yst_prominent_words":[],"class_list":{"0":"post-2722","1":"product","2":"type-product","3":"status-publish","4":"has-post-thumbnail","6":"product_cat-licores-vinos-y-cervezas","7":"product_cat-eventos-especiales","8":"desktop-align-left","9":"tablet-align-left","10":"mobile-align-left","12":"first","13":"instock","14":"taxable","15":"shipping-taxable","16":"purchasable","17":"product-type-simple"},"_links":{"self":[{"href":"https:\/\/encinardeljamon.com\/pt\/wp-json\/wp\/v2\/product\/2722","targetHints":{"allow":["GET"]}}],"collection":[{"href":"https:\/\/encinardeljamon.com\/pt\/wp-json\/wp\/v2\/product"}],"about":[{"href":"https:\/\/encinardeljamon.com\/pt\/wp-json\/wp\/v2\/types\/product"}],"replies":[{"embeddable":true,"href":"https:\/\/encinardeljamon.com\/pt\/wp-json\/wp\/v2\/comments?post=2722"}],"wp:featuredmedia":[{"embeddable":true,"href":"https:\/\/encinardeljamon.com\/pt\/wp-json\/wp\/v2\/media\/2723"}],"wp:attachment":[{"href":"https:\/\/encinardeljamon.com\/pt\/wp-json\/wp\/v2\/media?parent=2722"}],"wp:term":[{"taxonomy":"product_brand","embeddable":true,"href":"https:\/\/encinardeljamon.com\/pt\/wp-json\/wp\/v2\/product_brand?post=2722"},{"taxonomy":"product_cat","embeddable":true,"href":"https:\/\/encinardeljamon.com\/pt\/wp-json\/wp\/v2\/product_cat?post=2722"},{"taxonomy":"product_tag","embeddable":true,"href":"https:\/\/encinardeljamon.com\/pt\/wp-json\/wp\/v2\/product_tag?post=2722"},{"taxonomy":"yst_prominent_words","embeddable":true,"href":"https:\/\/encinardeljamon.com\/pt\/wp-json\/wp\/v2\/yst_prominent_words?post=2722"}],"curies":[{"name":"wp","href":"https:\/\/api.w.org\/{rel}","templated":true}]}}