{"id":2719,"date":"2022-10-16T21:22:57","date_gmt":"2022-10-16T21:22:57","guid":{"rendered":"https:\/\/encinardeljamon.com\/?post_type=product&#038;p=2719"},"modified":"2024-04-04T21:26:54","modified_gmt":"2024-04-04T21:26:54","slug":"kwak-1-cerveza-2-vasos","status":"publish","type":"product","link":"https:\/\/encinardeljamon.com\/pt\/product\/kwak-1-cerveza-2-vasos\/","title":{"rendered":"Kwak 1 Cerveja 2 Copos"},"content":{"rendered":"<p>Pacote Pawel Kwak<\/p>\n<p>Procura uma cerveja para oferecer? Este pack de cerveja Kwak \u00e9 o presente perfeito para qualquer amante de cerveja belga. Caixa com uma garrafa de 75 cl de cerveja Kwak e dois copos t\u00edpicos originais. Suporte de madeira n\u00e3o inclu\u00eddo.<\/p>\n<p>Kwak<\/p>\n<p>A Kwak \u00e9 uma Belgian Strong Ale de cor \u00e2mbar com reflexos avermelhados e uma espuma cremosa e persistente. O seu aroma tem notas de malte, alca\u00e7uz, especiarias e caramelo. No paladar \u00e9 muito equilibrada e suave, com notas c\u00edtricas e doces. Teor alco\u00f3lico: 8,4 proof.<\/p>\n<p>Casa de banho Bosteels<\/p>\n<p>A Brouwerij Bosteels foi fundada em 1791 em Bruggenhout por Evarist Bosteels. A cerveja Kwak \u00e9 inspirada na hist\u00f3ria do cervejeiro Pawel Kwak, de Dendermonde, do s\u00e9culo XVIII. Este cervejeiro n\u00e3o s\u00f3 fabricava cerveja, como tamb\u00e9m era propriet\u00e1rio de uma estalagem entre Michelen e Gand, onde as carruagens puxadas por cavalos do correio paravam para descansar. Devido a uma lei napole\u00f3nica, os condutores das carruagens estavam proibidos de descer das mesmas, pelo que n\u00e3o lhes era poss\u00edvel desfrutar da cerveja na estalagem. Kwak inventou um suporte para que o copo pudesse ser preso \u00e0 carruagem, de modo a que o condutor pudesse beber sem sair do ve\u00edculo.<\/p>\n<p>Esta hist\u00f3ria inspirou a Brouwerij Bosteels a come\u00e7ar a fabricar a Kwak em 1980. Esta cervejaria belga tamb\u00e9m produz a popular Tripel Karmeliet. A cervejaria pertence \u00e0 fam\u00edlia Bosteels h\u00e1 200 anos e est\u00e1 atualmente na sua s\u00e9tima gera\u00e7\u00e3o.<\/p>","protected":false},"excerpt":{"rendered":"<p>Pack Pawel Kwak Est\u00e1 \u00e0 procura de cerveja para oferecer? Este pack de cerveja Kwak \u00e9 o presente perfeito para qualquer amante de cerveja belga. A caixa cont\u00e9m uma garrafa de 75 cl de cerveja Kwak e dois copos originais t\u00edpicos. Suporte de madeira n\u00e3o inclu\u00eddo. A Kwak Kwak \u00e9 uma cerveja belga ao estilo belga e ...<\/p>\n<p class=\"read-more\"> <a class=\"\" href=\"https:\/\/encinardeljamon.com\/pt\/product\/kwak-1-cerveza-2-vasos\/\"> <span class=\"screen-reader-text\">Kwak 1 Cerveja 2 Copos<\/span> Ler mais \"<\/a><\/p>","protected":false},"featured_media":2720,"comment_status":"closed","ping_status":"closed","template":"","meta":{"site-sidebar-layout":"default","site-content-layout":"","ast-site-content-layout":"default","site-content-style":"default","site-sidebar-style":"default","ast-global-header-display":"","ast-banner-title-visibility":"","ast-main-header-display":"","ast-hfb-above-header-display":"","ast-hfb-below-header-display":"","ast-hfb-mobile-header-display":"","site-post-title":"","ast-breadcrumbs-content":"","ast-featured-img":"","footer-sml-layout":"","theme-transparent-header-meta":"default","adv-header-id-meta":"","stick-header-meta":"","header-above-stick-meta":"","header-main-stick-meta":"","header-below-stick-meta":"","astra-migrate-meta-layouts":"set","_joinchat":[]},"product_brand":[],"product_cat":[27,29],"product_tag":[],"yst_prominent_words":[],"class_list":{"0":"post-2719","1":"product","2":"type-product","3":"status-publish","4":"has-post-thumbnail","6":"product_cat-licores-vinos-y-cervezas","7":"product_cat-eventos-especiales","8":"desktop-align-left","9":"tablet-align-left","10":"mobile-align-left","12":"first","13":"instock","14":"taxable","15":"shipping-taxable","16":"purchasable","17":"product-type-simple"},"_links":{"self":[{"href":"https:\/\/encinardeljamon.com\/pt\/wp-json\/wp\/v2\/product\/2719","targetHints":{"allow":["GET"]}}],"collection":[{"href":"https:\/\/encinardeljamon.com\/pt\/wp-json\/wp\/v2\/product"}],"about":[{"href":"https:\/\/encinardeljamon.com\/pt\/wp-json\/wp\/v2\/types\/product"}],"replies":[{"embeddable":true,"href":"https:\/\/encinardeljamon.com\/pt\/wp-json\/wp\/v2\/comments?post=2719"}],"wp:featuredmedia":[{"embeddable":true,"href":"https:\/\/encinardeljamon.com\/pt\/wp-json\/wp\/v2\/media\/2720"}],"wp:attachment":[{"href":"https:\/\/encinardeljamon.com\/pt\/wp-json\/wp\/v2\/media?parent=2719"}],"wp:term":[{"taxonomy":"product_brand","embeddable":true,"href":"https:\/\/encinardeljamon.com\/pt\/wp-json\/wp\/v2\/product_brand?post=2719"},{"taxonomy":"product_cat","embeddable":true,"href":"https:\/\/encinardeljamon.com\/pt\/wp-json\/wp\/v2\/product_cat?post=2719"},{"taxonomy":"product_tag","embeddable":true,"href":"https:\/\/encinardeljamon.com\/pt\/wp-json\/wp\/v2\/product_tag?post=2719"},{"taxonomy":"yst_prominent_words","embeddable":true,"href":"https:\/\/encinardeljamon.com\/pt\/wp-json\/wp\/v2\/yst_prominent_words?post=2719"}],"curies":[{"name":"wp","href":"https:\/\/api.w.org\/{rel}","templated":true}]}}