{"id":2716,"date":"2022-10-16T21:20:56","date_gmt":"2022-10-16T21:20:56","guid":{"rendered":"https:\/\/encinardeljamon.com\/?post_type=product&#038;p=2716"},"modified":"2024-04-04T21:27:21","modified_gmt":"2024-04-04T21:27:21","slug":"kasteel-4-cervezas-33-cl-1-copa","status":"publish","type":"product","link":"https:\/\/encinardeljamon.com\/pt\/product\/kasteel-4-cervezas-33-cl-1-copa\/","title":{"rendered":"Kasteel 4 Cervejas 33 cl 1 Copo"},"content":{"rendered":"<p>Pack Kasteel 4 Cervejas 33 cl 1 Copo<\/p>\n<p>Procura uma cerveja para oferecer? Este pacote Kasteelbier \u00e9 o presente perfeito para qualquer amante de cerveja belga. Esta caixa cont\u00e9m quatro garrafas de 33 cl de cerveja Kasteel (2 Kasteel Triple e 2 Kasteel Donker) e um copo original.<\/p>\n<p>Kasteel Tripel<\/p>\n<p>A Kasteel Tripel \u00e9 uma cerveja belga do estilo Triple. Apresenta uma cor dourada com reflexos alaranjados e uma espuma densa e cremosa. O seu aroma apresenta notas de l\u00fapulo, ervas, baunilha e malte com um toque frutado. O paladar \u00e9 robusto, com um sabor c\u00edtrico e frutado. Teor alco\u00f3lico: 11 proof.<\/p>\n<p>Kasteel Donker<\/p>\n<p>A Kasteel Donker foi lan\u00e7ada em 1989 e foi a primeira cerveja da gama Kasteel a ser fabricada pela Kasteel Brouwerij Van Honsebrouck. \u00c9 uma cerveja escura belga de estilo Quadrupel, com um perfil forte e robusto e um aroma de malte torrado e caf\u00e9. O seu sabor \u00e9 doce, com notas torradas de caramelo, caf\u00e9 e chocolate. Teor alco\u00f3lico: 11 proof.<\/p>\n<p>Kasteel Brouwerij Van Honsebrouck<\/p>\n<p>A Kasteel Brouwerij Van Honsebrouck \u00e9 uma cervejaria belga familiar situada em Emelgem, conhecida como a cervejaria mais moderna da Europa. Para al\u00e9m das cervejas Kasteel, o seu cat\u00e1logo inclui outras grandes cervejas, como a Bacchus, a Brigand e a Filou, entre outras.<\/p>","protected":false},"excerpt":{"rendered":"<p>Kasteel Pack 4 Cervejas 33 cl 1 Copo Est\u00e1 \u00e0 procura de cerveja para oferecer? Este pack Kasteelbier \u00e9 o presente perfeito para qualquer amante de cerveja belga. Esta caixa cont\u00e9m quatro garrafas de 33 cl de cerveja Kasteel (2 Kasteel Tripel e 2 Kasteel Donker) e um copo original. Kasteel Tripel Kasteel Tripel Kasteel Tripel Kasteel Tripel ...<\/p>\n<p class=\"read-more\"> <a class=\"\" href=\"https:\/\/encinardeljamon.com\/pt\/product\/kasteel-4-cervezas-33-cl-1-copa\/\"> <span class=\"screen-reader-text\">Kasteel 4 Cervejas 33 cl 1 Copo<\/span> Ler mais \"<\/a><\/p>","protected":false},"featured_media":2718,"comment_status":"closed","ping_status":"closed","template":"","meta":{"site-sidebar-layout":"default","site-content-layout":"","ast-site-content-layout":"default","site-content-style":"default","site-sidebar-style":"default","ast-global-header-display":"","ast-banner-title-visibility":"","ast-main-header-display":"","ast-hfb-above-header-display":"","ast-hfb-below-header-display":"","ast-hfb-mobile-header-display":"","site-post-title":"","ast-breadcrumbs-content":"","ast-featured-img":"","footer-sml-layout":"","theme-transparent-header-meta":"default","adv-header-id-meta":"","stick-header-meta":"","header-above-stick-meta":"","header-main-stick-meta":"","header-below-stick-meta":"","astra-migrate-meta-layouts":"set","_joinchat":[]},"product_brand":[],"product_cat":[27,29],"product_tag":[],"yst_prominent_words":[],"class_list":{"0":"post-2716","1":"product","2":"type-product","3":"status-publish","4":"has-post-thumbnail","6":"product_cat-licores-vinos-y-cervezas","7":"product_cat-eventos-especiales","8":"desktop-align-left","9":"tablet-align-left","10":"mobile-align-left","12":"first","13":"instock","14":"taxable","15":"shipping-taxable","16":"purchasable","17":"product-type-simple"},"_links":{"self":[{"href":"https:\/\/encinardeljamon.com\/pt\/wp-json\/wp\/v2\/product\/2716","targetHints":{"allow":["GET"]}}],"collection":[{"href":"https:\/\/encinardeljamon.com\/pt\/wp-json\/wp\/v2\/product"}],"about":[{"href":"https:\/\/encinardeljamon.com\/pt\/wp-json\/wp\/v2\/types\/product"}],"replies":[{"embeddable":true,"href":"https:\/\/encinardeljamon.com\/pt\/wp-json\/wp\/v2\/comments?post=2716"}],"wp:featuredmedia":[{"embeddable":true,"href":"https:\/\/encinardeljamon.com\/pt\/wp-json\/wp\/v2\/media\/2718"}],"wp:attachment":[{"href":"https:\/\/encinardeljamon.com\/pt\/wp-json\/wp\/v2\/media?parent=2716"}],"wp:term":[{"taxonomy":"product_brand","embeddable":true,"href":"https:\/\/encinardeljamon.com\/pt\/wp-json\/wp\/v2\/product_brand?post=2716"},{"taxonomy":"product_cat","embeddable":true,"href":"https:\/\/encinardeljamon.com\/pt\/wp-json\/wp\/v2\/product_cat?post=2716"},{"taxonomy":"product_tag","embeddable":true,"href":"https:\/\/encinardeljamon.com\/pt\/wp-json\/wp\/v2\/product_tag?post=2716"},{"taxonomy":"yst_prominent_words","embeddable":true,"href":"https:\/\/encinardeljamon.com\/pt\/wp-json\/wp\/v2\/yst_prominent_words?post=2716"}],"curies":[{"name":"wp","href":"https:\/\/api.w.org\/{rel}","templated":true}]}}