{"id":2714,"date":"2022-10-16T21:18:43","date_gmt":"2022-10-16T21:18:43","guid":{"rendered":"https:\/\/encinardeljamon.com\/?post_type=product&#038;p=2714"},"modified":"2024-04-04T21:27:44","modified_gmt":"2024-04-04T21:27:44","slug":"gulden-draak-5-cervezas-33-cl-1-vaso","status":"publish","type":"product","link":"https:\/\/encinardeljamon.com\/pt\/product\/gulden-draak-5-cervezas-33-cl-1-vaso\/","title":{"rendered":"Gulden Draak 5 Cervejas 33 cl 1 Copo"},"content":{"rendered":"<blockquote><p>Pack Gulden Draak 5 Cervejas 33 cl 1 Copo<\/p><\/blockquote>\n<p>Procura uma cerveja para oferecer? Esta embalagem de cerveja Gulden Draak \u00e9 o presente perfeito para qualquer amante de cerveja belga. A caixa cont\u00e9m cinco garrafas de 33 cl de cerveja Gulden Draak e o t\u00edpico copo de ovo de drag\u00e3o Gulden Draak.<\/p>\n<p>1 Gulden Draak cl\u00e1ssico<\/p>\n<p>1 Gulden Draak 9000<\/p>\n<p>1 Gulden Draak fumado<\/p>\n<p>1 Gulden Draak Imperial Stout<\/p>\n<p>1 Gulden Draak Mestre cervejeiro<\/p>\n<p>Gulden Draak Cl\u00e1ssico<\/p>\n<p>A Gulden Draak Classic \u00e9 o carro-chefe da Brouwerij Van Steenberge. Esta Strong Dark Ale \u00e9 fabricada com mat\u00e9rias-primas da mais alta qualidade, tais como \u00e1gua, malte, leveduras exclusivas e l\u00fapulo nobre. Durante o processo de fabrico, \u00e9 adicionada levedura de vinho, que lhe confere o seu sabor carater\u00edstico \u00fanico. A Gulden Draak tem uma cor escura e uma espuma densa e cremosa. Tem um aroma complexo de malte, caf\u00e9 e levedura e um sabor doce de toffee e caramelo com um final amargo. 10,5% ABV.<\/p>\n<p>Gulden Draak 9000<\/p>\n<p>A Gulden Draak 9000 \u00e9 uma cerveja quadrupla belga t\u00edpica, fabricada por fermenta\u00e7\u00e3o superior e fermenta\u00e7\u00e3o secund\u00e1ria na garrafa com quatro variedades de malte. O resultado \u00e9 uma cerveja de cor \u00e2mbar com uma espuma cremosa e um aroma complexo e frutado. O paladar \u00e9 doce com um sabor de malte torrado. 10,5% ABV.<\/p>\n<p>Gulden Draak fumado<\/p>\n<p>A Gulden Draak Smoked \u00e9 fabricada atrav\u00e9s de um processo de fumagem. Este m\u00e9todo antigo de secagem do malte confere \u00e0 cerveja um sabor carater\u00edstico que a torna \u00fanica. Apresenta uma cor mogno escura com uma espuma rica. O seu aroma fumado com um toque de malte torrado combina perfeitamente com o seu sabor a fumo, caramelo e chocolate. 10,5% ABV.<\/p>\n<p>Gulden Draak Imperial Stout<\/p>\n<p>A Gulden Draak Imperial Stout \u00e9 uma Stout com um perfil poderoso, alta fermenta\u00e7\u00e3o e fermenta\u00e7\u00e3o secund\u00e1ria na garrafa. O malte de caramelo confere-lhe o seu carater\u00edstico sabor a malte torrado. \u00c9 uma cerveja de cor escura com uma espuma bege e um aroma frutado a banana e chocolate. No paladar, \u00e9 uma cerveja escura com um sabor complexo de cereais torrados, chocolate e baunilha. 12% ABV.<\/p>\n<p>Mestre cervejeiro Gulden Draak<\/p>\n<p>A Gulden Draak Brewmaster \u00e9 uma cerveja fabricada com uma base de Gulden Draak Classic envelhecida em barris de whisky. Apresenta uma cor \u00e2mbar com um aroma amadeirado, de baunilha e maltado e um sabor intenso e doce a caramelo e baunilha. Esta cerveja foi criada para homenagear os mestres cervejeiros da Brouwerij Van Steenberge em geral e Josef Van Steenberge em particular, o mestre cervejeiro da quinta gera\u00e7\u00e3o. 10,5% ABV.<\/p>","protected":false},"excerpt":{"rendered":"<p>Pack Gulden Draak 5 Cervejas 33 cl 1 Copo Est\u00e1 \u00e0 procura de cerveja para oferecer? Este pacote de cerveja Gulden Draak \u00e9 o presente perfeito para qualquer amante de cerveja belga. A caixa cont\u00e9m cinco garrafas de 33 cl de cerveja Gulden Draak e o t\u00edpico copo Gulden Draak Dragon Egg Cup. 1 Gulden Draak ...<\/p>\n<p class=\"read-more\"> <a class=\"\" href=\"https:\/\/encinardeljamon.com\/pt\/product\/gulden-draak-5-cervezas-33-cl-1-vaso\/\"> <span class=\"screen-reader-text\">Gulden Draak 5 Cervejas 33 cl 1 Copo<\/span> Ler mais \"<\/a><\/p>","protected":false},"featured_media":2715,"comment_status":"closed","ping_status":"closed","template":"","meta":{"site-sidebar-layout":"default","site-content-layout":"","ast-site-content-layout":"default","site-content-style":"default","site-sidebar-style":"default","ast-global-header-display":"","ast-banner-title-visibility":"","ast-main-header-display":"","ast-hfb-above-header-display":"","ast-hfb-below-header-display":"","ast-hfb-mobile-header-display":"","site-post-title":"","ast-breadcrumbs-content":"","ast-featured-img":"","footer-sml-layout":"","theme-transparent-header-meta":"default","adv-header-id-meta":"","stick-header-meta":"","header-above-stick-meta":"","header-main-stick-meta":"","header-below-stick-meta":"","astra-migrate-meta-layouts":"set","_joinchat":[]},"product_brand":[],"product_cat":[27,29],"product_tag":[],"yst_prominent_words":[],"class_list":{"0":"post-2714","1":"product","2":"type-product","3":"status-publish","4":"has-post-thumbnail","6":"product_cat-licores-vinos-y-cervezas","7":"product_cat-eventos-especiales","8":"desktop-align-left","9":"tablet-align-left","10":"mobile-align-left","12":"first","13":"instock","14":"taxable","15":"shipping-taxable","16":"purchasable","17":"product-type-simple"},"_links":{"self":[{"href":"https:\/\/encinardeljamon.com\/pt\/wp-json\/wp\/v2\/product\/2714","targetHints":{"allow":["GET"]}}],"collection":[{"href":"https:\/\/encinardeljamon.com\/pt\/wp-json\/wp\/v2\/product"}],"about":[{"href":"https:\/\/encinardeljamon.com\/pt\/wp-json\/wp\/v2\/types\/product"}],"replies":[{"embeddable":true,"href":"https:\/\/encinardeljamon.com\/pt\/wp-json\/wp\/v2\/comments?post=2714"}],"wp:featuredmedia":[{"embeddable":true,"href":"https:\/\/encinardeljamon.com\/pt\/wp-json\/wp\/v2\/media\/2715"}],"wp:attachment":[{"href":"https:\/\/encinardeljamon.com\/pt\/wp-json\/wp\/v2\/media?parent=2714"}],"wp:term":[{"taxonomy":"product_brand","embeddable":true,"href":"https:\/\/encinardeljamon.com\/pt\/wp-json\/wp\/v2\/product_brand?post=2714"},{"taxonomy":"product_cat","embeddable":true,"href":"https:\/\/encinardeljamon.com\/pt\/wp-json\/wp\/v2\/product_cat?post=2714"},{"taxonomy":"product_tag","embeddable":true,"href":"https:\/\/encinardeljamon.com\/pt\/wp-json\/wp\/v2\/product_tag?post=2714"},{"taxonomy":"yst_prominent_words","embeddable":true,"href":"https:\/\/encinardeljamon.com\/pt\/wp-json\/wp\/v2\/yst_prominent_words?post=2714"}],"curies":[{"name":"wp","href":"https:\/\/api.w.org\/{rel}","templated":true}]}}