{"id":2708,"date":"2022-10-16T21:13:55","date_gmt":"2022-10-16T21:13:55","guid":{"rendered":"https:\/\/encinardeljamon.com\/?post_type=product&#038;p=2708"},"modified":"2024-04-04T21:30:24","modified_gmt":"2024-04-04T21:30:24","slug":"grimbergen-4-cervezas-1-vaso","status":"publish","type":"product","link":"https:\/\/encinardeljamon.com\/pt\/product\/grimbergen-4-cervezas-1-vaso\/","title":{"rendered":"Grimbergen 4 Cervejas 1 Copo"},"content":{"rendered":"<p>Pack Cerveja Grimbergen 4 Cervejas 33 cl 1 Copo<\/p>\n<p>Est\u00e1 a pensar no que oferecer de presente a um amante de cerveja belga? Esta caixa cont\u00e9m 4 garrafas de cerveja Grimbergen Abbey e um copo original: 1 garrafa de Grimbergen Dubbel, 1 garrafa de Grimbergen Tripel, 1 garrafa de Grimbergen Blonde e 1 garrafa de Grimbergen Caract\u00e9re Houblon. Ideal como presente ou como oferta de cerveja. As cervejas Grimbergen Abbey s\u00e3o tamb\u00e9m conhecidas como as cervejas da F\u00e9nix.<\/p>\n<p>Grimbergen Dubbel<\/p>\n<p>A Grimbergen Double \/ Dubbel \u00e9 uma cerveja de abadia escura fabricada com uma primeira fermenta\u00e7\u00e3o em tanque e uma segunda fermenta\u00e7\u00e3o nos barris localizados na adega da cervejaria. O resultado \u00e9 uma cerveja dupla com uma cor \u00e2mbar escura, aromas de caramelo, alca\u00e7uz, fruta e malte torrado e um sabor doce, c\u00edtrico e frutado com notas de malte torrado. Teor alco\u00f3lico: 6,5 proof.<\/p>\n<p>Grimbergen Tripel<\/p>\n<p>A Grimbergen Triple \u00e9 uma cerveja de abadia fabricada com ingredientes da mais alta qualidade, incluindo \u00e1gua, malte de cevada, malte de trigo, extrato de coentros e l\u00fapulo. \u00c9 uma cerveja de cor dourada com uma espuma densa, um aroma frutado e picante e um sabor intenso e equilibrado com um toque de acidez. Teor alco\u00f3lico: 8 proof.<\/p>\n<p>Grimbergen Blonde<\/p>\n<p>Uma Pale Ale loira dourada fabricada com cevada G\u00e2tinais e l\u00fapulos seleccionados. Apresenta um aroma complexo a frutos, ervas e especiarias como baunilha, cravinho, alca\u00e7uz e mel. No paladar, \u00e9 uma cerveja agrad\u00e1vel e refrescante, com um amargor subtil. O seu car\u00e1cter \u00fanico e o seu excelente sabor fazem dela uma cerveja muito popular. Teor alco\u00f3lico: 6,7 proof.<\/p>\n<p>Grimbergen Caract\u00e9re Houblon<\/p>\n<p>A Grimbergen Hop Karakter \u00e9 uma cerveja de abadia fabricada com uma grande quantidade de l\u00fapulo arom\u00e1tico por fermenta\u00e7\u00e3o em garrafa. Apresenta uma cor dourada com espuma persistente, um aroma a ervas e citrinos com notas frutadas e um sabor complexo e intenso com um grande amargor gra\u00e7as ao l\u00fapulo. Teor alco\u00f3lico: 8 proof.<\/p>","protected":false},"excerpt":{"rendered":"<p>Pack de Cerveja Grimbergen 4 Cervejas 33 cl 1 Copo Est\u00e1 a pensar o que oferecer a um amante de cerveja belga? Esta caixa cont\u00e9m 4 garrafas de cerveja da abadia de Grimbergen e um copo original: 1 garrafa de Grimbergen Dubbel, 1 garrafa de Grimbergen Tripel, 1 garrafa de Grimbergen Blonde e 1 garrafa de Grimbergen ...<\/p>\n<p class=\"read-more\"> <a class=\"\" href=\"https:\/\/encinardeljamon.com\/pt\/product\/grimbergen-4-cervezas-1-vaso\/\"> <span class=\"screen-reader-text\">Grimbergen 4 Cervejas 1 Copo<\/span> Ler mais \"<\/a><\/p>","protected":false},"featured_media":2709,"comment_status":"closed","ping_status":"closed","template":"","meta":{"site-sidebar-layout":"default","site-content-layout":"","ast-site-content-layout":"default","site-content-style":"default","site-sidebar-style":"default","ast-global-header-display":"","ast-banner-title-visibility":"","ast-main-header-display":"","ast-hfb-above-header-display":"","ast-hfb-below-header-display":"","ast-hfb-mobile-header-display":"","site-post-title":"","ast-breadcrumbs-content":"","ast-featured-img":"","footer-sml-layout":"","theme-transparent-header-meta":"default","adv-header-id-meta":"","stick-header-meta":"","header-above-stick-meta":"","header-main-stick-meta":"","header-below-stick-meta":"","astra-migrate-meta-layouts":"set","_joinchat":[]},"product_brand":[],"product_cat":[27,29],"product_tag":[],"yst_prominent_words":[],"class_list":{"0":"post-2708","1":"product","2":"type-product","3":"status-publish","4":"has-post-thumbnail","6":"product_cat-licores-vinos-y-cervezas","7":"product_cat-eventos-especiales","8":"desktop-align-left","9":"tablet-align-left","10":"mobile-align-left","12":"first","13":"outofstock","14":"taxable","15":"shipping-taxable","16":"purchasable","17":"product-type-simple"},"_links":{"self":[{"href":"https:\/\/encinardeljamon.com\/pt\/wp-json\/wp\/v2\/product\/2708","targetHints":{"allow":["GET"]}}],"collection":[{"href":"https:\/\/encinardeljamon.com\/pt\/wp-json\/wp\/v2\/product"}],"about":[{"href":"https:\/\/encinardeljamon.com\/pt\/wp-json\/wp\/v2\/types\/product"}],"replies":[{"embeddable":true,"href":"https:\/\/encinardeljamon.com\/pt\/wp-json\/wp\/v2\/comments?post=2708"}],"wp:featuredmedia":[{"embeddable":true,"href":"https:\/\/encinardeljamon.com\/pt\/wp-json\/wp\/v2\/media\/2709"}],"wp:attachment":[{"href":"https:\/\/encinardeljamon.com\/pt\/wp-json\/wp\/v2\/media?parent=2708"}],"wp:term":[{"taxonomy":"product_brand","embeddable":true,"href":"https:\/\/encinardeljamon.com\/pt\/wp-json\/wp\/v2\/product_brand?post=2708"},{"taxonomy":"product_cat","embeddable":true,"href":"https:\/\/encinardeljamon.com\/pt\/wp-json\/wp\/v2\/product_cat?post=2708"},{"taxonomy":"product_tag","embeddable":true,"href":"https:\/\/encinardeljamon.com\/pt\/wp-json\/wp\/v2\/product_tag?post=2708"},{"taxonomy":"yst_prominent_words","embeddable":true,"href":"https:\/\/encinardeljamon.com\/pt\/wp-json\/wp\/v2\/yst_prominent_words?post=2708"}],"curies":[{"name":"wp","href":"https:\/\/api.w.org\/{rel}","templated":true}]}}