{"id":2706,"date":"2022-10-16T21:11:44","date_gmt":"2022-10-16T21:11:44","guid":{"rendered":"https:\/\/encinardeljamon.com\/?post_type=product&#038;p=2706"},"modified":"2024-04-04T21:30:50","modified_gmt":"2024-04-04T21:30:50","slug":"duvel-4-cervezas-33-cl-1-vaso","status":"publish","type":"product","link":"https:\/\/encinardeljamon.com\/pt\/product\/duvel-4-cervezas-33-cl-1-vaso\/","title":{"rendered":"Duvel 4 Cervejas 33 cl 1 Copo"},"content":{"rendered":"<p>Pack Duvel 4 Cervejas 33 cl 1 Copo<\/p>\n<p>Esta caixa cont\u00e9m quatro garrafas de 33 cl de cerveja Duvel Blonde e um copo original especialmente concebido para a degusta\u00e7\u00e3o desta cerveja.<\/p>\n<p>Duvel Blonde<\/p>\n<p>Uma Belgian Strong Ale com uma cor dourada, espuma densa e cremosa, aroma c\u00edtrico e um sabor amargo e picante. \u00c9 fabricada num processo \u00fanico de 90 dias que lhe confere o seu sabor carater\u00edstico. Os ingredientes incluem \u00e1gua pura de nascente, cevada, l\u00fapulos Saaz e Styrian Golding e a estirpe de levedura original que Alber Moortgat trouxe da sua viagem \u00e0 Esc\u00f3cia em 1920. 8,5% alc\/vol.<\/p>\n<p>Duvel Moortgat<\/p>\n<p>Jan-Leonard Moortgat, um grande entusiasta da cerveja, descendente de uma fam\u00edlia de cervejeiros, fundou a Duvel Moortgat em 1871. As origens da cerveja Duvel surgiram muito mais tarde, quando foi criada uma cerveja comemorativa chamada Victory Ale, no final da Primeira Guerra Mundial. Durante uma prova, uma personalidade local exclamou: \"Nen echten Duvel!\" (\"Isto \u00e9 um verdadeiro dem\u00f3nio!\", em flamengo). Esta anedota levou a que o nome fosse alterado para Duvel. O portef\u00f3lio da Duvel Moortgat inclui outras grandes marcas, como Maredsous, Vedett, De Koninck, Ommergang, Liefmans, etc.<\/p>","protected":false},"excerpt":{"rendered":"<p>Pack Duvel 4 Cervejas 33 cl 1 Copo Esta caixa cont\u00e9m quatro garrafas de cerveja Duvel Blonde de 33 cl e um copo original especialmente concebido para a degusta\u00e7\u00e3o desta cerveja. A Duvel Blonde \u00e9 uma cerveja belga do tipo Strong Ale, de cor dourada, espuma densa e cremosa, aroma c\u00edtrico e sabor amargo e picante. \u00c9 ...<\/p>\n<p class=\"read-more\"> <a class=\"\" href=\"https:\/\/encinardeljamon.com\/pt\/product\/duvel-4-cervezas-33-cl-1-vaso\/\"> <span class=\"screen-reader-text\">Duvel 4 Cervejas 33 cl 1 Copo<\/span> Ler mais \"<\/a><\/p>","protected":false},"featured_media":2707,"comment_status":"closed","ping_status":"closed","template":"","meta":{"site-sidebar-layout":"default","site-content-layout":"","ast-site-content-layout":"default","site-content-style":"default","site-sidebar-style":"default","ast-global-header-display":"","ast-banner-title-visibility":"","ast-main-header-display":"","ast-hfb-above-header-display":"","ast-hfb-below-header-display":"","ast-hfb-mobile-header-display":"","site-post-title":"","ast-breadcrumbs-content":"","ast-featured-img":"","footer-sml-layout":"","theme-transparent-header-meta":"default","adv-header-id-meta":"","stick-header-meta":"","header-above-stick-meta":"","header-main-stick-meta":"","header-below-stick-meta":"","astra-migrate-meta-layouts":"set","_joinchat":[]},"product_brand":[],"product_cat":[27,29],"product_tag":[],"yst_prominent_words":[],"class_list":{"0":"post-2706","1":"product","2":"type-product","3":"status-publish","4":"has-post-thumbnail","6":"product_cat-licores-vinos-y-cervezas","7":"product_cat-eventos-especiales","8":"desktop-align-left","9":"tablet-align-left","10":"mobile-align-left","12":"first","13":"instock","14":"taxable","15":"shipping-taxable","16":"purchasable","17":"product-type-simple"},"_links":{"self":[{"href":"https:\/\/encinardeljamon.com\/pt\/wp-json\/wp\/v2\/product\/2706","targetHints":{"allow":["GET"]}}],"collection":[{"href":"https:\/\/encinardeljamon.com\/pt\/wp-json\/wp\/v2\/product"}],"about":[{"href":"https:\/\/encinardeljamon.com\/pt\/wp-json\/wp\/v2\/types\/product"}],"replies":[{"embeddable":true,"href":"https:\/\/encinardeljamon.com\/pt\/wp-json\/wp\/v2\/comments?post=2706"}],"wp:featuredmedia":[{"embeddable":true,"href":"https:\/\/encinardeljamon.com\/pt\/wp-json\/wp\/v2\/media\/2707"}],"wp:attachment":[{"href":"https:\/\/encinardeljamon.com\/pt\/wp-json\/wp\/v2\/media?parent=2706"}],"wp:term":[{"taxonomy":"product_brand","embeddable":true,"href":"https:\/\/encinardeljamon.com\/pt\/wp-json\/wp\/v2\/product_brand?post=2706"},{"taxonomy":"product_cat","embeddable":true,"href":"https:\/\/encinardeljamon.com\/pt\/wp-json\/wp\/v2\/product_cat?post=2706"},{"taxonomy":"product_tag","embeddable":true,"href":"https:\/\/encinardeljamon.com\/pt\/wp-json\/wp\/v2\/product_tag?post=2706"},{"taxonomy":"yst_prominent_words","embeddable":true,"href":"https:\/\/encinardeljamon.com\/pt\/wp-json\/wp\/v2\/yst_prominent_words?post=2706"}],"curies":[{"name":"wp","href":"https:\/\/api.w.org\/{rel}","templated":true}]}}