{"id":2703,"date":"2022-10-16T21:09:48","date_gmt":"2022-10-16T21:09:48","guid":{"rendered":"https:\/\/encinardeljamon.com\/?post_type=product&#038;p=2703"},"modified":"2024-04-04T21:31:25","modified_gmt":"2024-04-04T21:31:25","slug":"duvel-2-cervezas-33-cl-1-vaso","status":"publish","type":"product","link":"https:\/\/encinardeljamon.com\/pt\/product\/duvel-2-cervezas-33-cl-1-vaso\/","title":{"rendered":"Duvel 2 Cervejas 33 cl 1 Copo"},"content":{"rendered":"<p>Duvel Pack 2 cervejas 33 cl 1 copo<\/p>\n<p>Est\u00e1 a pensar no que oferecer a um amante de cerveja belga? Este pack de cerveja Duvel \u00e9 o presente ideal para qualquer amante de cerveja. Esta caixa cont\u00e9m duas garrafas de 33 cl de cerveja Duvel (1 Duvel Classic e 1 Duvel Tripel Hop Citra) e um copo original especialmente concebido para a degusta\u00e7\u00e3o destas cervejas.<\/p>\n<p>Duvel Blonde<\/p>\n<p>A Duvel \u00e9 uma Belgian Strong Ale, fabricada com ingredientes naturais, incluindo \u00e1gua pura de nascente, cevada e os l\u00fapulos Saaz e Styrian Golding, que lhe conferem o seu amargor carater\u00edstico. A cerveja \u00e9 submetida a um processo de fabrico \u00fanico de 90 dias que lhe confere o seu sabor agrad\u00e1vel. Durante a fermenta\u00e7\u00e3o, \u00e9 utilizada a estirpe de levedura original que Alber Moortgat trouxe da sua viagem \u00e0 Esc\u00f3cia em 1920. Apresenta uma cor dourada com espuma cremosa, abundante e persistente e um aroma poderoso com notas c\u00edtricas. O seu sabor \u00e9 amargo com notas de especiarias, complexo e cheio de car\u00e1cter. Prova de 8,5.<\/p>\n<p>Duvel Tripel L\u00fapulo Citra<\/p>\n<p>A Duvel Tripel Hop Citra \u00e9 uma Belgian Strong Ale fabricada com l\u00fapulo Saaz Saaz, Styrian Golding e Citra. Esta cerveja artesanal tem sido fabricada todos os anos desde 2007 com uma terceira variedade de l\u00fapulo diferente adicionada aos l\u00fapulos Saaz Saaz e Styrian Golding. Em 2016, a Duvel Moortgat pediu aos f\u00e3s que escolhessem o seu l\u00fapulo Tripel preferido, tendo a Duvel Tripel Hop Citra vencido e tornado-se uma cerveja permanente. Esta cerveja belga forte apresenta uma cor dourada e uma espuma cremosa e persistente e tem um aroma a frutos tropicais com notas c\u00edtricas e florais. O paladar \u00e9 muito refrescante e suave, com notas amargas de l\u00fapulo. Teor alco\u00f3lico: 9,5 proof.<\/p>\n<p>Duvel Moortgat<\/p>\n<p>A Duvel Moortgat foi fundada em 1871 por Jan-Leonard Moortgat, um grande entusiasta da cerveja, descendente de uma fam\u00edlia de cervejeiros. A Duvel foi criada para comemorar o fim da Primeira Guerra Mundial e chamava-se inicialmente Victory Ale. Na d\u00e9cada de 1920, durante uma prova, uma personalidade local exclamou \"Nen echten Duvel!\" (\"Esta \u00e9 um verdadeiro dem\u00f3nio!\", em flamengo), pelo que a cerveja passou a chamar-se Duvel. Para al\u00e9m da Duvel, a Duvel Moortgat tem no seu cat\u00e1logo uma vasta gama de cervejas de alta qualidade, incluindo Maredsous, Vedett, Liefmans, etc.<\/p>","protected":false},"excerpt":{"rendered":"<p>Duvel Pack 2 Cervejas 33 cl 1 Copo Est\u00e1 a pensar no que oferecer a um amante de cerveja belga? Este pack de cerveja Duvel \u00e9 o presente ideal para qualquer amante de cerveja. Esta caixa cont\u00e9m duas garrafas de 33 cl de cerveja Duvel (1 Duvel Classic e 1 Duvel Tripel Hop Citra) e um copo original ...<\/p>\n<p class=\"read-more\"> <a class=\"\" href=\"https:\/\/encinardeljamon.com\/pt\/product\/duvel-2-cervezas-33-cl-1-vaso\/\"> <span class=\"screen-reader-text\">Duvel 2 Cervejas 33 cl 1 Copo<\/span> Ler mais \"<\/a><\/p>","protected":false},"featured_media":2704,"comment_status":"closed","ping_status":"closed","template":"","meta":{"site-sidebar-layout":"default","site-content-layout":"","ast-site-content-layout":"default","site-content-style":"default","site-sidebar-style":"default","ast-global-header-display":"","ast-banner-title-visibility":"","ast-main-header-display":"","ast-hfb-above-header-display":"","ast-hfb-below-header-display":"","ast-hfb-mobile-header-display":"","site-post-title":"","ast-breadcrumbs-content":"","ast-featured-img":"","footer-sml-layout":"","theme-transparent-header-meta":"default","adv-header-id-meta":"","stick-header-meta":"","header-above-stick-meta":"","header-main-stick-meta":"","header-below-stick-meta":"","astra-migrate-meta-layouts":"set","_joinchat":[]},"product_brand":[],"product_cat":[27,29],"product_tag":[],"yst_prominent_words":[],"class_list":{"0":"post-2703","1":"product","2":"type-product","3":"status-publish","4":"has-post-thumbnail","6":"product_cat-licores-vinos-y-cervezas","7":"product_cat-eventos-especiales","8":"desktop-align-left","9":"tablet-align-left","10":"mobile-align-left","12":"first","13":"instock","14":"taxable","15":"shipping-taxable","16":"purchasable","17":"product-type-simple"},"_links":{"self":[{"href":"https:\/\/encinardeljamon.com\/pt\/wp-json\/wp\/v2\/product\/2703","targetHints":{"allow":["GET"]}}],"collection":[{"href":"https:\/\/encinardeljamon.com\/pt\/wp-json\/wp\/v2\/product"}],"about":[{"href":"https:\/\/encinardeljamon.com\/pt\/wp-json\/wp\/v2\/types\/product"}],"replies":[{"embeddable":true,"href":"https:\/\/encinardeljamon.com\/pt\/wp-json\/wp\/v2\/comments?post=2703"}],"wp:featuredmedia":[{"embeddable":true,"href":"https:\/\/encinardeljamon.com\/pt\/wp-json\/wp\/v2\/media\/2704"}],"wp:attachment":[{"href":"https:\/\/encinardeljamon.com\/pt\/wp-json\/wp\/v2\/media?parent=2703"}],"wp:term":[{"taxonomy":"product_brand","embeddable":true,"href":"https:\/\/encinardeljamon.com\/pt\/wp-json\/wp\/v2\/product_brand?post=2703"},{"taxonomy":"product_cat","embeddable":true,"href":"https:\/\/encinardeljamon.com\/pt\/wp-json\/wp\/v2\/product_cat?post=2703"},{"taxonomy":"product_tag","embeddable":true,"href":"https:\/\/encinardeljamon.com\/pt\/wp-json\/wp\/v2\/product_tag?post=2703"},{"taxonomy":"yst_prominent_words","embeddable":true,"href":"https:\/\/encinardeljamon.com\/pt\/wp-json\/wp\/v2\/yst_prominent_words?post=2703"}],"curies":[{"name":"wp","href":"https:\/\/api.w.org\/{rel}","templated":true}]}}