{"id":2695,"date":"2022-10-16T21:01:30","date_gmt":"2022-10-16T21:01:30","guid":{"rendered":"https:\/\/encinardeljamon.com\/?post_type=product&#038;p=2695"},"modified":"2024-04-04T21:38:38","modified_gmt":"2024-04-04T21:38:38","slug":"westmalle-75-cl-2-cervezas-y-2-copas","status":"publish","type":"product","link":"https:\/\/encinardeljamon.com\/pt\/product\/westmalle-75-cl-2-cervezas-y-2-copas\/","title":{"rendered":"Westmalle 75 cl 2 cervejas e 2 copos"},"content":{"rendered":"<blockquote><p>Pack Westmalle 2 Cervejas 2 Copos em caixa de madeira<\/p><\/blockquote>\n<p>Esta embalagem cont\u00e9m duas garrafas de 75cl da aut\u00eantica cerveja trapista belga Westmalle e dois copos originais que real\u00e7am todo o aroma e sabor de ambas as cervejas. A embalagem \u00e9 apresentada numa elegante caixa de madeira, o que a torna um presente de cerveja ideal para qualquer amante de cerveja de qualidade.<\/p>\n<p>Westmalle Trappist Tripel<\/p>\n<p>A Westmalle Tripel \u00e9 conhecida como \"a m\u00e3e de todas as triplas\", uma vez que \u00e9 considerada a primeira cerveja tripla da hist\u00f3ria. Foi criada em 1934 para celebrar a abertura da nova f\u00e1brica de cerveja da abadia. Esta extraordin\u00e1ria lager de aspeto turvo tem um aroma complexo e intenso com notas de l\u00fapulo e malte. O sabor \u00e9 suave e equilibrado, com notas frutadas e de l\u00fapulo. 9,5% alc\/vol.<\/p>\n<p>Westmalle Trappist Dubbel<\/p>\n<p>Embora a primeira cerveja torrada Westmalle tenha sido produzida em 1856, a Westmalle Dubbel baseia-se numa receita de 1926. Esta cerveja de estilo Trappist Dubbel \u00e9 submetida a uma segunda fermenta\u00e7\u00e3o em garrafa na adega da abadia durante tr\u00eas semanas. O resultado \u00e9 uma cerveja de cor escura com um aroma complexo, muito frutado, a caramelo, chocolate e levedura. O sabor \u00e9 complexo e agrad\u00e1vel, com malte torrado, chocolate e frutos secos. 7% alc\/vol.<\/p>\n<p>Abadia de Westmalle<\/p>\n<p>A abadia de Westmalle foi fundada em 1794, embora s\u00f3 em 1836 tenha sido elevada ao estatuto de abadia. Nesse mesmo ano, iniciou-se a produ\u00e7\u00e3o de cerveja, uma vez que o solo da abadia j\u00e1 n\u00e3o permitia o cultivo de uvas para a produ\u00e7\u00e3o de vinho. Em 1856, foi produzida a primeira cerveja torrada, considerada a primeira dubbel da hist\u00f3ria. Em 1934, foi criada uma strong pale ale 9.5%, que foi chamada de tripel e \u00e9 hoje a Westmalle Tripel. Recentemente, foi lan\u00e7ada pela primeira vez a Westmalle Trappist Extra, a cerveja de refeit\u00f3rio ou \"patersbier\", originalmente destinada ao consumo pr\u00f3prio dos monges da abadia durante os seus almo\u00e7os.<\/p>","protected":false},"excerpt":{"rendered":"<p>Pack Westmalle 2 Cervejas 2 Copos em caixa de madeira Este pack cont\u00e9m duas garrafas da aut\u00eantica cerveja trapista belga Westmalle de 75 cl e dois copos originais que real\u00e7am todo o aroma e sabor de ambas as cervejas. O pacote \u00e9 apresentado numa elegante caixa de madeira, o que o torna um presente ideal para qualquer ...<\/p>\n<p class=\"read-more\"> <a class=\"\" href=\"https:\/\/encinardeljamon.com\/pt\/product\/westmalle-75-cl-2-cervezas-y-2-copas\/\"> <span class=\"screen-reader-text\">Westmalle 75 cl 2 cervejas e 2 copos<\/span> Ler mais \"<\/a><\/p>","protected":false},"featured_media":2696,"comment_status":"closed","ping_status":"closed","template":"","meta":{"site-sidebar-layout":"default","site-content-layout":"","ast-site-content-layout":"default","site-content-style":"default","site-sidebar-style":"default","ast-global-header-display":"","ast-banner-title-visibility":"","ast-main-header-display":"","ast-hfb-above-header-display":"","ast-hfb-below-header-display":"","ast-hfb-mobile-header-display":"","site-post-title":"","ast-breadcrumbs-content":"","ast-featured-img":"","footer-sml-layout":"","theme-transparent-header-meta":"default","adv-header-id-meta":"","stick-header-meta":"","header-above-stick-meta":"","header-main-stick-meta":"","header-below-stick-meta":"","astra-migrate-meta-layouts":"set","_joinchat":[]},"product_brand":[],"product_cat":[27,29],"product_tag":[],"yst_prominent_words":[],"class_list":{"0":"post-2695","1":"product","2":"type-product","3":"status-publish","4":"has-post-thumbnail","6":"product_cat-licores-vinos-y-cervezas","7":"product_cat-eventos-especiales","8":"desktop-align-left","9":"tablet-align-left","10":"mobile-align-left","12":"first","13":"instock","14":"taxable","15":"shipping-taxable","16":"purchasable","17":"product-type-simple"},"_links":{"self":[{"href":"https:\/\/encinardeljamon.com\/pt\/wp-json\/wp\/v2\/product\/2695","targetHints":{"allow":["GET"]}}],"collection":[{"href":"https:\/\/encinardeljamon.com\/pt\/wp-json\/wp\/v2\/product"}],"about":[{"href":"https:\/\/encinardeljamon.com\/pt\/wp-json\/wp\/v2\/types\/product"}],"replies":[{"embeddable":true,"href":"https:\/\/encinardeljamon.com\/pt\/wp-json\/wp\/v2\/comments?post=2695"}],"wp:featuredmedia":[{"embeddable":true,"href":"https:\/\/encinardeljamon.com\/pt\/wp-json\/wp\/v2\/media\/2696"}],"wp:attachment":[{"href":"https:\/\/encinardeljamon.com\/pt\/wp-json\/wp\/v2\/media?parent=2695"}],"wp:term":[{"taxonomy":"product_brand","embeddable":true,"href":"https:\/\/encinardeljamon.com\/pt\/wp-json\/wp\/v2\/product_brand?post=2695"},{"taxonomy":"product_cat","embeddable":true,"href":"https:\/\/encinardeljamon.com\/pt\/wp-json\/wp\/v2\/product_cat?post=2695"},{"taxonomy":"product_tag","embeddable":true,"href":"https:\/\/encinardeljamon.com\/pt\/wp-json\/wp\/v2\/product_tag?post=2695"},{"taxonomy":"yst_prominent_words","embeddable":true,"href":"https:\/\/encinardeljamon.com\/pt\/wp-json\/wp\/v2\/yst_prominent_words?post=2695"}],"curies":[{"name":"wp","href":"https:\/\/api.w.org\/{rel}","templated":true}]}}