{"id":2688,"date":"2022-10-16T20:51:47","date_gmt":"2022-10-16T20:51:47","guid":{"rendered":"https:\/\/encinardeljamon.com\/?post_type=product&#038;p=2688"},"modified":"2024-03-24T17:43:05","modified_gmt":"2024-03-24T17:43:05","slug":"iron-maiden-trooper-the-collection-box-2","status":"publish","type":"product","link":"https:\/\/encinardeljamon.com\/pt\/product\/iron-maiden-trooper-the-collection-box-2\/","title":{"rendered":"Iron Maiden Trooper The Collection Box 2"},"content":{"rendered":"<p>Iron Maiden Trooper The Collection Box 2<\/p>\n<p>Caixa de cole\u00e7\u00e3o especial de edi\u00e7\u00e3o limitada com doze cervejas de 33 cl da gama Trooper,<br \/>\ninspirado na banda brit\u00e2nica de heavy metal Iron Maiden.<br \/>\nIdeal como presente de cerveja para os f\u00e3s de Iron Maiden e para os amantes de British Ale e cervejas brit\u00e2nicas.<br \/>\nA gama de cervejas Trooper foi criada pelo vocalista dos Iron Maiden, Bruce Dickinson, em colabora\u00e7\u00e3o com o mestre cervejeiro da Robinsons Family Brewery, Martyn Weeks.<br \/>\nO pacote cont\u00e9m:<\/p>\n<p>- 2 garrafas de 666 TROOPER O N\u00daMERO DA BESTA (6,6%)<br \/>\n- 2 garrafas de TROOPER RED 'N' BLACK (6.8%)<br \/>\n- 2 garrafas de TROOPER SUN AND STEEL (4,8%)<br \/>\n- 2 garrafas de TROOPER HALLOWED (6.0%)<br \/>\n- 2 garrafas de TROOPER FEAR OF THE DARK (4.5%)<br \/>\n- 2 garrafas de TROOPER IPA (4,3%)<\/p>","protected":false},"excerpt":{"rendered":"<p>Iron Maiden Trooper The Collection Box 2 Caixa de cole\u00e7\u00e3o de edi\u00e7\u00e3o especial limitada que cont\u00e9m doze cervejas de 33cl da gama Trooper, inspiradas na banda brit\u00e2nica de heavy metal Iron Maiden. Ideal como presente de cerveja para os f\u00e3s dos Iron Maiden e para os amantes das British Ale e das cervejas brit\u00e2nicas. ...<\/p>\n<p class=\"read-more\"> <a class=\"\" href=\"https:\/\/encinardeljamon.com\/pt\/product\/iron-maiden-trooper-the-collection-box-2\/\"> <span class=\"screen-reader-text\">Iron Maiden Trooper The Collection Box 2<\/span> Ler mais \"<\/a><\/p>","protected":false},"featured_media":2689,"comment_status":"closed","ping_status":"closed","template":"","meta":{"site-sidebar-layout":"default","site-content-layout":"","ast-site-content-layout":"default","site-content-style":"default","site-sidebar-style":"default","ast-global-header-display":"","ast-banner-title-visibility":"","ast-main-header-display":"","ast-hfb-above-header-display":"","ast-hfb-below-header-display":"","ast-hfb-mobile-header-display":"","site-post-title":"","ast-breadcrumbs-content":"","ast-featured-img":"","footer-sml-layout":"","theme-transparent-header-meta":"default","adv-header-id-meta":"","stick-header-meta":"","header-above-stick-meta":"","header-main-stick-meta":"","header-below-stick-meta":"","astra-migrate-meta-layouts":"set","_joinchat":[]},"product_brand":[],"product_cat":[27,29],"product_tag":[],"yst_prominent_words":[],"class_list":{"0":"post-2688","1":"product","2":"type-product","3":"status-publish","4":"has-post-thumbnail","6":"product_cat-licores-vinos-y-cervezas","7":"product_cat-eventos-especiales","8":"desktop-align-left","9":"tablet-align-left","10":"mobile-align-left","12":"first","13":"outofstock","14":"taxable","15":"shipping-taxable","16":"purchasable","17":"product-type-simple"},"_links":{"self":[{"href":"https:\/\/encinardeljamon.com\/pt\/wp-json\/wp\/v2\/product\/2688","targetHints":{"allow":["GET"]}}],"collection":[{"href":"https:\/\/encinardeljamon.com\/pt\/wp-json\/wp\/v2\/product"}],"about":[{"href":"https:\/\/encinardeljamon.com\/pt\/wp-json\/wp\/v2\/types\/product"}],"replies":[{"embeddable":true,"href":"https:\/\/encinardeljamon.com\/pt\/wp-json\/wp\/v2\/comments?post=2688"}],"wp:featuredmedia":[{"embeddable":true,"href":"https:\/\/encinardeljamon.com\/pt\/wp-json\/wp\/v2\/media\/2689"}],"wp:attachment":[{"href":"https:\/\/encinardeljamon.com\/pt\/wp-json\/wp\/v2\/media?parent=2688"}],"wp:term":[{"taxonomy":"product_brand","embeddable":true,"href":"https:\/\/encinardeljamon.com\/pt\/wp-json\/wp\/v2\/product_brand?post=2688"},{"taxonomy":"product_cat","embeddable":true,"href":"https:\/\/encinardeljamon.com\/pt\/wp-json\/wp\/v2\/product_cat?post=2688"},{"taxonomy":"product_tag","embeddable":true,"href":"https:\/\/encinardeljamon.com\/pt\/wp-json\/wp\/v2\/product_tag?post=2688"},{"taxonomy":"yst_prominent_words","embeddable":true,"href":"https:\/\/encinardeljamon.com\/pt\/wp-json\/wp\/v2\/yst_prominent_words?post=2688"}],"curies":[{"name":"wp","href":"https:\/\/api.w.org\/{rel}","templated":true}]}}