{"id":2684,"date":"2022-10-16T20:45:43","date_gmt":"2022-10-16T20:45:43","guid":{"rendered":"https:\/\/encinardeljamon.com\/?post_type=product&#038;p=2684"},"modified":"2024-03-24T17:48:18","modified_gmt":"2024-03-24T17:48:18","slug":"delirium-tremens-4-cervezas-1-vaso","status":"publish","type":"product","link":"https:\/\/encinardeljamon.com\/pt\/product\/delirium-tremens-4-cervezas-1-vaso\/","title":{"rendered":"Delirium Tremens 4 cervejas 1 copo"},"content":{"rendered":"<p>Pack Delirium Tremens 4 Cervejas 1 Copo<\/p>\n<p>Procura uma cerveja para oferecer? Este pacote de cerveja Delirium \u00e9 o presente perfeito para qualquer amante de cerveja belga. Esta caixa cont\u00e9m 4 garrafas de cerveja belga Delirium Tremens 33 cl e um copo original especialmente concebido para a degusta\u00e7\u00e3o desta cerveja.<\/p>\n<p>A Delirium Tremens \u00e9 uma cerveja forte belga. \u00c9 considerada uma das melhores cervejas artesanais do mundo. Foi criada em 1988 a pedido de um cliente italiano da Brouwerij Huyghe e teve tanto \u00eaxito que a cervejeira belga decidiu acrescent\u00e1-la ao seu cat\u00e1logo. \u00c9 fabricada com tr\u00eas estirpes de levedura diferentes e l\u00fapulos Styrian Golding e Saaz. A sua garrafa de cer\u00e2mica e o elefante cor-de-rosa no seu r\u00f3tulo s\u00e3o conhecidos em todo o mundo. Esta Belgian Pale Ale tem um aspeto ligeiramente turvo e uma cor dourada p\u00e1lida com uma espuma fina e persistente. Apresenta um aroma alco\u00f3lico, com ligeiras notas de malte, especiarias e fruta. O sabor \u00e9 quente e robusto, com um toque de malte e levedura. Final intenso e longo. Teor alco\u00f3lico: 8,5 proof.<\/p>\n<p>Casa de banho Huyghe<\/p>\n<p>A hist\u00f3ria da Brouwerij Huyghe come\u00e7a quando Leon Huyghe come\u00e7a a trabalhar em 1902 numa cervejaria local em Appelhoek. Para al\u00e9m da sua paix\u00e3o pela arte de fabricar cerveja, era casado com Delfina Van Doorselaer, filha de um cervejeiro. Em 1938, o nome da cervejaria foi alterado para o que conhecemos atualmente. Para al\u00e9m da Delirum, Huyghe produz outras marcas de cerveja, tais como La Guillotine, Mongozo, Averbode, Floris, etc.<\/p>","protected":false},"excerpt":{"rendered":"<p>Pack Delirium Tremens 4 Cervejas 1 Copo Est\u00e1 \u00e0 procura de cerveja para oferecer? Este pack de cerveja Delirium \u00e9 o presente perfeito para qualquer amante de cerveja belga. Esta caixa cont\u00e9m 4 garrafas de cerveja belga Delirium Tremens de 33 cl e um copo original especialmente concebido para degustar esta cerveja. A Delirium Tremens \u00e9 uma ...<\/p>\n<p class=\"read-more\"> <a class=\"\" href=\"https:\/\/encinardeljamon.com\/pt\/product\/delirium-tremens-4-cervezas-1-vaso\/\"> <span class=\"screen-reader-text\">Delirium Tremens 4 cervejas 1 copo<\/span> Ler mais \"<\/a><\/p>","protected":false},"featured_media":2685,"comment_status":"closed","ping_status":"closed","template":"","meta":{"site-sidebar-layout":"default","site-content-layout":"default","ast-site-content-layout":"default","site-content-style":"default","site-sidebar-style":"default","ast-global-header-display":"","ast-banner-title-visibility":"","ast-main-header-display":"","ast-hfb-above-header-display":"","ast-hfb-below-header-display":"","ast-hfb-mobile-header-display":"","site-post-title":"","ast-breadcrumbs-content":"","ast-featured-img":"","footer-sml-layout":"","theme-transparent-header-meta":"default","adv-header-id-meta":"","stick-header-meta":"","header-above-stick-meta":"","header-main-stick-meta":"","header-below-stick-meta":"","astra-migrate-meta-layouts":"set","_joinchat":[]},"product_brand":[],"product_cat":[27,29],"product_tag":[],"yst_prominent_words":[],"class_list":{"0":"post-2684","1":"product","2":"type-product","3":"status-publish","4":"has-post-thumbnail","6":"product_cat-licores-vinos-y-cervezas","7":"product_cat-eventos-especiales","8":"desktop-align-left","9":"tablet-align-left","10":"mobile-align-left","12":"first","13":"instock","14":"taxable","15":"shipping-taxable","16":"purchasable","17":"product-type-simple"},"_links":{"self":[{"href":"https:\/\/encinardeljamon.com\/pt\/wp-json\/wp\/v2\/product\/2684","targetHints":{"allow":["GET"]}}],"collection":[{"href":"https:\/\/encinardeljamon.com\/pt\/wp-json\/wp\/v2\/product"}],"about":[{"href":"https:\/\/encinardeljamon.com\/pt\/wp-json\/wp\/v2\/types\/product"}],"replies":[{"embeddable":true,"href":"https:\/\/encinardeljamon.com\/pt\/wp-json\/wp\/v2\/comments?post=2684"}],"wp:featuredmedia":[{"embeddable":true,"href":"https:\/\/encinardeljamon.com\/pt\/wp-json\/wp\/v2\/media\/2685"}],"wp:attachment":[{"href":"https:\/\/encinardeljamon.com\/pt\/wp-json\/wp\/v2\/media?parent=2684"}],"wp:term":[{"taxonomy":"product_brand","embeddable":true,"href":"https:\/\/encinardeljamon.com\/pt\/wp-json\/wp\/v2\/product_brand?post=2684"},{"taxonomy":"product_cat","embeddable":true,"href":"https:\/\/encinardeljamon.com\/pt\/wp-json\/wp\/v2\/product_cat?post=2684"},{"taxonomy":"product_tag","embeddable":true,"href":"https:\/\/encinardeljamon.com\/pt\/wp-json\/wp\/v2\/product_tag?post=2684"},{"taxonomy":"yst_prominent_words","embeddable":true,"href":"https:\/\/encinardeljamon.com\/pt\/wp-json\/wp\/v2\/yst_prominent_words?post=2684"}],"curies":[{"name":"wp","href":"https:\/\/api.w.org\/{rel}","templated":true}]}}