{"id":2680,"date":"2022-10-16T20:36:32","date_gmt":"2022-10-16T20:36:32","guid":{"rendered":"https:\/\/encinardeljamon.com\/?post_type=product&#038;p=2680"},"modified":"2024-03-24T17:54:10","modified_gmt":"2024-03-24T17:54:10","slug":"chouffe-4-cervezas-1-vaso-no-pack","status":"publish","type":"product","link":"https:\/\/encinardeljamon.com\/pt\/product\/chouffe-4-cervezas-1-vaso-no-pack\/","title":{"rendered":"Chouffe 4 Cervejas 1 Copo (NO PACK)"},"content":{"rendered":"<blockquote><p>La Chouffe 4 Cervejas 1 Copo<\/p>\n<p><span style=\"font-size: 16px;\">cont\u00e9m 4 garrafas de La Chouffe Blonde 33 cl e um copo original. Tanto as garrafas como o copo apresentam um design exclusivo que celebra a cerveja do gnomo de chap\u00e9u vermelho. Neste desenho tem\u00e1tico, o gnomo Marcel troca o seu monociclo habitual por um tambor, que toca para se juntar \u00e0s celebra\u00e7\u00f5es.<\/span><\/p><\/blockquote>\n<p>A caixa da caixa \u00e9 decorada com momentos importantes na hist\u00f3ria da Brasserie d'Achouffe. \u00c9 um presente de cerveja ideal para qualquer amante de cerveja belga. Para al\u00e9m deste pacote de cerveja, a Brasserie d'Achouffe lan\u00e7ou tamb\u00e9m o Chouffe 40, uma cerveja tem\u00e1tica, especialmente para celebrar o anivers\u00e1rio da cervejaria belga.<\/p>\n<p>La Chouffe Loira<\/p>\n<p>Chouffe Blonde \u00e9 uma cerveja forte belga de cor dourada, fabricada por fermenta\u00e7\u00e3o de topo com fermenta\u00e7\u00e3o secund\u00e1ria na garrafa. N\u00e3o \u00e9 filtrado e por isso tem um aspecto nublado caracter\u00edstico. Esta cerveja belga tem um perfil forte, aroma frutado com notas de coentros e um sabor caracter\u00edstico, ligeiramente frutado e picante com uma pitada de l\u00fapulo. Teor alco\u00f3lico: 8 provas.<\/p>\n<p>Brasserie d'Achouffe<\/p>\n<p>A cervejaria belga Brasserie d'Achouffe est\u00e1 localizada no cora\u00e7\u00e3o da regi\u00e3o belga das Ardenas. Foi fundada por Pierre Gobron e pelo seu cunhado Chris Bauweraerts, que come\u00e7ou a fabricar cerveja como hobby nos anos 70. Com um or\u00e7amento de menos de 5000 euros, lan\u00e7aram a sua primeira cerveja em 1982: La Chouffe.<\/p>\n<p>Esta cerveja foi um enorme sucesso e as cervejas Chouffe ocuparam gradualmente um lugar cada vez mais proeminente no panorama da cerveja artesanal belga. O grupo cervejeiro Duvel Moortgat adquiriu a Brasserie d'Achouffe no final de 2006 e as suas cervejas est\u00e3o agora dispon\u00edveis em mais de 40 pa\u00edses.<\/p>","protected":false},"excerpt":{"rendered":"<p>La Chouffe 4 Beers 1 Glass cont\u00e9m 4 garrafas de La Chouffe Blonde 33 cl e um copo original. Tanto as garrafas como o copo apresentam um design exclusivo que celebra a cerveja do gnomo com a tampa vermelha. Neste design tem\u00e1tico, o gnomo Marcel troca o seu monociclo habitual por um tambor, que ele toca ...<\/p>\n<p class=\"read-more\"> <a class=\"\" href=\"https:\/\/encinardeljamon.com\/pt\/product\/chouffe-4-cervezas-1-vaso-no-pack\/\"> <span class=\"screen-reader-text\">Chouffe 4 Cervejas 1 Copo (NO PACK)<\/span> Ler mais \"<\/a><\/p>","protected":false},"featured_media":2681,"comment_status":"closed","ping_status":"closed","template":"","meta":{"site-sidebar-layout":"default","site-content-layout":"default","ast-site-content-layout":"default","site-content-style":"default","site-sidebar-style":"default","ast-global-header-display":"","ast-banner-title-visibility":"","ast-main-header-display":"","ast-hfb-above-header-display":"","ast-hfb-below-header-display":"","ast-hfb-mobile-header-display":"","site-post-title":"","ast-breadcrumbs-content":"","ast-featured-img":"","footer-sml-layout":"","theme-transparent-header-meta":"default","adv-header-id-meta":"","stick-header-meta":"","header-above-stick-meta":"","header-main-stick-meta":"","header-below-stick-meta":"","astra-migrate-meta-layouts":"set","_joinchat":[]},"product_brand":[],"product_cat":[27,29],"product_tag":[],"yst_prominent_words":[],"class_list":{"0":"post-2680","1":"product","2":"type-product","3":"status-publish","4":"has-post-thumbnail","6":"product_cat-licores-vinos-y-cervezas","7":"product_cat-eventos-especiales","8":"desktop-align-left","9":"tablet-align-left","10":"mobile-align-left","12":"first","13":"instock","14":"taxable","15":"shipping-taxable","16":"purchasable","17":"product-type-simple"},"_links":{"self":[{"href":"https:\/\/encinardeljamon.com\/pt\/wp-json\/wp\/v2\/product\/2680","targetHints":{"allow":["GET"]}}],"collection":[{"href":"https:\/\/encinardeljamon.com\/pt\/wp-json\/wp\/v2\/product"}],"about":[{"href":"https:\/\/encinardeljamon.com\/pt\/wp-json\/wp\/v2\/types\/product"}],"replies":[{"embeddable":true,"href":"https:\/\/encinardeljamon.com\/pt\/wp-json\/wp\/v2\/comments?post=2680"}],"wp:featuredmedia":[{"embeddable":true,"href":"https:\/\/encinardeljamon.com\/pt\/wp-json\/wp\/v2\/media\/2681"}],"wp:attachment":[{"href":"https:\/\/encinardeljamon.com\/pt\/wp-json\/wp\/v2\/media?parent=2680"}],"wp:term":[{"taxonomy":"product_brand","embeddable":true,"href":"https:\/\/encinardeljamon.com\/pt\/wp-json\/wp\/v2\/product_brand?post=2680"},{"taxonomy":"product_cat","embeddable":true,"href":"https:\/\/encinardeljamon.com\/pt\/wp-json\/wp\/v2\/product_cat?post=2680"},{"taxonomy":"product_tag","embeddable":true,"href":"https:\/\/encinardeljamon.com\/pt\/wp-json\/wp\/v2\/product_tag?post=2680"},{"taxonomy":"yst_prominent_words","embeddable":true,"href":"https:\/\/encinardeljamon.com\/pt\/wp-json\/wp\/v2\/yst_prominent_words?post=2680"}],"curies":[{"name":"wp","href":"https:\/\/api.w.org\/{rel}","templated":true}]}}