{"id":2676,"date":"2022-10-16T17:38:02","date_gmt":"2022-10-16T17:38:02","guid":{"rendered":"https:\/\/encinardeljamon.com\/?post_type=product&#038;p=2676"},"modified":"2024-04-04T21:43:18","modified_gmt":"2024-04-04T21:43:18","slug":"tripel-karmeliet-33-cl-4-cervezas-1-vaso","status":"publish","type":"product","link":"https:\/\/encinardeljamon.com\/pt\/product\/tripel-karmeliet-33-cl-4-cervezas-1-vaso\/","title":{"rendered":"Tripel Karmeliet 33 cl 4 cervejas + 1 copo"},"content":{"rendered":"<p>4 Pacote Tripel Karmeliet 33 cl 1 Vidro<\/p>\n<p>Procura uma prenda de cerveja para um amante de cerveja belga? Esta embalagem de cerveja Triple Karmeliet \u00e9 o presente perfeito para qualquer amante de cerveja. Esta caixa cont\u00e9m 4 garrafas de cerveja belga Tripel Karmeliet 33 cl e um copo original especialmente concebido para degustar esta cerveja. A Tripel Karmeliet \u00e9 uma cerveja belga de fermenta\u00e7\u00e3o superior com fermenta\u00e7\u00e3o secund\u00e1ria na garrafa, fabricada com uma combina\u00e7\u00e3o de tr\u00eas cereais: trigo, aveia e cevada.<\/p>\n<p>A Brouwerij Bosteels lan\u00e7ou-a no mercado no final dos anos 90 e o seu nome \u00e9 inspirado numa cerveja de 1680 com uma receita semelhante que pertencia ao convento carmelita de Dendermonde. De aspeto l\u00edmpido, apresenta uma cor \u00e2mbar com reflexos dourados e uma espuma fina, compacta e persistente. Apresenta um aroma intenso a malte com notas de ervas. Na boca \u00e9 suave e muito equilibrada, com uma forte presen\u00e7a de malte e um toque de especiarias. Final longo e amargo. Teor alco\u00f3lico: 8,4 proof.<\/p>\n<p>Casa de banho Bosteels<\/p>\n<p>A Brouwerij Bosteels \u00e9 uma cervejaria familiar com mais de 200 anos de hist\u00f3ria. Foi fundada em 1791 por Jean-Baptist Bosteels e, desde ent\u00e3o, a cervejaria passou por sete gera\u00e7\u00f5es de Bosteels. Em 1930, Antoine Bosteels, pertencente \u00e0 quinta gera\u00e7\u00e3o, come\u00e7ou a exportar a sua cerveja para outras regi\u00f5es, como Gante, Antu\u00e9rpia e Bruxelas. O seu filho Ivo Bosteels trouxe de volta a ic\u00f3nica cerveja Kwak em 1980 e Antoine Bosteels, o atual gerente, foi respons\u00e1vel pela reviravolta da cervejaria, colocando a t\u00f3nica nas cervejas fortes.<\/p>","protected":false},"excerpt":{"rendered":"<p>4 Pack Tripel Karmeliet 33 cl 1 copo Procura um presente de cerveja para um amante de cerveja belga? Este pack de cerveja Tripel Karmeliet \u00e9 o presente perfeito para qualquer amante de cerveja. Esta caixa cont\u00e9m 4 garrafas de cerveja belga Tripel Karmeliet 33 cl e um copo original especialmente concebido para degustar esta cerveja. ...<\/p>\n<p class=\"read-more\"> <a class=\"\" href=\"https:\/\/encinardeljamon.com\/pt\/product\/tripel-karmeliet-33-cl-4-cervezas-1-vaso\/\"> <span class=\"screen-reader-text\">Tripel Karmeliet 33 cl 4 cervejas + 1 copo<\/span> Ler mais \"<\/a><\/p>","protected":false},"featured_media":2679,"comment_status":"closed","ping_status":"closed","template":"","meta":{"site-sidebar-layout":"default","site-content-layout":"","ast-site-content-layout":"default","site-content-style":"default","site-sidebar-style":"default","ast-global-header-display":"","ast-banner-title-visibility":"","ast-main-header-display":"","ast-hfb-above-header-display":"","ast-hfb-below-header-display":"","ast-hfb-mobile-header-display":"","site-post-title":"","ast-breadcrumbs-content":"","ast-featured-img":"","footer-sml-layout":"","theme-transparent-header-meta":"default","adv-header-id-meta":"","stick-header-meta":"","header-above-stick-meta":"","header-main-stick-meta":"","header-below-stick-meta":"","astra-migrate-meta-layouts":"set","_joinchat":[]},"product_brand":[],"product_cat":[27,29],"product_tag":[],"yst_prominent_words":[],"class_list":{"0":"post-2676","1":"product","2":"type-product","3":"status-publish","4":"has-post-thumbnail","6":"product_cat-licores-vinos-y-cervezas","7":"product_cat-eventos-especiales","8":"desktop-align-left","9":"tablet-align-left","10":"mobile-align-left","12":"first","13":"instock","14":"taxable","15":"shipping-taxable","16":"purchasable","17":"product-type-simple"},"_links":{"self":[{"href":"https:\/\/encinardeljamon.com\/pt\/wp-json\/wp\/v2\/product\/2676","targetHints":{"allow":["GET"]}}],"collection":[{"href":"https:\/\/encinardeljamon.com\/pt\/wp-json\/wp\/v2\/product"}],"about":[{"href":"https:\/\/encinardeljamon.com\/pt\/wp-json\/wp\/v2\/types\/product"}],"replies":[{"embeddable":true,"href":"https:\/\/encinardeljamon.com\/pt\/wp-json\/wp\/v2\/comments?post=2676"}],"wp:featuredmedia":[{"embeddable":true,"href":"https:\/\/encinardeljamon.com\/pt\/wp-json\/wp\/v2\/media\/2679"}],"wp:attachment":[{"href":"https:\/\/encinardeljamon.com\/pt\/wp-json\/wp\/v2\/media?parent=2676"}],"wp:term":[{"taxonomy":"product_brand","embeddable":true,"href":"https:\/\/encinardeljamon.com\/pt\/wp-json\/wp\/v2\/product_brand?post=2676"},{"taxonomy":"product_cat","embeddable":true,"href":"https:\/\/encinardeljamon.com\/pt\/wp-json\/wp\/v2\/product_cat?post=2676"},{"taxonomy":"product_tag","embeddable":true,"href":"https:\/\/encinardeljamon.com\/pt\/wp-json\/wp\/v2\/product_tag?post=2676"},{"taxonomy":"yst_prominent_words","embeddable":true,"href":"https:\/\/encinardeljamon.com\/pt\/wp-json\/wp\/v2\/yst_prominent_words?post=2676"}],"curies":[{"name":"wp","href":"https:\/\/api.w.org\/{rel}","templated":true}]}}