{"id":1485,"date":"2022-08-01T15:04:34","date_gmt":"2022-08-01T15:04:34","guid":{"rendered":"https:\/\/encinardeljamon.com\/?post_type=product&#038;p=1485"},"modified":"2024-11-15T22:16:08","modified_gmt":"2024-11-15T22:16:08","slug":"celeste-roble-2023","status":"publish","type":"product","link":"https:\/\/encinardeljamon.com\/pt\/product\/celeste-roble-2023\/","title":{"rendered":"Carvalho azul claro 2023"},"content":{"rendered":"<p><strong>AVALIA\u00c7\u00c3O DO NOSSO SOMMELIER<\/strong><\/p>\n<p>O vinho da adega de Miguel Torres em Ribera de Duero. Uma aposta forte de Torres para se afirmar nesta denomina\u00e7\u00e3o de origem. Com este vinho de carvalho conseguiram colocar-se na mesma linha dos cl\u00e1ssicos vinhos de carvalho de Ribera del Duero. Um vinho equilibrado com um bom trabalho nos seus meses de carvalho.<\/p>\n<table border=\"1\">\n<tbody>\n<tr>\n<td style=\"width: 65%; padding: 0px; background: transparent; padding-left: 10px; font-size: .8em;\">Tipo de vinho<\/td>\n<td style=\"width: 30%; padding: 0px; background: transparent; padding-left: 10px; font-size: .8em;\">Vinho tinto<\/td>\n<\/tr>\n<tr>\n<td style=\"width: 65%; padding: 0px; background: transparent; padding-left: 10px; font-size: .8em;\">Acrescentar<\/td>\n<td style=\"width: 30%; padding: 0px; background: transparent; padding-left: 10px; font-size: .8em;\">2020<\/td>\n<\/tr>\n<tr>\n<td style=\"width: 65%; padding: 0px; background: transparent; padding-left: 10px; font-size: .8em;\">Tipo de educa\u00e7\u00e3o<\/td>\n<td style=\"width: 30%; padding: 0px; background: transparent; padding-left: 10px; font-size: .8em;\">Jovem \/ Carvalho<\/td>\n<\/tr>\n<tr>\n<td style=\"width: 65%; padding: 0px; background: transparent; padding-left: 10px; font-size: .8em;\">Hora de cria\u00e7\u00e3o<\/td>\n<td style=\"width: 30%; padding: 0px; background: transparent; padding-left: 10px; font-size: .8em;\">3 meses em barris de carvalho franc\u00eas.<\/td>\n<\/tr>\n<tr>\n<td style=\"width: 65%; padding: 0px; background: transparent; padding-left: 10px; font-size: .8em;\">Variedades<\/td>\n<td style=\"width: 30%; padding: 0px; background: transparent; padding-left: 10px; font-size: .8em;\">100% Tempranillo<\/td>\n<\/tr>\n<tr>\n<td style=\"width: 65%; padding: 0px; background: transparent; padding-left: 10px; font-size: .8em;\">Gradua\u00e7\u00e3o<\/td>\n<td style=\"width: 30%; padding: 0px; background: transparent; padding-left: 10px; font-size: .8em;\">13%<\/td>\n<\/tr>\n<tr>\n<td style=\"width: 65%; padding: 0px; background: transparent; padding-left: 10px; font-size: .8em;\">Denomina\u00e7\u00e3o de origem<\/td>\n<td style=\"width: 30%; padding: 0px; background: transparent; padding-left: 10px; font-size: .8em;\">Ribera del Duero<\/td>\n<\/tr>\n<tr>\n<td style=\"width: 65%; padding: 0px; background: transparent; padding-left: 10px; font-size: .8em;\">Pa\u00eds<\/td>\n<td style=\"width: 30%; padding: 0px; background: transparent; padding-left: 10px; font-size: .8em;\">Espanha<\/td>\n<\/tr>\n<tr>\n<td style=\"width: 65%; padding: 0px; background: transparent; padding-left: 10px; font-size: .8em;\">Temperatura de servi\u00e7o<\/td>\n<td style=\"width: 30%; padding: 0px; background: transparent; padding-left: 10px; font-size: .8em;\">Entre 14\u00ba e 16\u00baC<\/td>\n<\/tr>\n<\/tbody>\n<\/table>\n<p><strong>NOTAS DE PROVA<\/strong><\/p>\n<table border=\"1\">\n<tbody>\n<tr>\n<td style=\"width: 95%; padding: 0px; background: transparent; padding-left: 10px; font-size: .8em;\"><strong>Cor cereja escura com laivos de malva. Limpo e brilhante.<\/strong><\/td>\n<\/tr>\n<tr>\n<td style=\"width: 95%; padding: 0px; background: transparent; padding-left: 10px; font-size: .8em;\"><strong>No nariz, aromas de salada de frutos vermelhos com um ligeiro fundo de especiarias.<\/strong><\/td>\n<\/tr>\n<tr>\n<td style=\"width: 95%; padding: 0px; background: transparent; padding-left: 10px; font-size: .8em;\"><strong>No paladar, tem uma entrada fresca e doce que persiste durante toda a sua passagem pela boca, reflectindo o seu corpo e juventude.<\/strong><\/td>\n<\/tr>\n<\/tbody>\n<\/table>","protected":false},"excerpt":{"rendered":"<p>OUR WINE RATING O vinho da adega Miguel Torres em Ribera de Duero. Uma forte aposta de Torres para se afirmar nesta denomina\u00e7\u00e3o de origem. Com este vinho de carvalho conseguiram colocar-se na mesma linha dos cl\u00e1ssicos vinhos de carvalho de Ribera del Duero. Um vinho equilibrado, com um bom trabalho ...<\/p>\n<p class=\"read-more\"> <a class=\"\" href=\"https:\/\/encinardeljamon.com\/pt\/product\/celeste-roble-2023\/\"> <span class=\"screen-reader-text\">Carvalho azul claro 2023<\/span> Ler mais \"<\/a><\/p>","protected":false},"featured_media":1486,"comment_status":"closed","ping_status":"closed","template":"","meta":{"site-sidebar-layout":"default","site-content-layout":"","ast-site-content-layout":"default","site-content-style":"default","site-sidebar-style":"default","ast-global-header-display":"","ast-banner-title-visibility":"","ast-main-header-display":"","ast-hfb-above-header-display":"","ast-hfb-below-header-display":"","ast-hfb-mobile-header-display":"","site-post-title":"","ast-breadcrumbs-content":"","ast-featured-img":"","footer-sml-layout":"","theme-transparent-header-meta":"default","adv-header-id-meta":"","stick-header-meta":"","header-above-stick-meta":"","header-main-stick-meta":"","header-below-stick-meta":"","astra-migrate-meta-layouts":"set","_joinchat":[]},"product_brand":[],"product_cat":[27],"product_tag":[],"yst_prominent_words":[],"class_list":{"0":"post-1485","1":"product","2":"type-product","3":"status-publish","4":"has-post-thumbnail","6":"product_cat-licores-vinos-y-cervezas","7":"desktop-align-left","8":"tablet-align-left","9":"mobile-align-left","11":"first","12":"instock","13":"taxable","14":"shipping-taxable","15":"purchasable","16":"product-type-simple"},"_links":{"self":[{"href":"https:\/\/encinardeljamon.com\/pt\/wp-json\/wp\/v2\/product\/1485","targetHints":{"allow":["GET"]}}],"collection":[{"href":"https:\/\/encinardeljamon.com\/pt\/wp-json\/wp\/v2\/product"}],"about":[{"href":"https:\/\/encinardeljamon.com\/pt\/wp-json\/wp\/v2\/types\/product"}],"replies":[{"embeddable":true,"href":"https:\/\/encinardeljamon.com\/pt\/wp-json\/wp\/v2\/comments?post=1485"}],"wp:featuredmedia":[{"embeddable":true,"href":"https:\/\/encinardeljamon.com\/pt\/wp-json\/wp\/v2\/media\/1486"}],"wp:attachment":[{"href":"https:\/\/encinardeljamon.com\/pt\/wp-json\/wp\/v2\/media?parent=1485"}],"wp:term":[{"taxonomy":"product_brand","embeddable":true,"href":"https:\/\/encinardeljamon.com\/pt\/wp-json\/wp\/v2\/product_brand?post=1485"},{"taxonomy":"product_cat","embeddable":true,"href":"https:\/\/encinardeljamon.com\/pt\/wp-json\/wp\/v2\/product_cat?post=1485"},{"taxonomy":"product_tag","embeddable":true,"href":"https:\/\/encinardeljamon.com\/pt\/wp-json\/wp\/v2\/product_tag?post=1485"},{"taxonomy":"yst_prominent_words","embeddable":true,"href":"https:\/\/encinardeljamon.com\/pt\/wp-json\/wp\/v2\/yst_prominent_words?post=1485"}],"curies":[{"name":"wp","href":"https:\/\/api.w.org\/{rel}","templated":true}]}}