{"id":1475,"date":"2022-08-01T14:40:53","date_gmt":"2022-08-01T14:40:53","guid":{"rendered":"https:\/\/encinardeljamon.com\/?post_type=product&#038;p=1475"},"modified":"2025-11-07T23:19:21","modified_gmt":"2025-11-07T23:19:21","slug":"paleta-benito-cebo-campo-50-raza-iberica4-5-kg-aprox","status":"publish","type":"product","link":"https:\/\/encinardeljamon.com\/pt\/product\/paleta-benito-cebo-campo-50-raza-iberica4-5-kg-aprox\/","title":{"rendered":"Paleta Benito cebo campo 50% RAZA IBERICA(4.5 kg. aprox)"},"content":{"rendered":"<blockquote>\n<p style=\"text-align: left;\">Presunto e Ombro Ib\u00e9rico<\/p>\n<\/blockquote>\n<p>Descri\u00e7\u00e3o: Produtos feitos a partir da perna posterior (presunto) ou perna dianteira (p\u00e1), de porcos certificados segundo o D.R. 4\/2014 como presunto ib\u00e9rico (segundo a ra\u00e7a e alimenta\u00e7\u00e3o), submetidos a um processo de salga, secagem e matura\u00e7\u00e3o, com um tempo m\u00ednimo de cura conforme indicado na tabela.<\/p>\n<p>Produto CERTIFICADO pela CERTICALIDAD, S.L., em conformidade com o Decreto Real 04\/2014.<br \/>\n<strong>PROPRIEDADES NUTRICIONAIS:<\/strong><\/p>\n<table border=\"1\">\n<tbody>\n<tr>\n<td style=\"width: 35%; padding: 0px; background: transparent; padding-left: 10px; font-size: .8em;\"><\/td>\n<td style=\"width: 25%; padding: 0px; background: transparent; padding-left: 10px; font-size: .8em;\"><\/td>\n<td style=\"width: 25%; padding: 0px; background: transparent; padding-left: 10px; font-size: .8em;\"><\/td>\n<td style=\"width: 15%; padding: 0px; background: transparent; padding-left: 10px; font-size: .8em;\"><\/td>\n<\/tr>\n<tr>\n<td style=\"width: 35%; padding: 0px; background: transparent; padding-left: 10px; font-size: .8em;\"><\/td>\n<td style=\"width: 25%; padding: 0px; background: transparent; padding-left: 10px; font-size: .8em;\">Presuntos e ombros alimentados a milho<\/td>\n<td style=\"width: 25%; padding: 0px; background: transparent; padding-left: 10px; font-size: .8em;\">Presuntos e ombros de porcos engordados<\/td>\n<td style=\"width: 15%; padding: 0px; background: transparent; padding-left: 10px; font-size: .8em;\"><\/td>\n<\/tr>\n<tr>\n<td style=\"width: 35%; padding: 0px; background: transparent; padding-left: 10px; font-size: .8em;\">Valor energ\u00e9tico<\/td>\n<td style=\"width: 25%; padding: 0px; background: transparent; padding-left: 10px; font-size: .8em;\">KJ: 1401 Kcal: 335<\/td>\n<td style=\"width: 25%; padding: 0px; background: transparent; padding-left: 10px; font-size: .8em;\">KJ: 1267 Kcal: 303<\/td>\n<td style=\"width: 15%; padding: 0px; background: transparent; padding-left: 10px; font-size: .8em;\"><\/td>\n<\/tr>\n<tr>\n<td style=\"width: 35%; padding: 0px; background: transparent; padding-left: 10px; font-size: .8em;\">Gorduras<\/td>\n<td style=\"width: 25%; padding: 0px; background: transparent; padding-left: 10px; font-size: .8em;\">22,2<\/td>\n<td style=\"width: 25%; padding: 0px; background: transparent; padding-left: 10px; font-size: .8em;\">19,2<\/td>\n<td style=\"width: 15%; padding: 0px; background: transparent; padding-left: 10px; font-size: .8em;\">g\/100gr.<\/td>\n<\/tr>\n<tr>\n<td style=\"width: 35%; padding: 0px; background: transparent; padding-left: 10px; font-size: .8em;\">Dos quais \u00e1cidos gordos saturados<\/td>\n<td style=\"width: 25%; padding: 0px; background: transparent; padding-left: 10px; font-size: .8em;\">6,53<\/td>\n<td style=\"width: 25%; padding: 0px; background: transparent; padding-left: 10px; font-size: .8em;\">7,81<\/td>\n<td style=\"width: 15%; padding: 0px; background: transparent; padding-left: 10px; font-size: .8em;\">g\/100g<\/td>\n<\/tr>\n<tr>\n<td style=\"width: 35%; padding: 0px; background: transparent; padding-left: 10px; font-size: .8em;\">Hidratos de carbono<\/td>\n<td style=\"width: 25%; padding: 0px; background: transparent; padding-left: 10px; font-size: .8em;\">0,5<\/td>\n<td style=\"width: 25%; padding: 0px; background: transparent; padding-left: 10px; font-size: .8em;\">0,1<\/td>\n<td style=\"width: 15%; padding: 0px; background: transparent; padding-left: 10px; font-size: .8em;\">g\/100g<\/td>\n<\/tr>\n<tr>\n<td style=\"width: 35%; padding: 0px; background: transparent; padding-left: 10px; font-size: .8em;\">Dos quais A\u00e7\u00facares<\/td>\n<td style=\"width: 25%; padding: 0px; background: transparent; padding-left: 10px; font-size: .8em;\">0<\/td>\n<td style=\"width: 25%; padding: 0px; background: transparent; padding-left: 10px; font-size: .8em;\">0<\/td>\n<td style=\"width: 15%; padding: 0px; background: transparent; padding-left: 10px; font-size: .8em;\">g\/100gr.<\/td>\n<\/tr>\n<tr>\n<td style=\"width: 35%; padding: 0px; background: transparent; padding-left: 10px; font-size: .8em;\">Dos quais fibra diet\u00e9tica.<\/td>\n<td style=\"width: 25%; padding: 0px; background: transparent; padding-left: 10px; font-size: .8em;\">0<\/td>\n<td style=\"width: 25%; padding: 0px; background: transparent; padding-left: 10px; font-size: .8em;\">0<\/td>\n<td style=\"width: 15%; padding: 0px; background: transparent; padding-left: 10px; font-size: .8em;\">g\/100gr.<\/td>\n<\/tr>\n<tr>\n<td style=\"width: 35%; padding: 0px; background: transparent; padding-left: 10px; font-size: .8em;\">Dos quais Prote\u00edna<\/td>\n<td style=\"width: 25%; padding: 0px; background: transparent; padding-left: 10px; font-size: .8em;\">33,2<\/td>\n<td style=\"width: 25%; padding: 0px; background: transparent; padding-left: 10px; font-size: .8em;\">32,3<\/td>\n<td style=\"width: 15%; padding: 0px; background: transparent; padding-left: 10px; font-size: .8em;\">g\/100gr.<\/td>\n<\/tr>\n<tr>\n<td style=\"width: 35%; padding: 0px; background: transparent; padding-left: 10px; font-size: .8em;\">Sal<\/td>\n<td style=\"width: 25%; padding: 0px; background: transparent; padding-left: 10px; font-size: .8em;\">4,83<\/td>\n<td style=\"width: 25%; padding: 0px; background: transparent; padding-left: 10px; font-size: .8em;\">4,85<\/td>\n<td style=\"width: 15%; padding: 0px; background: transparent; padding-left: 10px; font-size: .8em;\">g\/100gr.<\/td>\n<\/tr>\n<\/tbody>\n<\/table>\n<p>Fonte: base de dados BEDCA<\/p>\n<p><strong>CARACTER\u00cdSTICAS ORGANOL\u00c9PTICAS<\/strong><strong>:<\/strong><\/p>\n<table border=\"1\">\n<tbody>\n<tr>\n<td style=\"width: 35%; padding: 0px; background: transparent; padding-left: 10px; font-size: .8em;\">Cor<\/td>\n<td style=\"width: 65%; padding: 0px; background: transparent; padding-left: 10px; font-size: .8em;\">T\u00edpico do presunto ib\u00e9rico curado. Com uma risca de gordura branco-p\u00e9rola.<\/td>\n<\/tr>\n<tr>\n<td style=\"width: 35%; padding: 0px; background: transparent; padding-left: 10px; font-size: .8em;\">Aroma<\/td>\n<td style=\"width: 65%; padding: 0px; background: transparent; padding-left: 10px; font-size: .8em;\">Agrad\u00e1vel e caracter\u00edstico<\/td>\n<\/tr>\n<tr>\n<td style=\"width: 35%; padding: 0px; background: transparent; padding-left: 10px; font-size: .8em;\">Sabor<\/td>\n<td style=\"width: 65%; padding: 0px; background: transparent; padding-left: 10px; font-size: .8em;\">Carne ligeiramente salgada e curada<\/td>\n<\/tr>\n<tr>\n<td style=\"width: 35%; padding: 0px; background: transparent; padding-left: 10px; font-size: .8em;\">Textura<\/td>\n<td style=\"width: 65%; padding: 0px; background: transparent; padding-left: 10px; font-size: .8em;\">Homog\u00e9neo<\/td>\n<\/tr>\n<\/tbody>\n<\/table>","protected":false},"excerpt":{"rendered":"<p>Presunto e P\u00e1 Ib\u00e9rica Descri\u00e7\u00e3o: Produtos elaborados a partir do pernil (Presunto) ou da pata dianteira (P\u00e1), provenientes de su\u00ednos certificados segundo o D.R. 4\/2014 como presunto ib\u00e9rico (de acordo com a ra\u00e7a e alimenta\u00e7\u00e3o), submetidos a um processo de salga, secagem e matura\u00e7\u00e3o, com um tempo m\u00ednimo de cura indicado na tabela. Produto CERTIFICADO por ...<\/p>\n<p class=\"read-more\"> <a class=\"\" href=\"https:\/\/encinardeljamon.com\/pt\/product\/paleta-benito-cebo-campo-50-raza-iberica4-5-kg-aprox\/\"> <span class=\"screen-reader-text\">Paleta Benito cebo campo 50% RAZA IBERICA(4.5 kg. aprox)<\/span> Ler mais \"<\/a><\/p>","protected":false},"featured_media":1478,"comment_status":"closed","ping_status":"closed","template":"","meta":{"site-sidebar-layout":"default","site-content-layout":"","ast-site-content-layout":"default","site-content-style":"default","site-sidebar-style":"default","ast-global-header-display":"","ast-banner-title-visibility":"","ast-main-header-display":"","ast-hfb-above-header-display":"","ast-hfb-below-header-display":"","ast-hfb-mobile-header-display":"","site-post-title":"","ast-breadcrumbs-content":"","ast-featured-img":"","footer-sml-layout":"","theme-transparent-header-meta":"default","adv-header-id-meta":"","stick-header-meta":"","header-above-stick-meta":"","header-main-stick-meta":"","header-below-stick-meta":"","astra-migrate-meta-layouts":"set","_joinchat":[]},"product_brand":[],"product_cat":[17,39],"product_tag":[],"yst_prominent_words":[],"class_list":{"0":"post-1475","1":"product","2":"type-product","3":"status-publish","4":"has-post-thumbnail","6":"product_cat-jamones-y-paletas","7":"product_cat-ofertas-y-novedades","8":"desktop-align-left","9":"tablet-align-left","10":"mobile-align-left","12":"first","13":"instock","14":"taxable","15":"shipping-taxable","16":"purchasable","17":"product-type-variable"},"_links":{"self":[{"href":"https:\/\/encinardeljamon.com\/pt\/wp-json\/wp\/v2\/product\/1475","targetHints":{"allow":["GET"]}}],"collection":[{"href":"https:\/\/encinardeljamon.com\/pt\/wp-json\/wp\/v2\/product"}],"about":[{"href":"https:\/\/encinardeljamon.com\/pt\/wp-json\/wp\/v2\/types\/product"}],"replies":[{"embeddable":true,"href":"https:\/\/encinardeljamon.com\/pt\/wp-json\/wp\/v2\/comments?post=1475"}],"wp:featuredmedia":[{"embeddable":true,"href":"https:\/\/encinardeljamon.com\/pt\/wp-json\/wp\/v2\/media\/1478"}],"wp:attachment":[{"href":"https:\/\/encinardeljamon.com\/pt\/wp-json\/wp\/v2\/media?parent=1475"}],"wp:term":[{"taxonomy":"product_brand","embeddable":true,"href":"https:\/\/encinardeljamon.com\/pt\/wp-json\/wp\/v2\/product_brand?post=1475"},{"taxonomy":"product_cat","embeddable":true,"href":"https:\/\/encinardeljamon.com\/pt\/wp-json\/wp\/v2\/product_cat?post=1475"},{"taxonomy":"product_tag","embeddable":true,"href":"https:\/\/encinardeljamon.com\/pt\/wp-json\/wp\/v2\/product_tag?post=1475"},{"taxonomy":"yst_prominent_words","embeddable":true,"href":"https:\/\/encinardeljamon.com\/pt\/wp-json\/wp\/v2\/yst_prominent_words?post=1475"}],"curies":[{"name":"wp","href":"https:\/\/api.w.org\/{rel}","templated":true}]}}