{"id":1451,"date":"2022-08-01T14:09:26","date_gmt":"2022-08-01T14:09:26","guid":{"rendered":"https:\/\/encinardeljamon.com\/?post_type=product&#038;p=1451"},"modified":"2025-11-07T23:29:58","modified_gmt":"2025-11-07T23:29:58","slug":"paleta-cebo-campo-50-24-meses-curacion-natural-5-5-5-kg-aprox","status":"publish","type":"product","link":"https:\/\/encinardeljamon.com\/pt\/product\/paleta-cebo-campo-50-24-meses-curacion-natural-5-5-5-kg-aprox\/","title":{"rendered":"Paleta Cebo Campo 50% +24 meses Cura natural (5-5,5 kg aprox.)"},"content":{"rendered":"<p>Paleta Cebo Campo Ib\u00e9rica +24 meses de Cura Natural<\/p>\n<p>CEBO CAMPO IB\u00c9RICA 50% ou 75 % RAZA IB\u00c9RICA presunto de ombro. 100% Natural com mais de 24 meses de cura no Parque Natural da Serra Nevada. Sem aditivos ou conservantes, teor reduzido de sal, sem gl\u00faten e sem lactose. Porcos criados em liberdade nos melhores pastos e alimentados com bolota, erva e cereais.<br \/>\nCertificado pela norma ib\u00e9rica R.D.4\/2014<br \/>\nIngredientes: Presunto ib\u00e9rico e sal marinho. Origem espanhola<\/p>","protected":false},"excerpt":{"rendered":"<p>Paleta Cebo Campo Ib\u00e9rica +24 meses Paleta de cura natural na perna CEBO CAMPO IB\u00c9RICA 50% ou 75 % RAZA IB\u00c9RICA. 100% Natural com mais de 24 meses de cura no Parque Natural da Serra Nevada. Sem aditivos nem conservantes, com reduzido teor de sal, sem gl\u00faten e sem lactose. Porcos criados em estado selvagem nas melhores condi\u00e7\u00f5es naturais ...<\/p>\n<p class=\"read-more\"> <a class=\"\" href=\"https:\/\/encinardeljamon.com\/pt\/product\/paleta-cebo-campo-50-24-meses-curacion-natural-5-5-5-kg-aprox\/\"> <span class=\"screen-reader-text\">Paleta Cebo Campo 50% +24 meses Cura natural (5-5,5 kg aprox.)<\/span> Ler mais \"<\/a><\/p>","protected":false},"featured_media":1454,"comment_status":"closed","ping_status":"closed","template":"","meta":{"site-sidebar-layout":"default","site-content-layout":"","ast-site-content-layout":"default","site-content-style":"default","site-sidebar-style":"default","ast-global-header-display":"","ast-banner-title-visibility":"","ast-main-header-display":"","ast-hfb-above-header-display":"","ast-hfb-below-header-display":"","ast-hfb-mobile-header-display":"","site-post-title":"","ast-breadcrumbs-content":"","ast-featured-img":"","footer-sml-layout":"","theme-transparent-header-meta":"default","adv-header-id-meta":"","stick-header-meta":"","header-above-stick-meta":"","header-main-stick-meta":"","header-below-stick-meta":"","astra-migrate-meta-layouts":"set","_joinchat":[]},"product_brand":[],"product_cat":[17],"product_tag":[],"yst_prominent_words":[],"class_list":{"0":"post-1451","1":"product","2":"type-product","3":"status-publish","4":"has-post-thumbnail","6":"product_cat-jamones-y-paletas","7":"desktop-align-left","8":"tablet-align-left","9":"mobile-align-left","11":"first","12":"instock","13":"taxable","14":"shipping-taxable","15":"purchasable","16":"product-type-variable"},"_links":{"self":[{"href":"https:\/\/encinardeljamon.com\/pt\/wp-json\/wp\/v2\/product\/1451","targetHints":{"allow":["GET"]}}],"collection":[{"href":"https:\/\/encinardeljamon.com\/pt\/wp-json\/wp\/v2\/product"}],"about":[{"href":"https:\/\/encinardeljamon.com\/pt\/wp-json\/wp\/v2\/types\/product"}],"replies":[{"embeddable":true,"href":"https:\/\/encinardeljamon.com\/pt\/wp-json\/wp\/v2\/comments?post=1451"}],"wp:featuredmedia":[{"embeddable":true,"href":"https:\/\/encinardeljamon.com\/pt\/wp-json\/wp\/v2\/media\/1454"}],"wp:attachment":[{"href":"https:\/\/encinardeljamon.com\/pt\/wp-json\/wp\/v2\/media?parent=1451"}],"wp:term":[{"taxonomy":"product_brand","embeddable":true,"href":"https:\/\/encinardeljamon.com\/pt\/wp-json\/wp\/v2\/product_brand?post=1451"},{"taxonomy":"product_cat","embeddable":true,"href":"https:\/\/encinardeljamon.com\/pt\/wp-json\/wp\/v2\/product_cat?post=1451"},{"taxonomy":"product_tag","embeddable":true,"href":"https:\/\/encinardeljamon.com\/pt\/wp-json\/wp\/v2\/product_tag?post=1451"},{"taxonomy":"yst_prominent_words","embeddable":true,"href":"https:\/\/encinardeljamon.com\/pt\/wp-json\/wp\/v2\/yst_prominent_words?post=1451"}],"curies":[{"name":"wp","href":"https:\/\/api.w.org\/{rel}","templated":true}]}}