{"id":1441,"date":"2022-08-01T13:57:30","date_gmt":"2022-08-01T13:57:30","guid":{"rendered":"https:\/\/encinardeljamon.com\/?post_type=product&#038;p=1441"},"modified":"2025-11-07T23:32:55","modified_gmt":"2025-11-07T23:32:55","slug":"paleta-bellota-50-24-meses-curacion-natural-45-5-kg-aprox","status":"publish","type":"product","link":"https:\/\/encinardeljamon.com\/pt\/product\/paleta-bellota-50-24-meses-curacion-natural-45-5-kg-aprox\/","title":{"rendered":"Paleta Bellota 50% +24 meses Cura natural (4,5-5 kg aprox.)"},"content":{"rendered":"<p>Acorn-fed Paleta Bellota Ib\u00e9rica 50% +24 meses de Cura Natural<\/p>\n<p>BELLOTA IB\u00c9RICA 50% ou 75% RAZA IB\u00c9RICA presunto de ombro. 100% natural com mais de 24 meses de cura no Parque Natural da Serra Nevada. Sem aditivos ou conservantes, teor reduzido de sal, sem gl\u00faten e sem lactose, porcos criados ao ar livre nos melhores pastos e alimentados com bolota.<br \/>\nCertificado pela norma ib\u00e9rica de presunto R.D.4\/2014<br \/>\nIngredientes: Presunto ib\u00e9rico alimentado com milho e sal marinho. Origem espanhola<\/p>","protected":false},"excerpt":{"rendered":"<p>Paleta BELLOTA IB\u00c9RICA 50% Ib\u00e9rica +24 meses de Cura Natural Paleta de perna BELLOTA IB\u00c9RICA 50% ou 75% RAZA IB\u00c9RICA. 100% natural com mais de 24 meses de cura no Parque Natural da Serra Nevada. Sem aditivos nem conservantes, com reduzido teor de sal, sem gl\u00faten nem lactose, su\u00ednos criados ao ar livre nas melhores pastagens e no ...<\/p>\n<p class=\"read-more\"> <a class=\"\" href=\"https:\/\/encinardeljamon.com\/pt\/product\/paleta-bellota-50-24-meses-curacion-natural-45-5-kg-aprox\/\"> <span class=\"screen-reader-text\">Paleta Bellota 50% +24 meses Cura natural (4,5-5 kg aprox.)<\/span> Ler mais \"<\/a><\/p>","protected":false},"featured_media":1446,"comment_status":"closed","ping_status":"closed","template":"","meta":{"site-sidebar-layout":"default","site-content-layout":"","ast-site-content-layout":"default","site-content-style":"default","site-sidebar-style":"default","ast-global-header-display":"","ast-banner-title-visibility":"","ast-main-header-display":"","ast-hfb-above-header-display":"","ast-hfb-below-header-display":"","ast-hfb-mobile-header-display":"","site-post-title":"","ast-breadcrumbs-content":"","ast-featured-img":"","footer-sml-layout":"","theme-transparent-header-meta":"default","adv-header-id-meta":"","stick-header-meta":"","header-above-stick-meta":"","header-main-stick-meta":"","header-below-stick-meta":"","astra-migrate-meta-layouts":"set","_joinchat":[]},"product_brand":[],"product_cat":[17],"product_tag":[],"yst_prominent_words":[],"class_list":{"0":"post-1441","1":"product","2":"type-product","3":"status-publish","4":"has-post-thumbnail","6":"product_cat-jamones-y-paletas","7":"desktop-align-left","8":"tablet-align-left","9":"mobile-align-left","11":"first","12":"instock","13":"taxable","14":"shipping-taxable","15":"purchasable","16":"product-type-variable"},"_links":{"self":[{"href":"https:\/\/encinardeljamon.com\/pt\/wp-json\/wp\/v2\/product\/1441","targetHints":{"allow":["GET"]}}],"collection":[{"href":"https:\/\/encinardeljamon.com\/pt\/wp-json\/wp\/v2\/product"}],"about":[{"href":"https:\/\/encinardeljamon.com\/pt\/wp-json\/wp\/v2\/types\/product"}],"replies":[{"embeddable":true,"href":"https:\/\/encinardeljamon.com\/pt\/wp-json\/wp\/v2\/comments?post=1441"}],"wp:featuredmedia":[{"embeddable":true,"href":"https:\/\/encinardeljamon.com\/pt\/wp-json\/wp\/v2\/media\/1446"}],"wp:attachment":[{"href":"https:\/\/encinardeljamon.com\/pt\/wp-json\/wp\/v2\/media?parent=1441"}],"wp:term":[{"taxonomy":"product_brand","embeddable":true,"href":"https:\/\/encinardeljamon.com\/pt\/wp-json\/wp\/v2\/product_brand?post=1441"},{"taxonomy":"product_cat","embeddable":true,"href":"https:\/\/encinardeljamon.com\/pt\/wp-json\/wp\/v2\/product_cat?post=1441"},{"taxonomy":"product_tag","embeddable":true,"href":"https:\/\/encinardeljamon.com\/pt\/wp-json\/wp\/v2\/product_tag?post=1441"},{"taxonomy":"yst_prominent_words","embeddable":true,"href":"https:\/\/encinardeljamon.com\/pt\/wp-json\/wp\/v2\/yst_prominent_words?post=1441"}],"curies":[{"name":"wp","href":"https:\/\/api.w.org\/{rel}","templated":true}]}}