{"id":1435,"date":"2022-08-01T12:06:43","date_gmt":"2022-08-01T12:06:43","guid":{"rendered":"https:\/\/encinardeljamon.com\/?post_type=product&#038;p=1435"},"modified":"2025-10-04T18:11:10","modified_gmt":"2025-10-04T18:11:10","slug":"paletilla-gran-reserva45-a-5-kg-aprox","status":"publish","type":"product","link":"https:\/\/encinardeljamon.com\/pt\/product\/paletilla-gran-reserva45-a-5-kg-aprox\/","title":{"rendered":"Paletilla Gran Reserva(4,5 a 5 kg aprox)"},"content":{"rendered":"<h1 style=\"text-align: center;\"><\/h1>\n<blockquote>\n<ol>\n<li>PALETA cruce k cerdo blanco Duroc con peso de 4,5 a 5 kilos\u00a0 aprox.<\/li>\n<\/ol>\n<\/blockquote>\n<p>Pernas (esp\u00e1duas) de su\u00ednos que tenham sido submetidos a um processo de salga, secagem e matura\u00e7\u00e3o, com um tempo m\u00ednimo de cura indicado no quadro.<br \/>\nProduto<br \/>\nTempo m\u00ednimo de cicatriza\u00e7\u00e3o<br \/>\nIngredientes<br \/>\nFormatos de produtos<br \/>\nParte<br \/>\nCorte com faca<br \/>\nDesossa<\/p>\n<p>Paleta<br \/>\n365 dias<br \/>\nEsp\u00e1dua de porco (98%), sal (1,97%), regulador de acidez E-331iii, conservantes E-252 (0,015%) e E-250 (0,0099%)<\/p>\n<p>Alerg\u00e9nios: N\u00e3o cont\u00e9m ingredientes, tal como especificados no ANEXO II do Regulamento 1169\/2011, que possam causar alergias ou intoler\u00e2ncias.<br \/>\nPropriedades nutricionais:<\/p>\n<p>Paleta<br \/>\nValor energ\u00e9tico<br \/>\nKJ: 1267 Kcal: 303<br \/>\nKJ: 1267 Kcal: 303<br \/>\nGorduras<br \/>\n19,2<br \/>\n19,2<br \/>\ng\/100g<br \/>\nDos quais:<br \/>\n\u00c1cidos gordos saturados 7,81 7,81 g\/100g<br \/>\nHidratos de carbono 0,1 0,1 g\/100g<br \/>\nDos quais:<br \/>\nA\u00e7\u00facares<br \/>\n0<br \/>\n0<br \/>\ng\/100g<br \/>\nFibra alimentar.<br \/>\n0<br \/>\n0<br \/>\ng\/100g<br \/>\nProte\u00ednas<br \/>\n32,3<br \/>\n32,3<br \/>\ng\/100g<br \/>\nSal<br \/>\n4,85<br \/>\n4,85<br \/>\ng\/100g<br \/>\nFonte: base de dados BEDCA<br \/>\nCaracter\u00edsticas organol\u00e9pticas:<br \/>\nMicrobiol\u00f3gico: F\u00edsico-qu\u00edmico:<br \/>\nCor<br \/>\nT\u00edpico do presunto curado. Com um tra\u00e7o de gordura branco-p\u00e9rola.<br \/>\nAroma<br \/>\nAgrad\u00e1vel e caracter\u00edstico<br \/>\nSabor<br \/>\nCarne ligeiramente salgada e curada<br \/>\nTextura<br \/>\nHomog\u00e9neo<\/p>\n<p>Ficha de especifica\u00e7\u00f5es t\u00e9cnicas Data:20\/03\/2023-Rev:6<br \/>\nManter esta ficha sempre actualizada<br \/>\nEscherichia coli<br \/>\n1 x 102 ufc\/g<br \/>\nSalmonela<br \/>\nAus\u00eancia \/ 25 g<br \/>\nListeria monocytogenes<br \/>\nAus\u00eancia \/ 25 g<\/p>","protected":false},"excerpt":{"rendered":"<p>PALETA cruce k cerdo blanco Duroc con peso de 4,5 a 5 kilos\u00a0 aprox. Extremidad anterior (Paleta), procedentes de cerdos, sometidos a un proceso de salaz\u00f3n, secado y madurado, con un tiempo m\u00ednimo de curaci\u00f3n seg\u00fan se indica en la tabla. Producto Tiempo m\u00edn. de curaci\u00f3n Ingredientes Formatos de productos Pieza Corte a cuchillo Deshuesado &hellip;<\/p>\n<p class=\"read-more\"> <a class=\"\" href=\"https:\/\/encinardeljamon.com\/pt\/product\/paletilla-gran-reserva45-a-5-kg-aprox\/\"> <span class=\"screen-reader-text\">Paletilla Gran Reserva(4,5 a 5 kg aprox)<\/span> Ler mais \"<\/a><\/p>","protected":false},"featured_media":3160,"comment_status":"closed","ping_status":"closed","template":"","meta":{"site-sidebar-layout":"default","site-content-layout":"","ast-site-content-layout":"default","site-content-style":"default","site-sidebar-style":"default","ast-global-header-display":"","ast-banner-title-visibility":"","ast-main-header-display":"","ast-hfb-above-header-display":"","ast-hfb-below-header-display":"","ast-hfb-mobile-header-display":"","site-post-title":"","ast-breadcrumbs-content":"","ast-featured-img":"","footer-sml-layout":"","theme-transparent-header-meta":"default","adv-header-id-meta":"","stick-header-meta":"","header-above-stick-meta":"","header-main-stick-meta":"","header-below-stick-meta":"","astra-migrate-meta-layouts":"set","_joinchat":[]},"product_brand":[],"product_cat":[17,39],"product_tag":[],"yst_prominent_words":[],"class_list":{"0":"post-1435","1":"product","2":"type-product","3":"status-publish","4":"has-post-thumbnail","6":"product_cat-jamones-y-paletas","7":"product_cat-ofertas-y-novedades","8":"desktop-align-left","9":"tablet-align-left","10":"mobile-align-left","12":"first","13":"instock","14":"sale","15":"taxable","16":"shipping-taxable","17":"purchasable","18":"product-type-variable"},"_links":{"self":[{"href":"https:\/\/encinardeljamon.com\/pt\/wp-json\/wp\/v2\/product\/1435","targetHints":{"allow":["GET"]}}],"collection":[{"href":"https:\/\/encinardeljamon.com\/pt\/wp-json\/wp\/v2\/product"}],"about":[{"href":"https:\/\/encinardeljamon.com\/pt\/wp-json\/wp\/v2\/types\/product"}],"replies":[{"embeddable":true,"href":"https:\/\/encinardeljamon.com\/pt\/wp-json\/wp\/v2\/comments?post=1435"}],"wp:featuredmedia":[{"embeddable":true,"href":"https:\/\/encinardeljamon.com\/pt\/wp-json\/wp\/v2\/media\/3160"}],"wp:attachment":[{"href":"https:\/\/encinardeljamon.com\/pt\/wp-json\/wp\/v2\/media?parent=1435"}],"wp:term":[{"taxonomy":"product_brand","embeddable":true,"href":"https:\/\/encinardeljamon.com\/pt\/wp-json\/wp\/v2\/product_brand?post=1435"},{"taxonomy":"product_cat","embeddable":true,"href":"https:\/\/encinardeljamon.com\/pt\/wp-json\/wp\/v2\/product_cat?post=1435"},{"taxonomy":"product_tag","embeddable":true,"href":"https:\/\/encinardeljamon.com\/pt\/wp-json\/wp\/v2\/product_tag?post=1435"},{"taxonomy":"yst_prominent_words","embeddable":true,"href":"https:\/\/encinardeljamon.com\/pt\/wp-json\/wp\/v2\/yst_prominent_words?post=1435"}],"curies":[{"name":"wp","href":"https:\/\/api.w.org\/{rel}","templated":true}]}}