{"id":1315,"date":"2022-08-01T07:53:03","date_gmt":"2022-08-01T07:53:03","guid":{"rendered":"https:\/\/encinardeljamon.com\/?post_type=product&#038;p=1315"},"modified":"2026-02-14T10:05:53","modified_gmt":"2026-02-14T10:05:53","slug":"jamon-gran-reserva-18-meses-curacion-8kg-aprox","status":"publish","type":"product","link":"https:\/\/encinardeljamon.com\/pt\/product\/jamon-gran-reserva-18-meses-curacion-8kg-aprox\/","title":{"rendered":"Jam\u00f3n Gran Reserva +18 meses curaci\u00f3n (8Kg. Aprox.)"},"content":{"rendered":"<p>Gran Reserva presunto com mais de 18 meses de cura, peda\u00e7os de aproximadamente 7 kg. Tal como o presunto reserva, este \u00e9 salgado na nossa sala de secagem e depois curado de uma forma natural.<\/p>\n<p>O \u00fanico ingrediente \u00e9 o sal e com baixo teor de sal. V\u00e1rias camadas de banha e \u00f3leo asseguram que o processo de cura \u00e9 o mais homog\u00e9neo poss\u00edvel. E o resto do trabalho \u00e9 feito pelo clima maravilhoso e pelo ar da nossa Serra.<\/p>\n<p>Desde 2006, este produto \u00e9 reconhecido como Produto Artesanal da Marca Parque Natural da Andaluzia. Este reconhecimento \u00e9 atribu\u00eddo a produtos feitos nos nossos Parques Naturais. Neste caso, o Parque Natural da Serra Nevada.<\/p>","protected":false},"excerpt":{"rendered":"<p>Presunto Gran Reserva com mais de 18 meses de cura, pe\u00e7as de aproximadamente 7 kg. Tal como o presunto reserva, este presunto \u00e9 salgado na nossa sala de secagem e depois procedemos ao processo de cura natural. O \u00fanico ingrediente \u00e9 o sal e com baixo teor de sal. V\u00e1rias camadas de banha e \u00f3leo, permitem que o presunto ...<\/p>\n<p class=\"read-more\"> <a class=\"\" href=\"https:\/\/encinardeljamon.com\/pt\/product\/jamon-gran-reserva-18-meses-curacion-8kg-aprox\/\"> <span class=\"screen-reader-text\">Jam\u00f3n Gran Reserva +18 meses curaci\u00f3n (8Kg. Aprox.)<\/span> Ler mais \"<\/a><\/p>","protected":false},"featured_media":1316,"comment_status":"closed","ping_status":"closed","template":"","meta":{"site-sidebar-layout":"default","site-content-layout":"","ast-site-content-layout":"default","site-content-style":"default","site-sidebar-style":"default","ast-global-header-display":"","ast-banner-title-visibility":"","ast-main-header-display":"","ast-hfb-above-header-display":"","ast-hfb-below-header-display":"","ast-hfb-mobile-header-display":"","site-post-title":"","ast-breadcrumbs-content":"","ast-featured-img":"","footer-sml-layout":"","theme-transparent-header-meta":"default","adv-header-id-meta":"","stick-header-meta":"","header-above-stick-meta":"","header-main-stick-meta":"","header-below-stick-meta":"","astra-migrate-meta-layouts":"set","_joinchat":[]},"product_brand":[],"product_cat":[17],"product_tag":[],"yst_prominent_words":[],"class_list":{"0":"post-1315","1":"product","2":"type-product","3":"status-publish","4":"has-post-thumbnail","6":"product_cat-jamones-y-paletas","7":"desktop-align-left","8":"tablet-align-left","9":"mobile-align-left","11":"first","12":"instock","13":"taxable","14":"shipping-taxable","15":"purchasable","16":"product-type-variable"},"_links":{"self":[{"href":"https:\/\/encinardeljamon.com\/pt\/wp-json\/wp\/v2\/product\/1315","targetHints":{"allow":["GET"]}}],"collection":[{"href":"https:\/\/encinardeljamon.com\/pt\/wp-json\/wp\/v2\/product"}],"about":[{"href":"https:\/\/encinardeljamon.com\/pt\/wp-json\/wp\/v2\/types\/product"}],"replies":[{"embeddable":true,"href":"https:\/\/encinardeljamon.com\/pt\/wp-json\/wp\/v2\/comments?post=1315"}],"wp:featuredmedia":[{"embeddable":true,"href":"https:\/\/encinardeljamon.com\/pt\/wp-json\/wp\/v2\/media\/1316"}],"wp:attachment":[{"href":"https:\/\/encinardeljamon.com\/pt\/wp-json\/wp\/v2\/media?parent=1315"}],"wp:term":[{"taxonomy":"product_brand","embeddable":true,"href":"https:\/\/encinardeljamon.com\/pt\/wp-json\/wp\/v2\/product_brand?post=1315"},{"taxonomy":"product_cat","embeddable":true,"href":"https:\/\/encinardeljamon.com\/pt\/wp-json\/wp\/v2\/product_cat?post=1315"},{"taxonomy":"product_tag","embeddable":true,"href":"https:\/\/encinardeljamon.com\/pt\/wp-json\/wp\/v2\/product_tag?post=1315"},{"taxonomy":"yst_prominent_words","embeddable":true,"href":"https:\/\/encinardeljamon.com\/pt\/wp-json\/wp\/v2\/yst_prominent_words?post=1315"}],"curies":[{"name":"wp","href":"https:\/\/api.w.org\/{rel}","templated":true}]}}