{"id":2495,"date":"2022-08-29T11:11:28","date_gmt":"2022-08-29T11:11:28","guid":{"rendered":"https:\/\/encinardeljamon.com\/?page_id=2495"},"modified":"2022-08-29T11:13:26","modified_gmt":"2022-08-29T11:13:26","slug":"politica-de-privacidad","status":"publish","type":"page","link":"https:\/\/encinardeljamon.com\/pt\/politica-de-privacidad\/","title":{"rendered":"Pol\u00edtica de privacidade"},"content":{"rendered":"<div data-elementor-type=\"wp-page\" data-elementor-id=\"2495\" class=\"elementor elementor-2495\">\n\t\t\t\t\t\t<section class=\"elementor-section elementor-top-section elementor-element elementor-element-3f5c922e elementor-section-boxed elementor-section-height-default elementor-section-height-default\" data-id=\"3f5c922e\" data-element_type=\"section\" data-e-type=\"section\">\n\t\t\t\t\t\t<div class=\"elementor-container elementor-column-gap-default\">\n\t\t\t\t\t<div class=\"elementor-column elementor-col-100 elementor-top-column elementor-element elementor-element-7e823f71\" data-id=\"7e823f71\" data-element_type=\"column\" data-e-type=\"column\">\n\t\t\t<div class=\"elementor-widget-wrap elementor-element-populated\">\n\t\t\t\t\t\t<div class=\"elementor-element elementor-element-670bc37d elementor-widget elementor-widget-text-editor\" data-id=\"670bc37d\" data-element_type=\"widget\" data-e-type=\"widget\" data-widget_type=\"text-editor.default\">\n\t\t\t\t<div class=\"elementor-widget-container\">\n\t\t\t\t\t\t\t\t\t<h3><strong>I. POL\u00cdTICA DE PRIVACIDADE E PROTEC\u00c7\u00c3O DE DADOS<\/strong><\/h3><p>Respeitando as disposi\u00e7\u00f5es da legisla\u00e7\u00e3o em vigor, (doravante tamb\u00e9m Website) compromete-se a adoptar as medidas t\u00e9cnicas e organizacionais necess\u00e1rias, de acordo com o n\u00edvel de seguran\u00e7a adequado ao risco dos dados recolhidos.<\/p><p><strong>LEIS INCORPORADAS NESTA POL\u00cdTICA DE PRIVACIDADE<\/strong><\/p><p>Esta pol\u00edtica de privacidade \u00e9 adaptada \u00e0 actual legisla\u00e7\u00e3o espanhola e europeia sobre a protec\u00e7\u00e3o de dados pessoais na Internet. Especificamente, respeita as seguintes regras:<\/p><p>Regulamento (UE) 2016\/679 do Parlamento Europeu e do Conselho, de 27 de Abril de 2016, relativo \u00e0 protec\u00e7\u00e3o das pessoas singulares no que diz respeito ao tratamento de dados pessoais e \u00e0 livre circula\u00e7\u00e3o desses dados (GDPR).<\/p><p>Lei Org\u00e2nica 3\/2018, de 5 de Dezembro, sobre a Protec\u00e7\u00e3o de Dados Pessoais e Garantia dos Direitos Digitais (LOPD-GDD).<\/p><p>Decreto Real 1720\/2007, de 21 de Dezembro, que aprova o Regulamento de aplica\u00e7\u00e3o da Lei Org\u00e2nica 15\/1999, de 13 de Dezembro, sobre a Protec\u00e7\u00e3o de Dados Pessoais (RDLOPD).<\/p><p>Lei 34\/2002, de 11 de Julho, sobre Servi\u00e7os da Sociedade da Informa\u00e7\u00e3o e Com\u00e9rcio Electr\u00f3nico (LSSI-CE).<\/p><p><strong>IDENTIDADE DO RESPONS\u00c1VEL PELO TRATAMENTO DOS DADOS PESSOAIS<\/strong><\/p><p>Endere\u00e7o:\u00a0<strong>calle Lope de Rueda, 280, Cp.29190, M\u00e1laga<\/strong><\/p><p>N\u00famero de telefone de contacto:\u00a0<strong>617511841<\/strong><\/p><p>E-mail de contacto:\u00a0<strong>info@encinardeljamon.com<\/strong><\/p><h3><strong>REGISTO DE DADOS PESSOAIS<\/strong><\/h3><p>Em conformidade com as disposi\u00e7\u00f5es do RGPD e do LOPD-GDD, informamos que os dados pessoais recolhidos por\u00a0<strong>www.encinardeljamon.com<\/strong>atrav\u00e9s dos formul\u00e1rios das suas p\u00e1ginas ser\u00e3o incorporados e processados no nosso ficheiro, a fim de facilitar, acelerar e cumprir os compromissos estabelecidos entre o Utilizador e o Utilizador ou manter a rela\u00e7\u00e3o estabelecida nos formul\u00e1rios que o Utilizador preenche, ou para atender a um pedido ou consulta do Utilizador. Do mesmo modo, em conformidade com as disposi\u00e7\u00f5es do RGPD e do LOPD-GDD, a menos que se aplique a excep\u00e7\u00e3o prevista no artigo 30.5 do RGPD, \u00e9 mantido um registo de actividades de processamento que especifica, de acordo com os seus objectivos, as actividades de processamento realizadas e as outras circunst\u00e2ncias estabelecidas no RGPD.<\/p><h3><strong>PRINC\u00cdPIOS APLIC\u00c1VEIS AO TRATAMENTO DE DADOS PESSOAIS<\/strong><\/h3><p>O tratamento dos dados pessoais do Utilizador est\u00e1 sujeito aos seguintes princ\u00edpios estabelecidos no artigo 5\u00ba da RGPD e no artigo 4\u00ba e seguintes da Lei Org\u00e2nica 3\/2018, de 5 de Dezembro, sobre a Protec\u00e7\u00e3o de Dados Pessoais e a garantia dos direitos digitais:<\/p><p>Princ\u00edpio da legalidade, equidade e transpar\u00eancia: o consentimento do Utilizador ser\u00e1 sempre requerido ap\u00f3s informa\u00e7\u00e3o completa e transparente sobre os fins para os quais os dados pessoais s\u00e3o recolhidos.<\/p><p>Princ\u00edpio da limita\u00e7\u00e3o da finalidade: os dados pessoais ser\u00e3o recolhidos para fins espec\u00edficos, expl\u00edcitos e leg\u00edtimos.<\/p><p>Princ\u00edpio da minimiza\u00e7\u00e3o dos dados: os dados pessoais recolhidos ser\u00e3o apenas os estritamente necess\u00e1rios para os fins para os quais s\u00e3o tratados.<\/p><p>Princ\u00edpio da exactid\u00e3o: os dados pessoais devem ser exactos e estar sempre actualizados.<\/p><p>Princ\u00edpio de limita\u00e7\u00e3o do per\u00edodo de armazenamento: os dados pessoais s\u00f3 ser\u00e3o conservados numa forma que permita a identifica\u00e7\u00e3o do Utilizador durante o tempo necess\u00e1rio para os fins do seu processamento.<\/p><p>Princ\u00edpio de integridade e confidencialidade: os dados pessoais devem ser tratados de forma a garantir a sua seguran\u00e7a e confidencialidade.<\/p><p>Princ\u00edpio da responsabilidade proactiva: o controlador ser\u00e1 respons\u00e1vel por assegurar o cumprimento dos princ\u00edpios acima mencionados.<\/p><h3><strong>CATEGORIAS DE DADOS PESSOAIS<\/strong><\/h3><p>Base jur\u00eddica para o tratamento de dados pessoais<\/p><p>A base legal para o tratamento de dados pessoais \u00e9 o consentimento. compromete-se a obter o consentimento expresso e verific\u00e1vel do Utilizador para o tratamento dos seus dados pessoais para uma ou mais finalidades espec\u00edficas.<\/p><p>O Utilizador ter\u00e1 o direito de retirar o consentimento em qualquer altura. Deve ser t\u00e3o f\u00e1cil retirar o consentimento como dar-lho. Como regra geral, a retirada do consentimento n\u00e3o deve condicionar a utiliza\u00e7\u00e3o do Website.<\/p><p>Nas ocasi\u00f5es em que o Utilizador deve ou pode fornecer os seus dados atrav\u00e9s de formul\u00e1rios para fazer perguntas, solicitar informa\u00e7\u00f5es ou por raz\u00f5es relacionadas com o conte\u00fado do Website, ser\u00e1 informado no caso de o preenchimento de algum deles ser obrigat\u00f3rio devido ao facto de serem essenciais para o correcto desenvolvimento da opera\u00e7\u00e3o realizada.<\/p><p>Finalidades do tratamento para o qual os dados pessoais s\u00e3o utilizados<\/p><p>Os dados pessoais s\u00e3o recolhidos e geridos com a finalidade de poder facilitar, acelerar e cumprir os compromissos estabelecidos entre o Website e o Utilizador ou a manuten\u00e7\u00e3o da rela\u00e7\u00e3o estabelecida nos formul\u00e1rios que este \u00faltimo preenche ou para atender a um pedido ou consulta.<\/p><p>Do mesmo modo, os dados podem ser utilizados para fins comerciais, de personaliza\u00e7\u00e3o, operacionais e estat\u00edsticos, bem como para as actividades inerentes ao objecto social da empresa.\u00a0<strong>Encinar del Jam\u00f3n<\/strong>Os dados recolhidos, armazenados e utilizados para estudos de marketing a fim de adaptar o Conte\u00fado oferecido ao Utilizador, bem como para melhorar a qualidade, funcionamento e navega\u00e7\u00e3o do Website.<\/p><p>No momento da recolha dos dados pessoais, o Utilizador ser\u00e1 informado sobre a(s) finalidade(s) espec\u00edfica(s) do tratamento para o qual os dados pessoais ser\u00e3o utilizados, ou seja, a(s) utiliza\u00e7\u00e3o(\u00f5es) a que a informa\u00e7\u00e3o recolhida ser\u00e1 submetida.<\/p><h3><strong>PER\u00cdODOS DE RETEN\u00c7\u00c3O DE DADOS PESSOAIS<\/strong><\/h3><p>Os dados pessoais s\u00f3 ser\u00e3o retidos pelo tempo m\u00ednimo necess\u00e1rio para os fins do seu processamento e, em qualquer caso, apenas durante o per\u00edodo legalmente estabelecido, ou at\u00e9 o Utilizador solicitar a sua elimina\u00e7\u00e3o.<\/p><h3><strong>DESTINAT\u00c1RIOS DE DADOS PESSOAIS<\/strong><\/h3><h3><strong>DADOS PESSOAIS DE MENORES<\/strong><\/h3><p>Em conformidade com as disposi\u00e7\u00f5es dos artigos 8\u00ba da GDPR e 7\u00ba da Lei Org\u00e2nica 3\/2018, de 5 de Dezembro, sobre a Protec\u00e7\u00e3o de Dados Pessoais e a garantia dos direitos digitais, s\u00f3 as pessoas com mais de 14 anos de idade podem dar o seu consentimento para o tratamento dos seus dados pessoais de forma l\u00edcita<strong> Encinar del Jam\u00f3n<\/strong>. No caso de uma crian\u00e7a com menos de 14 anos, \u00e9 necess\u00e1rio o consentimento dos pais ou tutores para o processamento, e o processamento s\u00f3 \u00e9 l\u00edcito na medida em que os pais ou tutores tenham dado o seu consentimento.<\/p><h3><strong>SIGILO E SEGURAN\u00c7A DOS DADOS PESSOAIS<\/strong><\/h3><p>Compromete-se a adoptar as medidas t\u00e9cnicas e organizacionais necess\u00e1rias, de acordo com o n\u00edvel de seguran\u00e7a adequado ao risco dos dados recolhidos, a fim de garantir a seguran\u00e7a dos dados pessoais e evitar a destrui\u00e7\u00e3o acidental ou ilegal, perda ou altera\u00e7\u00e3o dos dados pessoais transmitidos, armazenados ou de outro modo tratados, ou a comunica\u00e7\u00e3o ou acesso n\u00e3o autorizado a tais dados.<\/p><p>No entanto, porque n\u00e3o pode garantir a impregnabilidade da Internet ou a aus\u00eancia total de hackers ou outros que acedam fraudulentamente aos dados pessoais, o respons\u00e1vel pelo tratamento compromete-se a notificar o Utilizador sem demora indevida quando ocorrer uma viola\u00e7\u00e3o da seguran\u00e7a dos dados pessoais que possa resultar num elevado risco para os direitos e liberdades das pessoas singulares. Em conformidade com o artigo 4\u00ba da GDPR, uma viola\u00e7\u00e3o da seguran\u00e7a de dados pessoais significa qualquer viola\u00e7\u00e3o da seguran\u00e7a que resulte na destrui\u00e7\u00e3o acidental ou ilegal, perda ou altera\u00e7\u00e3o de dados pessoais transmitidos, armazenados ou de outro modo processados, ou a divulga\u00e7\u00e3o ou acesso n\u00e3o autorizado a tais dados.<\/p><p>Os dados pessoais ser\u00e3o tratados como confidenciais pelo respons\u00e1vel pelo tratamento, que se compromete a informar e a assegurar atrav\u00e9s de uma obriga\u00e7\u00e3o legal ou contratual que tal confidencialidade seja respeitada pelos seus empregados, parceiros e qualquer outra pessoa a quem torne as informa\u00e7\u00f5es acess\u00edveis.<\/p><h3><strong>DIREITOS DECORRENTES DO TRATAMENTO DE DADOS PESSOAIS<\/strong><\/h3><p>O Utilizador pode, portanto, exercer os seguintes direitos reconhecidos na GDPR e na Lei Org\u00e2nica 3\/2018, de 5 de Dezembro, sobre a Protec\u00e7\u00e3o de Dados Pessoais e a garantia dos direitos digitais contra o respons\u00e1vel pelo tratamento dos dados:<\/p><p><em><strong>Direito de acesso:<\/strong><\/em>\u00a0Este \u00e9 o direito do Utilizador de obter confirma\u00e7\u00e3o sobre se est\u00e1 ou n\u00e3o a processar os seus dados pessoais e, em caso afirmativo, de obter informa\u00e7\u00f5es sobre os seus dados pessoais espec\u00edficos e o processamento que foi ou est\u00e1 a ser efectuado, bem como, entre outras coisas, as informa\u00e7\u00f5es dispon\u00edveis sobre a origem dos referidos dados e os destinat\u00e1rios das comunica\u00e7\u00f5es efectuadas ou previstas para os referidos dados.<\/p><p><em><strong>Direito de rectifica\u00e7\u00e3o:<\/strong><\/em>\u00a0Este \u00e9 o direito do Utilizador a que os seus dados pessoais sejam alterados se se revelarem inexactos ou, tendo em conta as finalidades do processamento, incompletos.<\/p><p><em><strong>Direito de apagamento (\"o direito a ser esquecido\"):<\/strong><\/em>\u00a0Este \u00e9 o direito do Utilizador, salvo disposi\u00e7\u00e3o legal em contr\u00e1rio, de obter o apagamento dos seus dados pessoais quando estes j\u00e1 n\u00e3o s\u00e3o necess\u00e1rios para os fins para os quais foram recolhidos ou processados; o Utilizador retirou o seu consentimento para o processamento e n\u00e3o h\u00e1 outra base legal para o processamento; o Utilizador opuser-se ao tratamento e n\u00e3o houver outra raz\u00e3o leg\u00edtima para continuar o tratamento; os dados pessoais tiverem sido tratados ilegalmente; os dados pessoais tiverem de ser apagados em conformidade com uma obriga\u00e7\u00e3o legal; ou os dados pessoais tiverem sido obtidos como resultado de uma oferta directa de servi\u00e7os da sociedade de informa\u00e7\u00e3o a uma crian\u00e7a com menos de 14 anos de idade. Para al\u00e9m do apagamento, o respons\u00e1vel pelo tratamento, tendo em conta a tecnologia dispon\u00edvel e o custo da sua implementa\u00e7\u00e3o, tomar\u00e1 medidas razo\u00e1veis para informar os respons\u00e1veis pelo tratamento que estejam a tratar os dados pessoais do pedido de apagamento da pessoa em causa de qualquer liga\u00e7\u00e3o a esses dados pessoais.<\/p><p><em><strong>Direito \u00e0 restri\u00e7\u00e3o do processamento:<\/strong><\/em>\u00a0Este \u00e9 o direito do Utilizador de restringir o tratamento dos seus dados pessoais. O Utilizador tem o direito de obter a restri\u00e7\u00e3o do tratamento quando contesta a exactid\u00e3o dos seus dados pessoais; o tratamento \u00e9 ilegal; o respons\u00e1vel pelo tratamento j\u00e1 n\u00e3o precisa dos dados pessoais, mas o Utilizador precisa deles para reclamar; e quando o Utilizador tiver contestado o tratamento.<\/p><p><em><strong>Direito \u00e0 portabilidade dos dados:<\/strong><\/em>\u00a0Quando o tratamento for efectuado por meios automatizados, o Utilizador ter\u00e1 o direito de receber do respons\u00e1vel pelo tratamento os seus dados pessoais num formato estruturado, comummente utilizado e leg\u00edvel por m\u00e1quina e de os transmitir a outro respons\u00e1vel pelo tratamento. Sempre que tecnicamente vi\u00e1vel, o respons\u00e1vel pelo tratamento transmitir\u00e1 os dados directamente a esse outro respons\u00e1vel.<\/p><p><em><strong>Direito de objec\u00e7\u00e3o:<\/strong><\/em>\u00a0Este \u00e9 o direito do Utilizador a n\u00e3o ter os seus dados pessoais processados ou a que o processamento de tais dados seja interrompido por<strong> Encinar del Jam\u00f3n<\/strong>.<\/p><p><em><strong>O direito de n\u00e3o estar sujeito a uma decis\u00e3o baseada unicamente no processamento automatizado, incluindo a defini\u00e7\u00e3o de perfis:<\/strong><\/em>\u00a0Este \u00e9 o direito do Utilizador de n\u00e3o estar sujeito a uma decis\u00e3o individualizada baseada unicamente no tratamento automatizado dos seus dados pessoais, incluindo a defini\u00e7\u00e3o de perfis, salvo disposi\u00e7\u00e3o legal em contr\u00e1rio.<\/p><p>Por conseguinte, o Utilizador pode exercer os seus direitos atrav\u00e9s de uma comunica\u00e7\u00e3o escrita dirigida ao respons\u00e1vel pelo tratamento de dados com a RGPD de refer\u00eancia, especificando:<\/p><p><em>Nome, apelido(s) do Utilizador e c\u00f3pia do bilhete de identidade. Nos casos em que a representa\u00e7\u00e3o \u00e9 permitida, ser\u00e1 tamb\u00e9m necess\u00e1rio identificar pelo mesmo meio a pessoa que representa o Utilizador, bem como o documento que credita a representa\u00e7\u00e3o. A fotoc\u00f3pia do DNI pode ser substitu\u00edda por qualquer outro meio legalmente v\u00e1lido que acredite a identidade.<\/em><\/p><ul><li>Pedido com raz\u00f5es espec\u00edficas para o pedido ou informa\u00e7\u00e3o a ser acedida.<\/li><li>Endere\u00e7o para efeitos de notifica\u00e7\u00f5es.<\/li><li>Data e assinatura do requerente.<\/li><li>Qualquer documento de apoio ao pedido que esteja a fazer.<\/li><li>Este pedido e quaisquer documentos que o acompanhem podem ser enviados para o seguinte endere\u00e7o e\/ou endere\u00e7o de correio electr\u00f3nico:<\/li><li>Endere\u00e7o postal:<\/li><li>E-mail:<\/li><\/ul><h3><strong>LINKS PARA WEBSITES DE TERCEIROS<\/strong><\/h3><p>O Website pode incluir hiperliga\u00e7\u00f5es ou links que permitam o acesso a websites de terceiros, com excep\u00e7\u00e3o de<strong> Encinar del Jam\u00f3n<\/strong>e que, por conseguinte, n\u00e3o s\u00e3o operados por\u00a0<strong>Encinar del Jam\u00f3n<\/strong>. Os propriet\u00e1rios de tais websites ter\u00e3o as suas pr\u00f3prias pol\u00edticas de protec\u00e7\u00e3o de dados, sendo eles pr\u00f3prios, em cada caso, respons\u00e1veis pelos seus pr\u00f3prios ficheiros e pelas suas pr\u00f3prias pr\u00e1ticas de privacidade.<\/p><h3><strong>QUEIXAS \u00c0 AUTORIDADE DE SUPERVIS\u00c3O<\/strong><\/h3><p>No caso de o Utilizador considerar que existe um problema ou viola\u00e7\u00e3o da regulamenta\u00e7\u00e3o em vigor no modo como os seus dados pessoais est\u00e3o a ser tratados, ter\u00e1 direito a uma protec\u00e7\u00e3o judicial efectiva e a apresentar queixa junto de uma autoridade de controlo, em particular, no Estado em que tem a sua resid\u00eancia habitual, local de trabalho ou local da alegada viola\u00e7\u00e3o. No caso de Espanha, a autoridade de controlo \u00e9 a Ag\u00eancia Espanhola de Protec\u00e7\u00e3o de Dados (http:\/\/www.agpd.es).<\/p><h3><strong>II. ACEITA\u00c7\u00c3O E ALTERA\u00c7\u00d5ES A ESTA POL\u00cdTICA DE PRIVACIDADE<\/strong>\u00a0<strong>PRIVACIDADE<\/strong><\/h3><p>\u00c9 necess\u00e1rio que o Utilizador tenha lido e aceite as condi\u00e7\u00f5es sobre a protec\u00e7\u00e3o de dados pessoais contidas na presente Pol\u00edtica de Privacidade, bem como que aceite o tratamento dos seus dados pessoais para que o respons\u00e1vel pelo tratamento de dados possa proceder da forma, durante os per\u00edodos e para os fins indicados. A utiliza\u00e7\u00e3o do Website implica a aceita\u00e7\u00e3o da Pol\u00edtica de Privacidade do Website.<\/p><p>Reserva-se o direito de modificar a sua Pol\u00edtica de Privacidade, de acordo com os seus pr\u00f3prios crit\u00e9rios, ou motivado por uma altera\u00e7\u00e3o legislativa, jurisprudencial ou doutrinal da Ag\u00eancia Espanhola de Protec\u00e7\u00e3o de Dados. Altera\u00e7\u00f5es ou actualiza\u00e7\u00f5es a esta Pol\u00edtica de Privacidade n\u00e3o ser\u00e3o explicitamente notificadas ao Utilizador. Recomenda-se ao Utilizador que consulte esta p\u00e1gina periodicamente para se manter a par das \u00faltimas altera\u00e7\u00f5es ou actualiza\u00e7\u00f5es.<\/p><p>Esta Pol\u00edtica de Privacidade foi actualizada para se adaptar ao Regulamento (UE) 2016\/679 do Parlamento Europeu e do Conselho de 27 de Abril de 2016 relativo \u00e0 protec\u00e7\u00e3o das pessoas singulares no que diz respeito ao tratamento de dados pessoais e \u00e0 livre circula\u00e7\u00e3o desses dados (GDPR) e \u00e0 Lei Org\u00e2nica 3\/2018 de 5 de Dezembro sobre a Protec\u00e7\u00e3o de Dados Pessoais e garantia dos direitos digitais.<\/p>\t\t\t\t\t\t\t\t<\/div>\n\t\t\t\t<\/div>\n\t\t\t\t\t<\/div>\n\t\t<\/div>\n\t\t\t\t\t<\/div>\n\t\t<\/section>\n\t\t\t\t<\/div>","protected":false},"excerpt":{"rendered":"<p>I. POL\u00cdTICA DE PRIVACIDADE E PROTEC\u00c7\u00c3O DE DADOS Respeitando as disposi\u00e7\u00f5es da legisla\u00e7\u00e3o em vigor, o (doravante tamb\u00e9m Website) compromete-se a adotar as medidas t\u00e9cnicas e organizativas necess\u00e1rias, de acordo com o n\u00edvel de seguran\u00e7a adequado ao risco dos dados recolhidos. LEGISLA\u00c7\u00d5ES INCORPORADAS NA PRESENTE POL\u00cdTICA DE PRIVACIDADE A presente pol\u00edtica de privacidade est\u00e1 adaptada ...<\/p>\n<p class=\"read-more\"> <a class=\"\" href=\"https:\/\/encinardeljamon.com\/pt\/politica-de-privacidad\/\"> <span class=\"screen-reader-text\">Pol\u00edtica de privacidade<\/span> Ler mais \"<\/a><\/p>","protected":false},"author":1,"featured_media":0,"parent":0,"menu_order":0,"comment_status":"closed","ping_status":"closed","template":"","meta":{"site-sidebar-layout":"default","site-content-layout":"","ast-site-content-layout":"","site-content-style":"default","site-sidebar-style":"default","ast-global-header-display":"","ast-banner-title-visibility":"","ast-main-header-display":"","ast-hfb-above-header-display":"","ast-hfb-below-header-display":"","ast-hfb-mobile-header-display":"","site-post-title":"","ast-breadcrumbs-content":"","ast-featured-img":"","footer-sml-layout":"","theme-transparent-header-meta":"","adv-header-id-meta":null,"stick-header-meta":null,"header-above-stick-meta":null,"header-main-stick-meta":null,"header-below-stick-meta":null,"astra-migrate-meta-layouts":"","_joinchat":[],"footnotes":""},"yst_prominent_words":[],"class_list":["post-2495","page","type-page","status-publish","hentry"],"_links":{"self":[{"href":"https:\/\/encinardeljamon.com\/pt\/wp-json\/wp\/v2\/pages\/2495","targetHints":{"allow":["GET"]}}],"collection":[{"href":"https:\/\/encinardeljamon.com\/pt\/wp-json\/wp\/v2\/pages"}],"about":[{"href":"https:\/\/encinardeljamon.com\/pt\/wp-json\/wp\/v2\/types\/page"}],"author":[{"embeddable":true,"href":"https:\/\/encinardeljamon.com\/pt\/wp-json\/wp\/v2\/users\/1"}],"replies":[{"embeddable":true,"href":"https:\/\/encinardeljamon.com\/pt\/wp-json\/wp\/v2\/comments?post=2495"}],"version-history":[{"count":4,"href":"https:\/\/encinardeljamon.com\/pt\/wp-json\/wp\/v2\/pages\/2495\/revisions"}],"predecessor-version":[{"id":2503,"href":"https:\/\/encinardeljamon.com\/pt\/wp-json\/wp\/v2\/pages\/2495\/revisions\/2503"}],"wp:attachment":[{"href":"https:\/\/encinardeljamon.com\/pt\/wp-json\/wp\/v2\/media?parent=2495"}],"wp:term":[{"taxonomy":"yst_prominent_words","embeddable":true,"href":"https:\/\/encinardeljamon.com\/pt\/wp-json\/wp\/v2\/yst_prominent_words?post=2495"}],"curies":[{"name":"wp","href":"https:\/\/api.w.org\/{rel}","templated":true}]}}