{"id":4752,"date":"2025-02-08T20:07:40","date_gmt":"2025-02-08T20:07:40","guid":{"rendered":"https:\/\/encinardeljamon.com\/?post_type=product&#038;p=4752"},"modified":"2025-03-10T10:42:21","modified_gmt":"2025-03-10T10:42:21","slug":"licor-naranja-arancello-federica","status":"publish","type":"product","link":"https:\/\/encinardeljamon.com\/it\/product\/licor-naranja-arancello-federica\/","title":{"rendered":"Liquore all'arancia Arancello Federica"},"content":{"rendered":"<h5>INGREDIENTI:<\/h5>\n<p class=\"p1\">Alcool, estratto naturale di arance, zucchero di canna.<\/p>\n<h5>COME PRENDERLO:<\/h5>\n<p class=\"p1\">Perfetto per i cocktail. Servire dal frigorifero asciutto o con ghiaccio tra i 4\u00b0 e i 6\u00b0C.<\/p>\n<h5>NOTE DI DEGUSTAZIONE:<\/h5>\n<p class=\"p1\">Ha una presenza attraente con un marcato colore arancione cristallino. Al naso spicca l'aroma di arancia con note di tostatura, mentre al palato \u00e8 setoso ed equilibrato tra la dolcezza degli aromi di caramello e l'acidit\u00e0 degli agrumi. In bocca \u00e8 gustoso, lungo e fresco.<\/p>\n<h5>CARATTERISTICHE:<\/h5>\n<p class=\"p1\">Prodotto artigianale non filtrato per preservare le caratteristiche organolettiche del liquore. Basso contenuto di zucchero.<\/p>\n<h5>REDATTO DA:<\/h5>\n<p>RS 30.10913\/V<\/p>","protected":false},"excerpt":{"rendered":"<p>Federica \u00e8 la tariffa di Valencia, la terra delle migliori arance del mondo.<br \/>\nUn gustoso liquore a base di ingredienti naturali che porter\u00e0 sempre un sorriso di ottimismo e gioia sul vostro viso.<\/p>","protected":false},"featured_media":4756,"comment_status":"closed","ping_status":"closed","template":"","meta":{"site-sidebar-layout":"default","site-content-layout":"","ast-site-content-layout":"default","site-content-style":"default","site-sidebar-style":"default","ast-global-header-display":"","ast-banner-title-visibility":"","ast-main-header-display":"","ast-hfb-above-header-display":"","ast-hfb-below-header-display":"","ast-hfb-mobile-header-display":"","site-post-title":"","ast-breadcrumbs-content":"","ast-featured-img":"","footer-sml-layout":"","theme-transparent-header-meta":"default","adv-header-id-meta":"","stick-header-meta":"","header-above-stick-meta":"","header-main-stick-meta":"","header-below-stick-meta":"","astra-migrate-meta-layouts":"set","_joinchat":[]},"product_brand":[],"product_cat":[27,39],"product_tag":[],"yst_prominent_words":[],"class_list":{"0":"post-4752","1":"product","2":"type-product","3":"status-publish","4":"has-post-thumbnail","6":"product_cat-licores-vinos-y-cervezas","7":"product_cat-ofertas-y-novedades","8":"desktop-align-left","9":"tablet-align-left","10":"mobile-align-left","12":"first","13":"instock","14":"taxable","15":"shipping-taxable","16":"purchasable","17":"product-type-variable"},"_links":{"self":[{"href":"https:\/\/encinardeljamon.com\/it\/wp-json\/wp\/v2\/product\/4752","targetHints":{"allow":["GET"]}}],"collection":[{"href":"https:\/\/encinardeljamon.com\/it\/wp-json\/wp\/v2\/product"}],"about":[{"href":"https:\/\/encinardeljamon.com\/it\/wp-json\/wp\/v2\/types\/product"}],"replies":[{"embeddable":true,"href":"https:\/\/encinardeljamon.com\/it\/wp-json\/wp\/v2\/comments?post=4752"}],"wp:featuredmedia":[{"embeddable":true,"href":"https:\/\/encinardeljamon.com\/it\/wp-json\/wp\/v2\/media\/4756"}],"wp:attachment":[{"href":"https:\/\/encinardeljamon.com\/it\/wp-json\/wp\/v2\/media?parent=4752"}],"wp:term":[{"taxonomy":"product_brand","embeddable":true,"href":"https:\/\/encinardeljamon.com\/it\/wp-json\/wp\/v2\/product_brand?post=4752"},{"taxonomy":"product_cat","embeddable":true,"href":"https:\/\/encinardeljamon.com\/it\/wp-json\/wp\/v2\/product_cat?post=4752"},{"taxonomy":"product_tag","embeddable":true,"href":"https:\/\/encinardeljamon.com\/it\/wp-json\/wp\/v2\/product_tag?post=4752"},{"taxonomy":"yst_prominent_words","embeddable":true,"href":"https:\/\/encinardeljamon.com\/it\/wp-json\/wp\/v2\/yst_prominent_words?post=4752"}],"curies":[{"name":"wp","href":"https:\/\/api.w.org\/{rel}","templated":true}]}}