{"id":3516,"date":"2024-11-08T00:05:31","date_gmt":"2024-11-08T00:05:31","guid":{"rendered":"https:\/\/encinardeljamon.com\/?post_type=product&#038;p=3516"},"modified":"2025-11-07T22:25:34","modified_gmt":"2025-11-07T22:25:34","slug":"jamon-bellota-iberico-50-raza-iberica-100-natural","status":"publish","type":"product","link":"https:\/\/encinardeljamon.com\/it\/product\/jamon-bellota-iberico-50-raza-iberica-100-natural\/","title":{"rendered":"Prosciutto iberico alimentato a ghiande 50% razza iberica 100% naturale"},"content":{"rendered":"<p><strong>Ingredienti<\/strong><br \/>\nProsciutto di maiale iberico allevato a ghiande e sale marino<\/p>\n<table class=\"woocommerce-product-attributes shop_attributes\">\n<tbody>\n<tr class=\"woocommerce-product-attributes-item woocommerce-product-attributes-item--attribute_pa_curacion\">\n<th class=\"woocommerce-product-attributes-item__label\">Guarigione<\/th>\n<td class=\"woocommerce-product-attributes-item__value\">+36 mesi in capannoni di essiccazione e stagionatura naturale<\/td>\n<\/tr>\n<\/tbody>\n<\/table>\n<p><strong>Presentazione<\/strong><br \/>\nPieza entera. 7 a 7,5kg.<\/p>\n<p><strong>Istruzioni per la conservazione<\/strong><br \/>\nConservare il prosciutto intero e non incartato, in un luogo asciutto, a temperatura ambiente (circa 20\u00ba C\/25\u00ba C).<\/p>\n<p>&nbsp;<\/p>\n<p>Il prosciutto iberico \u00e8 un prodotto eccellente con magnifici benefici per la salute.<br \/>\nIl grasso di questo prosciutto contiene un'alta percentuale di acidi grassi monoinsaturi nell'acido oleico ed \u00e8 riconosciuto come uno dei prodotti con i pi\u00f9 alti livelli di proteine; per questo motivo consigliamo questo prosciutto, perch\u00e9 il suo grasso contiene una maggiore qualit\u00e0 di grassi insaturi.<br \/>\nI nostri prosciutti iberici sono caratterizzati da un basso contenuto di sale, dal fatto che i maiali sono nutriti con ghiande, erbe e cereali, sono allevati allo stato brado, hanno la giusta quantit\u00e0 di grasso e hanno un aroma e un sapore straordinari. Nel corso degli anni abbiamo acquisito un'esperienza che, insieme alla razza selezionata e unica, determina l'eccezionale qualit\u00e0 dei nostri prosciutti. Tutto questo, unito all'attenzione per i nostri clienti, fa dei nostri prodotti la scelta giusta, degna dei palati pi\u00f9 esigenti e capricciosi.<\/p>\n<p><strong>Informazioni nutrizionali<\/strong><br \/>\nValori approssimativi per 100 g.<\/p>\n<table>\n<tbody>\n<tr>\n<td width=\"219\">Valore energetico:<\/td>\n<td width=\"219\">1695,3 KJ\/ 404,9 Kcal<\/td>\n<\/tr>\n<tr>\n<td width=\"219\">Grassi:<\/td>\n<td width=\"219\">31,71 g<\/td>\n<\/tr>\n<tr>\n<td width=\"219\">Di cui saturi<\/td>\n<td width=\"219\">12,87 g<\/td>\n<\/tr>\n<tr>\n<td width=\"219\">Carboidrati<\/td>\n<td width=\"219\">0,48 g<\/td>\n<\/tr>\n<tr>\n<td width=\"219\">Di cui zuccheri<\/td>\n<td width=\"219\">0,24 g<\/td>\n<\/tr>\n<tr>\n<td width=\"219\">Proteine<\/td>\n<td width=\"219\">29,39 g<\/td>\n<\/tr>\n<tr>\n<td width=\"219\">Il sale<\/td>\n<td width=\"219\">3,52 g<\/td>\n<\/tr>\n<\/tbody>\n<\/table>\n<p>&nbsp;<\/p>","protected":false},"excerpt":{"rendered":"<p><strong>Ingredienti<\/strong><br \/>\nProsciutto di maiale iberico allevato a ghiande e sale marino<\/p>\n<table class=\"woocommerce-product-attributes shop_attributes\">\n<tbody>\n<tr class=\"woocommerce-product-attributes-item woocommerce-product-attributes-item--attribute_pa_curacion\">\n<th class=\"woocommerce-product-attributes-item__label\">Guarigione<\/th>\n<td class=\"woocommerce-product-attributes-item__value\">+36 mesi in capannoni di essiccazione e stagionatura naturale<\/td>\n<\/tr>\n<\/tbody>\n<\/table>\n<p><strong>Presentazione<\/strong><br \/>\nPieza entera. 7 a 7,5 kg.<\/p>\n<p><strong>Istruzioni per la conservazione<\/strong><br \/>\nConservare il prosciutto intero e non incartato, in un luogo asciutto, a temperatura ambiente (circa 20\u00ba C\/25\u00ba C).<\/p>\n<p>&nbsp;<\/p>\n<p>&nbsp;<\/p>","protected":false},"featured_media":3517,"comment_status":"closed","ping_status":"closed","template":"","meta":{"site-sidebar-layout":"default","site-content-layout":null,"ast-site-content-layout":"default","site-content-style":"default","site-sidebar-style":"default","ast-global-header-display":"","ast-banner-title-visibility":"","ast-main-header-display":"","ast-hfb-above-header-display":null,"ast-hfb-below-header-display":null,"ast-hfb-mobile-header-display":"","site-post-title":"","ast-breadcrumbs-content":null,"ast-featured-img":"","footer-sml-layout":"","theme-transparent-header-meta":"default","adv-header-id-meta":null,"stick-header-meta":null,"header-above-stick-meta":null,"header-main-stick-meta":null,"header-below-stick-meta":null,"astra-migrate-meta-layouts":"set","_joinchat":[]},"product_brand":[],"product_cat":[17],"product_tag":[],"yst_prominent_words":[],"class_list":{"0":"post-3516","1":"product","2":"type-product","3":"status-publish","4":"has-post-thumbnail","6":"product_cat-jamones-y-paletas","7":"desktop-align-left","8":"tablet-align-left","9":"mobile-align-left","11":"first","12":"instock","13":"taxable","14":"shipping-taxable","15":"purchasable","16":"product-type-simple"},"_links":{"self":[{"href":"https:\/\/encinardeljamon.com\/it\/wp-json\/wp\/v2\/product\/3516","targetHints":{"allow":["GET"]}}],"collection":[{"href":"https:\/\/encinardeljamon.com\/it\/wp-json\/wp\/v2\/product"}],"about":[{"href":"https:\/\/encinardeljamon.com\/it\/wp-json\/wp\/v2\/types\/product"}],"replies":[{"embeddable":true,"href":"https:\/\/encinardeljamon.com\/it\/wp-json\/wp\/v2\/comments?post=3516"}],"wp:featuredmedia":[{"embeddable":true,"href":"https:\/\/encinardeljamon.com\/it\/wp-json\/wp\/v2\/media\/3517"}],"wp:attachment":[{"href":"https:\/\/encinardeljamon.com\/it\/wp-json\/wp\/v2\/media?parent=3516"}],"wp:term":[{"taxonomy":"product_brand","embeddable":true,"href":"https:\/\/encinardeljamon.com\/it\/wp-json\/wp\/v2\/product_brand?post=3516"},{"taxonomy":"product_cat","embeddable":true,"href":"https:\/\/encinardeljamon.com\/it\/wp-json\/wp\/v2\/product_cat?post=3516"},{"taxonomy":"product_tag","embeddable":true,"href":"https:\/\/encinardeljamon.com\/it\/wp-json\/wp\/v2\/product_tag?post=3516"},{"taxonomy":"yst_prominent_words","embeddable":true,"href":"https:\/\/encinardeljamon.com\/it\/wp-json\/wp\/v2\/yst_prominent_words?post=3516"}],"curies":[{"name":"wp","href":"https:\/\/api.w.org\/{rel}","templated":true}]}}