{"id":3372,"date":"2024-04-01T22:41:14","date_gmt":"2024-04-01T22:41:14","guid":{"rendered":"https:\/\/encinardeljamon.com\/?post_type=product&#038;p=3372"},"modified":"2026-01-14T09:46:24","modified_gmt":"2026-01-14T09:46:24","slug":"delirium-tremens-barril-keg-5-l","status":"publish","type":"product","link":"https:\/\/encinardeljamon.com\/it\/product\/delirium-tremens-barril-keg-5-l\/","title":{"rendered":"Fusto di barile Delirium Tremens 5 L"},"content":{"rendered":"<div><main id=\"main\" role=\"main\"><\/p>\n<div id=\"bd_results\" role=\"region\" aria-live=\"polite\">\n<article class=\"productdetails-view vm-productdetails\">\n<div class=\"row row-condensed\">\n<div class=\"col-xs-12\">\n<div class=\"product-bottom-cont\">\n<div class=\"row row-condensed\">\n<div class=\"col-sm-9\">\n<div class=\"product-tabpanel\" role=\"tabpanel\">\n<div class=\"tab-content\">\n<div id=\"tab-product-desc\" class=\"tab-pane fade in active\" role=\"tabpanel\">\n<div class=\"full-product-description\">\n<div class=\"description\">\n<h2 class=\"titulo-ficha\">Fusto di barile Delirium Tremens 5 L<\/h2>\n<div class=\"inf\"><\/div>\n<div class=\"info-ficha\">La Delirium Tremens \u00e8 una celebre birra artigianale belga, prodotta combinando tre diversi tipi di lievito che le conferiscono un sapore unico e caratteristico. Al palato \u00e8<strong>una birra calda e speziata<\/strong> con leggere note fruttate. Questa lager belga ha vinto numerosi premi, tra cui la medaglia d'oro all'International Beer Challenge di Londra nel 2015 e 2016 e la medaglia d'oro ai World Beer Awards 2021. Versione in formato fusto da 5 litri.<\/div>\n<p>&nbsp;<\/p>\n<h2 class=\"titulo-ficha\">Brouwerij Huyghe<\/h2>\n<div class=\"inf\"><\/div>\n<div class=\"info-ficha\">Le birre Delirium hanno origine nel 1902, quando Leon Huyghe inizi\u00f2 a lavorare in un birrificio di Melle chiamato Brouwerij-Mouterij den Appel. Huyghe acquis\u00ec il birrificio nel 1906 e nel 1938 ne cambi\u00f2 il nome in Brouwerij Huyghe. Nel 1998 fu lanciata sul mercato l'iconica birra Delirium Tremens, e presto <strong>\u00e8 diventato un grande successo<\/strong>. Brouwerij Huyghe produce altre birre come <a href=\"https:\/\/www.bodecall.com\/cerveza\/todas-las-cervezas\/mongozo-premium-pilsener-detail\">Mongozo<\/a>, <a href=\"https:\/\/www.bodecall.com\/cerveza\/todas-las-cervezas\/floris-chocolat-detail\">Floris<\/a>, <a href=\"https:\/\/www.bodecall.com\/cerveza\/todas-las-cervezas\/la-guillotine-detail\">La Ghigliottina<\/a> e Averbode, tra gli altri.<\/div>\n<p>&nbsp;<\/p>\n<h2 class=\"titulo-ficha\">Note di degustazione<\/h2>\n<div class=\"inf\"><\/div>\n<div class=\"info-ficha\">Aspetto leggermente torbido, colore dorato e testa densa e persistente. Aroma fruttato con note di malto e spezie. Al palato, questa birra artigianale ha un inizio caldo e amaro che si attenua gradualmente grazie alle sue sfumature fruttate e balsamiche. Gradazione alcolica: 8,5 gradi alcolici.<\/div>\n<p>&nbsp;<\/p>\n<p>&nbsp;<\/p>\n<p align=\"center\"><img decoding=\"async\" src=\"https:\/\/www.bodecall.com\/images\/productores\/delirium.jpg\" alt=\"Delirium y Brouwerij Huyghe en Bodecall\" border=\"0\" \/><\/p>\n<\/div>\n<\/div>\n<\/div>\n<\/div>\n<\/div>\n<\/div>\n<div class=\"col-sm-3\">\n<div class=\"related-products-cont\"><\/div>\n<\/div>\n<\/div>\n<\/div>\n<\/div>\n<\/div>\n<\/article>\n<\/div>\n<p><\/main><\/div>\n<div><\/div>\n<div class=\"product-short-desc-cont\">Iconica birra artigianale belga dal gusto caldo ed equilibrato, in formato fusto da 5 litri.<\/div>\n<div class=\"ontop-fields-cont\">\n<div class=\"product-fields\">\n<div class=\"product-field product-field-type-S\">\n<table>\n<tbody>\n<tr class=\"\">\n<td class=\"filtro1\">\n<div class=\"product-fields-title-wrapper\"><span class=\"product-fields-title\">Allergeni<\/span><\/div>\n<\/td>\n<td class=\"filtro2\">\n<div class=\"product-field-display\">Il glutine<\/div>\n<\/td>\n<\/tr>\n<\/tbody>\n<\/table>\n<\/div>\n<div class=\"product-field product-field-type-S\">\n<table>\n<tbody>\n<tr class=\"\">\n<td class=\"filtro1\">\n<div class=\"product-fields-title-wrapper\"><span class=\"product-fields-title\">Paese<\/span><\/div>\n<\/td>\n<td class=\"filtro2\">\n<div class=\"product-field-display\">Belgio<\/div>\n<\/td>\n<\/tr>\n<\/tbody>\n<\/table>\n<\/div>\n<div class=\"product-field product-field-type-S\">\n<table>\n<tbody>\n<tr class=\"\">\n<td class=\"filtro1\">\n<div class=\"product-fields-title-wrapper\"><span class=\"product-fields-title\">Marchio<\/span><\/div>\n<\/td>\n<td class=\"filtro2\">\n<div class=\"product-field-display\">Delirio<\/div>\n<\/td>\n<\/tr>\n<\/tbody>\n<\/table>\n<\/div>\n<div class=\"product-field product-field-type-S\">\n<table>\n<tbody>\n<tr class=\"\">\n<td class=\"filtro1\">\n<div class=\"product-fields-title-wrapper\"><span class=\"product-fields-title\">Volume<\/span><\/div>\n<\/td>\n<td class=\"filtro2\">\n<div class=\"product-field-display\">5 L<\/div>\n<\/td>\n<\/tr>\n<\/tbody>\n<\/table>\n<\/div>\n<div class=\"product-field product-field-type-S\">\n<table>\n<tbody>\n<tr class=\"\">\n<td class=\"filtro1\">\n<div class=\"product-fields-title-wrapper\"><span class=\"product-fields-title\">Tipo<\/span><\/div>\n<\/td>\n<td class=\"filtro2\">\n<div class=\"product-field-display\">Ale belga<\/div>\n<\/td>\n<\/tr>\n<\/tbody>\n<\/table>\n<\/div>\n<div class=\"product-field product-field-type-S\">\n<table>\n<tbody>\n<tr class=\"\">\n<td class=\"filtro1\">\n<div class=\"product-fields-title-wrapper\"><span class=\"product-fields-title\">Colore<\/span><\/div>\n<\/td>\n<td class=\"filtro2\">\n<div class=\"product-field-display\">Biondo<\/div>\n<\/td>\n<\/tr>\n<\/tbody>\n<\/table>\n<\/div>\n<div class=\"product-field product-field-type-S\">\n<table>\n<tbody>\n<tr class=\"\">\n<td class=\"filtro1\">\n<div class=\"product-fields-title-wrapper\"><span class=\"product-fields-title\">Alcool<\/span><\/div>\n<\/td>\n<td class=\"filtro2\">\n<div class=\"product-field-display\">8,5%<\/div>\n<\/td>\n<\/tr>\n<\/tbody>\n<\/table>\n<\/div>\n<\/div>\n<\/div>","protected":false},"excerpt":{"rendered":"<p>Delirium Tremens Fusto 5 L Delirium Tremens \u00e8 una celebre birra artigianale belga, prodotta combinando tre diversi tipi di lievito per conferirle un sapore unico e caratteristico. Al palato \u00e8 una birra calda e speziata con leggere note fruttate. Questa lager belga ha vinto numerosi premi, tra cui il ...<\/p>\n<p class=\"read-more\"> <a class=\"\" href=\"https:\/\/encinardeljamon.com\/it\/product\/delirium-tremens-barril-keg-5-l\/\"> <span class=\"screen-reader-text\">Fusto di barile Delirium Tremens 5 L<\/span> Per saperne di pi\u00f9 \"<\/a><\/p>","protected":false},"featured_media":3373,"comment_status":"closed","ping_status":"closed","template":"","meta":{"site-sidebar-layout":"default","site-content-layout":null,"ast-site-content-layout":"default","site-content-style":"default","site-sidebar-style":"default","ast-global-header-display":"","ast-banner-title-visibility":"","ast-main-header-display":"","ast-hfb-above-header-display":null,"ast-hfb-below-header-display":null,"ast-hfb-mobile-header-display":"","site-post-title":"","ast-breadcrumbs-content":null,"ast-featured-img":"","footer-sml-layout":"","theme-transparent-header-meta":"default","adv-header-id-meta":null,"stick-header-meta":null,"header-above-stick-meta":null,"header-main-stick-meta":null,"header-below-stick-meta":null,"astra-migrate-meta-layouts":"set","_joinchat":[]},"product_brand":[],"product_cat":[27,39],"product_tag":[],"yst_prominent_words":[],"class_list":{"0":"post-3372","1":"product","2":"type-product","3":"status-publish","4":"has-post-thumbnail","6":"product_cat-licores-vinos-y-cervezas","7":"product_cat-ofertas-y-novedades","8":"desktop-align-left","9":"tablet-align-left","10":"mobile-align-left","12":"first","13":"instock","14":"taxable","15":"shipping-taxable","16":"purchasable","17":"product-type-simple"},"_links":{"self":[{"href":"https:\/\/encinardeljamon.com\/it\/wp-json\/wp\/v2\/product\/3372","targetHints":{"allow":["GET"]}}],"collection":[{"href":"https:\/\/encinardeljamon.com\/it\/wp-json\/wp\/v2\/product"}],"about":[{"href":"https:\/\/encinardeljamon.com\/it\/wp-json\/wp\/v2\/types\/product"}],"replies":[{"embeddable":true,"href":"https:\/\/encinardeljamon.com\/it\/wp-json\/wp\/v2\/comments?post=3372"}],"wp:featuredmedia":[{"embeddable":true,"href":"https:\/\/encinardeljamon.com\/it\/wp-json\/wp\/v2\/media\/3373"}],"wp:attachment":[{"href":"https:\/\/encinardeljamon.com\/it\/wp-json\/wp\/v2\/media?parent=3372"}],"wp:term":[{"taxonomy":"product_brand","embeddable":true,"href":"https:\/\/encinardeljamon.com\/it\/wp-json\/wp\/v2\/product_brand?post=3372"},{"taxonomy":"product_cat","embeddable":true,"href":"https:\/\/encinardeljamon.com\/it\/wp-json\/wp\/v2\/product_cat?post=3372"},{"taxonomy":"product_tag","embeddable":true,"href":"https:\/\/encinardeljamon.com\/it\/wp-json\/wp\/v2\/product_tag?post=3372"},{"taxonomy":"yst_prominent_words","embeddable":true,"href":"https:\/\/encinardeljamon.com\/it\/wp-json\/wp\/v2\/yst_prominent_words?post=3372"}],"curies":[{"name":"wp","href":"https:\/\/api.w.org\/{rel}","templated":true}]}}