{"id":3368,"date":"2024-04-01T22:30:25","date_gmt":"2024-04-01T22:30:25","guid":{"rendered":"https:\/\/encinardeljamon.com\/?post_type=product&#038;p=3368"},"modified":"2026-01-14T09:46:38","modified_gmt":"2026-01-14T09:46:38","slug":"gulden-draak-classic-5-litros","status":"publish","type":"product","link":"https:\/\/encinardeljamon.com\/it\/product\/gulden-draak-classic-5-litros\/","title":{"rendered":"Gulden Draak Classic 5 litri"},"content":{"rendered":"<div class=\"product-short-desc-cont\">Tripla birra scura con note di caramello, malto tostato e caff\u00e8, 10.5%. Fusto da 5 litri<main id=\"main\" role=\"main\"><\/p>\n<div id=\"bd_results\" role=\"region\" aria-live=\"polite\">\n<article class=\"productdetails-view vm-productdetails\">\n<div class=\"row row-condensed\">\n<div class=\"col-xs-12\">\n<div class=\"product-bottom-cont\">\n<div class=\"row row-condensed\">\n<div class=\"col-sm-9\">\n<div class=\"product-tabpanel\" role=\"tabpanel\">\n<div class=\"tab-content\">\n<div id=\"tab-product-desc\" class=\"tab-pane fade active in\" role=\"tabpanel\">\n<div class=\"full-product-description\">\n<div class=\"description\">\n<h2 class=\"titulo-ficha\">Botte classica Gulden Draak 5 litri<\/h2>\n<div class=\"inf\"><\/div>\n<div class=\"info-ficha\">Gulden Draak Classic \u00e8 un <strong>Triple Dark Strong Dark Ale <\/strong>prodotta con materie prime di altissima qualit\u00e0, tra cui luppoli nobili e l'esclusivo lievito da vino che Josef Van Steenberge ha portato da Bordeaux nel 1986. Il risultato \u00e8 una birra artigianale belga di colore scuro con un aroma e un sapore di malto tostato, caramello e caff\u00e8.&nbsp;<\/p>\n<p>Il suo profilo si evolve nel tempo se viene lasciato a riposo, acquisendo<strong> molteplici sfumature e complessit\u00e0<\/strong>. Il suo nome deriva dallo storico Drago d'Oro che corona il campanile di Gand e che simboleggia il potere e la libert\u00e0 della citt\u00e0.<\/div>\n<p>&nbsp;<\/p>\n<h2 class=\"titulo-ficha\">Brouwerij Van Steenberge<\/h2>\n<div class=\"inf\"><\/div>\n<div class=\"info-ficha\">La storia della gamma di birre Gulden Draak inizia nel 1784, quando Jean Baptiste De Bruin <strong>fond\u00f2 un birrificio nel villaggio di Ertvelde<\/strong> (Belgio) chiamato De Peer. Alla sua morte, la moglie Angelina Petronella Schelfaut rilev\u00f2 il birrificio. Qualche anno dopo, il nipote Josef Schelfaut, grande conoscitore dell'arte della birra, rilev\u00f2 il birrificio.&nbsp;<\/p>\n<p>Successivamente, la figlia di Josef, Margriet Schelfaut, spos\u00f2 Paul Van Steenberge. Van Steenberge, professore di microbiologia, rilev\u00f2 il birrificio dopo la Prima Guerra Mondiale. Josef Van Steenberge, che rilev\u00f2 l'azienda nel 1962, inizi\u00f2 a produrre birre speciali ad alta fermentazione e nel 1978 acquis\u00ec le ricette delle birre dell'abbazia di St Augustijn. Le birre della gamma <a href=\"https:\/\/www.bodecall.com\/cerveza\/augustijn-blond-detail\">San Augusto<\/a> sono stati lanciati sul mercato qualche anno dopo insieme alla birra <a href=\"https:\/\/www.bodecall.com\/cerveza\/piraat-detail\">Piraat<\/a> e Guldren Draak.<\/div>\n<p>&nbsp;<\/p>\n<h2 class=\"titulo-ficha\">Note di degustazione<\/h2>\n<div class=\"inf\"><\/div>\n<div class=\"info-ficha\">Colore scuro e testa densa e cremosa. Aroma tostato con note di caramello, malto, lievito, caff\u00e8 e noci. Al palato \u00e8 una birra potente con un sapore dolce di caramello e toffee. Finale lungo e amaro. Gradazione alcolica: 10,5 gradi.<\/div>\n<p>&nbsp;<\/p>\n<p>&nbsp;<\/p>\n<p align=\"center\"><img fetchpriority=\"high\" decoding=\"async\" src=\"https:\/\/www.bodecall.com\/images\/productores\/van_steenberge_brouwerij_logo.jpg\" alt=\"Van Steenberge Brouwerij en Bodecall\" width=\"253\" height=\"254\" border=\"0\" \/><\/p>\n<\/div>\n<\/div>\n<\/div>\n<\/div>\n<\/div>\n<\/div>\n<div class=\"col-sm-3\">\n<div class=\"related-products-cont\">\n<div class=\"related-products related-products-carousel owl-carousel owl-nav-top\">\n<div class=\"owl-controls clickable\">\n<div class=\"owl-buttons\">\n<div class=\"owl-next\"><\/div>\n<\/div>\n<\/div>\n<\/div>\n<\/div>\n<\/div>\n<\/div>\n<\/div>\n<\/div>\n<\/div>\n<\/article>\n<\/div>\n<p><\/main><\/p>\n<section class=\"content-bottom-horizontal\">\n<div class=\"row\">\n<div class=\"col-md-12 col-xs-12 horizontal-module\">\n<div class=\"module-cont module-autowidth\">\n<div class=\"custom\"><\/div>\n<\/div>\n<\/div>\n<\/div>\n<\/section>\n<\/div>\n<div><\/div>\n<div class=\"ontop-fields-cont\">\n<div class=\"product-fields\">\n<div class=\"product-field product-field-type-S\">\n<table>\n<tbody>\n<tr class=\"\">\n<td class=\"filtro1\">\n<div class=\"product-fields-title-wrapper\"><span class=\"product-fields-title\">Paese<\/span><\/div>\n<\/td>\n<td class=\"filtro2\">\n<div class=\"product-field-display\">Belgio<\/div>\n<\/td>\n<\/tr>\n<\/tbody>\n<\/table>\n<\/div>\n<div class=\"product-field product-field-type-S\">\n<table>\n<tbody>\n<tr class=\"\">\n<td class=\"filtro1\">\n<div class=\"product-fields-title-wrapper\"><span class=\"product-fields-title\">Marchio<\/span><\/div>\n<\/td>\n<td class=\"filtro2\">\n<div class=\"product-field-display\">Gulden Draak<\/div>\n<\/td>\n<\/tr>\n<\/tbody>\n<\/table>\n<\/div>\n<div class=\"product-field product-field-type-S\">\n<table>\n<tbody>\n<tr class=\"\">\n<td class=\"filtro1\">\n<div class=\"product-fields-title-wrapper\"><span class=\"product-fields-title\">Volume<\/span><\/div>\n<\/td>\n<td class=\"filtro2\">\n<div class=\"product-field-display\">5 L<\/div>\n<\/td>\n<\/tr>\n<\/tbody>\n<\/table>\n<\/div>\n<div class=\"product-field product-field-type-S\">\n<table>\n<tbody>\n<tr class=\"\">\n<td class=\"filtro1\">\n<div class=\"product-fields-title-wrapper\"><span class=\"product-fields-title\">Tipo<\/span><\/div>\n<\/td>\n<td class=\"filtro2\">\n<div class=\"product-field-display\">Ale belga<\/div>\n<\/td>\n<\/tr>\n<\/tbody>\n<\/table>\n<\/div>\n<div class=\"product-field product-field-type-S\">\n<table>\n<tbody>\n<tr class=\"\">\n<td class=\"filtro1\">\n<div class=\"product-fields-title-wrapper\"><span class=\"product-fields-title\">Colore<\/span><\/div>\n<\/td>\n<td class=\"filtro2\">\n<div class=\"product-field-display\">Brindisi<\/div>\n<\/td>\n<\/tr>\n<\/tbody>\n<\/table>\n<\/div>\n<div class=\"product-field product-field-type-S\">\n<table>\n<tbody>\n<tr class=\"\">\n<td class=\"filtro1\">\n<div class=\"product-fields-title-wrapper\"><span class=\"product-fields-title\">Alcool<\/span><\/div>\n<\/td>\n<td class=\"filtro2\">\n<div class=\"product-field-display\">10,5%<\/div>\n<\/td>\n<\/tr>\n<\/tbody>\n<\/table>\n<\/div>\n<div class=\"product-field product-field-type-S\">\n<table>\n<tbody>\n<tr class=\"\">\n<td class=\"filtro1\">\n<div class=\"product-fields-title-wrapper\"><span class=\"product-fields-title\">Allergeni<\/span><\/div>\n<\/td>\n<td class=\"filtro2\">\n<div class=\"product-field-display\">Il glutine<\/div>\n<\/td>\n<\/tr>\n<\/tbody>\n<\/table>\n<\/div>\n<div class=\"product-field product-field-type-S\">\n<table>\n<tbody>\n<tr class=\"\">\n<td class=\"filtro1\">\n<div class=\"product-fields-title-wrapper\"><span class=\"product-fields-title\">Nome dell'operatore<\/span><\/div>\n<\/td>\n<td class=\"filtro2\">\n<div class=\"product-field-display\">Brouwerij Van Steenberge<\/div>\n<\/td>\n<\/tr>\n<\/tbody>\n<\/table>\n<\/div>\n<div class=\"product-field product-field-type-S\">\n<table>\n<tbody>\n<tr class=\"\">\n<td class=\"filtro1\">\n<div class=\"product-fields-title-wrapper\"><span class=\"product-fields-title\">Indirizzo dell'operatore<\/span><\/div>\n<\/td>\n<td class=\"filtro2\">\n<div class=\"product-field-display\">Lindenlaan 25- B-9940 Ertvelde<\/div>\n<\/td>\n<\/tr>\n<\/tbody>\n<\/table>\n<\/div>\n<\/div>\n<\/div>","protected":false},"excerpt":{"rendered":"<p>Tripla birra scura con note di caramello, malto tostato e caff\u00e8, 10,5%. Fusto da 5 litri Gulden Draak Classic Fusto da 5 litri Gulden Draak Classic \u00e8 una Strong Dark Ale tripla scura prodotta con materie prime di altissima qualit\u00e0, tra cui luppoli nobili e l'esclusivo lievito da vino che Josef ...<\/p>\n<p class=\"read-more\"> <a class=\"\" href=\"https:\/\/encinardeljamon.com\/it\/product\/gulden-draak-classic-5-litros\/\"> <span class=\"screen-reader-text\">Gulden Draak Classic 5 litri<\/span> Per saperne di pi\u00f9 \"<\/a><\/p>","protected":false},"featured_media":3369,"comment_status":"closed","ping_status":"closed","template":"","meta":{"site-sidebar-layout":"default","site-content-layout":null,"ast-site-content-layout":"default","site-content-style":"default","site-sidebar-style":"default","ast-global-header-display":"","ast-banner-title-visibility":"","ast-main-header-display":"","ast-hfb-above-header-display":null,"ast-hfb-below-header-display":null,"ast-hfb-mobile-header-display":"","site-post-title":"","ast-breadcrumbs-content":null,"ast-featured-img":"","footer-sml-layout":"","theme-transparent-header-meta":"default","adv-header-id-meta":null,"stick-header-meta":null,"header-above-stick-meta":null,"header-main-stick-meta":null,"header-below-stick-meta":null,"astra-migrate-meta-layouts":"set","_joinchat":[]},"product_brand":[],"product_cat":[27,39],"product_tag":[],"yst_prominent_words":[],"class_list":{"0":"post-3368","1":"product","2":"type-product","3":"status-publish","4":"has-post-thumbnail","6":"product_cat-licores-vinos-y-cervezas","7":"product_cat-ofertas-y-novedades","8":"desktop-align-left","9":"tablet-align-left","10":"mobile-align-left","12":"first","13":"instock","14":"taxable","15":"shipping-taxable","16":"purchasable","17":"product-type-simple"},"_links":{"self":[{"href":"https:\/\/encinardeljamon.com\/it\/wp-json\/wp\/v2\/product\/3368","targetHints":{"allow":["GET"]}}],"collection":[{"href":"https:\/\/encinardeljamon.com\/it\/wp-json\/wp\/v2\/product"}],"about":[{"href":"https:\/\/encinardeljamon.com\/it\/wp-json\/wp\/v2\/types\/product"}],"replies":[{"embeddable":true,"href":"https:\/\/encinardeljamon.com\/it\/wp-json\/wp\/v2\/comments?post=3368"}],"wp:featuredmedia":[{"embeddable":true,"href":"https:\/\/encinardeljamon.com\/it\/wp-json\/wp\/v2\/media\/3369"}],"wp:attachment":[{"href":"https:\/\/encinardeljamon.com\/it\/wp-json\/wp\/v2\/media?parent=3368"}],"wp:term":[{"taxonomy":"product_brand","embeddable":true,"href":"https:\/\/encinardeljamon.com\/it\/wp-json\/wp\/v2\/product_brand?post=3368"},{"taxonomy":"product_cat","embeddable":true,"href":"https:\/\/encinardeljamon.com\/it\/wp-json\/wp\/v2\/product_cat?post=3368"},{"taxonomy":"product_tag","embeddable":true,"href":"https:\/\/encinardeljamon.com\/it\/wp-json\/wp\/v2\/product_tag?post=3368"},{"taxonomy":"yst_prominent_words","embeddable":true,"href":"https:\/\/encinardeljamon.com\/it\/wp-json\/wp\/v2\/yst_prominent_words?post=3368"}],"curies":[{"name":"wp","href":"https:\/\/api.w.org\/{rel}","templated":true}]}}