{"id":3153,"date":"2023-10-15T21:46:18","date_gmt":"2023-10-15T21:46:18","guid":{"rendered":"https:\/\/encinardeljamon.com\/?post_type=product&#038;p=3153"},"modified":"2026-02-14T09:52:58","modified_gmt":"2026-02-14T09:52:58","slug":"plato-lomo-iberico-100-gramos-cortado-a-cuchillo","status":"publish","type":"product","link":"https:\/\/encinardeljamon.com\/it\/product\/plato-lomo-iberico-100-gramos-cortado-a-cuchillo\/","title":{"rendered":"Piatto Lombo di maiale iberico 100 grammi (taglio a coltello)"},"content":{"rendered":"<div class=\"bloque especial\">\n<h2 class=\"titulo uppercase\">DESCRIZIONE<\/h2>\n<div class=\"descripcion\">\n<p>Il <strong><em>Cebo de Lomo de Cebo 50% razza iberica<\/em><\/strong> \u00e8 ottenuto da suini iberici allevati nelle fattorie di Guijuelo.<\/p>\n<p>Questa lonza di maiale iberica 50% \u00e8 il risultato di un attento allevamento di maiali iberici con una dieta a base di cereali e mangimi naturali, che le conferisce un sapore ineguagliabile e una consistenza delicata.<\/p>\n<p>L'odore e il sapore delle lombate e delle salsicce di maiale iberico sono cos\u00ec caratteristici e unici grazie alla loro stagionatura all'aria pura e all'ombra dei pascoli di Guijuelo.<\/p>\n<p>\u00c8 il prodotto ottenuto dall'inizio del muscolo ileospinale del suino, praticamente privo di grasso esterno, salato, marinato e insaccato in budello naturale o di fibra, pinzato o legato a un'estremit\u00e0 e sottoposto a un'adeguata stagionatura per conferire al prodotto sapori e odori eccellenti.<\/p>\n<p>Assaporate l'eccellenza dell'ib\u00e9rico in ogni boccone.<\/p>\n<p><em><strong>Prodotto a base di carne<\/strong><\/em>.<\/p>\n<h2><em><strong>Consumo<\/strong><\/em><\/h2>\n<p>Per godere appieno del sapore del lomito de bellota iberico 100%, si consiglia di consumarlo a circa 24\u00b0C.<\/p>\n<p>Se \u00e8 confezionato, si consiglia di toglierlo dalla confezione e lasciarlo a temperatura ambiente per 30 minuti prima di servirlo. Se \u00e8 stato conservato in frigorifero, questo tempo pu\u00f2 essere aumentato a 2 ore.<\/p>\n<p>&nbsp;<\/p>\n<h2><em><strong>Immagazzinamento<\/strong><\/em><\/h2>\n<p><em><strong>Lombo a fette o affettato<\/strong><\/em>Conservare al fresco a 4-10\u00b0C. Al momento del consumo, lasciare raffreddare per 10 minuti.<\/p>\n<h2><em><strong>Alimentazione<\/strong><\/em><\/h2>\n<p>Cereali e mangimi naturali.<\/p>\n<h2><em><strong>Tempo di guarigione<\/strong><\/em><\/h2>\n<p>Cura totale di 6 mesi<\/p>\n<\/div>\n<\/div>\n<div class=\"caracteristicas\">\n<div class=\"bloque especial\">\n<p><span class=\"titulo uppercase\">INGREDIENTI<\/span><\/p>\n<div class=\"descripcion\">\n<p>Lomo de Cebo 50% Lombo di maiale iberico, paprica, sale comune, spezie naturali, conservanti (E252 nitrato di potassio e E250 nitrato di sodio), antiossidanti (E301 ascorbato di sodio), involucro fibroso.<\/p>\n<table>\n<tbody>\n<tr>\n<th class=\"uppercase\">VALORI NUTRIZIONALI<\/th>\n<th class=\"uppercase\">VALORE MEDIO PER 100 G.<\/th>\n<\/tr>\n<tr>\n<td>Valore energetico (Kj.)<\/td>\n<td>1971 Kj.<\/td>\n<\/tr>\n<tr>\n<td>Valore energetico (Kcal.)<\/td>\n<td>476 Kcal.<\/td>\n<\/tr>\n<tr>\n<td>Grassi<\/td>\n<td>48.3 g.<\/td>\n<\/tr>\n<tr>\n<td>Di cui acidi grassi saturi<\/td>\n<td>23.54 g.<\/td>\n<\/tr>\n<tr>\n<td>Carboidrati<\/td>\n<td>0.5 g.<\/td>\n<\/tr>\n<tr>\n<td>Di cui zuccheri<\/td>\n<td>0.5 g.<\/td>\n<\/tr>\n<tr>\n<td>Proteine<\/td>\n<td>41.3 g.<\/td>\n<\/tr>\n<tr>\n<td>Il sale<\/td>\n<td>3.65 g.<\/td>\n<\/tr>\n<\/tbody>\n<\/table>\n<\/div>\n<\/div>\n<\/div>\n<div class=\"otros\">\n<div class=\"bloque\"><\/div>\n<div class=\"bloque\">\n<p><span class=\"titulo uppercase\">RACCOMANDAZIONI<\/span><\/p>\n<div class=\"descripcion\">\n<p>Conservare in un luogo fresco e asciutto, lontano dalla luce solare diretta.<\/p>\n<h2 class=\"titulo uppercase\">DESCRIZIONE<\/h2>\n<div class=\"bloque especial\">\n<div class=\"descripcion\">\n<p>Il <em><strong>Lombo di maiale iberico alimentato a ghiande 100% Razza iberica<\/strong><\/em> \u00e8 ottenuto da 100 suini iberici di razza pura % allevati negli allevamenti di Guijuelo.<\/p>\n<p>Questo Lomo de Bellota Ib\u00e9rico 100% \u00e8 il risultato di un attento allevamento di maiali iberici con una dieta a base di erbe, piante selvatiche e ghiande, che gli conferisce un sapore unico e una consistenza delicata.<\/p>\n<p>L'odore e il sapore delle lombate e delle salsicce di maiale iberico sono cos\u00ec caratteristici e unici grazie alla loro stagionatura all'aria pura e all'ombra dei pascoli di Guijuelo.<\/p>\n<p>\u00c8 il prodotto ottenuto dall'inizio del muscolo ileospinale del suino, praticamente privo di grasso esterno, salato, marinato e insaccato in budello naturale o di fibra, pinzato o legato a un'estremit\u00e0 e sottoposto a un'adeguata stagionatura per conferire al prodotto sapori e odori eccellenti.<\/p>\n<p>Assaporate l'eccellenza dell'ib\u00e9rico in ogni boccone.<\/p>\n<p><em><strong>Prodotto a base di carne<\/strong><\/em>.<\/p>\n<h2><em><strong>Consumo<\/strong><\/em><\/h2>\n<p>Per gustare appieno il sapore della lonza di maiale iberica allevata a ghiande 100%, si consiglia di consumarla a circa 24 \u00b0C.<\/p>\n<p>Se \u00e8 confezionato, si consiglia di toglierlo dalla confezione e lasciarlo a temperatura ambiente per 30 minuti prima di servirlo. Se \u00e8 stato conservato in frigorifero, questo tempo pu\u00f2 essere aumentato a 2 ore.<\/p>\n<p>Da consumarsi preferibilmente entro: 16 mesi<\/p>\n<h2><em><strong>Immagazzinamento<\/strong><\/em><\/h2>\n<p><em><strong>Lombo a fette o affettato<\/strong><\/em>Conservare al fresco a 4-10\u00b0C. Al momento del consumo, lasciare raffreddare per 10 minuti.<\/p>\n<h2><em><strong>Alimentazione<\/strong><\/em><\/h2>\n<p>Erbe, piante selvatiche e ghiande.<\/p>\n<h2><em><strong>Tempo di guarigione<\/strong><\/em><\/h2>\n<p>Cura totale di 6 mesi<\/p>\n<\/div>\n<\/div>\n<div class=\"caracteristicas\">\n<div class=\"bloque especial\">\n<p><span class=\"titulo uppercase\">INGREDIENTI<\/span><\/p>\n<div class=\"descripcion\">\n<p>Lombo di maiale iberico alimentato a ghiande, paprica, sale comune, spezie naturali, conservanti (E252 nitrato di potassio e E250 nitrato di sodio), antiossidanti (E301 ascorbato di sodio), involucro fibroso.<\/p>\n<table>\n<tbody>\n<tr>\n<th class=\"uppercase\">VALORI NUTRIZIONALI<\/th>\n<th class=\"uppercase\">VALORE MEDIO PER 100 G.<\/th>\n<\/tr>\n<tr>\n<td>Valore energetico (Kj.)<\/td>\n<td>1971 Kj.<\/td>\n<\/tr>\n<tr>\n<td>Valore energetico (Kcal.)<\/td>\n<td>476 Kcal.<\/td>\n<\/tr>\n<tr>\n<td>Grassi<\/td>\n<td>48.3 g.<\/td>\n<\/tr>\n<tr>\n<td>Di cui acidi grassi saturi<\/td>\n<td>23.54 g.<\/td>\n<\/tr>\n<tr>\n<td>Carboidrati<\/td>\n<td>0.5 g.<\/td>\n<\/tr>\n<tr>\n<td>Di cui zuccheri<\/td>\n<td>0.5 g.<\/td>\n<\/tr>\n<tr>\n<td>Proteine<\/td>\n<td>41.3 g.<\/td>\n<\/tr>\n<tr>\n<td>Il sale<\/td>\n<td>3.65 g.<\/td>\n<\/tr>\n<\/tbody>\n<\/table>\n<\/div>\n<\/div>\n<\/div>\n<div class=\"otros\">\n<div class=\"bloque\">\n<p><span class=\"titulo uppercase\">CONSERVAZIONE E DURATA DI CONSERVAZIONE<\/span><\/p>\n<div class=\"descripcion\">\n<p><em><strong>Conservazione del pezzo intero<\/strong><\/em>Non aperto 6 mesi, una volta aperto o in zone umide si consiglia di attendere un mese.<\/p>\n<\/div>\n<\/div>\n<div class=\"bloque\">\n<p><span class=\"titulo uppercase\">RACCOMANDAZIONI<\/span><\/p>\n<div class=\"descripcion\">\n<p>Conservare in un luogo fresco e asciutto, lontano dalla luce solare diretta.<\/p>\n<\/div>\n<\/div>\n<\/div>\n<p>&nbsp;<\/p>\n<\/div>\n<\/div>\n<\/div>","protected":false},"excerpt":{"rendered":"<p>DESCRIPCI\u00d3N La Ca\u00f1a de Lomo de Cebo 50% raza ib\u00e9rica se obtiene de cerdos ib\u00e9ricos criados en ganader\u00edas de Guijuelo. Esta ca\u00f1a de lomo de Cebo \u00a050% raza ib\u00e9rica es el resultado de una cuidadosa crianza de cerdos ib\u00e9ricos con una alimentaci\u00f3n basada en cereales y piensos naturales, lo que le confiere su sabor inigualable &hellip;<\/p>\n<p class=\"read-more\"> <a class=\"\" href=\"https:\/\/encinardeljamon.com\/it\/product\/plato-lomo-iberico-100-gramos-cortado-a-cuchillo\/\"> <span class=\"screen-reader-text\">Piatto Lombo di maiale iberico 100 grammi (taglio a coltello)<\/span> Per saperne di pi\u00f9 \"<\/a><\/p>","protected":false},"featured_media":3163,"comment_status":"closed","ping_status":"closed","template":"","meta":{"site-sidebar-layout":"default","site-content-layout":"","ast-site-content-layout":"default","site-content-style":"default","site-sidebar-style":"default","ast-global-header-display":"","ast-banner-title-visibility":"","ast-main-header-display":"","ast-hfb-above-header-display":"","ast-hfb-below-header-display":"","ast-hfb-mobile-header-display":"","site-post-title":"","ast-breadcrumbs-content":"","ast-featured-img":"","footer-sml-layout":"","theme-transparent-header-meta":"default","adv-header-id-meta":"","stick-header-meta":"","header-above-stick-meta":"","header-main-stick-meta":"","header-below-stick-meta":"","astra-migrate-meta-layouts":"set","_joinchat":[]},"product_brand":[],"product_cat":[39,29],"product_tag":[],"yst_prominent_words":[],"class_list":{"0":"post-3153","1":"product","2":"type-product","3":"status-publish","4":"has-post-thumbnail","6":"product_cat-ofertas-y-novedades","7":"product_cat-eventos-especiales","8":"desktop-align-left","9":"tablet-align-left","10":"mobile-align-left","12":"first","13":"instock","14":"taxable","15":"shipping-taxable","16":"purchasable","17":"product-type-variable"},"_links":{"self":[{"href":"https:\/\/encinardeljamon.com\/it\/wp-json\/wp\/v2\/product\/3153","targetHints":{"allow":["GET"]}}],"collection":[{"href":"https:\/\/encinardeljamon.com\/it\/wp-json\/wp\/v2\/product"}],"about":[{"href":"https:\/\/encinardeljamon.com\/it\/wp-json\/wp\/v2\/types\/product"}],"replies":[{"embeddable":true,"href":"https:\/\/encinardeljamon.com\/it\/wp-json\/wp\/v2\/comments?post=3153"}],"wp:featuredmedia":[{"embeddable":true,"href":"https:\/\/encinardeljamon.com\/it\/wp-json\/wp\/v2\/media\/3163"}],"wp:attachment":[{"href":"https:\/\/encinardeljamon.com\/it\/wp-json\/wp\/v2\/media?parent=3153"}],"wp:term":[{"taxonomy":"product_brand","embeddable":true,"href":"https:\/\/encinardeljamon.com\/it\/wp-json\/wp\/v2\/product_brand?post=3153"},{"taxonomy":"product_cat","embeddable":true,"href":"https:\/\/encinardeljamon.com\/it\/wp-json\/wp\/v2\/product_cat?post=3153"},{"taxonomy":"product_tag","embeddable":true,"href":"https:\/\/encinardeljamon.com\/it\/wp-json\/wp\/v2\/product_tag?post=3153"},{"taxonomy":"yst_prominent_words","embeddable":true,"href":"https:\/\/encinardeljamon.com\/it\/wp-json\/wp\/v2\/yst_prominent_words?post=3153"}],"curies":[{"name":"wp","href":"https:\/\/api.w.org\/{rel}","templated":true}]}}