{"id":3147,"date":"2023-10-15T22:19:10","date_gmt":"2023-10-15T22:19:10","guid":{"rendered":"https:\/\/encinardeljamon.com\/?post_type=product&#038;p=3147"},"modified":"2026-02-14T09:50:14","modified_gmt":"2026-02-14T09:50:14","slug":"plato-salchichon-iberico-100-gramos-cortado-a-cuchillo","status":"publish","type":"product","link":"https:\/\/encinardeljamon.com\/it\/product\/plato-salchichon-iberico-100-gramos-cortado-a-cuchillo\/","title":{"rendered":"Piatto di Salchich\u00f3n iberico 100 grammi (tagliato a coltello)"},"content":{"rendered":"<div class=\"bloque especial\">\n<h2 class=\"titulo uppercase\">DESCRIZIONE<\/h2>\n<div class=\"descripcion\">\n<p>Il <em><strong>Salchich\u00f3n Cular Extra<\/strong><\/em> se obtiene de cerdos criados en ganader\u00edas de Guijuelo.<\/p>\n<p>Questo Salchich\u00f3n Cular Extra \u00e8 il risultato di maiali allevati con cura e alimentati con mangimi e cereali naturali, che gli conferiscono sapore e consistenza.<\/p>\n<p>El olor y sabor de los salchichones y embutidos ib\u00e9ricos \u00a0son tan caracter\u00edsticos y \u00fanicos gracias a su curaci\u00f3n con el aire puro y la sombra que le proporciona.<\/p>\n<p>Prodotto con carne e grasso di maiale iberico, macinato e condito con sale e altre spezie naturali, condimenti e additivi autorizzati, impastato e insaccato in un involucro, sottoposto a un processo di stagionatura-essiccazione che ne garantisce una buona stabilit\u00e0, oltre a un ottimo profumo e sapore.<\/p>\n<p>Assaporate l'eccellenza in ogni boccone.<\/p>\n<p><strong><em>Prodotto a base di carne<\/em><\/strong>.<\/p>\n<h2><em>Consumo<\/em><\/h2>\n<p>Per gustare appieno il sapore del Salchich\u00f3n Cular Extra si consiglia di consumarlo a circa 24\u00b0C.<\/p>\n<p>Se \u00e8 confezionato, si consiglia di toglierlo dalla confezione e lasciarlo a temperatura ambiente per 30 minuti prima di servirlo. Se \u00e8 stato conservato in frigorifero, questo tempo pu\u00f2 essere aumentato a 2 ore.<\/p>\n<p>Da consumarsi preferibilmente entro: 16 mesi<\/p>\n<h2><em>Immagazzinamento<\/em><\/h2>\n<p><em><strong>Salsiccia a fettine o a pezzetti<\/strong><\/em>Conservare al fresco a 4-10\u00b0C. Al momento del consumo, lasciare raffreddare per 10 minuti.<\/p>\n<h2><em>Alimentazione<\/em><\/h2>\n<p>Mangimi naturali e cereali.<\/p>\n<h2><em>Tempo di guarigione<\/em><\/h2>\n<p>Curaci\u00f3n total de 4 meses<\/p>\n<\/div>\n<\/div>\n<div class=\"caracteristicas\">\n<div class=\"bloque especial\">\n<p><span class=\"titulo uppercase\">INGREDIENTI<\/span><\/p>\n<div class=\"descripcion\">\n<p>Carne e grasso di maiale, sale, destrina, spezie, destrosio, stabilizzanti (E450 e E452), regolatore di acidit\u00e0 (E331), antiossidante (E301), conservanti (E250 e E252) e involucro naturale.<\/p>\n<table>\n<tbody>\n<tr>\n<th class=\"uppercase\">VALORI NUTRIZIONALI<\/th>\n<th class=\"uppercase\">VALORE MEDIO PER 100 G.<\/th>\n<\/tr>\n<tr>\n<td>Valore energetico (Kj.)<\/td>\n<td>1955 Kj.<\/td>\n<\/tr>\n<tr>\n<td>Valore energetico (Kcal.)<\/td>\n<td>472,3 Kcal.<\/td>\n<\/tr>\n<tr>\n<td>Grassi<\/td>\n<td>41.7 g.<\/td>\n<\/tr>\n<tr>\n<td>Di cui acidi grassi saturi<\/td>\n<td>16.5 g.<\/td>\n<\/tr>\n<tr>\n<td>Carboidrati<\/td>\n<td>1.6 g.<\/td>\n<\/tr>\n<tr>\n<td>Di cui zuccheri<\/td>\n<td>1.2 g.<\/td>\n<\/tr>\n<tr>\n<td>Proteine<\/td>\n<td>2.5 g.<\/td>\n<\/tr>\n<tr>\n<td>Il sale<\/td>\n<td>3.4 g.<\/td>\n<\/tr>\n<\/tbody>\n<\/table>\n<\/div>\n<\/div>\n<\/div>\n<div class=\"otros\">\n<div class=\"bloque\">\n<p><span class=\"titulo uppercase\">RACCOMANDAZIONI<\/span><\/p>\n<div class=\"descripcion\">\n<p>Conservare in un luogo fresco e asciutto, lontano dalla luce solare diretta.<\/p>\n<\/div>\n<\/div>\n<\/div>","protected":false},"excerpt":{"rendered":"<p>DESCRIPCI\u00d3N El Salchich\u00f3n Cular Extra se obtiene de cerdos criados en ganader\u00edas de Guijuelo. Esta Salchich\u00f3n Cular Extra es el resultado de una cuidadosa crianza de cerdos con una alimentaci\u00f3n basada en piensos naturales y cereales, lo que le confiere su sabor y su textura. El olor y sabor de los salchichones y embutidos ib\u00e9ricos &hellip;<\/p>\n<p class=\"read-more\"> <a class=\"\" href=\"https:\/\/encinardeljamon.com\/it\/product\/plato-salchichon-iberico-100-gramos-cortado-a-cuchillo\/\"> <span class=\"screen-reader-text\">Piatto di Salchich\u00f3n iberico 100 grammi (tagliato a coltello)<\/span> Per saperne di pi\u00f9 \"<\/a><\/p>","protected":false},"featured_media":3148,"comment_status":"closed","ping_status":"closed","template":"","meta":{"site-sidebar-layout":"default","site-content-layout":"","ast-site-content-layout":"default","site-content-style":"default","site-sidebar-style":"default","ast-global-header-display":"","ast-banner-title-visibility":"","ast-main-header-display":"","ast-hfb-above-header-display":"","ast-hfb-below-header-display":"","ast-hfb-mobile-header-display":"","site-post-title":"","ast-breadcrumbs-content":"","ast-featured-img":"","footer-sml-layout":"","theme-transparent-header-meta":"default","adv-header-id-meta":"","stick-header-meta":"","header-above-stick-meta":"","header-main-stick-meta":"","header-below-stick-meta":"","astra-migrate-meta-layouts":"set","_joinchat":[]},"product_brand":[],"product_cat":[39,29],"product_tag":[],"yst_prominent_words":[],"class_list":{"0":"post-3147","1":"product","2":"type-product","3":"status-publish","4":"has-post-thumbnail","6":"product_cat-ofertas-y-novedades","7":"product_cat-eventos-especiales","8":"desktop-align-left","9":"tablet-align-left","10":"mobile-align-left","12":"first","13":"instock","14":"taxable","15":"shipping-taxable","16":"purchasable","17":"product-type-variable"},"_links":{"self":[{"href":"https:\/\/encinardeljamon.com\/it\/wp-json\/wp\/v2\/product\/3147","targetHints":{"allow":["GET"]}}],"collection":[{"href":"https:\/\/encinardeljamon.com\/it\/wp-json\/wp\/v2\/product"}],"about":[{"href":"https:\/\/encinardeljamon.com\/it\/wp-json\/wp\/v2\/types\/product"}],"replies":[{"embeddable":true,"href":"https:\/\/encinardeljamon.com\/it\/wp-json\/wp\/v2\/comments?post=3147"}],"wp:featuredmedia":[{"embeddable":true,"href":"https:\/\/encinardeljamon.com\/it\/wp-json\/wp\/v2\/media\/3148"}],"wp:attachment":[{"href":"https:\/\/encinardeljamon.com\/it\/wp-json\/wp\/v2\/media?parent=3147"}],"wp:term":[{"taxonomy":"product_brand","embeddable":true,"href":"https:\/\/encinardeljamon.com\/it\/wp-json\/wp\/v2\/product_brand?post=3147"},{"taxonomy":"product_cat","embeddable":true,"href":"https:\/\/encinardeljamon.com\/it\/wp-json\/wp\/v2\/product_cat?post=3147"},{"taxonomy":"product_tag","embeddable":true,"href":"https:\/\/encinardeljamon.com\/it\/wp-json\/wp\/v2\/product_tag?post=3147"},{"taxonomy":"yst_prominent_words","embeddable":true,"href":"https:\/\/encinardeljamon.com\/it\/wp-json\/wp\/v2\/yst_prominent_words?post=3147"}],"curies":[{"name":"wp","href":"https:\/\/api.w.org\/{rel}","templated":true}]}}