{"id":2935,"date":"2023-03-28T17:04:51","date_gmt":"2023-03-28T17:04:51","guid":{"rendered":"https:\/\/encinardeljamon.com\/?post_type=product&#038;p=2935"},"modified":"2025-04-08T14:21:58","modified_gmt":"2025-04-08T14:21:58","slug":"aceite-oliva-virgen-extra-senorio-de-la-mesa","status":"publish","type":"product","link":"https:\/\/encinardeljamon.com\/it\/product\/aceite-oliva-virgen-extra-senorio-de-la-mesa\/","title":{"rendered":"Olio extravergine di oliva (EVOO) Se\u00f1or\u00edo de la mesa"},"content":{"rendered":"<p>Quest'olio ha un aroma gradevole e persistente e un ottimo sapore. \u00c8 l'olio di oliva pi\u00f9 adatto per condire, cucinare e friggere.<\/p>\n<p>La sua alta qualit\u00e0 e i suoi benefici per la salute lo rendono un prodotto essenziale per la vostra cucina.<\/p>\n<div id=\"content-right-top\">\n<div id=\"texto\">\n<p class=\"titulo-seccion\">Olio extravergine di oliva<\/p>\n<div class=\"contenedor\">\n<p class=\"titulo\">Qualit\u00e0 sulla vostra tavola<\/p>\n<div class=\"texto\">\n<p>Solo la combinazione delle nostre variet\u00e0 di olive Picuda, Picual e Hojiblanca, insieme a condizioni particolarmente ideali per l'olivicoltura, permettono di ottenere un Olio Extra Vergine di Oliva unico (fruttato di olive mature con note verdi di erba e foglia di olivo, con lievi sentori di frutta matura come la mela; al palato \u00e8 dolce con un retrogusto di mandorle).<\/p>\n<p>La cura dei nostri oliveti e l'impegno per la qualit\u00e0 nella produzione del succo ci permettono di ottenere un olio ideale per il consumo.<\/p>\n<p>Il nostro impegno per<em>\u00a0<\/em>tradizione, la tutela dell'ambiente e lo sviluppo rurale, ci hanno fatto impegnare fin da subito nel prodotto biologico, motivo per cui abbiamo ottenuto anche un Olio Extravergine di Oliva Biologico di grande prestigio nazionale e internazionale.<\/p>\n<p>Le varie certificazioni che accreditano i nostri risultati in termini di qualit\u00e0 (Consiglio Regolatore della Denominazione di Origine Protetta Priego de C\u00f3doba, Certificato di Produzione Biologica CAAE, Certificato di Produzione Biologica NOP, Certificato di Produzione Biologica JAS) riflettono solo il fatto che il nostro impegno per la qualit\u00e0 \u00e8 sempre valido.<\/p>\n<\/div>\n<\/div>\n<\/div>\n<p class=\"clear\">\n<\/div>\n<div id=\"content-right-middle\">\n<div id=\"texto-alt\">\n<p class=\"titulo-seccion\">Processo di produzione<\/p>\n<div class=\"contenedor\">\n<div class=\"texto\">\n<p>A<em>\u00a0<\/em>A novembre iniziamo la raccolta delle nostre olive al loro esatto punto di maturazione (\"invaiatura\"), utilizzando procedure non aggressive, promuovendo cos\u00ec lo sviluppo rurale che abbiamo tramandato di generazione in generazione.<\/p>\n<p>Dai nostri oliveti, le olive vengono portate ogni giorno al nostro frantoio, dove vengono classificate e inviate alle nostre linee di molitura, iniziando questo processo il giorno stesso della raccolta, il che ci garantisce di ottenere olive della migliore qualit\u00e0.<\/p>\n<\/div>\n<div class=\"ver-mas\"><a href=\"http:\/\/www.sucesoresdemorales.com\/es-sucesores-de-morales-morales-s-l-proceso-de-produccion.html\">Pi\u00f9 informazioni<\/a><\/div>\n<\/div>\n<\/div>\n<p class=\"clear\">\n<\/div>\n<div id=\"content-right-bottom\">\n<div id=\"texto-alt\">\n<p class=\"titulo-seccion\">Azienda<\/p>\n<div class=\"contenedor\">\n<div class=\"texto\">\n<p>Nel 1996 il nostro frantoio a conduzione familiare \u00e8 stato creato con un obiettivo chiaro in mente:<\/p>\n<p>creare un prodotto di qualit\u00e0 con un impegno verso la tradizione, la tutela dell'ambiente e lo sviluppo rurale.<\/p>\n<p>A tal fine, garantiamo l'intero processo produttivo, dai nostri oliveti al prodotto finale (raccolta, molitura, stoccaggio e confezionamento).<\/p>\n<p>Nel nostro...<\/p>\n<\/div>\n<\/div>\n<div class=\"ver-mas\"><a href=\"http:\/\/www.sucesoresdemorales.com\/es-sucesores-de-morales-morales-s-l-empresa.html\">Pi\u00f9 informazioni<\/a><\/div>\n<\/div>\n<\/div>\n<p>&nbsp;<\/p>","protected":false},"excerpt":{"rendered":"<p>Olio extravergine di oliva dall'aroma gradevole e persistente e dal grande sapore, \u00e8 l'olio di oliva pi\u00f9 adatto per condire, cucinare e friggere. La sua alta qualit\u00e0 e i suoi benefici per la salute lo rendono un prodotto essenziale per la vostra cucina.<\/p>","protected":false},"featured_media":2940,"comment_status":"closed","ping_status":"closed","template":"","meta":{"site-sidebar-layout":"default","site-content-layout":"","ast-site-content-layout":"default","site-content-style":"default","site-sidebar-style":"default","ast-global-header-display":"","ast-banner-title-visibility":"","ast-main-header-display":"","ast-hfb-above-header-display":"","ast-hfb-below-header-display":"","ast-hfb-mobile-header-display":"","site-post-title":"","ast-breadcrumbs-content":"","ast-featured-img":"","footer-sml-layout":"","theme-transparent-header-meta":"default","adv-header-id-meta":"","stick-header-meta":"","header-above-stick-meta":"","header-main-stick-meta":"","header-below-stick-meta":"","astra-migrate-meta-layouts":"set","_joinchat":[]},"product_brand":[],"product_cat":[20],"product_tag":[],"yst_prominent_words":[],"class_list":{"0":"post-2935","1":"product","2":"type-product","3":"status-publish","4":"has-post-thumbnail","6":"product_cat-aceites-quesos-y-embutidos","7":"desktop-align-left","8":"tablet-align-left","9":"mobile-align-left","11":"first","12":"instock","13":"sale","14":"taxable","15":"shipping-taxable","16":"purchasable","17":"product-type-variable"},"_links":{"self":[{"href":"https:\/\/encinardeljamon.com\/it\/wp-json\/wp\/v2\/product\/2935","targetHints":{"allow":["GET"]}}],"collection":[{"href":"https:\/\/encinardeljamon.com\/it\/wp-json\/wp\/v2\/product"}],"about":[{"href":"https:\/\/encinardeljamon.com\/it\/wp-json\/wp\/v2\/types\/product"}],"replies":[{"embeddable":true,"href":"https:\/\/encinardeljamon.com\/it\/wp-json\/wp\/v2\/comments?post=2935"}],"wp:featuredmedia":[{"embeddable":true,"href":"https:\/\/encinardeljamon.com\/it\/wp-json\/wp\/v2\/media\/2940"}],"wp:attachment":[{"href":"https:\/\/encinardeljamon.com\/it\/wp-json\/wp\/v2\/media?parent=2935"}],"wp:term":[{"taxonomy":"product_brand","embeddable":true,"href":"https:\/\/encinardeljamon.com\/it\/wp-json\/wp\/v2\/product_brand?post=2935"},{"taxonomy":"product_cat","embeddable":true,"href":"https:\/\/encinardeljamon.com\/it\/wp-json\/wp\/v2\/product_cat?post=2935"},{"taxonomy":"product_tag","embeddable":true,"href":"https:\/\/encinardeljamon.com\/it\/wp-json\/wp\/v2\/product_tag?post=2935"},{"taxonomy":"yst_prominent_words","embeddable":true,"href":"https:\/\/encinardeljamon.com\/it\/wp-json\/wp\/v2\/yst_prominent_words?post=2935"}],"curies":[{"name":"wp","href":"https:\/\/api.w.org\/{rel}","templated":true}]}}