{"id":2740,"date":"2022-10-16T21:40:58","date_gmt":"2022-10-16T21:40:58","guid":{"rendered":"https:\/\/encinardeljamon.com\/?post_type=product&#038;p=2740"},"modified":"2025-11-07T22:57:49","modified_gmt":"2025-11-07T22:57:49","slug":"trilogy-chimay-3-cervezas-1-vaso","status":"publish","type":"product","link":"https:\/\/encinardeljamon.com\/it\/product\/trilogy-chimay-3-cervezas-1-vaso\/","title":{"rendered":"Trilogy Chimay 3 birre 1 bicchiere"},"content":{"rendered":"<p>3 botellas de aut\u00e9ntica cerveza trapense Chimay de 33 cl (1 Azul, 1 Roja, y 1 Blanca) y una copa original dise\u00f1ada especialmente para degustar la cerveza. Es un regalo de cerveza ideal para cualquier amante de la cerveza artesana belga.<\/p>\n<p>Chimay Bleue<\/p>\n<p>Chimay Bleue Blue \u00e8 una birra scura belga in stile Strong Ale, prodotta per la prima volta nel 1948 come birra stagionale di Natale. Il suo successo ha portato all'inserimento permanente nel catalogo. Ha un colore scuro, una testa color caramello e un aroma di lievito con una nota di malto e frutta. Ha un gusto delicato di uva, prugne e caramello. Gradazione alcolica: 9 gradi.<\/p>\n<p>Chimay Blanche<\/p>\n<p>Chimay Blanche Triple \u00e8 una lager triplo stile dal colore dorato, dall'aspetto torbido e dalla testa fine e persistente. Il suo aroma \u00e8 intenso con note di lievito, luppolo e spezie. Il gusto \u00e8 morbido, rinfrescante e fruttato, con un sottile finale amaro. Gradazione alcolica: 8 proof.<\/p>\n<p>Chimay Rouge<\/p>\n<p>Chimay Rouge Rouge Rouge \u00e8 una birra in stile Dubbel prodotta con l'acqua dei pozzi dell'abbazia e il proprio lievito. Chimay Rouge \u00e8 stata la prima birra prodotta dai monaci di Chimay nel 1862. Ha un colore ramato con una testa densa e cremosa. Ha un aroma complesso e fruttato di prugna, albicocca e frutta secca. Sapore delicato e sfumato con una nota di dolcezza. Gradazione alcolica: 7 proof.<\/p>\n<p>Brasserie de Chimay<\/p>\n<p>Il birrificio Chimay \u00e8 uno dei principali produttori al mondo di birra trappista belga. La sua storia risale al 1850, quando un gruppo di monaci di Westvleteren fond\u00f2 un'abbazia sull'altopiano di Scourmont, nel villaggio di Chimay. Nel 1862 produssero la loro prima birra: la Chimay Rouge. Ancora oggi, le loro birre trappiste sono prodotte secondo i pi\u00f9 alti standard qualitativi, nel rispetto della tradizione dell'abbazia.<\/p>","protected":false},"excerpt":{"rendered":"<p>3 botellas de aut\u00e9ntica cerveza trapense Chimay de 33 cl (1 Azul, 1 Roja, y 1 Blanca) y una copa original dise\u00f1ada especialmente para degustar la cerveza. Es un regalo de cerveza ideal para cualquier amante de la cerveza artesana belga. Chimay Bleue Chimay Bleue Azul es una cerveza oscura belga de estilo Strong Ale, &hellip;<\/p>\n<p class=\"read-more\"> <a class=\"\" href=\"https:\/\/encinardeljamon.com\/it\/product\/trilogy-chimay-3-cervezas-1-vaso\/\"> <span class=\"screen-reader-text\">Trilogy Chimay 3 birre 1 bicchiere<\/span> Per saperne di pi\u00f9 \"<\/a><\/p>","protected":false},"featured_media":2741,"comment_status":"closed","ping_status":"closed","template":"","meta":{"site-sidebar-layout":"default","site-content-layout":"","ast-site-content-layout":"default","site-content-style":"default","site-sidebar-style":"default","ast-global-header-display":"","ast-banner-title-visibility":"","ast-main-header-display":"","ast-hfb-above-header-display":"","ast-hfb-below-header-display":"","ast-hfb-mobile-header-display":"","site-post-title":"","ast-breadcrumbs-content":"","ast-featured-img":"","footer-sml-layout":"","theme-transparent-header-meta":"default","adv-header-id-meta":"","stick-header-meta":"","header-above-stick-meta":"","header-main-stick-meta":"","header-below-stick-meta":"","astra-migrate-meta-layouts":"set","_joinchat":[]},"product_brand":[],"product_cat":[27,29],"product_tag":[],"yst_prominent_words":[],"class_list":{"0":"post-2740","1":"product","2":"type-product","3":"status-publish","4":"has-post-thumbnail","6":"product_cat-licores-vinos-y-cervezas","7":"product_cat-eventos-especiales","8":"desktop-align-left","9":"tablet-align-left","10":"mobile-align-left","12":"first","13":"instock","14":"taxable","15":"shipping-taxable","16":"purchasable","17":"product-type-simple"},"_links":{"self":[{"href":"https:\/\/encinardeljamon.com\/it\/wp-json\/wp\/v2\/product\/2740","targetHints":{"allow":["GET"]}}],"collection":[{"href":"https:\/\/encinardeljamon.com\/it\/wp-json\/wp\/v2\/product"}],"about":[{"href":"https:\/\/encinardeljamon.com\/it\/wp-json\/wp\/v2\/types\/product"}],"replies":[{"embeddable":true,"href":"https:\/\/encinardeljamon.com\/it\/wp-json\/wp\/v2\/comments?post=2740"}],"wp:featuredmedia":[{"embeddable":true,"href":"https:\/\/encinardeljamon.com\/it\/wp-json\/wp\/v2\/media\/2741"}],"wp:attachment":[{"href":"https:\/\/encinardeljamon.com\/it\/wp-json\/wp\/v2\/media?parent=2740"}],"wp:term":[{"taxonomy":"product_brand","embeddable":true,"href":"https:\/\/encinardeljamon.com\/it\/wp-json\/wp\/v2\/product_brand?post=2740"},{"taxonomy":"product_cat","embeddable":true,"href":"https:\/\/encinardeljamon.com\/it\/wp-json\/wp\/v2\/product_cat?post=2740"},{"taxonomy":"product_tag","embeddable":true,"href":"https:\/\/encinardeljamon.com\/it\/wp-json\/wp\/v2\/product_tag?post=2740"},{"taxonomy":"yst_prominent_words","embeddable":true,"href":"https:\/\/encinardeljamon.com\/it\/wp-json\/wp\/v2\/yst_prominent_words?post=2740"}],"curies":[{"name":"wp","href":"https:\/\/api.w.org\/{rel}","templated":true}]}}