{"id":2736,"date":"2022-10-16T21:36:48","date_gmt":"2022-10-16T21:36:48","guid":{"rendered":"https:\/\/encinardeljamon.com\/?post_type=product&#038;p=2736"},"modified":"2024-04-04T21:29:36","modified_gmt":"2024-04-04T21:29:36","slug":"rochefort-3-cervezas-2-vasos","status":"publish","type":"product","link":"https:\/\/encinardeljamon.com\/it\/product\/rochefort-3-cervezas-2-vasos\/","title":{"rendered":"Rochefort 3 birre 2 bicchieri"},"content":{"rendered":"<p>Confezione Rochefort 3 birre 2 bicchieri<\/p>\n<p>Cercate una birra da regalare? Questa confezione di birra Rochefort \u00e8 il regalo perfetto per tutti gli amanti della birra artigianale e della birra belga. Questa confezione contiene 3 bottiglie di autentica birra trappista Rochefort da 33 cl e due bicchieri originali appositamente progettati per la degustazione di queste birre. Le birre Rochefort sono birre di straordinaria qualit\u00e0, molto apprezzate dagli amanti della birra di tutto il mondo.<\/p>\n<p>Trappistes Rochefort 6<\/p>\n<p>La Trappistes Rochefort 6 \u00e8 la pi\u00f9 antica della gamma Rochefort: \u00e8 stata prodotta per la prima volta nel 1958. \u00c8 una delle migliori birre del suo stile. La Rochefort 6 \u00e8 una birra a fermentazione superiore con fermentazione secondaria in bottiglia, non filtrata, in stile Belgian Strong Ale. Ha un aspetto torbido, un colore rossastro con riflessi ambrati e una testa beige molto persistente. Ha un intenso aroma di malto tostato con note fruttate e un palato morbido ed equilibrato. 7,5% alc\/vol.<\/p>\n<p>Trappistes Rochefort 8<\/p>\n<p>Trappistes Rochefort 8 \u00e8 nota anche come \"La Speciale\". Inizialmente prodotta stagionalmente nel periodo natalizio, \u00e8 stata la birra pi\u00f9 recente della gamma fino al lancio della Trappistes Rochefort Triple Extra nel 2020. Questa Strong Dark Ale \u00e8 prodotta con fermentazione superiore e fermentazione secondaria in bottiglia. \u00c8 una birra color mogano con riflessi ambrati e una densa schiuma beige. Ha un aroma dolce con intense note fruttate e sentori di caramello e legno. Al palato \u00e8 cremosa con un gusto dolce e speziato. 9,2% alc\/vol.<\/p>\n<p>Trappistes Rochefort 10<\/p>\n<p>La Trappistes Rochefort 10 \u00e8 stata lanciata nel 1952 ed \u00e8 la birra pi\u00f9 forte e complessa della gamma. \u00c8 una straordinaria birra in stile Quadrupel prodotta con malto Pils e malto caramello. Ha un colore scuro con riflessi mogano e una testa densa e cremosa. Ha un aroma intenso e complesso di lievito, noci, spezie e cioccolato fondente. Al palato \u00e8 setosa e dolce con una nota di luppolo. 11,3% alc\/vol.<\/p>\n<p>Brasserie Rochefort<\/p>\n<p>Sono prodotte dalla Brasserie Rochefort, un birrificio trappista situato nell'abbazia di Notre-Dame de Saint-R\u00e9my, fondata nel 1230 vicino alla citt\u00e0 di Rochefort. La Brasserie Rochefort produce birra dal 1595. Durante la Rivoluzione francese la regione fu occupata dalle truppe francesi e l'abbazia fu saccheggiata dai suoi abitanti.<\/p>\n<p>Nel 1899 il birrificio fu ricostruito, ma fu nuovamente occupato durante la Prima Guerra Mondiale. Dopo la Seconda Guerra Mondiale, i monaci trappisti di Chimay aiutarono i monaci di Rochefort a migliorare la qualit\u00e0 delle loro birre, dando vita alle birre che conosciamo oggi.<\/p>","protected":false},"excerpt":{"rendered":"<p>Confezione Rochefort 3 birre 2 bicchieri Stai cercando una birra da regalare? Questa confezione di birra Rochefort \u00e8 il regalo perfetto per tutti gli amanti della birra artigianale e della birra belga. Questa confezione contiene 3 bottiglie di autentica birra trappista Rochefort da 33cl e due bicchieri originali appositamente studiati per degustare queste birre. ...<\/p>\n<p class=\"read-more\"> <a class=\"\" href=\"https:\/\/encinardeljamon.com\/it\/product\/rochefort-3-cervezas-2-vasos\/\"> <span class=\"screen-reader-text\">Rochefort 3 birre 2 bicchieri<\/span> Per saperne di pi\u00f9 \"<\/a><\/p>","protected":false},"featured_media":2737,"comment_status":"closed","ping_status":"closed","template":"","meta":{"site-sidebar-layout":"default","site-content-layout":"","ast-site-content-layout":"default","site-content-style":"default","site-sidebar-style":"default","ast-global-header-display":"","ast-banner-title-visibility":"","ast-main-header-display":"","ast-hfb-above-header-display":"","ast-hfb-below-header-display":"","ast-hfb-mobile-header-display":"","site-post-title":"","ast-breadcrumbs-content":"","ast-featured-img":"","footer-sml-layout":"","theme-transparent-header-meta":"default","adv-header-id-meta":"","stick-header-meta":"","header-above-stick-meta":"","header-main-stick-meta":"","header-below-stick-meta":"","astra-migrate-meta-layouts":"set","_joinchat":[]},"product_brand":[],"product_cat":[27,29],"product_tag":[],"yst_prominent_words":[],"class_list":{"0":"post-2736","1":"product","2":"type-product","3":"status-publish","4":"has-post-thumbnail","6":"product_cat-licores-vinos-y-cervezas","7":"product_cat-eventos-especiales","8":"desktop-align-left","9":"tablet-align-left","10":"mobile-align-left","12":"first","13":"instock","14":"taxable","15":"shipping-taxable","16":"purchasable","17":"product-type-simple"},"_links":{"self":[{"href":"https:\/\/encinardeljamon.com\/it\/wp-json\/wp\/v2\/product\/2736","targetHints":{"allow":["GET"]}}],"collection":[{"href":"https:\/\/encinardeljamon.com\/it\/wp-json\/wp\/v2\/product"}],"about":[{"href":"https:\/\/encinardeljamon.com\/it\/wp-json\/wp\/v2\/types\/product"}],"replies":[{"embeddable":true,"href":"https:\/\/encinardeljamon.com\/it\/wp-json\/wp\/v2\/comments?post=2736"}],"wp:featuredmedia":[{"embeddable":true,"href":"https:\/\/encinardeljamon.com\/it\/wp-json\/wp\/v2\/media\/2737"}],"wp:attachment":[{"href":"https:\/\/encinardeljamon.com\/it\/wp-json\/wp\/v2\/media?parent=2736"}],"wp:term":[{"taxonomy":"product_brand","embeddable":true,"href":"https:\/\/encinardeljamon.com\/it\/wp-json\/wp\/v2\/product_brand?post=2736"},{"taxonomy":"product_cat","embeddable":true,"href":"https:\/\/encinardeljamon.com\/it\/wp-json\/wp\/v2\/product_cat?post=2736"},{"taxonomy":"product_tag","embeddable":true,"href":"https:\/\/encinardeljamon.com\/it\/wp-json\/wp\/v2\/product_tag?post=2736"},{"taxonomy":"yst_prominent_words","embeddable":true,"href":"https:\/\/encinardeljamon.com\/it\/wp-json\/wp\/v2\/yst_prominent_words?post=2736"}],"curies":[{"name":"wp","href":"https:\/\/api.w.org\/{rel}","templated":true}]}}