{"id":2734,"date":"2022-10-16T21:34:24","date_gmt":"2022-10-16T21:34:24","guid":{"rendered":"https:\/\/encinardeljamon.com\/?post_type=product&#038;p=2734"},"modified":"2024-04-04T21:29:57","modified_gmt":"2024-04-04T21:29:57","slug":"lindemans-4-cervezas-1-vaso","status":"publish","type":"product","link":"https:\/\/encinardeljamon.com\/it\/product\/lindemans-4-cervezas-1-vaso\/","title":{"rendered":"Lindemans 4 birre 1 bicchiere"},"content":{"rendered":"<blockquote><p>Confezione Lindemans 4 birre 1 bicchiere<\/p><\/blockquote>\n<p>Cercate una birra da regalare? Questa confezione di birra lambic Lindemans \u00e8 il regalo perfetto per ogni amante della birra belga. La confezione contiene quattro bottiglie da 33 cl di birra Lindemans (Faro, Framboise, Pecheresse e Kriek) e un bicchiere originale.<\/p>\n<p>Lindemans Kriek<\/p>\n<p>La Lindemans Kriek \u00e8 prodotta con succo di amarena di alta qualit\u00e0 aggiunto a una birra lambic di un anno. \u00c8 una birra molto rinfrescante, equilibrata e fruttata, con un delizioso sapore di ciliegie fresche. Gradazione alcolica: 3,5 gradi.<\/p>\n<p>Lindemans Framboise<\/p>\n<p>Lindemans Framboise \u00e8 una birra fruttata, arricchita con almeno 30% di succo di lampone schiacciato, birra lambic giovane di almeno un anno di et\u00e0. Ha un colore rosa scuro, un aroma di lampone e un gusto fresco e fruttato con una punta di aspro. Gradazione alcolica: 2,5 gradi.<\/p>\n<p>Faro di Lindemans<\/p>\n<p>Lindemans Faro \u00e8 una birra prodotta per fermentazione spontanea con sciroppo di zucchero e maturata per un anno in botti di rovere. Viene prodotta dal 1978, quando la quinta generazione della famiglia Lindemans decise di far rivivere questo stile storico. Questa birra artigianale \u00e8 morbida al palato e ha un caratteristico sapore dolce, con note di legno, frutta e zucchero. Gradazione alcolica: 4,5 gradi.<\/p>\n<p>Lindemans Pecheresse<\/p>\n<p>Lindemans Pecheresse \u00e8 prodotta con un 30% di succo di pesca macerato in birra lambic giovane di almeno un anno. Ha un aroma fruttato con note agrumate e un gusto fresco e fruttato con un perfetto equilibrio tra la dolcezza della pesca e la caratteristica asprezza della birra lambic. Gradazione alcolica: 2,5 gradi.<\/p>\n<p>Brouwerij Lindemans<\/p>\n<p>La Brouwerij Lindemans \u00e8 un'azienda familiare che ha iniziato a produrre birra nel 1822 nella propria fattoria di Vlezenbeek, una piccola citt\u00e0 del Brabante belga. A partire dal 1930, la famiglia Lindemans ha iniziato a produrre esclusivamente birra gueuze e kriek. Oggi questo birrificio belga \u00e8 uno dei pi\u00f9 prestigiosi produttori di lambic e gueuze al mondo.<\/p>","protected":false},"excerpt":{"rendered":"<p>Lindemans Confezione 4 birre 1 bicchiere Siete alla ricerca di una birra da regalare? Questa confezione di birra lambic Lindemans \u00e8 il regalo perfetto per ogni amante della birra belga. La confezione contiene quattro bottiglie di birra Lindemans (Faro, Framboise, Pecheresse e Kriek) da 33 cl e un bicchiere originale. Lindemans Kriek La Lindemans Kriek \u00e8 prodotta con ...<\/p>\n<p class=\"read-more\"> <a class=\"\" href=\"https:\/\/encinardeljamon.com\/it\/product\/lindemans-4-cervezas-1-vaso\/\"> <span class=\"screen-reader-text\">Lindemans 4 birre 1 bicchiere<\/span> Per saperne di pi\u00f9 \"<\/a><\/p>","protected":false},"featured_media":2735,"comment_status":"closed","ping_status":"closed","template":"","meta":{"site-sidebar-layout":"default","site-content-layout":"","ast-site-content-layout":"default","site-content-style":"default","site-sidebar-style":"default","ast-global-header-display":"","ast-banner-title-visibility":"","ast-main-header-display":"","ast-hfb-above-header-display":"","ast-hfb-below-header-display":"","ast-hfb-mobile-header-display":"","site-post-title":"","ast-breadcrumbs-content":"","ast-featured-img":"","footer-sml-layout":"","theme-transparent-header-meta":"default","adv-header-id-meta":"","stick-header-meta":"","header-above-stick-meta":"","header-main-stick-meta":"","header-below-stick-meta":"","astra-migrate-meta-layouts":"set","_joinchat":[]},"product_brand":[],"product_cat":[27,29],"product_tag":[],"yst_prominent_words":[],"class_list":{"0":"post-2734","1":"product","2":"type-product","3":"status-publish","4":"has-post-thumbnail","6":"product_cat-licores-vinos-y-cervezas","7":"product_cat-eventos-especiales","8":"desktop-align-left","9":"tablet-align-left","10":"mobile-align-left","12":"first","13":"instock","14":"taxable","15":"shipping-taxable","16":"purchasable","17":"product-type-simple"},"_links":{"self":[{"href":"https:\/\/encinardeljamon.com\/it\/wp-json\/wp\/v2\/product\/2734","targetHints":{"allow":["GET"]}}],"collection":[{"href":"https:\/\/encinardeljamon.com\/it\/wp-json\/wp\/v2\/product"}],"about":[{"href":"https:\/\/encinardeljamon.com\/it\/wp-json\/wp\/v2\/types\/product"}],"replies":[{"embeddable":true,"href":"https:\/\/encinardeljamon.com\/it\/wp-json\/wp\/v2\/comments?post=2734"}],"wp:featuredmedia":[{"embeddable":true,"href":"https:\/\/encinardeljamon.com\/it\/wp-json\/wp\/v2\/media\/2735"}],"wp:attachment":[{"href":"https:\/\/encinardeljamon.com\/it\/wp-json\/wp\/v2\/media?parent=2734"}],"wp:term":[{"taxonomy":"product_brand","embeddable":true,"href":"https:\/\/encinardeljamon.com\/it\/wp-json\/wp\/v2\/product_brand?post=2734"},{"taxonomy":"product_cat","embeddable":true,"href":"https:\/\/encinardeljamon.com\/it\/wp-json\/wp\/v2\/product_cat?post=2734"},{"taxonomy":"product_tag","embeddable":true,"href":"https:\/\/encinardeljamon.com\/it\/wp-json\/wp\/v2\/product_tag?post=2734"},{"taxonomy":"yst_prominent_words","embeddable":true,"href":"https:\/\/encinardeljamon.com\/it\/wp-json\/wp\/v2\/yst_prominent_words?post=2734"}],"curies":[{"name":"wp","href":"https:\/\/api.w.org\/{rel}","templated":true}]}}