{"id":2731,"date":"2022-10-16T21:31:55","date_gmt":"2022-10-16T21:31:55","guid":{"rendered":"https:\/\/encinardeljamon.com\/?post_type=product&#038;p=2731"},"modified":"2024-04-04T21:26:20","modified_gmt":"2024-04-04T21:26:20","slug":"la-chouffe-blond-4-33cl-1-vaso","status":"publish","type":"product","link":"https:\/\/encinardeljamon.com\/it\/product\/la-chouffe-blond-4-33cl-1-vaso\/","title":{"rendered":"La Chouffe blond 4 X 33 CL. 1 Bicchiere"},"content":{"rendered":"<p>Confezione La Chouffe 4 birre 1 bicchiere<br \/>\n<em><strong>Non contiene la custodia\u00a0<\/strong><\/em><br \/>\nQuesta confezione contiene 1 bottiglia di birra La Chouffe Blonde da 33 cl, 1 bottiglia di birra Chouffe blanche da 33 cl, 1 birra Chouffe Houblon da 33 cl, 1 birra Mc Chouffe da 33 cl e un bicchiere originale appositamente studiato per la degustazione di queste birre.<\/p>\n<p>La Chouffe Blonde<\/p>\n<p>La Chouffe, fiore all'occhiello della Brasserie D'Achouffe, \u00e8 una Belgian Strong Ale non filtrata, a fermentazione superiore e con fermentazione secondaria in bottiglia. Questa strong lager \u00e8 prodotta con ingredienti naturali di altissima qualit\u00e0, tra cui acqua, lievito, malto d'orzo, coriandolo e luppolo Saaz e Styrian Golding. Ha un aspetto torbido e un colore dorato con una testa densa e persistente. Presenta aromi fruttati con note agrumate e un pizzico di coriandolo. Il gusto \u00e8 morbido e piacevolmente maltato e fruttato. 8% alc\/vol.<\/p>\n<p>Chouffe Blanche<\/p>\n<p>Birra di frumento in stile Witbier non filtrata, prodotta con malto d'orzo chiaro, malto di frumento, luppolo Perle, coriandolo e semi di limone. Il gusto \u00e8 morbido, speziato e molto rinfrescante, con note di agrumi e coriandolo. Da servire preferibilmente a una temperatura di 6\u00ba C. 6% alc\/vol.<\/p>\n<p>Chouffe Houblon<\/p>\n<p>Una birra artigianale Belgian Tripel IPA che ricrea l'amaro delle IPA utilizzando tre diversi tipi di luppolo: Tomahawk, Saaz e Amarillo. Il risultato \u00e8 una birra intensa con un aroma speziato, agrumato e floreale e una forte presenza amara. Ha un aspetto torbido con un colore dorato e una testa densa e persistente. L'aroma \u00e8 profumato, erbaceo e agrumato con un fondo speziato. Al palato \u00e8 amara, citrica ed erbacea con note di pompelmo e scarsa presenza alcolica. Finale amaro e persistente. 9% alc\/vol.<\/p>\n<p>Mc Chouffe<\/p>\n<p>Birra ad alta fermentazione con fermentazione secondaria in bottiglia, ispirata alla Scotch Ale scozzese, uno stile di birra molto diffuso nella provincia della Vallonia. \u00c8 prodotta con luppoli Styrians e Saaz, malti Pilsen e zucchero candito. Il risultato \u00e8 una birra scura, potente e corposa, con note di liquirizia anice e caramello. 8% alc\/vol.<\/p>\n<p>Brasserie D'Achouffe<\/p>\n<p>La storia della Brasserie D'Achouffe inizia negli anni '70, quando i due cognati Pierre Gobron e Chris Bauweraerts iniziano a produrre birra in un garage. Gradualmente le loro birre ebbero successo e nel 1986 decisero di passare alla produzione completa di birra. Nel 1992 la produzione \u00e8 passata da 3400 a 5000 ettolitri all'anno e nel maggio 2009 hanno iniziato a produrre bottiglie da 33 cl. Oggi la Brasserie D'Achouffe appartiene al gruppo birrario Duvel Moortgat. La storia delle birre Chouffe \u00e8 legata alla leggenda degli gnomi della Vall\u00e9e des F\u00e9es (valle delle fate), secondo la quale gli gnomi decisero di condividere la loro ricetta segreta con gli umani come simbolo di amicizia.<\/p>","protected":false},"excerpt":{"rendered":"<p>Confezione La Chouffe 4 Birre 1 Bicchiere Non contiene l'astuccio Questa confezione contiene 1 bottiglia di birra La Chouffe Blonde da 33 cl, 1 bottiglia di birra Chouffe blanche da 33 cl, 1 birra Chouffe Houblon da 33 cl, 1 birra Mc Chouffe da 33 cl e un bicchiere originale appositamente studiato per ...<\/p>\n<p class=\"read-more\"> <a class=\"\" href=\"https:\/\/encinardeljamon.com\/it\/product\/la-chouffe-blond-4-33cl-1-vaso\/\"> <span class=\"screen-reader-text\">La Chouffe blond 4 X 33 CL. 1 Bicchiere<\/span> Per saperne di pi\u00f9 \"<\/a><\/p>","protected":false},"featured_media":2732,"comment_status":"closed","ping_status":"closed","template":"","meta":{"site-sidebar-layout":"default","site-content-layout":"","ast-site-content-layout":"default","site-content-style":"default","site-sidebar-style":"default","ast-global-header-display":"","ast-banner-title-visibility":"","ast-main-header-display":"","ast-hfb-above-header-display":"","ast-hfb-below-header-display":"","ast-hfb-mobile-header-display":"","site-post-title":"","ast-breadcrumbs-content":"","ast-featured-img":"","footer-sml-layout":"","theme-transparent-header-meta":"default","adv-header-id-meta":"","stick-header-meta":"","header-above-stick-meta":"","header-main-stick-meta":"","header-below-stick-meta":"","astra-migrate-meta-layouts":"set","_joinchat":[]},"product_brand":[],"product_cat":[27,29],"product_tag":[],"yst_prominent_words":[],"class_list":{"0":"post-2731","1":"product","2":"type-product","3":"status-publish","4":"has-post-thumbnail","6":"product_cat-licores-vinos-y-cervezas","7":"product_cat-eventos-especiales","8":"desktop-align-left","9":"tablet-align-left","10":"mobile-align-left","12":"first","13":"instock","14":"taxable","15":"shipping-taxable","16":"purchasable","17":"product-type-simple"},"_links":{"self":[{"href":"https:\/\/encinardeljamon.com\/it\/wp-json\/wp\/v2\/product\/2731","targetHints":{"allow":["GET"]}}],"collection":[{"href":"https:\/\/encinardeljamon.com\/it\/wp-json\/wp\/v2\/product"}],"about":[{"href":"https:\/\/encinardeljamon.com\/it\/wp-json\/wp\/v2\/types\/product"}],"replies":[{"embeddable":true,"href":"https:\/\/encinardeljamon.com\/it\/wp-json\/wp\/v2\/comments?post=2731"}],"wp:featuredmedia":[{"embeddable":true,"href":"https:\/\/encinardeljamon.com\/it\/wp-json\/wp\/v2\/media\/2732"}],"wp:attachment":[{"href":"https:\/\/encinardeljamon.com\/it\/wp-json\/wp\/v2\/media?parent=2731"}],"wp:term":[{"taxonomy":"product_brand","embeddable":true,"href":"https:\/\/encinardeljamon.com\/it\/wp-json\/wp\/v2\/product_brand?post=2731"},{"taxonomy":"product_cat","embeddable":true,"href":"https:\/\/encinardeljamon.com\/it\/wp-json\/wp\/v2\/product_cat?post=2731"},{"taxonomy":"product_tag","embeddable":true,"href":"https:\/\/encinardeljamon.com\/it\/wp-json\/wp\/v2\/product_tag?post=2731"},{"taxonomy":"yst_prominent_words","embeddable":true,"href":"https:\/\/encinardeljamon.com\/it\/wp-json\/wp\/v2\/yst_prominent_words?post=2731"}],"curies":[{"name":"wp","href":"https:\/\/api.w.org\/{rel}","templated":true}]}}